{"id":1401,"date":"2023-08-29T18:24:46","date_gmt":"2023-08-29T16:24:46","guid":{"rendered":"https:\/\/ownpowr.com\/?page_id=1401"},"modified":"2024-11-13T14:04:33","modified_gmt":"2024-11-13T12:04:33","slug":"contact","status":"publish","type":"page","link":"https:\/\/ownpowr.com\/cs\/kontakt\/","title":{"rendered":"Kontakt"},"content":{"rendered":"<div class=\"wp-block-columns is-layout-flex wp-container-core-columns-is-layout-9d6595d7 wp-block-columns-is-layout-flex\"><div class=\"wp-block-column is-layout-flow wp-block-column-is-layout-flow\"><p>Pot\u0159ebujete pomoc?<\/p>\n\n<h3 class=\"wp-block-heading\">Jsme tu, abychom v\u00e1m pomohli<\/h3>\n\n<p>V p\u0159\u00edpad\u011b obecn\u00fdch dotaz\u016f nebo ot\u00e1zek t\u00fdkaj\u00edc\u00edch se prodeje nebo tisku n\u00e1m pros\u00edm zanechte sv\u00e9 kontaktn\u00ed \u00fadaje n\u00ed\u017ee a my se v\u00e1m co nejd\u0159\u00edve ozveme.<\/p>\n\n<style>.wp-block-kadence-advancedheading.kt-adv-heading1401_2c54c2-ef, .wp-block-kadence-advancedheading.kt-adv-heading1401_2c54c2-ef[data-kb-block=\"kb-adv-heading1401_2c54c2-ef\"]{margin-top:0px;margin-right:0px;margin-bottom:0px;margin-left:0px;font-style:normal;}.wp-block-kadence-advancedheading.kt-adv-heading1401_2c54c2-ef mark.kt-highlight, .wp-block-kadence-advancedheading.kt-adv-heading1401_2c54c2-ef[data-kb-block=\"kb-adv-heading1401_2c54c2-ef\"] mark.kt-highlight{font-style:normal;color:#f76a0c;padding-top:0px;padding-right:0px;padding-bottom:0px;padding-left:0px;}.wp-block-kadence-advancedheading.kt-adv-heading1401_2c54c2-ef[data-kb-block=\"kb-adv-heading1401_2c54c2-ef\"] a, .kt-adv-heading-link1401_2c54c2-ef, .kt-adv-heading-link1401_2c54c2-ef .kt-adv-heading1401_2c54c2-ef[data-kb-block=\"kb-adv-heading1401_2c54c2-ef\"]{color:#4DC47D;}.wp-block-kadence-advancedheading.kt-adv-heading1401_2c54c2-ef[data-kb-block=\"kb-adv-heading1401_2c54c2-ef\"] a:hover, .kt-adv-heading-link1401_2c54c2-ef:hover, .kt-adv-heading-link1401_2c54c2-ef:hover .kt-adv-heading1401_2c54c2-ef[data-kb-block=\"kb-adv-heading1401_2c54c2-ef\"]{color:#79d39d;}.wp-block-kadence-advancedheading.kt-adv-heading1401_2c54c2-ef[data-kb-block=\"kb-adv-heading1401_2c54c2-ef\"] a, a.kb-advanced-heading-link.kt-adv-heading-link1401_2c54c2-ef{text-decoration:none;}<\/style>\n<p class=\"kt-adv-heading1401_2c54c2-ef wp-block-kadence-advancedheading hls-none\" data-kb-block=\"kb-adv-heading1401_2c54c2-ef\"><a href=\"tel:0031 (0)85-0711875\">0031 (0)85-0711875<\/a> (8.00-18.00)<br><a href=\"mailto:info@ownpowr.com\">info@ownpowr.com<\/a><br><br>Mercuriusweg 1a, <br>4051 CV, Ochten, <br>Nizozemsko<br><br><\/p>\n\n<style>.wp-block-kadence-advancedheading.kt-adv-heading1401_181dd6-fb, .wp-block-kadence-advancedheading.kt-adv-heading1401_181dd6-fb[data-kb-block=\"kb-adv-heading1401_181dd6-fb\"]{margin-top:0px;margin-right:0px;margin-bottom:0px;margin-left:0px;font-style:normal;}.wp-block-kadence-advancedheading.kt-adv-heading1401_181dd6-fb mark.kt-highlight, .wp-block-kadence-advancedheading.kt-adv-heading1401_181dd6-fb[data-kb-block=\"kb-adv-heading1401_181dd6-fb\"] mark.kt-highlight{font-style:normal;color:#f76a0c;padding-top:0px;padding-right:0px;padding-bottom:0px;padding-left:0px;}.wp-block-kadence-advancedheading.kt-adv-heading1401_181dd6-fb[data-kb-block=\"kb-adv-heading1401_181dd6-fb\"] a, .kt-adv-heading-link1401_181dd6-fb, .kt-adv-heading-link1401_181dd6-fb .kt-adv-heading1401_181dd6-fb[data-kb-block=\"kb-adv-heading1401_181dd6-fb\"]{color:#4DC47D;}.wp-block-kadence-advancedheading.kt-adv-heading1401_181dd6-fb[data-kb-block=\"kb-adv-heading1401_181dd6-fb\"] a:hover, .kt-adv-heading-link1401_181dd6-fb:hover, .kt-adv-heading-link1401_181dd6-fb:hover .kt-adv-heading1401_181dd6-fb[data-kb-block=\"kb-adv-heading1401_181dd6-fb\"]{color:#79d39d;}.wp-block-kadence-advancedheading.kt-adv-heading1401_181dd6-fb[data-kb-block=\"kb-adv-heading1401_181dd6-fb\"] a, a.kb-advanced-heading-link.kt-adv-heading-link1401_181dd6-fb{text-decoration:none;}<\/style>\n<p class=\"kt-adv-heading1401_181dd6-fb wp-block-kadence-advancedheading hls-none\" data-kb-block=\"kb-adv-heading1401_181dd6-fb\">Mate\u0159sk\u00e1 spole\u010dnost: BlauHoff B.V.<br>CoC-\u010d\u00edslo: <a href=\"https:\/\/www.kvk.nl\/bestellen\/#\/62024345000031076505\" target=\"_blank\" rel=\"noreferrer noopener\">62024345<\/a><br>\u010c\u00edslo DPH: NL854602380B01<br>Zalo\u017eeno: 04\/12\/2014<br>P\u0159edseda: E. Stigter<\/p><\/div>\n\n<div class=\"wp-block-column is-layout-flow wp-block-column-is-layout-flow\"><style id=\"wpforms-css-vars-root\">\n\t\t\t\t:root {\n\t\t\t\t\t--wpforms-field-border-radius: 3px;\n--wpforms-field-border-style: solid;\n--wpforms-field-border-size: 1px;\n--wpforms-field-background-color: #ffffff;\n--wpforms-field-border-color: rgba( 0, 0, 0, 0.25 );\n--wpforms-field-border-color-spare: rgba( 0, 0, 0, 0.25 );\n--wpforms-field-text-color: rgba( 0, 0, 0, 0.7 );\n--wpforms-field-menu-color: #ffffff;\n--wpforms-label-color: rgba( 0, 0, 0, 0.85 );\n--wpforms-label-sublabel-color: rgba( 0, 0, 0, 0.55 );\n--wpforms-label-error-color: #d63637;\n--wpforms-button-border-radius: 3px;\n--wpforms-button-border-style: none;\n--wpforms-button-border-size: 1px;\n--wpforms-button-background-color: #066aab;\n--wpforms-button-border-color: #066aab;\n--wpforms-button-text-color: #ffffff;\n--wpforms-page-break-color: #066aab;\n--wpforms-background-image: none;\n--wpforms-background-position: center center;\n--wpforms-background-repeat: no-repeat;\n--wpforms-background-size: cover;\n--wpforms-background-width: 100px;\n--wpforms-background-height: 100px;\n--wpforms-background-color: rgba( 0, 0, 0, 0 );\n--wpforms-background-url: none;\n--wpforms-container-padding: 0px;\n--wpforms-container-border-style: none;\n--wpforms-container-border-width: 1px;\n--wpforms-container-border-color: #000000;\n--wpforms-container-border-radius: 3px;\n--wpforms-field-size-input-height: 43px;\n--wpforms-field-size-input-spacing: 15px;\n--wpforms-field-size-font-size: 16px;\n--wpforms-field-size-line-height: 19px;\n--wpforms-field-size-padding-h: 14px;\n--wpforms-field-size-checkbox-size: 16px;\n--wpforms-field-size-sublabel-spacing: 5px;\n--wpforms-field-size-icon-size: 1;\n--wpforms-label-size-font-size: 16px;\n--wpforms-label-size-line-height: 19px;\n--wpforms-label-size-sublabel-font-size: 14px;\n--wpforms-label-size-sublabel-line-height: 17px;\n--wpforms-button-size-font-size: 17px;\n--wpforms-button-size-height: 41px;\n--wpforms-button-size-padding-h: 15px;\n--wpforms-button-size-margin-top: 10px;\n--wpforms-container-shadow-size-box-shadow: none;\n\n\t\t\t\t}\n\t\t\t<\/style><div class=\"wpforms-container wpforms-form-abandonment wpforms-container-save-resume wpforms-block wpforms-block-71cb60eb-85da-4f22-a9ae-8c0bdc69c7c2 wpforms-lead-forms-container wpforms-render-modern\" id=\"wpforms-1405\"><form id=\"wpforms-form-1405\" class=\"wpforms-validate wpforms-form wpforms-ajax-form\" data-formid=\"1405\" method=\"post\" enctype=\"multipart\/form-data\" action=\"\/cs\/wp-json\/wp\/v2\/pages\/1401\" data-token=\"3f9296252e35d43d1ffdcde8510a725c\" data-token-time=\"1775725012\" data-trp-original-action=\"\/cs\/wp-json\/wp\/v2\/pages\/1401\"><noscript class=\"wpforms-error-noscript\">Chcete-li vyplnit tento formul\u00e1\u0159, pros\u00edm povolte v prohl\u00ed\u017ee\u010di JavaScript.<\/noscript><div class=\"wpforms-hidden\" id=\"wpforms-error-noscript\">Chcete-li vyplnit tento formul\u00e1\u0159, pros\u00edm povolte v prohl\u00ed\u017ee\u010di JavaScript.<\/div><div class=\"wpforms-page-indicator progress\" data-indicator=\"progress\" data-indicator-color=\"#4dc47d\" data-scroll=\"1\" role=\"progressbar\" aria-valuenow=\"1\" aria-valuemin=\"1\" aria-valuemax=\"3\" tabindex=\"-1\"><span class=\"wpforms-page-indicator-page-title\" data-page-1-title=\"What is your name?\" data-page-2-title=\"How can we contact you?\" data-page-3-title=\"How can we help?\">Jak se jmenujete?<\/span><span class=\"wpforms-page-indicator-page-title-sep\" > &#8211; <\/span><span class=\"wpforms-page-indicator-steps\">Krok <span class=\"wpforms-page-indicator-steps-current\">1<\/span> ze 3<\/span><div class=\"wpforms-page-indicator-page-progress-wrap\"><div class=\"wpforms-page-indicator-page-progress\" style=\"width:33.333333333333%;background-color:#4dc47d\"><\/div><\/div><\/div><div class=\"wpforms-field-container\"><div class=\"wpforms-page wpforms-page-1\" data-page=\"1\"><div class=\"wpforms-page-break-title\">\n\tJak se jmenujete?<\/div>\n<div id=\"wpforms-1405-field_7-container\" class=\"wpforms-field wpforms-field-pagebreak\" data-field-id=\"7\"><\/div><div id=\"wpforms-1405-field_2-container\" class=\"wpforms-field wpforms-field-text\" data-field-id=\"2\"><label class=\"wpforms-field-label\" for=\"wpforms-1405-field_2\">N\u00e1zev <span class=\"wpforms-required-label\" aria-hidden=\"true\">*<\/span><\/label><input type=\"text\" id=\"wpforms-1405-field_2\" class=\"wpforms-field-large wpforms-field-required\" name=\"wpforms[fields][2]\" aria-errormessage=\"wpforms-1405-field_2-error\" required><\/div><div id=\"wpforms-1405-field_9-container\" class=\"wpforms-field wpforms-field-pagebreak\" data-field-id=\"9\"><div class=\"wpforms-clear wpforms-pagebreak-left\"><button class=\"wpforms-page-button wpforms-page-next wpforms-disabled\"\n\t\t\t\t\tdata-action=\"next\" data-page=\"1\" data-formid=\"1405\" aria-disabled=\"true\" aria-describedby=\"wpforms-error-noscript\">Dal\u0161\u00ed<\/button><div class=\"wpforms-lead-forms-progress\">\n\t<div role='progressbar'\n\t\t class=\"wpforms-lead-forms-progress-bar\"\n\t\t style=\"width: 25%;\"\n\t\t aria-valuenow=\"1\"\n\t\t aria-valuemin=\"1\"\n\t\t aria-valuemax=\"4\"\n\t\t ><\/div>\n<\/div>\n<\/div><\/div><\/div><div class=\"wpforms-page wpforms-page-2\" data-page=\"2\" style=\"display:none;\"><div class=\"wpforms-page-break-title\">\n\tJak v\u00e1s m\u016f\u017eeme kontaktovat?<\/div>\n<div id=\"wpforms-1405-field_4-container\" class=\"wpforms-field wpforms-field-email\" data-field-id=\"4\"><label class=\"wpforms-field-label\" for=\"wpforms-1405-field_4\">E-mail <span class=\"wpforms-required-label\" aria-hidden=\"true\">*<\/span><\/label><input type=\"email\" id=\"wpforms-1405-field_4\" class=\"wpforms-field-large wpforms-field-required\" name=\"wpforms[fields][4]\" spellcheck=\"false\" aria-errormessage=\"wpforms-1405-field_4-error\" required><\/div><div id=\"wpforms-1405-field_3-container\" class=\"wpforms-field wpforms-field-phone\" data-field-id=\"3\"><label class=\"wpforms-field-label\" for=\"wpforms-1405-field_3\">Telefon<\/label><input type=\"tel\" id=\"wpforms-1405-field_3\" class=\"wpforms-field-large wpforms-smart-phone-field\" data-rule-smart-phone-field=\"true\" name=\"wpforms[fields][3]\" aria-label=\"Telefon\" aria-errormessage=\"wpforms-1405-field_3-error\" ><\/div><div id=\"wpforms-1405-field_6-container\" class=\"wpforms-field wpforms-field-pagebreak\" data-field-id=\"6\"><div class=\"wpforms-clear wpforms-pagebreak-left\"><button class=\"wpforms-page-button wpforms-page-next wpforms-disabled\"\n\t\t\t\t\tdata-action=\"next\" data-page=\"2\" data-formid=\"1405\" aria-disabled=\"true\" aria-describedby=\"wpforms-error-noscript\">Dal\u0161\u00ed<\/button><div class=\"wpforms-lead-forms-progress\">\n\t<div role='progressbar'\n\t\t class=\"wpforms-lead-forms-progress-bar\"\n\t\t style=\"width: 25%;\"\n\t\t aria-valuenow=\"1\"\n\t\t aria-valuemin=\"1\"\n\t\t aria-valuemax=\"4\"\n\t\t ><\/div>\n<\/div>\n<\/div><\/div><\/div><div class=\"wpforms-page wpforms-page-3 last\" data-page=\"3\" style=\"display:none;\"><div class=\"wpforms-page-break-title\">\n\tJak m\u016f\u017eeme pomoci?<\/div>\n<div id=\"wpforms-1405-field_5-container\" class=\"wpforms-field wpforms-field-textarea\" data-field-id=\"5\"><label class=\"wpforms-field-label\" for=\"wpforms-1405-field_5\">Zpr\u00e1va <span class=\"wpforms-required-label\" aria-hidden=\"true\">*<\/span><\/label><textarea id=\"wpforms-1405-field_5\" class=\"wpforms-field-medium wpforms-field-required\" name=\"wpforms[fields][5]\" aria-errormessage=\"wpforms-1405-field_5-error\" required><\/textarea><\/div><div id=\"wpforms-1405-field_8-container\" class=\"wpforms-field wpforms-field-pagebreak\" data-field-id=\"8\"><\/div><\/div><\/div><!-- .wpforms-field-container --><div class=\"wpforms-recaptcha-container wpforms-is-turnstile\" style=\"display:none;\"><div class=\"g-recaptcha\" data-sitekey=\"0x4AAAAAAAJcXsuIlT3OzHow\" data-action=\"FormID-1405\"><\/div><input type=\"text\" name=\"g-recaptcha-hidden\" class=\"wpforms-recaptcha-hidden\" style=\"position:absolute!important;clip:rect(0,0,0,0)!important;height:1px!important;width:1px!important;border:0!important;overflow:hidden!important;padding:0!important;margin:0!important;\" data-rule-turnstile=\"1\"><\/div><div class=\"wpforms-submit-container\" style=\"display:none;\"><input type=\"hidden\" name=\"wpforms[id]\" value=\"1405\"><input type=\"hidden\" name=\"page_title\" value=\"\"><input type=\"hidden\" name=\"page_url\" value=\"https:\/\/ownpowr.com\/cs\/wp-json\/wp\/v2\/pages\/1401\"><button type=\"submit\" name=\"wpforms[submit]\" id=\"wpforms-submit-1405\" class=\"wpforms-submit\" data-alt-text=\"Sending...\" data-submit-text=\"Submit\" aria-live=\"assertive\" value=\"wpforms-submit\">Odeslat<\/button><img decoding=\"async\" src=\"https:\/\/ownpowr.com\/wp-content\/plugins\/wpforms\/assets\/images\/submit-spin.svg\" class=\"wpforms-submit-spinner\" style=\"display: none;\" width=\"26\" height=\"26\" alt=\"Na\u010d\u00edt\u00e1n\u00ed\"><div class=\"wpforms-lead-forms-progress\">\n\t<div role='progressbar'\n\t\t class=\"wpforms-lead-forms-progress-bar\"\n\t\t style=\"width: 25%;\"\n\t\t aria-valuenow=\"1\"\n\t\t aria-valuemin=\"1\"\n\t\t aria-valuemax=\"4\"\n\t\t ><\/div>\n<\/div>\n<\/div><input type=\"hidden\" name=\"trp-form-language\" value=\"cs\"\/><\/form><\/div>  <!-- .wpforms-container --><style id=\"wpforms-lead-forms-inline-styles\">#wpforms-1405, #wpforms-locked-1405 {\n\t\t\t\t--wpforms-lead-forms-accent-color: 77, 196, 125;\n\t\t\t\t--wpforms-lead-forms-box-shadow: none;\n\t\t\t\t--wpforms-lead-forms-border-radius: 0;\n\t\t\t\t--wpforms-lead-forms-container-background: transparent;\n\t\t\t\t--wpforms-lead-forms-container-background-color: #ffffff;\n\t\t\t\t--wpforms-lead-forms-field-border-color: #212121;\n\t\t\t\t--wpforms-lead-forms-primary-text-color: #212121;\n\t\t\t\t--wpforms-lead-forms-secondary-text-color: 119, 119, 119;\n\t\t\t}<\/style><\/div><\/div>","protected":false},"excerpt":{"rendered":"<p>Pot\u0159ebujete pomoc? Jsme tu, abychom v\u00e1m pomohli V p\u0159\u00edpad\u011b obecn\u00fdch dotaz\u016f nebo ot\u00e1zek t\u00fdkaj\u00edc\u00edch se prodeje nebo tisku zanechte pros\u00edm n\u00ed\u017ee sv\u00e9 kontaktn\u00ed \u00fadaje a my se v\u00e1m ozveme, jakmile [...]<\/p>","protected":false},"author":1,"featured_media":0,"parent":0,"menu_order":0,"comment_status":"closed","ping_status":"closed","template":"","meta":{"_seopress_robots_primary_cat":"","_seopress_titles_title":"Get Help with Questions, Inquiries or Sales | Contact Ownpowr","_seopress_titles_desc":"In need of assistance? We are here to help with any inquiries or questions. Leave your contact information for sales, press, or general inquiries and we will get back to you as soon as possible.","_seopress_robots_index":"","_kad_blocks_custom_css":"","_kad_blocks_head_custom_js":"","_kad_blocks_body_custom_js":"","_kad_blocks_footer_custom_js":"","footnotes":""},"class_list":["post-1401","page","type-page","status-publish"],"taxonomy_info":[],"featured_image_src_large":false,"author_info":{"display_name":"job-39sj@s9jal019","author_link":"https:\/\/ownpowr.com\/cs\/author\/job-39sjs9jal019\/"},"comment_info":0,"_links":{"self":[{"href":"https:\/\/ownpowr.com\/cs\/wp-json\/wp\/v2\/pages\/1401","targetHints":{"allow":["GET"]}}],"collection":[{"href":"https:\/\/ownpowr.com\/cs\/wp-json\/wp\/v2\/pages"}],"about":[{"href":"https:\/\/ownpowr.com\/cs\/wp-json\/wp\/v2\/types\/page"}],"author":[{"embeddable":true,"href":"https:\/\/ownpowr.com\/cs\/wp-json\/wp\/v2\/users\/1"}],"replies":[{"embeddable":true,"href":"https:\/\/ownpowr.com\/cs\/wp-json\/wp\/v2\/comments?post=1401"}],"version-history":[{"count":14,"href":"https:\/\/ownpowr.com\/cs\/wp-json\/wp\/v2\/pages\/1401\/revisions"}],"predecessor-version":[{"id":191683,"href":"https:\/\/ownpowr.com\/cs\/wp-json\/wp\/v2\/pages\/1401\/revisions\/191683"}],"wp:attachment":[{"href":"https:\/\/ownpowr.com\/cs\/wp-json\/wp\/v2\/media?parent=1401"}],"curies":[{"name":"wp","href":"https:\/\/api.w.org\/{rel}","templated":true}]}}