{"id":1761,"date":"2023-08-31T23:36:30","date_gmt":"2023-08-31T21:36:30","guid":{"rendered":"https:\/\/ownpowr.com\/?page_id=1761"},"modified":"2023-09-11T14:41:36","modified_gmt":"2023-09-11T12:41:36","slug":"privacy-policy","status":"publish","type":"page","link":"https:\/\/ownpowr.com\/cs\/zasady-ochrany-osobnich-udaju\/","title":{"rendered":"Z\u00e1sady ochrany osobn\u00edch \u00fadaj\u016f"},"content":{"rendered":"<p>Na webu Ownpowr, kter\u00fd je dostupn\u00fd z adresy https:\/\/ownpowr.com, je jednou z na\u0161ich hlavn\u00edch priorit ochrana soukrom\u00ed n\u00e1v\u0161t\u011bvn\u00edk\u016f. Tento dokument o z\u00e1sad\u00e1ch ochrany osobn\u00edch \u00fadaj\u016f obsahuje typy informac\u00ed, kter\u00e9 spole\u010dnost Ownpowr shroma\u017e\u010fuje a zaznamen\u00e1v\u00e1, a zp\u016fsob jejich pou\u017eit\u00ed.<\/p><p>Pokud m\u00e1te dal\u0161\u00ed ot\u00e1zky nebo pot\u0159ebujete dal\u0161\u00ed informace o na\u0161ich z\u00e1sad\u00e1ch ochrany osobn\u00edch \u00fadaj\u016f, nev\u00e1hejte n\u00e1s kontaktovat. Na\u0161e z\u00e1sady ochrany osobn\u00edch \u00fadaj\u016f byly vytvo\u0159eny s pomoc\u00ed <a href=\"https:\/\/www.gdprprivacynotice.com\/\">Gener\u00e1tor z\u00e1sad ochrany osobn\u00edch \u00fadaj\u016f GDPR<\/a><\/p><h3 class=\"wp-block-heading\">Obecn\u00e9 na\u0159\u00edzen\u00ed o ochran\u011b osobn\u00edch \u00fadaj\u016f (GDPR)<\/h3><p>Jsme spr\u00e1vcem va\u0161ich \u00fadaj\u016f.<\/p><p>Pr\u00e1vn\u00ed z\u00e1klad spole\u010dnosti Blauhoff pro shroma\u017e\u010fov\u00e1n\u00ed a pou\u017e\u00edv\u00e1n\u00ed osobn\u00edch \u00fadaj\u016f popsan\u00fdch v t\u011bchto Z\u00e1sad\u00e1ch ochrany osobn\u00edch \u00fadaj\u016f z\u00e1vis\u00ed na osobn\u00edch \u00fadaj\u00edch, kter\u00e9 shroma\u017e\u010fujeme, a na konkr\u00e9tn\u00edm kontextu, v n\u011bm\u017e tyto \u00fadaje shroma\u017e\u010fujeme:<\/p><ul class=\"wp-block-list\"><li>Spole\u010dnost Blauhoff s v\u00e1mi pot\u0159ebuje uzav\u0159\u00edt smlouvu.<\/li>\n\n<li>Ud\u011blili jste spole\u010dnosti Blauhoff k tomu svolen\u00ed.<\/li>\n\n<li>Zpracov\u00e1n\u00ed va\u0161ich osobn\u00edch \u00fadaj\u016f je v opr\u00e1vn\u011bn\u00e9m z\u00e1jmu spole\u010dnosti Blauhoff.<\/li>\n\n<li>Blauhoff mus\u00ed dodr\u017eovat z\u00e1kony.<\/li><\/ul><p>Spole\u010dnost Blauhoff bude uchov\u00e1vat va\u0161e osobn\u00ed \u00fadaje pouze po dobu nezbytnou pro \u00fa\u010dely uveden\u00e9 v t\u011bchto Z\u00e1sad\u00e1ch ochrany osobn\u00edch \u00fadaj\u016f. Va\u0161e \u00fadaje budeme uchov\u00e1vat a pou\u017e\u00edvat v rozsahu nezbytn\u00e9m pro pln\u011bn\u00ed na\u0161ich z\u00e1konn\u00fdch povinnost\u00ed, \u0159e\u0161en\u00ed spor\u016f a prosazov\u00e1n\u00ed na\u0161ich z\u00e1sad.<\/p><p>Pokud jste obyvatelem Evropsk\u00e9ho hospod\u00e1\u0159sk\u00e9ho prostoru (EHP), m\u00e1te ur\u010dit\u00e1 pr\u00e1va na ochranu \u00fadaj\u016f. Pokud si p\u0159ejete b\u00fdt informov\u00e1ni o tom, jak\u00e9 osobn\u00ed \u00fadaje o v\u00e1s uchov\u00e1v\u00e1me, a pokud chcete, aby byly z na\u0161ich syst\u00e9m\u016f odstran\u011bny, kontaktujte n\u00e1s.<\/p><p>Za ur\u010dit\u00fdch okolnost\u00ed m\u00e1te n\u00e1sleduj\u00edc\u00ed pr\u00e1va na ochranu \u00fadaj\u016f:<\/p><ul class=\"wp-block-list\"><li>Pr\u00e1vo na p\u0159\u00edstup, aktualizaci nebo vymaz\u00e1n\u00ed informac\u00ed, kter\u00e9 o v\u00e1s m\u00e1me.<\/li>\n\n<li>Pr\u00e1vo na opravu.<\/li>\n\n<li>Pr\u00e1vo vzn\u00e9st n\u00e1mitku.<\/li>\n\n<li>Pr\u00e1vo na omezen\u00ed.<\/li>\n\n<li>Pr\u00e1vo na p\u0159enositelnost \u00fadaj\u016f<\/li>\n\n<li>Pr\u00e1vo odvolat souhlas<\/li><\/ul><h3 class=\"wp-block-heading\">Soubory protokolu<\/h3><p>Spole\u010dnost Ownpowr pou\u017e\u00edv\u00e1 standardn\u00ed postup pou\u017e\u00edv\u00e1n\u00ed soubor\u016f protokolu. Tyto soubory zaznamen\u00e1vaj\u00ed n\u00e1v\u0161t\u011bvn\u00edky p\u0159i n\u00e1v\u0161t\u011bv\u011b webov\u00fdch str\u00e1nek. D\u011blaj\u00ed to v\u0161echny hostingov\u00e9 spole\u010dnosti a je to sou\u010d\u00e1st\u00ed analytiky hostingov\u00fdch slu\u017eeb. Informace shrom\u00e1\u017ed\u011bn\u00e9 pomoc\u00ed soubor\u016f protokolu zahrnuj\u00ed adresy internetov\u00e9ho protokolu (IP), typ prohl\u00ed\u017ee\u010de, poskytovatele internetov\u00fdch slu\u017eeb (ISP), datum a \u010dasov\u00e9 raz\u00edtko, odkazuj\u00edc\u00ed\/v\u00fdstupn\u00ed str\u00e1nky a p\u0159\u00edpadn\u011b po\u010det kliknut\u00ed. Nejsou spojeny s \u017e\u00e1dn\u00fdmi informacemi, kter\u00e9 by umo\u017e\u0148ovaly osobn\u00ed identifikaci. \u00da\u010delem t\u011bchto informac\u00ed je anal\u00fdza trend\u016f, spr\u00e1va webu, sledov\u00e1n\u00ed pohybu u\u017eivatel\u016f na webu a shroma\u017e\u010fov\u00e1n\u00ed demografick\u00fdch informac\u00ed.<\/p><h3 class=\"wp-block-heading\">Soubory cookie a webov\u00e9 maj\u00e1ky<\/h3><p>Stejn\u011b jako v\u0161echny ostatn\u00ed webov\u00e9 str\u00e1nky, i Ownpowr pou\u017e\u00edv\u00e1 \"cookies\". Tyto soubory cookie se pou\u017e\u00edvaj\u00ed k ukl\u00e1d\u00e1n\u00ed informac\u00ed v\u010detn\u011b preferenc\u00ed n\u00e1v\u0161t\u011bvn\u00edk\u016f a str\u00e1nek na webov\u00fdch str\u00e1nk\u00e1ch, kter\u00e9 n\u00e1v\u0161t\u011bvn\u00edk nav\u0161t\u00edvil. Tyto informace se pou\u017e\u00edvaj\u00ed k optimalizaci u\u017eivatelsk\u00e9ho prost\u0159ed\u00ed p\u0159izp\u016fsoben\u00edm obsahu na\u0161ich webov\u00fdch str\u00e1nek na z\u00e1klad\u011b typu prohl\u00ed\u017ee\u010de n\u00e1v\u0161t\u011bvn\u00edka a\/nebo dal\u0161\u00edch informac\u00ed.<\/p><h3 class=\"wp-block-heading\">Z\u00e1sady ochrany osobn\u00edch \u00fadaj\u016f<\/h3><p>V tomto seznamu naleznete z\u00e1sady ochrany osobn\u00edch \u00fadaj\u016f jednotliv\u00fdch reklamn\u00edch partner\u016f spole\u010dnosti Ownpowr.<\/p><p>Inzertn\u00ed servery nebo reklamn\u00ed s\u00edt\u011b t\u0159et\u00edch stran pou\u017e\u00edvaj\u00ed technologie, jako jsou cookies, JavaScript nebo webov\u00e9 maj\u00e1ky, kter\u00e9 se pou\u017e\u00edvaj\u00ed v jejich reklam\u00e1ch a odkazech zobrazen\u00fdch na Ownpowr, kter\u00e9 jsou odes\u00edl\u00e1ny p\u0159\u00edmo do prohl\u00ed\u017ee\u010de u\u017eivatele. P\u0159i tom automaticky obdr\u017e\u00ed va\u0161i IP adresu. Tyto technologie se pou\u017e\u00edvaj\u00ed k m\u011b\u0159en\u00ed \u00fa\u010dinnosti jejich reklamn\u00edch kampan\u00ed a\/nebo k p\u0159izp\u016fsoben\u00ed reklamn\u00edho obsahu, kter\u00fd se v\u00e1m zobrazuje na nav\u0161t\u00edven\u00fdch webov\u00fdch str\u00e1nk\u00e1ch.<\/p><p>V\u0161imn\u011bte si, \u017ee Ownpowr nem\u00e1 p\u0159\u00edstup k t\u011bmto soubor\u016fm cookie, kter\u00e9 pou\u017e\u00edvaj\u00ed inzerenti t\u0159et\u00edch stran, ani nad nimi nem\u00e1 kontrolu.<\/p><h3 class=\"wp-block-heading\">Z\u00e1sady ochrany osobn\u00edch \u00fadaj\u016f t\u0159et\u00edch stran<\/h3><p>Z\u00e1sady ochrany osobn\u00edch \u00fadaj\u016f spole\u010dnosti Ownpowr se nevztahuj\u00ed na jin\u00e9 inzerenty nebo webov\u00e9 str\u00e1nky. Proto v\u00e1m doporu\u010dujeme, abyste se pro podrobn\u011bj\u0161\u00ed informace obr\u00e1tili na p\u0159\u00edslu\u0161n\u00e9 z\u00e1sady ochrany osobn\u00edch \u00fadaj\u016f t\u011bchto reklamn\u00edch server\u016f t\u0159et\u00edch stran. Mohou obsahovat jejich postupy a pokyny, jak se z ur\u010dit\u00fdch mo\u017enost\u00ed odhl\u00e1sit.<\/p><p>Soubory cookie m\u016f\u017eete zak\u00e1zat v individu\u00e1ln\u00edch mo\u017enostech prohl\u00ed\u017ee\u010de. Podrobn\u011bj\u0161\u00ed informace o spr\u00e1v\u011b soubor\u016f cookie v konkr\u00e9tn\u00edch webov\u00fdch prohl\u00ed\u017ee\u010d\u00edch naleznete na p\u0159\u00edslu\u0161n\u00fdch webov\u00fdch str\u00e1nk\u00e1ch prohl\u00ed\u017ee\u010d\u016f.<\/p><h3 class=\"wp-block-heading\">Informace pro d\u011bti<\/h3><p>Dal\u0161\u00ed na\u0161\u00ed prioritou je ochrana d\u011bt\u00ed p\u0159i pou\u017e\u00edv\u00e1n\u00ed internetu. Doporu\u010dujeme rodi\u010d\u016fm a opatrovn\u00edk\u016fm, aby sledovali, \u00fa\u010dastnili se a\/nebo monitorovali a \u0159\u00eddili jejich \u010dinnost na internetu.<\/p><p>Spole\u010dnost Ownpowr v\u011bdom\u011b neshroma\u017e\u010fuje \u017e\u00e1dn\u00e9 osobn\u00ed identifika\u010dn\u00ed \u00fadaje od d\u011bt\u00ed mlad\u0161\u00edch 13 let. Pokud se domn\u00edv\u00e1te, \u017ee va\u0161e d\u00edt\u011b poskytlo na na\u0161ich webov\u00fdch str\u00e1nk\u00e1ch takov\u00e9 informace, d\u016frazn\u011b v\u00e1m doporu\u010dujeme, abyste n\u00e1s neprodlen\u011b kontaktovali a my se vynasna\u017e\u00edme takov\u00e9 informace z na\u0161ich z\u00e1znam\u016f neprodlen\u011b odstranit.<\/p><h3 class=\"wp-block-heading\">Pouze z\u00e1sady ochrany osobn\u00edch \u00fadaj\u016f online<\/h3><p>Na\u0161e z\u00e1sady ochrany osobn\u00edch \u00fadaj\u016f se vztahuj\u00ed pouze na na\u0161e online aktivity a plat\u00ed pro n\u00e1v\u0161t\u011bvn\u00edky na\u0161ich webov\u00fdch str\u00e1nek, pokud jde o informace, kter\u00e9 sd\u00edlej\u00ed a\/nebo shroma\u017e\u010fuj\u00ed v Ownpowr. Tyto z\u00e1sady se nevztahuj\u00ed na \u017e\u00e1dn\u00e9 informace shrom\u00e1\u017ed\u011bn\u00e9 offline nebo prost\u0159ednictv\u00edm jin\u00fdch kan\u00e1l\u016f, ne\u017e jsou tyto webov\u00e9 str\u00e1nky.<\/p><h3 class=\"wp-block-heading\">Souhlas<\/h3><p>Pou\u017e\u00edv\u00e1n\u00edm na\u0161ich webov\u00fdch str\u00e1nek vyjad\u0159ujete souhlas s na\u0161imi z\u00e1sadami ochrany osobn\u00edch \u00fadaj\u016f a souhlas\u00edte s jejich podm\u00ednkami.<\/p>","protected":false},"excerpt":{"rendered":"<p>Na adrese Ownpowr, kter\u00e1 je dostupn\u00e1 z https:\/\/ownpowr.com, je jednou z na\u0161ich hlavn\u00edch priorit ochrana soukrom\u00ed n\u00e1v\u0161t\u011bvn\u00edk\u016f. Tento dokument o z\u00e1sad\u00e1ch ochrany osobn\u00edch \u00fadaj\u016f obsahuje typy informac\u00ed, kter\u00e9 shroma\u017e\u010fuje a zaznamen\u00e1v\u00e1 [...]<\/p>","protected":false},"author":1,"featured_media":0,"parent":0,"menu_order":0,"comment_status":"closed","ping_status":"closed","template":"","meta":{"_seopress_robots_primary_cat":"","_seopress_titles_title":"","_seopress_titles_desc":"","_seopress_robots_index":"","_kad_blocks_custom_css":"","_kad_blocks_head_custom_js":"","_kad_blocks_body_custom_js":"","_kad_blocks_footer_custom_js":"","footnotes":""},"class_list":["post-1761","page","type-page","status-publish"],"taxonomy_info":[],"featured_image_src_large":false,"author_info":{"display_name":"job-39sj@s9jal019","author_link":"https:\/\/ownpowr.com\/cs\/author\/job-39sjs9jal019\/"},"comment_info":0,"_links":{"self":[{"href":"https:\/\/ownpowr.com\/cs\/wp-json\/wp\/v2\/pages\/1761","targetHints":{"allow":["GET"]}}],"collection":[{"href":"https:\/\/ownpowr.com\/cs\/wp-json\/wp\/v2\/pages"}],"about":[{"href":"https:\/\/ownpowr.com\/cs\/wp-json\/wp\/v2\/types\/page"}],"author":[{"embeddable":true,"href":"https:\/\/ownpowr.com\/cs\/wp-json\/wp\/v2\/users\/1"}],"replies":[{"embeddable":true,"href":"https:\/\/ownpowr.com\/cs\/wp-json\/wp\/v2\/comments?post=1761"}],"version-history":[{"count":0,"href":"https:\/\/ownpowr.com\/cs\/wp-json\/wp\/v2\/pages\/1761\/revisions"}],"wp:attachment":[{"href":"https:\/\/ownpowr.com\/cs\/wp-json\/wp\/v2\/media?parent=1761"}],"curies":[{"name":"wp","href":"https:\/\/api.w.org\/{rel}","templated":true}]}}