{"id":22,"date":"2023-08-25T18:52:26","date_gmt":"2023-08-25T16:52:26","guid":{"rendered":"https:\/\/ownpowr.com\/?page_id=22"},"modified":"2023-09-11T14:43:48","modified_gmt":"2023-09-11T12:43:48","slug":"refund-returns","status":"publish","type":"page","link":"https:\/\/ownpowr.com\/cs\/vraceni-penez\/","title":{"rendered":"Z\u00e1sady vracen\u00ed pen\u011bz a vr\u00e1cen\u00ed zbo\u017e\u00ed"},"content":{"rendered":"<p>Dodac\u00ed lh\u016fta produkt\u016f je uvedena u ka\u017ed\u00e9ho produktu.<br>Drobn\u00fd materi\u00e1l, kter\u00fd lze zaslat bal\u00edkovou po\u0161tou, obvykle doru\u010d\u00edme do 1-2 dn\u016f.<br><br>Pokud hmotnost nebo rozm\u011bry nejsou vhodn\u00e9 pro bal\u00edkovou po\u0161tu, budou materi\u00e1ly doru\u010deny n\u00e1kladn\u00edm autem. P\u0159edem si s v\u00e1mi domluv\u00edme den, kdy m\u016f\u017eete materi\u00e1ly obdr\u017eet.<br><br>V den doru\u010den\u00ed obdr\u017e\u00edte r\u00e1no p\u0159edpokl\u00e1dan\u00fd \u010das doru\u010den\u00ed, jedn\u00e1 se o orienta\u010dn\u00ed \u010das.<\/p><h3 class=\"wp-block-heading\"><strong>Doba dod\u00e1n\u00ed<\/strong><\/h3><ul class=\"wp-block-list\"><li>Bal\u00edkov\u00e1 po\u0161ta 1-2 dny<\/li>\n\n<li>Panely a mont\u00e1\u017en\u00ed materi\u00e1l 1-4 dny N\u00e1klady na dopravu se vypo\u010d\u00edt\u00e1vaj\u00ed podle obsahu n\u00e1kupn\u00edho ko\u0161\u00edku. Po vlo\u017een\u00ed v\u0161ech materi\u00e1l\u016f do n\u00e1kupn\u00edho ko\u0161\u00edku uvid\u00edte, kolik \u010din\u00ed n\u00e1klady na dopravu. Skute\u010dn\u00e9 n\u00e1klady na dopravu jsou v\u00fdrazn\u011b vy\u0161\u0161\u00ed.<\/li><\/ul><ul class=\"wp-block-list\"><li>Bal\u00edkov\u00e1 po\u0161ta do 23 kg 8,95 \u20ac<\/li>\n\n<li>Bal\u00edkov\u00e1 po\u0161ta do 30 kg 12,50 \u20ac<\/li>\n\n<li>V n\u00e1kupn\u00edm ko\u0161\u00edku bude uvedeno doru\u010den\u00ed n\u00e1kladn\u00edm automobilem v rozmez\u00ed od 25 do 85 eur. <strong>Vr\u00e1cen\u00ed zbo\u017e\u00ed \/ pr\u00e1vo na odstoupen\u00ed od smlouvy<\/strong> M\u00e1te pr\u00e1vo zru\u0161it objedn\u00e1vku do 14 dn\u016f od jej\u00edho obdr\u017een\u00ed bez ud\u00e1n\u00ed d\u016fvodu. Pokud jste si objednali slu\u017ebu, nap\u0159\u00edklad instalaci sol\u00e1rn\u00edch panel\u016f. Pr\u00e1vo na odstoupen\u00ed od smlouvy vypr\u0161\u00ed 14 dn\u00ed po potvrzen\u00ed objedn\u00e1vky. Na vr\u00e1cen\u00ed v\u00fdrobku m\u00e1te dal\u0161\u00edch 14 dn\u00ed po zru\u0161en\u00ed. Pot\u00e9 v\u00e1m bude vr\u00e1cena cel\u00e1 \u010d\u00e1stka objedn\u00e1vky v\u010detn\u011b n\u00e1klad\u016f na dopravu. Pouze n\u00e1klady na vr\u00e1cen\u00ed z va\u0161eho domova do internetov\u00e9ho obchodu jdou na v\u00e1\u0161 \u00fa\u010det. Pokud vyu\u017eijete sv\u00e9ho pr\u00e1va na odstoupen\u00ed od smlouvy, bude v\u00fdrobek vr\u00e1cen podnikateli s ve\u0161ker\u00fdm dodan\u00fdm p\u0159\u00edslu\u0161enstv\u00edm a v p\u016fvodn\u00edm stavu a balen\u00ed. Pro uplatn\u011bn\u00ed tohoto pr\u00e1va n\u00e1s pros\u00edm kontaktujte na adrese info@ownpowr.com. Pot\u00e9 v\u00e1m do 14 dn\u016f od ozn\u00e1men\u00ed o vr\u00e1cen\u00ed vr\u00e1t\u00edme dlu\u017enou \u010d\u00e1stku za objedn\u00e1vku, pokud ji\u017e byl v\u00fdrobek p\u0159ijat v po\u0159\u00e1dku. Adresa pro vr\u00e1cen\u00ed zbo\u017e\u00ed:<br>Vratn\u00fd po\u010det Blauhoff BV, Heemstraweg 123, 6651 KH, Druten<\/li><\/ul><h3 class=\"wp-block-heading\"><strong>Zp\u011bt Platba<\/strong><\/h3><p>Po uplatn\u011bn\u00ed pr\u00e1va na odstoupen\u00ed od smlouvy obdr\u017e\u00edte v\u0161echny platby v\u010detn\u011b n\u00e1klad\u016f na doru\u010den\u00ed zp\u011bt do \u010dtrn\u00e1cti dn\u016f. N\u00e1klady na zp\u011btn\u00e9 zasl\u00e1n\u00ed nesete sami.<\/p><h3 class=\"wp-block-heading\"><strong>Vylou\u010den\u00ed pr\u00e1va na odstoupen\u00ed od smlouvy<\/strong><\/h3><ul class=\"wp-block-list\"><li>V\u00fdrobky na m\u00edru nebo slo\u017een\u00e9 v\u00fdrobky<\/li>\n\n<li>P\u0159\u00edslu\u0161enstv\u00ed a mont\u00e1\u017en\u00ed materi\u00e1ly.<\/li>\n\n<li>Ji\u017e proveden\u00e9 instala\u010dn\u00ed pr\u00e1ce<\/li>\n\n<li>Firemn\u00ed z\u00e1kazn\u00edci <strong>Sb\u00edrka<\/strong> V na\u0161em internetov\u00e9m obchod\u011b si p\u0159edem objedn\u00e1te zbo\u017e\u00ed a zvol\u00edte mo\u017enost vyzvednut\u00ed. Jakmile objedn\u00e1vku zpracujeme, obdr\u017e\u00edte potvrzovac\u00ed e-mail. V n\u011bm se dozv\u00edte, kdy si m\u016f\u017eete objedn\u00e1vku vyzvednout. Vyzvednut\u00ed je mo\u017en\u00e9 od pond\u011bl\u00ed do p\u00e1tku od 9 do 16 hodin. Je nutn\u00e9 zaplatit p\u0159edem ve webov\u00e9m obchod\u011b.<\/li><\/ul>","protected":false},"excerpt":{"rendered":"<p>Dodac\u00ed lh\u016fta je uvedena u ka\u017ed\u00e9ho v\u00fdrobku.Drobn\u00e9 materi\u00e1ly, kter\u00e9 lze zaslat po\u0161tovn\u00edm bal\u00edkem, obvykle doru\u010dujeme do 1-2 dn\u016f. Pokud se hmotnost nebo velikost [...]<\/p>","protected":false},"author":1,"featured_media":0,"parent":0,"menu_order":0,"comment_status":"closed","ping_status":"closed","template":"","meta":{"_seopress_robots_primary_cat":"","_seopress_titles_title":"","_seopress_titles_desc":"","_seopress_robots_index":"","_kad_blocks_custom_css":"","_kad_blocks_head_custom_js":"","_kad_blocks_body_custom_js":"","_kad_blocks_footer_custom_js":"","footnotes":""},"class_list":["post-22","page","type-page","status-publish"],"taxonomy_info":[],"featured_image_src_large":false,"author_info":{"display_name":"job-39sj@s9jal019","author_link":"https:\/\/ownpowr.com\/cs\/author\/job-39sjs9jal019\/"},"comment_info":0,"_links":{"self":[{"href":"https:\/\/ownpowr.com\/cs\/wp-json\/wp\/v2\/pages\/22","targetHints":{"allow":["GET"]}}],"collection":[{"href":"https:\/\/ownpowr.com\/cs\/wp-json\/wp\/v2\/pages"}],"about":[{"href":"https:\/\/ownpowr.com\/cs\/wp-json\/wp\/v2\/types\/page"}],"author":[{"embeddable":true,"href":"https:\/\/ownpowr.com\/cs\/wp-json\/wp\/v2\/users\/1"}],"replies":[{"embeddable":true,"href":"https:\/\/ownpowr.com\/cs\/wp-json\/wp\/v2\/comments?post=22"}],"version-history":[{"count":0,"href":"https:\/\/ownpowr.com\/cs\/wp-json\/wp\/v2\/pages\/22\/revisions"}],"wp:attachment":[{"href":"https:\/\/ownpowr.com\/cs\/wp-json\/wp\/v2\/media?parent=22"}],"curies":[{"name":"wp","href":"https:\/\/api.w.org\/{rel}","templated":true}]}}