{"id":1090,"date":"2023-10-04T16:42:23","date_gmt":"2023-10-04T14:42:23","guid":{"rendered":"https:\/\/ownpowr.com\/product\/lg-chem-resu-6-5-prime\/"},"modified":"2025-02-27T12:49:47","modified_gmt":"2025-02-27T10:49:47","slug":"lg-chem-resu-6-5-prime","status":"publish","type":"product","link":"https:\/\/ownpowr.com\/cs\/product\/lg-chem-resu-6-5-prime\/","title":{"rendered":"LG Chem Resu 6.5 PRIME"},"content":{"rendered":"<p>&nbsp;<\/p>\n<p>LG CHEM RESU 6,5 LI-IO 6,5 kWh Akumula\u010dn\u00ed baterie<\/p>\n<p>LG Chem ESS Residential Energy Storage System Kompatibiln\u00ed se Sunny Island 3.0M, Sunny Island 4.4M, Sunny Island 6.0 H, SolaX, Sungrow, Schneider, Ingeteam, GoodWe, Redback, Victron Energy.<\/p>\n<p>RESU p\u0159edstavuje inteligentn\u00ed energetick\u00e9 \u0159e\u0161en\u00ed pro dom\u00e1cnosti, kter\u00e9 \u00fa\u010dinn\u011b sni\u017euje v\u00fddaje za elekt\u0159inu d\u00edky \u0159\u00edzen\u00ed \u0161pi\u010dek. Ve spojen\u00ed s fotovoltaick\u00fdmi syst\u00e9my optimalizuje RESU vyu\u017eit\u00ed vlastn\u00ed vyroben\u00e9 elekt\u0159iny, co\u017e d\u00e1le p\u0159isp\u00edv\u00e1 k \u00faspor\u00e1m n\u00e1klad\u016f. RESU nav\u00edc slou\u017e\u00ed jako spolehliv\u00fd zdroj energie p\u0159i neo\u010dek\u00e1van\u00fdch v\u00fdpadc\u00edch proudu.<\/p>\n<p>Technick\u00e9 specifikace \u00falo\u017ei\u0161t\u011b RESU 6.5 ESS:<\/p>\n<ul>\n<li>\u00daspory \u00fa\u010dt\u016f za elekt\u0159inu: Efektivn\u00ed \u0159\u00edzen\u00ed \u0161pi\u010dek<\/li>\n<li>Vyu\u017eit\u00ed \u010dist\u00e9 energie z fotovoltaick\u00fdch syst\u00e9m\u016f<\/li>\n<li>Spolehliv\u00e9 nap\u00e1jen\u00ed<\/li>\n<li>Materi\u00e1ly \u0161etrn\u00e9 k \u017eivotn\u00edmu prost\u0159ed\u00ed<\/li>\n<li>N\u00edzk\u00e9 n\u00e1roky na \u00fadr\u017ebu<\/li>\n<\/ul>\n<p>Kl\u00ed\u010dov\u00e9 technick\u00e9 \u00fadaje:<\/p>\n<ul>\n<li>Model: RESU 6.5<\/li>\n<li>Energetick\u00e1 kapacita (kWh): 6.5<\/li>\n<li>Nap\u011bt\u00ed (V): 48<\/li>\n<li>Kapacita (Ah): 126<\/li>\n<li>Syst\u00e9m spr\u00e1vy bateri\u00ed (BMS): integrovan\u00fd<\/li>\n<li>Hmotnost (kg): 52<\/li>\n<li>Rozm\u011bry (mm): \u0160\u00ed\u0159ka 452, v\u00fd\u0161ka 654, hloubka 120<\/li>\n<\/ul>","protected":false},"excerpt":{"rendered":"<p>&nbsp; LG CHEM RESU 6,5 LI-IO 6,5 kWh Akumul\u00e1tor LG Chem ESS Residential Energy Storage System Kompatibiln\u00ed se Sunny Island 3.0M, Sunny Island 4.4M, Sunny Island 6.0 H, SolaX, [...]<\/p>","protected":false},"featured_media":1091,"template":"","meta":{"_seopress_robots_primary_cat":"none","_seopress_titles_title":"LG CHEM RESU 6.5 LI-IO: Smart Energy Solution for Homes","_seopress_titles_desc":"Lower your electricity bill with peak management, enhance self-consumption of self-generated electricity, and enjoy a reliable power source with LG Chem RESU 6.5 ESS storage battery.","_seopress_robots_index":"","_kad_blocks_custom_css":"","_kad_blocks_head_custom_js":"","_kad_blocks_body_custom_js":"","_kad_blocks_footer_custom_js":""},"product_cat":[17],"product_tag":[],"class_list":{"0":"post-1090","1":"product","2":"type-product","3":"status-publish","4":"has-post-thumbnail","6":"product_cat-home-batteries","8":"first","9":"instock","10":"sale","11":"taxable","12":"shipping-taxable","13":"purchasable","14":"product-type-simple"},"taxonomy_info":{"product_cat":[{"value":17,"label":"Home batteries"}]},"featured_image_src_large":["https:\/\/ownpowr.com\/wp-content\/uploads\/2023\/07\/Resu6.5.jpeg",600,540,false],"author_info":[],"comment_info":"","_links":{"self":[{"href":"https:\/\/ownpowr.com\/cs\/wp-json\/wp\/v2\/product\/1090","targetHints":{"allow":["GET"]}}],"collection":[{"href":"https:\/\/ownpowr.com\/cs\/wp-json\/wp\/v2\/product"}],"about":[{"href":"https:\/\/ownpowr.com\/cs\/wp-json\/wp\/v2\/types\/product"}],"wp:featuredmedia":[{"embeddable":true,"href":"https:\/\/ownpowr.com\/cs\/wp-json\/wp\/v2\/media\/1091"}],"wp:attachment":[{"href":"https:\/\/ownpowr.com\/cs\/wp-json\/wp\/v2\/media?parent=1090"}],"wp:term":[{"taxonomy":"product_cat","embeddable":true,"href":"https:\/\/ownpowr.com\/cs\/wp-json\/wp\/v2\/product_cat?post=1090"},{"taxonomy":"product_tag","embeddable":true,"href":"https:\/\/ownpowr.com\/cs\/wp-json\/wp\/v2\/product_tag?post=1090"}],"curies":[{"name":"wp","href":"https:\/\/api.w.org\/{rel}","templated":true}]}}