{"id":11224,"date":"2024-04-04T12:26:31","date_gmt":"2024-04-04T10:26:31","guid":{"rendered":"https:\/\/ownpowr.com\/?post_type=product&#038;p=11224"},"modified":"2025-02-27T11:42:24","modified_gmt":"2025-02-27T09:42:24","slug":"deye-ai-w5-1-only-battery","status":"publish","type":"product","link":"https:\/\/ownpowr.com\/cs\/product\/deye-ai-w5-1-pouze-baterie\/","title":{"rendered":"Deye AI-W5.1-B 5,1 kWh Skladov\u00e1n\u00ed energie LV LiFePO4"},"content":{"rendered":"<p>Deye AI-W5.1(LV)<\/p>\n<div class=\"woocommerce-product-details__short-description\">Deye p\u0159edstavuje bezpe\u010dn\u011bj\u0161\u00ed, spolehliv\u011bj\u0161\u00ed a flexibiln\u011bj\u0161\u00ed \u0159e\u0161en\u00ed sol\u00e1rn\u011b nap\u00e1jen\u00fdch lithium-\u017eelezo-fosf\u00e1tov\u00fdch (LFP) bateri\u00ed, kter\u00e9 nab\u00edz\u00ed bezpe\u010dn\u00e9 a spolehliv\u00e9 \u0159e\u0161en\u00ed skladov\u00e1n\u00ed energie optimalizovan\u00e9 pro obytn\u00e9 a komer\u010dn\u00ed aplikace vy\u017eaduj\u00edc\u00ed nap\u00e1jen\u00ed ve st\u00edsn\u011bn\u00fdch prostorech nebo s omezen\u00edm zat\u00ed\u017een\u00ed.<\/div>\n<div><\/div>\n<div>\n<p>Popis<\/p>\n<p>Lithium-\u017eelezo-fosf\u00e1tov\u00e1 baterie Deye se sol\u00e1rn\u00edm nap\u00e1jen\u00edm p\u0159edstavuje bezpe\u010dn\u00e9 a spolehliv\u00e9 \u0159e\u0161en\u00ed pro ukl\u00e1d\u00e1n\u00ed energie v obytn\u00fdch a komer\u010dn\u00edch aplikac\u00edch, kter\u00e9 vy\u017eaduj\u00ed nap\u00e1jen\u00ed ve st\u00edsn\u011bn\u00fdch prostorech nebo p\u0159i omezen\u00e9m zat\u00ed\u017een\u00ed. Je kompaktn\u00ed a lehk\u00fd, dob\u0159e se hod\u00ed pro v\u00fdkonn\u00e1 za\u0159\u00edzen\u00ed pracuj\u00edc\u00ed v omezen\u00e9m prostoru a poskytuje dlouhodob\u00fd v\u00fdkon d\u00edky prodlou\u017een\u00e9 \u017eivotnosti cyklu.<\/p>\n<p>Bezkobaltov\u00e1 chemie LFP baterie nab\u00edz\u00ed vysokou hustotu energie bez ohro\u017een\u00ed bezpe\u010dnosti. Inteligentn\u00ed syst\u00e9m spr\u00e1vy baterie (BMS) sleduje kritick\u00e9 \u00fadaje o \u010dl\u00e1nku, jako je nap\u011bt\u00ed, proud a teplota, a vyva\u017euje nab\u00edjen\u00ed a vyb\u00edjen\u00ed, aby se maximalizovala \u017eivotnost baterie.<\/p>\n<p>Kapacitu a v\u00fdkon lze podle pot\u0159eby m\u011bnit paraleln\u00edm zapojen\u00edm v\u00edce bateri\u00ed. V\u011bt\u0161\u00ed konfigurace bateri\u00ed poskytuj\u00ed v\u011bt\u0161\u00ed energetickou kapacitu a del\u0161\u00ed dobu provozu. Baterie je zkonstruov\u00e1na pro spolehlivost, podporuje vysok\u00e9 vyb\u00edjec\u00ed schopnosti, udr\u017euje provoz od -20 \u00b0C do 55 \u00b0C s kryt\u00edm IP55 a p\u0159irozen\u00fdm chlazen\u00edm.<\/p>\n<p>Modul\u00e1rn\u00ed a flexibiln\u00ed baterie snadno roz\u0161\u00ed\u0159\u00ed kapacitu a\u017e na 184 kWh spojen\u00edm skupin 36 jednotek.<\/p>\n<p>Tato sol\u00e1rn\u011b nap\u00e1jen\u00e1 baterie je ekologicky \u0161etrn\u00e1 a vyu\u017e\u00edv\u00e1 netoxick\u00e9 materi\u00e1ly, kter\u00e9 nezne\u010di\u0161\u0165uj\u00ed \u017eivotn\u00ed prost\u0159ed\u00ed.<\/p>\n<p>Instalace je zjednodu\u0161ena d\u00edky stohovateln\u00e9 konstrukci pro mont\u00e1\u017e na podlahu bez dodate\u010dn\u00e9 kabel\u00e1\u017ee nebo spojovac\u00edho materi\u00e1lu. Nastaven\u00ed a nasazen\u00ed je rychl\u00e9 a snadn\u00e9.<\/p>\n<p>Pohodl\u00ed zaji\u0161\u0165uje automatick\u00e9 propojen\u00ed modul\u016f do s\u00edt\u011b pro vzd\u00e1len\u00e9 monitorov\u00e1n\u00ed, \u00fadr\u017ebu a aktualizaci firmwaru.<\/p>\n<p><a href=\"https:\/\/ownpowr.com\/wp-content\/uploads\/2023\/12\/deye-ai-w5.1-datasheet.pdf\" target=\"_blank\" rel=\"noopener\">Deye AI-W5.1 Datov\u00fd list<\/a><\/p>\n<\/div>","protected":false},"excerpt":{"rendered":"<p>Deye AI-W5.1(LV) Deye p\u0159edstavuje bezpe\u010dn\u011bj\u0161\u00ed, spolehliv\u011bj\u0161\u00ed a flexibiln\u011bj\u0161\u00ed \u0159e\u0161en\u00ed sol\u00e1rn\u011b nap\u00e1jen\u00fdch lithium-\u017eelezo-fosf\u00e1tov\u00fdch (LFP) bateri\u00ed, kter\u00e9 nab\u00edz\u00ed bezpe\u010dn\u00e9 a spolehliv\u00e9 \u0159e\u0161en\u00ed pro ukl\u00e1d\u00e1n\u00ed energie optimalizovan\u00e9 pro [...]<\/p>","protected":false},"featured_media":138814,"template":"","meta":{"_seopress_robots_primary_cat":"none","_seopress_titles_title":"Reliable and Compact Deye AI-W5.1(LV) Battery Solution","_seopress_titles_desc":"Experience the Deye AI-W5.1(LV): A safe, reliable and flexible solar powered lithium iron phosphate battery pack. Perfect for small spaces and load restrictions.","_seopress_robots_index":"","_kad_blocks_custom_css":"","_kad_blocks_head_custom_js":"","_kad_blocks_body_custom_js":"","_kad_blocks_footer_custom_js":""},"product_cat":[17],"product_tag":[],"class_list":{"0":"post-11224","1":"product","2":"type-product","3":"status-publish","4":"has-post-thumbnail","6":"product_cat-home-batteries","8":"first","9":"instock","10":"sale","11":"taxable","12":"shipping-taxable","13":"purchasable","14":"product-type-simple"},"taxonomy_info":{"product_cat":[{"value":17,"label":"Home batteries"}]},"featured_image_src_large":["https:\/\/ownpowr.com\/wp-content\/uploads\/2024\/04\/ai-b-version.png",673,341,false],"author_info":[],"comment_info":"","_links":{"self":[{"href":"https:\/\/ownpowr.com\/cs\/wp-json\/wp\/v2\/product\/11224","targetHints":{"allow":["GET"]}}],"collection":[{"href":"https:\/\/ownpowr.com\/cs\/wp-json\/wp\/v2\/product"}],"about":[{"href":"https:\/\/ownpowr.com\/cs\/wp-json\/wp\/v2\/types\/product"}],"wp:featuredmedia":[{"embeddable":true,"href":"https:\/\/ownpowr.com\/cs\/wp-json\/wp\/v2\/media\/138814"}],"wp:attachment":[{"href":"https:\/\/ownpowr.com\/cs\/wp-json\/wp\/v2\/media?parent=11224"}],"wp:term":[{"taxonomy":"product_cat","embeddable":true,"href":"https:\/\/ownpowr.com\/cs\/wp-json\/wp\/v2\/product_cat?post=11224"},{"taxonomy":"product_tag","embeddable":true,"href":"https:\/\/ownpowr.com\/cs\/wp-json\/wp\/v2\/product_tag?post=11224"}],"curies":[{"name":"wp","href":"https:\/\/api.w.org\/{rel}","templated":true}]}}