{"id":119,"date":"2022-11-11T09:25:43","date_gmt":"2022-11-11T07:25:43","guid":{"rendered":"https:\/\/ownpowr.com\/product\/sungrow-sbr096-battery-blue\/"},"modified":"2025-03-27T13:29:55","modified_gmt":"2025-03-27T11:29:55","slug":"sungrow-sbr096-battery-blue","status":"publish","type":"product","link":"https:\/\/ownpowr.com\/cs\/product\/sungrow-sbr096-baterie-modra\/","title":{"rendered":"Sungrow SBR 9,6kWh SBR096"},"content":{"rendered":"<p>Sungrow SBR 9,6kWh SBR096 V2 modr\u00e1 LFP baterie + p\u0159\u00edslu\u0161enstv\u00ed<\/p>\n<p>Tato sada dom\u00e1c\u00edch bateri\u00ed Sungrow obsahuje n\u00e1sleduj\u00edc\u00ed polo\u017eky:<br \/>\n3x bateriov\u00fd modul Sungrow SBR premium 3,2 kWh<br \/>\n1x Sungrow premium battery management system + p\u0159\u00edslu\u0161enstv\u00ed<\/p>\n<p>- Typ baterie: LiFePO4 prizmatick\u00fd \u010dl\u00e1nek<br \/>\n- Jmenovit\u00fd v\u00fdkon: V\u00fdkon: 9,6 kWh<br \/>\n- Energie (vyu\u017eiteln\u00e1): 9,6 kWh<br \/>\n- Jmenovit\u00e9 nap\u011bt\u00ed: 192 V<br \/>\n- Provozn\u00ed nap\u011bt\u00ed: 150 - 219 V<br \/>\n- Jmenovit\u00fd stejnosm\u011brn\u00fd v\u00fdkon: 5,76 kW<br \/>\n- Maxim\u00e1ln\u00ed nab\u00edjec\u00ed\/vyb\u00edjec\u00ed v\u00fdkon: 6,57 kW<br \/>\n- Maxim\u00e1ln\u00ed nab\u00edjec\u00ed\/vyb\u00edjec\u00ed proud (nep\u0159etr\u017eit\u00fd): 30 A<br \/>\n- Maxim\u00e1ln\u00ed nab\u00edjec\u00ed\/vyb\u00edjec\u00ed proud (10s puls): 42 A<br \/>\n- Hloubka vypou\u0161t\u011bn\u00ed: 100%<br \/>\n- Zkratov\u00fd proud: 1700 A<br \/>\n- Zobrazen\u00ed: Indik\u00e1tor SOC, indik\u00e1tor stavu<br \/>\n- Komunika\u010dn\u00ed rozhran\u00ed: CAN<br \/>\n- M\u00edsto instalace: Vnit\u0159n\u00ed \/ venkovn\u00ed<br \/>\n- Zp\u016fsob mont\u00e1\u017ee: Stojan na podlahu<br \/>\n- Rozsah provozn\u00edch teplot: Nab\u00edjen\u00ed: 0 a\u017e 50 \u2103 \/ Vyb\u00edjen\u00ed: -30 a\u017e 50 \u2103<br \/>\n- Stupe\u0148 ochrany: IP55<br \/>\n- P\u0159\u00edpustn\u00e1 relativn\u00ed vlhkost: 0% a\u017e 95% (nekondenzuj\u00edc\u00ed)<br \/>\n- Maxim\u00e1ln\u00ed v\u00fd\u0161ka p\u0159i pou\u017eit\u00ed: 2000 m<br \/>\n- Zp\u016fsob chlazen\u00ed: p\u0159irozen\u00e1 konvekce<br \/>\n- Certifikace: CE, CEC, IEC 62619, IEC 62040, UN38.3, VDE 2510-50<br \/>\n- P\u0159izp\u016fsoben\u00ed pro roz\u0161\u00ed\u0159en\u00ed: A\u017e 4 paraleln\u00ed jednotky (je nutn\u00e1 dal\u0161\u00ed rozvodn\u00e1 sk\u0159\u00ed\u0148, kter\u00e1 v\u0161ak v sou\u010dasn\u00e9 dob\u011b nen\u00ed k dispozici).<\/p>\n<p><a href=\"https:\/\/storeyourownpower.com\/wp-content\/uploads\/2022\/08\/Datasheet-German-2.pdf\" target=\"_blank\" rel=\"noopener\">Datov\u00fd list n\u011bmecky<\/a><br \/>\n<a href=\"https:\/\/storeyourownpower.com\/wp-content\/uploads\/2022\/08\/Datasheets-English.pdf\" target=\"_blank\" rel=\"noopener\">Datov\u00e9 listy Angli\u010dtina<\/a><br \/>\n<a href=\"https:\/\/storeyourownpower.com\/wp-content\/uploads\/2022\/08\/Mounting-instructions-English-2.pdf\" target=\"_blank\" rel=\"noopener\">N\u00e1vod k mont\u00e1\u017ei \u010cesky<\/a><br \/>\n<a href=\"https:\/\/storeyourownpower.com\/wp-content\/uploads\/2022\/08\/Mounting-instructions-German-2.pdf\" target=\"_blank\" rel=\"noopener\">N\u00e1vod k mont\u00e1\u017ei n\u011bmecky<\/a><br \/>\n<a href=\"https:\/\/storeyourownpower.com\/wp-content\/uploads\/2022\/08\/Warranty-terms-English-2.pdf\" target=\"_blank\" rel=\"noopener\">Z\u00e1ru\u010dn\u00ed podm\u00ednky \u010ce\u0161tina<\/a><br \/>\n<a href=\"https:\/\/storeyourownpower.com\/wp-content\/uploads\/2022\/08\/Warranty-terms-German-1.pdf\" target=\"_blank\" rel=\"noopener\">Z\u00e1ru\u010dn\u00ed podm\u00ednky N\u011bm\u010dina<\/a><\/p>","protected":false},"excerpt":{"rendered":"<p>Sungrow SBR 9,6kWh SBR096 V2 modr\u00e1 baterie LFP + p\u0159\u00edslu\u0161enstv\u00ed Tato sada dom\u00e1c\u00edch bateri\u00ed od spole\u010dnosti Sungrow obsahuje n\u00e1sleduj\u00edc\u00ed polo\u017eky:<\/p>","protected":false},"featured_media":120,"template":"","meta":{"_seopress_robots_primary_cat":"none","_seopress_titles_title":"","_seopress_titles_desc":"","_seopress_robots_index":"","_kad_blocks_custom_css":"","_kad_blocks_head_custom_js":"","_kad_blocks_body_custom_js":"","_kad_blocks_footer_custom_js":""},"product_cat":[17],"product_tag":[],"class_list":{"0":"post-119","1":"product","2":"type-product","3":"status-publish","4":"has-post-thumbnail","6":"product_cat-home-batteries","8":"first","9":"instock","10":"sale","11":"taxable","12":"shipping-taxable","13":"purchasable","14":"product-type-simple"},"taxonomy_info":{"product_cat":[{"value":17,"label":"Home batteries"}]},"featured_image_src_large":["https:\/\/ownpowr.com\/wp-content\/uploads\/2022\/11\/Screenshot-2022-06-22-at-16.19.50.jpg",982,810,false],"author_info":[],"comment_info":"","_links":{"self":[{"href":"https:\/\/ownpowr.com\/cs\/wp-json\/wp\/v2\/product\/119","targetHints":{"allow":["GET"]}}],"collection":[{"href":"https:\/\/ownpowr.com\/cs\/wp-json\/wp\/v2\/product"}],"about":[{"href":"https:\/\/ownpowr.com\/cs\/wp-json\/wp\/v2\/types\/product"}],"wp:featuredmedia":[{"embeddable":true,"href":"https:\/\/ownpowr.com\/cs\/wp-json\/wp\/v2\/media\/120"}],"wp:attachment":[{"href":"https:\/\/ownpowr.com\/cs\/wp-json\/wp\/v2\/media?parent=119"}],"wp:term":[{"taxonomy":"product_cat","embeddable":true,"href":"https:\/\/ownpowr.com\/cs\/wp-json\/wp\/v2\/product_cat?post=119"},{"taxonomy":"product_tag","embeddable":true,"href":"https:\/\/ownpowr.com\/cs\/wp-json\/wp\/v2\/product_tag?post=119"}],"curies":[{"name":"wp","href":"https:\/\/api.w.org\/{rel}","templated":true}]}}