{"id":139,"date":"2023-10-04T16:36:02","date_gmt":"2023-10-04T14:36:02","guid":{"rendered":"https:\/\/ownpowr.com\/product\/byd-b-box-premium-lvs-4-0\/"},"modified":"2025-10-15T14:02:31","modified_gmt":"2025-10-15T12:02:31","slug":"byd-b-box-premium-lvs-4-0","status":"publish","type":"product","link":"https:\/\/ownpowr.com\/cs\/product\/byd-b-box-premium-lvs-4-0\/","title":{"rendered":"BYD Battery-Box premium LVS 4,0 kWh Dod\u00e1vka pololet\u00ed\/konec prosince"},"content":{"rendered":"<p>BYD B-Box premium LVS 4.0<\/p>\n<p>Informace:<br \/>\n- vyu\u017eiteln\u00e1 kapacita: 4,00 kWh<br \/>\n- jmenovit\u00e9 nap\u011bt\u00ed: 51,2 V<br \/>\n- Max. V\u00fdstupn\u00ed proud: 65 A<br \/>\n- \u0160pi\u010dkov\u00fd v\u00fdstupn\u00ed proud: 90A, 5s<br \/>\n- Rozsah provozn\u00edho nap\u011bt\u00ed: 40-57.6 V<br \/>\n- okoln\u00ed teplota: -10 \u00b0C a\u017e +50 \u00b0C<br \/>\n- rozhran\u00ed: CAN\/RS485<br \/>\n- energetick\u00e1 \u00fa\u010dinnost p\u0159i zp\u00e1te\u010dn\u00ed cest\u011b: &gt;= 95%<br \/>\n- certifikace: VDE2510-50 \/ IEC62619\/ CE \/ CEC \/ UN38.3<br \/>\n- T\u0159\u00edda ochrany IP: IP55<br \/>\n- Aplikace: ON Grid \/ ON Grid + Backup \/ OFF Grid<br \/>\n- V\u017edy roz\u0161\u00ed\u0159it \/ a\u017e 16 LVS 16.0 paraleln\u011b \/ 256 kWh pou\u017eiteln\u00fdch<\/p>\n<p>Sada obsahuje:<br \/>\n1x bateriov\u00fd modul BYD B-BOX PREMIUM LVS<br \/>\n1x BYD LV PDU + z\u00e1kladna<br \/>\n1x BYD LV jednotka pro spr\u00e1vu bateri\u00ed NOVINKA<\/p>\n<p><strong>Dal\u0161\u00ed informace:<\/strong><\/p>\n<ul>\n<li><a href=\"https:\/\/storeyourownpower.com\/wp-content\/uploads\/2023\/01\/Datasheet-English-LVS.pdf\" target=\"_blank\" rel=\"noopener\">Datov\u00fd list Angli\u010dtina LVS<\/a><\/li>\n<li><a href=\"https:\/\/storeyourownpower.com\/wp-content\/uploads\/2023\/01\/Datenblatt-German-LVS.pdf\" target=\"_blank\" rel=\"noopener\">Datenblatt N\u011bmeck\u00fd LVS<\/a><\/li>\n<li><a href=\"https:\/\/storeyourownpower.com\/wp-content\/uploads\/2023\/01\/Mounting-instructions-English-LVS.pdf\" target=\"_blank\" rel=\"noopener\">Mont\u00e1\u017en\u00ed n\u00e1vod Angli\u010dtina LVS<\/a><\/li>\n<li><a href=\"https:\/\/storeyourownpower.com\/wp-content\/uploads\/2023\/01\/Mounting-instructions-German-LVS.pdf\" target=\"_blank\" rel=\"noopener\">Mont\u00e1\u017en\u00ed n\u00e1vod N\u011bmeck\u00fd LVS<\/a><\/li>\n<li><a href=\"https:\/\/storeyourownpower.com\/wp-content\/uploads\/2023\/01\/Warranty-terms-English.pdf\" target=\"_blank\" rel=\"noopener\">Z\u00e1ru\u010dn\u00ed podm\u00ednky \u010ce\u0161tina<\/a><\/li>\n<li><a href=\"https:\/\/storeyourownpower.com\/wp-content\/uploads\/2023\/01\/Warranty-terms-German-LVS.pdf\" target=\"_blank\" rel=\"noopener\">Z\u00e1ru\u010dn\u00ed podm\u00ednky N\u011bmeck\u00fd LVS<\/a><\/li>\n<\/ul>","protected":false},"excerpt":{"rendered":"<p>BYD B-Box premium LVS 4.0 Informace: - vyu\u017eiteln\u00e1 kapacita: 4,00 kWh - jmenovit\u00e9 nap\u011bt\u00ed: 51,2 V - Max. V\u00fdstupn\u00ed proud: 65 A - \u0160pi\u010dkov\u00fd v\u00fdstupn\u00ed proud: 90 A, 5 s - Provozn\u00ed nap\u011bt\u00ed [...]<\/p>","protected":false},"featured_media":140,"template":"","meta":{"_seopress_robots_primary_cat":"none","_seopress_titles_title":"BYD B-Box Premium LVS 4.0: High Capacity and Efficiency Battery for Grid Backup and Off-Grid Applications","_seopress_titles_desc":"Discover the BYD B-Box Premium LVS 4.0 with 4.00 kWh usable capacity, 65A output current, and IP55 protection class. Perfect for ON Grid, OFF Grid, and backup applications. Expandable up to 16 LVS 16.0 modules. Learn more!","_seopress_robots_index":"","_kad_blocks_custom_css":"","_kad_blocks_head_custom_js":"","_kad_blocks_body_custom_js":"","_kad_blocks_footer_custom_js":""},"product_cat":[17],"product_tag":[],"class_list":{"0":"post-139","1":"product","2":"type-product","3":"status-publish","4":"has-post-thumbnail","6":"product_cat-home-batteries","8":"first","9":"onbackorder","10":"sale","11":"taxable","12":"shipping-taxable","13":"purchasable","14":"product-type-simple"},"taxonomy_info":{"product_cat":[{"value":17,"label":"Home batteries"}]},"featured_image_src_large":["https:\/\/ownpowr.com\/wp-content\/uploads\/2022\/11\/e-252Fb-252F8-252F6-252Feb86ead2797e066c0412db7296196f199394b37d_det_sb_byd_b_box_lvs_4-0.jpeg",640,540,false],"author_info":[],"comment_info":"","_links":{"self":[{"href":"https:\/\/ownpowr.com\/cs\/wp-json\/wp\/v2\/product\/139","targetHints":{"allow":["GET"]}}],"collection":[{"href":"https:\/\/ownpowr.com\/cs\/wp-json\/wp\/v2\/product"}],"about":[{"href":"https:\/\/ownpowr.com\/cs\/wp-json\/wp\/v2\/types\/product"}],"wp:featuredmedia":[{"embeddable":true,"href":"https:\/\/ownpowr.com\/cs\/wp-json\/wp\/v2\/media\/140"}],"wp:attachment":[{"href":"https:\/\/ownpowr.com\/cs\/wp-json\/wp\/v2\/media?parent=139"}],"wp:term":[{"taxonomy":"product_cat","embeddable":true,"href":"https:\/\/ownpowr.com\/cs\/wp-json\/wp\/v2\/product_cat?post=139"},{"taxonomy":"product_tag","embeddable":true,"href":"https:\/\/ownpowr.com\/cs\/wp-json\/wp\/v2\/product_tag?post=139"}],"curies":[{"name":"wp","href":"https:\/\/api.w.org\/{rel}","templated":true}]}}