{"id":144,"date":"2023-10-04T16:36:02","date_gmt":"2023-10-04T14:36:02","guid":{"rendered":"https:\/\/ownpowr.com\/product\/byd-b-box-premium-lvs-8-0\/"},"modified":"2025-10-15T14:02:38","modified_gmt":"2025-10-15T12:02:38","slug":"byd-b-box-premium-lvs-8-0","status":"publish","type":"product","link":"https:\/\/ownpowr.com\/cs\/product\/byd-b-box-premium-lvs-8-0\/","title":{"rendered":"BYD Battery-Box premium LVS 8,0 kWh Dod\u00e1vka pololet\u00ed\/konec prosince"},"content":{"rendered":"<p><strong>BYD<\/strong> Battery-Box Premium LVS 8.0 obsahuje;<\/p>\n<p>a\u00a0<strong>BYD<\/strong>\u00a0BMU Battery Management Unit, a\u00a0<strong>BYD<\/strong>\u00a0Rozvodn\u00e1 jednotka PDU a 2 paraleln\u011b zapojen\u00e9 bateriov\u00e9 moduly LVS 4,0 kWh. Mo\u017enost pozd\u011bj\u0161\u00edho roz\u0161\u00ed\u0159en\u00ed p\u0159id\u00e1n\u00edm a\u017e 4 dal\u0161\u00edch modul\u016f LVS paraleln\u011b k tomuto z\u00e1sobn\u00edku pro dosa\u017een\u00ed vyu\u017eiteln\u00e9 kapacity a\u017e 24 kWh.<\/p>\n<p>Krom\u011b toho lze dos\u00e1hnout maxim\u00e1ln\u00ed kapacity 256 kWh p\u0159\u00edm\u00fdm paraleln\u00edm propojen\u00edm a\u017e 16 stejn\u00fdch bateriov\u00fdch box\u016f Battery-Box Premium LVS 16kWh.<\/p>\n<p>POZOR:<br \/>\nNebezpe\u010dn\u00e1 l\u00e1tka podle UN 3480 \/ t\u0159\u00edda nebezpe\u010dnosti p\u0159i p\u0159eprav\u011b 9 \/ obalov\u00e1 skupina II<\/p>\n<p>&nbsp;<\/p>\n<p><strong>\u2714 Schopnost vysoce v\u00fdkonn\u00e9ho nouzov\u00e9ho z\u00e1lohov\u00e1n\u00ed a funkce Off-Grid<\/strong><\/p>\n<p><strong>\u2714 Nejvy\u0161\u0161\u00ed \u00fa\u010dinnost d\u00edky skute\u010dn\u00e9mu n\u00edzkonap\u011b\u0165ov\u00e9mu paraleln\u00edmu p\u0159ipojen\u00ed<\/strong><\/p>\n<p><strong>\u2714 Rodi\u010dovsk\u00fd modul\u00e1rn\u00ed design z\u00e1str\u010dky - \u017e\u00e1dn\u00e9 vnit\u0159n\u00ed zapojen\u00ed - maxim\u00e1ln\u00ed flexibilita a snadn\u00e9 pou\u017eit\u00ed<\/strong><\/p>\n<p><strong>\u2714 Bezkobaltov\u00e1 lithium-\u017eelezo-fosf\u00e1tov\u00e1 (LFP) baterie - maxim\u00e1ln\u00ed bezpe\u010dnost, \u017eivotnost a v\u00fdkon<\/strong><\/p>\n<p><strong>\u2714 Kompatibiln\u00ed s vedouc\u00edmi 1 nebo 3f\u00e1zov\u00fdmi n\u00edzkonap\u011b\u0165ov\u00fdmi m\u011bni\u010di bateri\u00ed<\/strong><\/p>\n<p>&nbsp;<\/p>\n<p>- vyu\u017eiteln\u00e1 kapacita: 8,00 kWh<br \/>\n- jmenovit\u00e9 nap\u011bt\u00ed: 51,2 V<br \/>\n- Max. V\u00fdstupn\u00ed proud: 130 A<br \/>\n- \u0160pi\u010dkov\u00fd v\u00fdstupn\u00ed proud: 180 A, 5 s<br \/>\n- Rozsah provozn\u00edho nap\u011bt\u00ed: 40-57.6 V<br \/>\n- okoln\u00ed teplota: -10 \u00b0C a\u017e +50 \u00b0C<br \/>\n- rozhran\u00ed: CAN\/RS485<br \/>\n- okru\u017en\u00ed j\u00edzda za energetickou \u00fa\u010dinnost\u00ed: &gt;= 95%<br \/>\n- certifikace: VDE2510-50 \/ IEC62619\/ CE \/ CEC \/ UN38.3<br \/>\n- T\u0159\u00edda ochrany IP: IP55<br \/>\n- Aplikace: ON Grid \/ ON Grid + Backup \/ OFF Grid<br \/>\n- V\u017edy roz\u0161i\u0159iteln\u00fd \/ a\u017e 16 LVS 16.0 paraleln\u011b \/ 256 kWh pou\u017eiteln\u00fdSada obsahuje:<br \/>\n2x 12910053-00 (bateriov\u00fd modul BYD B-BOX PREMIUM LVS)<br \/>\n1x 12940054-00 (BYD LV PDU + z\u00e1kladna)<br \/>\n1x 13172499-00 (BYD LV Battery Management Unit NEW)<\/p>\n<div><\/div>\n<div class=\"product--description\">\n<p><strong>Dal\u0161\u00ed informace:<\/strong><\/p>\n<ul>\n<li><a href=\"https:\/\/storeyourownpower.com\/wp-content\/uploads\/2023\/01\/Datasheet-English-LVS.pdf\" target=\"_blank\" rel=\"noopener\">Datov\u00fd list Angli\u010dtina LVS<\/a><\/li>\n<li><a href=\"https:\/\/storeyourownpower.com\/wp-content\/uploads\/2023\/01\/Datenblatt-German-LVS.pdf\" target=\"_blank\" rel=\"noopener\">Datenblatt N\u011bmeck\u00fd LVS<\/a><\/li>\n<li><a href=\"https:\/\/storeyourownpower.com\/wp-content\/uploads\/2023\/01\/Mounting-instructions-English-LVS.pdf\" target=\"_blank\" rel=\"noopener\">Mont\u00e1\u017en\u00ed n\u00e1vod Angli\u010dtina LVS<\/a><\/li>\n<li><a href=\"https:\/\/storeyourownpower.com\/wp-content\/uploads\/2023\/01\/Mounting-instructions-German-LVS.pdf\" target=\"_blank\" rel=\"noopener\">Mont\u00e1\u017en\u00ed n\u00e1vod N\u011bmeck\u00fd LVS<\/a><\/li>\n<li><a href=\"https:\/\/storeyourownpower.com\/wp-content\/uploads\/2023\/01\/Warranty-terms-English.pdf\" target=\"_blank\" rel=\"noopener\">Z\u00e1ru\u010dn\u00ed podm\u00ednky \u010ce\u0161tina<\/a><\/li>\n<li><a href=\"https:\/\/storeyourownpower.com\/wp-content\/uploads\/2023\/01\/Warranty-terms-German-LVS.pdf\" target=\"_blank\" rel=\"noopener\">Z\u00e1ru\u010dn\u00ed podm\u00ednky N\u011bmeck\u00fd LVS<\/a><\/li>\n<\/ul>\n<\/div>","protected":false},"excerpt":{"rendered":"<p>BYD Battery-Box Premium LVS 8.0 se skl\u00e1d\u00e1 z jednotky pro spr\u00e1vu bateri\u00ed BYD BMU, jednotky pro distribuci nap\u00e1jen\u00ed BYD PDU a 2 paraleln\u011b zapojen\u00fdch bateriov\u00fdch modul\u016f LVS 4,0 kWh. Mo\u017enost roz\u0161\u00ed\u0159en\u00ed a\u017e o [...]<\/p>","protected":false},"featured_media":145,"template":"","meta":{"_seopress_robots_primary_cat":"none","_seopress_titles_title":"BYD Battery-Box Premium LVS 8.0: High-Powered Emergency-Backup and Off-Grid functionality, Maximum Safety, and Expandable Capacity","_seopress_titles_desc":"Discover the scalable BYD Battery-Box Premium LVS 8.0 with efficient Low-Voltage parallel connection and maximum safety. Compatible with leading battery inverters.","_seopress_robots_index":"","_kad_blocks_custom_css":"","_kad_blocks_head_custom_js":"","_kad_blocks_body_custom_js":"","_kad_blocks_footer_custom_js":""},"product_cat":[17],"product_tag":[],"class_list":{"0":"post-144","1":"product","2":"type-product","3":"status-publish","4":"has-post-thumbnail","6":"product_cat-home-batteries","8":"first","9":"onbackorder","10":"sale","11":"taxable","12":"shipping-taxable","13":"purchasable","14":"product-type-simple"},"taxonomy_info":{"product_cat":[{"value":17,"label":"Home batteries"}]},"featured_image_src_large":["https:\/\/ownpowr.com\/wp-content\/uploads\/2022\/11\/c-252F5-252F6-252Fe-252Fc56e658a81cc0b440f8fe33cc4f1ab6a9dd62f03_det_sb_byd_b_box_lvs_8-0.jpeg",640,540,false],"author_info":[],"comment_info":"","_links":{"self":[{"href":"https:\/\/ownpowr.com\/cs\/wp-json\/wp\/v2\/product\/144","targetHints":{"allow":["GET"]}}],"collection":[{"href":"https:\/\/ownpowr.com\/cs\/wp-json\/wp\/v2\/product"}],"about":[{"href":"https:\/\/ownpowr.com\/cs\/wp-json\/wp\/v2\/types\/product"}],"wp:featuredmedia":[{"embeddable":true,"href":"https:\/\/ownpowr.com\/cs\/wp-json\/wp\/v2\/media\/145"}],"wp:attachment":[{"href":"https:\/\/ownpowr.com\/cs\/wp-json\/wp\/v2\/media?parent=144"}],"wp:term":[{"taxonomy":"product_cat","embeddable":true,"href":"https:\/\/ownpowr.com\/cs\/wp-json\/wp\/v2\/product_cat?post=144"},{"taxonomy":"product_tag","embeddable":true,"href":"https:\/\/ownpowr.com\/cs\/wp-json\/wp\/v2\/product_tag?post=144"}],"curies":[{"name":"wp","href":"https:\/\/api.w.org\/{rel}","templated":true}]}}