{"id":185455,"date":"2025-01-30T09:44:03","date_gmt":"2025-01-30T07:44:03","guid":{"rendered":"https:\/\/ownpowr.com\/?post_type=product&#038;p=185455"},"modified":"2025-01-30T09:44:03","modified_gmt":"2025-01-30T07:44:03","slug":"blauhoff-maxus-storage-only-385kwh-liquid-cooled-energy-storage-cabinet-10y-warantee-8000-cycles","status":"publish","type":"product","link":"https:\/\/ownpowr.com\/cs\/product\/blauhoff-maxus-storage-pouze-385kwh-kapalinou-chlazena-skrin-pro-ukladani-energie-10leta-zaruka-8000-cyklu\/","title":{"rendered":"Blauhoff Maxus Pouze \u00falo\u017ei\u0161t\u011b 385kWh Kapalinou chlazen\u00e1 sk\u0159\u00ed\u0148 pro ukl\u00e1d\u00e1n\u00ed energie Z\u00e1ruka 10 let 8000 cykl\u016f"},"content":{"rendered":"<p>POZOR!<\/p>\n<p>Vzhledem k integraci a slo\u017eitosti je tato cena obchodn\u00ed cena bez DPH a bez mont\u00e1\u017ee.<\/p>\n<p>Mont\u00e1\u017e prov\u00e1d\u00ed m\u00edstn\u00ed mont\u00e1\u017en\u00ed firma s pomoc\u00ed na\u0161eho technick\u00e9ho pracovn\u00edka.<\/p>\n<p>Blauhoff Maxus Pouze \u00falo\u017ei\u0161t\u011b 385Kwh Sk\u0159\u00ed\u0148 pro ukl\u00e1d\u00e1n\u00ed energie Chlazeno kapalinou 10let\u00e1 z\u00e1ruka 8000 cykl\u016f<\/p>\n<p>Mo\u017enost dotace https:\/\/blauhoff.nl\/subsidies-thuisbatterij-voor-bedrijven\/<\/p>\n<p>Prismatick\u00e9 \u010dl\u00e1nky pro nejvy\u0161\u0161\u00ed kvalitu a nejdel\u0161\u00ed \u017eivotnost , 8000 cykl\u016f a 10let\u00e1 z\u00e1ruka na \u010dl\u00e1nky bez p\u0159\u00edplatku a 5 let na celek.<\/p>\n<p>V\u011bt\u0161ina ostatn\u00edch dodavatel\u016f m\u00e1 3-5 let na cel\u00e9 a \u010dl\u00e1nky a pot\u00e9 si mus\u00edte p\u0159iplatit !<\/p>\n<p>Pln\u011b integrovan\u00fd syst\u00e9m ESS pro snadnou p\u0159epravu a provoz a \u00fadr\u017ebu. Lze p\u0159izp\u016fsobit mnoha hlavn\u00edm zna\u010dk\u00e1m st\u0159\u00edda\u010d\u016f (somotec) a pou\u017e\u00edt jako kompaktn\u00ed bateriov\u00e9 \u00falo\u017ei\u0161t\u011b.<\/p>\n<p>D\u00edky integrovan\u00e9 a modul\u00e1rn\u00ed konstrukci se rychle nastavuje a pou\u017e\u00edv\u00e1 maxim\u00e1ln\u011b 3 hodiny pr\u00e1ce.<\/p>\n<p>Blauhoff BLH-385kWh-Maxus, je pr\u016fmyslov\u00e1 sk\u0159\u00ed\u0148 pro ukl\u00e1d\u00e1n\u00ed ESS s kapalinov\u00fdm chlazen\u00edm, je integrov\u00e1na s , bateri\u00ed, BMS, tepeln\u00fdm managementem, rozvodem energie, protipo\u017e\u00e1rn\u00ed ochranou atd.<\/p>\n<p>Jeho bezpe\u010dnostn\u00ed konstrukce zaji\u0161\u0165uje lep\u0161\u00ed v\u00fdkon baterie a del\u0161\u00ed \u017eivotnost.<br \/>\n\u017eivot. V\u00edce sad sk\u0159\u00edn\u00ed lze p\u0159\u00edmo paraleln\u011b zapojit a\u017e do 30 jednotek a dos\u00e1hnout tak skladov\u00e1n\u00ed energie.<br \/>\nroz\u0161\u00ed\u0159en\u00ed syst\u00e9mu. Je velmi snadno \u0161k\u00e1lovateln\u00fd a p\u0159enosn\u00fd.<\/p>\n<p>Kapalinov\u00e9 chlazen\u00ed :<br \/>\nTeplotn\u00ed drift bateriov\u00fdch \u010dl\u00e1nk\u016f<br \/>\nv cel\u00e9m syst\u00e9mu je v rozmez\u00ed \u00b11,5 \u00b0C v d\u016fsledku<br \/>\ninteligentn\u00ed kapalinov\u00fd chladic\u00ed syst\u00e9m. Dok\u00e1\u017ee<br \/>\nprodlou\u017eit \u017eivotnost syst\u00e9mu a\u017e na<br \/>\n30%, zv\u00fd\u0161en\u00ed dlouhodob\u00e9 \u00fa\u010dinnosti syst\u00e9mu<br \/>\na\u017e 88.5%.<\/p>\n<p>Bezpe\u010dn\u00e9<br \/>\nSyst\u00e9m m\u00e1 \u010dty\u0159i \u00farovn\u011b \u0159\u00edzen\u00ed<br \/>\nstruktura, kter\u00e1 m\u016f\u017ee poskytnout p\u0159esn\u00e9<br \/>\nochrana proti zkratu, nadproudov\u00e1 ochrana<br \/>\nochrana proti p\u0159ep\u011bt\u00ed<br \/>\nochrana proti podp\u011bt\u00ed, ochrana proti p\u0159eh\u0159\u00e1t\u00ed<br \/>\nochrana atd..<\/p>\n<p><strong>NEN-EN-IEC 62619:2022 - Sekund\u00e1rn\u00ed \u010dl\u00e1nky a baterie obsahuj\u00edc\u00ed alkalick\u00e9 nebo jin\u00e9 nekysel\u00e9 elektrolyty - Bezpe\u010dnostn\u00ed po\u017eadavky na sekund\u00e1rn\u00ed lithiov\u00e9 \u010dl\u00e1nky a baterie pro pou\u017eit\u00ed v pr\u016fmyslov\u00fdch aplikac\u00edch<\/strong><\/p>\n<p><strong>NEN-EN-IEC 61000-6-2\u3001EN IEC 61000-6-4<\/strong><\/p>\n<p><strong>UL 9540A:2019 vyd\u00e1n\u00ed 4 - Norma pro zku\u0161ebn\u00ed metodu hodnocen\u00ed \u0161\u00ed\u0159en\u00ed tepeln\u00e9ho \u00faniku p\u0159i po\u017e\u00e1ru v bateriov\u00fdch syst\u00e9mech pro ukl\u00e1d\u00e1n\u00ed energie<\/strong><\/p>\n<p><strong>UN38.3<\/strong><strong>s<\/strong><\/p>","protected":false},"excerpt":{"rendered":"<p>POZOR! Vzhledem k integraci a slo\u017eitosti je tato cena obchodn\u00ed cena bez DPH a bez mont\u00e1\u017ee Mont\u00e1\u017e prov\u00e1d\u00ed v\u00e1\u0161 m\u00edstn\u00ed instalat\u00e9r s pomoc\u00ed na\u0161eho technick\u00e9ho [...]<\/p>","protected":false},"featured_media":185452,"template":"","meta":{"_seopress_robots_primary_cat":"none","_seopress_titles_title":"","_seopress_titles_desc":"","_seopress_robots_index":"","_kad_blocks_custom_css":"","_kad_blocks_head_custom_js":"","_kad_blocks_body_custom_js":"","_kad_blocks_footer_custom_js":""},"product_cat":[17],"product_tag":[],"class_list":{"0":"post-185455","1":"product","2":"type-product","3":"status-publish","4":"has-post-thumbnail","6":"product_cat-home-batteries","8":"first","9":"instock","10":"sale","11":"taxable","12":"shipping-taxable","13":"purchasable","14":"product-type-simple"},"taxonomy_info":{"product_cat":[{"value":17,"label":"Home batteries"}]},"featured_image_src_large":["https:\/\/ownpowr.com\/wp-content\/uploads\/2024\/10\/maxus-.png",300,300,false],"author_info":[],"comment_info":"","_links":{"self":[{"href":"https:\/\/ownpowr.com\/cs\/wp-json\/wp\/v2\/product\/185455","targetHints":{"allow":["GET"]}}],"collection":[{"href":"https:\/\/ownpowr.com\/cs\/wp-json\/wp\/v2\/product"}],"about":[{"href":"https:\/\/ownpowr.com\/cs\/wp-json\/wp\/v2\/types\/product"}],"wp:featuredmedia":[{"embeddable":true,"href":"https:\/\/ownpowr.com\/cs\/wp-json\/wp\/v2\/media\/185452"}],"wp:attachment":[{"href":"https:\/\/ownpowr.com\/cs\/wp-json\/wp\/v2\/media?parent=185455"}],"wp:term":[{"taxonomy":"product_cat","embeddable":true,"href":"https:\/\/ownpowr.com\/cs\/wp-json\/wp\/v2\/product_cat?post=185455"},{"taxonomy":"product_tag","embeddable":true,"href":"https:\/\/ownpowr.com\/cs\/wp-json\/wp\/v2\/product_tag?post=185455"}],"curies":[{"name":"wp","href":"https:\/\/api.w.org\/{rel}","templated":true}]}}