{"id":194629,"date":"2025-01-30T10:14:36","date_gmt":"2025-01-30T08:14:36","guid":{"rendered":"https:\/\/ownpowr.com\/?post_type=product&#038;p=194629"},"modified":"2025-01-30T10:14:36","modified_gmt":"2025-01-30T08:14:36","slug":"blauhoff-25k-40kwh-hv-3-phase-system-powerpack-ip55-100ah-1c-charge-discharge","status":"publish","type":"product","link":"https:\/\/ownpowr.com\/cs\/product\/blauhoff-25k-40kwh-hv-3-fazovy-system-powerpack-ip55-100ah-1c-nabijeni-vybijeni\/","title":{"rendered":"Blauhoff 25K\/40kWh HV 3f\u00e1zov\u00fd syst\u00e9mov\u00fd powerpack IP55 100aH 1C Nab\u00edjen\u00ed\/Vyb\u00edjen\u00ed"},"content":{"rendered":"<p>Blauhoff Home 25K\/40 kWh HV 3f\u00e1zov\u00fd syst\u00e9m bez kobaltu Powerpack IP65 Venkovn\u00ed\/vnit\u0159n\u00ed\/bez kobaltu 100aH 1C<\/p>\n<p>Velmi robustn\u00ed a snadno roz\u0161i\u0159iteln\u00fd t\u0159\u00edf\u00e1zov\u00fd syst\u00e9m Blauhoff Home BLH-25k\/40 kWh od renomovan\u00e9 zna\u010dky Blauhoff nab\u00edz\u00ed spolehliv\u00e9 a efektivn\u00ed \u0159e\u0161en\u00ed pro skladov\u00e1n\u00ed energie v dom\u00e1cnostech s vy\u0161\u0161\u00ed spot\u0159ebou. S t\u00edmto v\u00fdkonn\u00fdm syst\u00e9mem m\u016f\u017eete optimalizovat energetickou \u00fa\u010dinnost sv\u00e9 dom\u00e1cnosti, sn\u00ed\u017eit z\u00e1vislost na rozvodn\u00e9 s\u00edti a vyu\u017e\u00edvat nouzov\u00e9 z\u00e1sobov\u00e1n\u00ed elekt\u0159inou v p\u0159\u00edpad\u011b v\u00fdpadku proudu. Tento syst\u00e9m je nav\u00edc dod\u00e1v\u00e1n s bezplatnou mont\u00e1\u017e\u00ed, kter\u00e1 zaji\u0161\u0165uje bezprobl\u00e9movou instalaci. Komunikuje s dynamick\u00fdm nap\u00e1jen\u00edm podle pot\u0159eby bez nutnosti odb\u011bru a v\u017edy voln\u00e9ho v\u00fdb\u011bru dodavatele energie !<\/p>\n<p>M\u011bni\u010d m\u00e1 d\u00e9lku 780 mm a hmotnost 33,6 kg. P\u0159\u00eddavn\u00fd kabel o d\u00e9lce 300 mm mezi st\u0159\u00edda\u010dem a bateri\u00ed umo\u017e\u0148uje ur\u010dit optim\u00e1ln\u00ed um\u00edst\u011bn\u00ed syst\u00e9mu, co\u017e zaji\u0161\u0165uje efektivn\u00ed p\u0159enos energie a minim\u00e1ln\u00ed energetick\u00e9 ztr\u00e1ty.<\/p>\n<p>Akumul\u00e1torov\u00fd syst\u00e9m Blauhoff je odoln\u00fd, neobsahuje kobalt a je kompaktn\u00ed a ploch\u00fd, s rozm\u011bry 734 mm x 400 mm na modul a hmotnost\u00ed 454 kg. Baterie m\u00e1 kapacitu 40 kWh, co\u017e v\u00e1m umo\u017en\u00ed uchov\u00e1vat p\u0159ebyte\u010dnou energii vyrobenou sol\u00e1rn\u00edmi panely nebo jin\u00fdmi zdroji energie. V dob\u011b, kdy se energie nevyr\u00e1b\u00ed, m\u016f\u017eete ulo\u017eenou energii pou\u017e\u00edt k pokryt\u00ed spot\u0159eby energie, \u010d\u00edm\u017e sn\u00ed\u017e\u00edte svou z\u00e1vislost na rozvodn\u00e9 s\u00edti a d\u00e1le sn\u00ed\u017e\u00edte sv\u00e9 n\u00e1klady na energii. To v\u0161e prob\u00edh\u00e1 automaticky ve spojen\u00ed s dynamickou smlouvou o dod\u00e1vce energie jako v sou\u010dasnosti. V zim\u011b pak m\u016f\u017eete vyu\u017e\u00edt levnou energii v noci a vyu\u017e\u00edvat ji cel\u00fd den a v l\u00e9t\u011b ji odpoledne zdarma nab\u00edt a ve\u010der vyu\u017e\u00edt a r\u00e1no nebo v noci s n\u00ed nab\u00edt auto.<\/p>\n<p>Speci\u00e1ln\u011b vyroben\u00e1 nab\u00edjec\u00ed\/vyb\u00edjec\u00ed baterie 1C (100aH), tak\u017ee ji m\u016f\u017eete nab\u00edjet a vyb\u00edjet neuv\u011b\u0159iteln\u011b rychle. Z\u00e1ruka 8000 cykl\u016f 10 let a certifikace UL9540A, nejvy\u0161\u0161\u00ed dosa\u017eiteln\u00e1 a po\u017e\u00e1rn\u011b nejbezpe\u010dn\u011bj\u0161\u00ed kategorie!<\/p>\n<p>V\u017edy s bezplatn\u00fdm Blauhoff Smartlanhubem v\u010detn\u011b aplikace a hardwaru, tak\u017ee m\u016f\u017eete obchodovat dynamicky automaticky a bez p\u0159edplatn\u00e9ho a m\u00edt sv\u00e9ho dodavatele energie pod kontrolou. Denn\u011b m\u016f\u017eete p\u0159ech\u00e1zet k nejv\u00fdhodn\u011bj\u0161\u00edmu dodavateli. Kompatibiln\u00ed tak\u00e9 s dom\u00e1c\u00ed automatizac\u00ed Homeautomation a Homey Pro.<\/p>\n<p>T\u0159\u00edf\u00e1zov\u00fd syst\u00e9m Home BLH-25k\/40 kWh se doporu\u010duje pro dom\u00e1cnosti s pr\u016fm\u011brnou ro\u010dn\u00ed spot\u0159ebou p\u0159ibli\u017en\u011b 14600 kWh. S v\u00fdkonem 25 kW m\u016f\u017eete pokr\u00fdt zna\u010dnou \u010d\u00e1st sv\u00fdch energetick\u00fdch pot\u0159eb pomoc\u00ed vyroben\u00e9 sol\u00e1rn\u00ed energie a energie ulo\u017een\u00e9 v baterii. Tento syst\u00e9m nav\u00edc poskytuje nouzov\u00e9 nap\u00e1jen\u00ed, tak\u017ee d\u016fle\u017eit\u00e1 za\u0159\u00edzen\u00ed mohou fungovat i p\u0159i v\u00fdpadku proudu a va\u0161e ka\u017edodenn\u00ed rutina m\u016f\u017ee pokra\u010dovat bez p\u0159eru\u0161en\u00ed. Syst\u00e9m je tak\u00e9 mo\u017en\u00e9 roz\u0161\u00ed\u0159it a\u017e na 600 kWh.<\/p>\n<p>T\u0159\u00edf\u00e1zov\u00fd syst\u00e9mov\u00fd zdroj Blauhoff Home BLH-25k\/40 kWh je navr\u017een s ohledem na flexibilitu. Je vybaven portem pro gener\u00e1tor\/v\u011btrn\u00fd ml\u00fdn, co\u017e v\u00e1m d\u00e1v\u00e1 mo\u017enost p\u0159idat dal\u0161\u00ed zdroje energie a d\u00e1le zv\u00fd\u0161it va\u0161i energetickou nez\u00e1vislost. D\u00edky minim\u00e1ln\u00edmu p\u0159ipojen\u00ed 3x25 A a vhodnosti pro 3f\u00e1zov\u00e9 konfigurace je tento syst\u00e9m kompatibiln\u00ed s v\u011bt\u0161inou dom\u00e1c\u00edch rozvodn\u00fdch s\u00edt\u00ed.<\/p>\n<p>D\u00edky bezplatn\u00e9 mont\u00e1\u017ei se m\u016f\u017eete spolehnout na profesion\u00e1ln\u00ed instalaci, kter\u00e1 zajist\u00ed, \u017ee v\u00e1\u0161 syst\u00e9m bude optim\u00e1ln\u011b fungovat od prvn\u00edho okam\u017eiku a vy si budete moci u\u017e\u00edvat bezstarostn\u00e9 z\u00e1\u017eitky.<\/p>\n<p>P\u0159ejd\u011bte na \u00fa\u010dinn\u011bj\u0161\u00ed a udr\u017eiteln\u011bj\u0161\u00ed dod\u00e1vky energie s t\u0159\u00edf\u00e1zov\u00fdm syst\u00e9mem Blauhoff Home BLH-25k\/40 kWh. D\u00edky v\u00fdkonn\u00e9mu skladov\u00e1n\u00ed energie, z\u00e1lo\u017en\u00edmu nap\u00e1jen\u00ed a flexibilit\u011b zdroj\u016f energie se m\u016f\u017eete spolehnout na spolehliv\u00e9 dod\u00e1vky energie, dos\u00e1hnout \u00faspory n\u00e1klad\u016f a sn\u00ed\u017eit svou uhl\u00edkovou stopu. Vyberte si syst\u00e9m Blauhoff a p\u0159ipravte sv\u016fj domov na energetick\u00e9 pot\u0159eby budoucnosti.<\/p>\n<p><a href=\"https:\/\/blauhoff.nl\/wp-content\/uploads\/2024\/10\/Blauhoff-Power-Pack-HV-V1.4-1.pdf\" target=\"_blank\" rel=\"noopener\">Blauhoff Power Pack HV V1.4 (1)<\/a><\/p>","protected":false},"excerpt":{"rendered":"<p>Blauhoff Home 25K\/40 kWh VN 3-f\u00e1zov\u00fd syst\u00e9m Cobalt free Powerpack IP65 Outdoor\/Indoor\/Cobalt free 100aH 1C Velmi robustn\u00ed a snadno roz\u0161i\u0159iteln\u00fd 3-f\u00e1zov\u00fd syst\u00e9m Blauhoff Home BLH-25k\/40 kWh, od [...]<\/p>","protected":false},"featured_media":194633,"template":"","meta":{"_seopress_robots_primary_cat":"none","_seopress_titles_title":"","_seopress_titles_desc":"","_seopress_robots_index":"","_kad_blocks_custom_css":"","_kad_blocks_head_custom_js":"","_kad_blocks_body_custom_js":"","_kad_blocks_footer_custom_js":""},"product_cat":[17,19],"product_tag":[],"class_list":{"0":"post-194629","1":"product","2":"type-product","3":"status-publish","4":"has-post-thumbnail","6":"product_cat-home-batteries","7":"product_cat-sets-with-inverters","9":"first","10":"instock","11":"taxable","12":"shipping-taxable","13":"purchasable","14":"product-type-simple"},"taxonomy_info":{"product_cat":[{"value":17,"label":"Home batteries"},{"value":19,"label":"Sets with inverters"}]},"featured_image_src_large":["https:\/\/ownpowr.com\/wp-content\/uploads\/2024\/11\/bh3-25k-40kwh-480x480-1.png",480,480,false],"author_info":[],"comment_info":"","_links":{"self":[{"href":"https:\/\/ownpowr.com\/cs\/wp-json\/wp\/v2\/product\/194629","targetHints":{"allow":["GET"]}}],"collection":[{"href":"https:\/\/ownpowr.com\/cs\/wp-json\/wp\/v2\/product"}],"about":[{"href":"https:\/\/ownpowr.com\/cs\/wp-json\/wp\/v2\/types\/product"}],"wp:featuredmedia":[{"embeddable":true,"href":"https:\/\/ownpowr.com\/cs\/wp-json\/wp\/v2\/media\/194633"}],"wp:attachment":[{"href":"https:\/\/ownpowr.com\/cs\/wp-json\/wp\/v2\/media?parent=194629"}],"wp:term":[{"taxonomy":"product_cat","embeddable":true,"href":"https:\/\/ownpowr.com\/cs\/wp-json\/wp\/v2\/product_cat?post=194629"},{"taxonomy":"product_tag","embeddable":true,"href":"https:\/\/ownpowr.com\/cs\/wp-json\/wp\/v2\/product_tag?post=194629"}],"curies":[{"name":"wp","href":"https:\/\/api.w.org\/{rel}","templated":true}]}}