{"id":197485,"date":"2024-12-13T11:46:01","date_gmt":"2024-12-13T09:46:01","guid":{"rendered":"https:\/\/ownpowr.com\/?post_type=product&#038;p=197485"},"modified":"2025-01-30T09:45:04","modified_gmt":"2025-01-30T07:45:04","slug":"blh-electric-generator-on-trailer-with-various-connections-50k-100kwh-and-solar-panels","status":"publish","type":"product","link":"https:\/\/ownpowr.com\/cs\/product\/blh-elektricky-generator-na-privesu-s-ruznymi-pripojkami-50k-100kwh-a-solarnimi-panely\/","title":{"rendered":"BLH Elektrick\u00fd gener\u00e1tor na p\u0159\u00edv\u011bsu s r\u016fzn\u00fdmi p\u0159\u00edpojkami 50K\/100kWh a sol\u00e1rn\u00edmi panely"},"content":{"rendered":"<p>Elektrick\u00fd gener\u00e1tor nebo hybridn\u00ed gener\u00e1tor na dvojit\u00e9 n\u00e1prav\u011b s mo\u017enost\u00ed roz\u0161\u00ed\u0159en\u00ed o sol\u00e1rn\u00ed panely.<br \/>\nMobiln\u00ed baterie s 10letou z\u00e1rukou a 6000 cykly!<\/p>\n<p>Vstupn\u00ed kapacita 400V\/32A\/63A<br \/>\nDoba nab\u00edjen\u00ed 2-5 hodin<br \/>\nV\u00fdstup 230V\/16A<br \/>\nV\u00fdstup 400V\/32A<br \/>\nV\u00fdstup 400V\/63A<\/p>\n<p>Mobile ess pro ka\u017ed\u00e9 flexibiln\u00ed pou\u017eit\u00ed, pracuje s dynamick\u00fdmi sazbami a m\u016f\u017ee p\u0159\u00edmo p\u0159ipojit sol\u00e1rn\u00ed panely.<br \/>\nVhodn\u00e9 pro stavebnictv\u00ed, nouzov\u00e9 nap\u00e1jen\u00ed p\u0159i ud\u00e1lostech apod.<\/p>\n<div dir=\"ltr\"><a href=\"https:\/\/blauhoff.nl\/wp-content\/uploads\/2024\/02\/Blauhoff-Elektrische-Generator-Datasheet.pdf\">Datov\u00fd list<\/a><\/div>","protected":false},"excerpt":{"rendered":"<p>Elektrick\u00fd gener\u00e1tor nebo hybridn\u00ed gener\u00e1tor na dvojit\u00e9 n\u00e1prav\u011b s mo\u017enost\u00ed roz\u0161\u00ed\u0159en\u00ed o sol\u00e1rn\u00ed panely. Mobiln\u00ed baterie s bateriemi LFP se z\u00e1rukou 10 let a 6000 cykly! Vstupn\u00ed kapacita 400V\/32A\/63A Doba nab\u00edjen\u00ed 2-5 hodin [...]<\/p>","protected":false},"featured_media":197490,"template":"","meta":{"_seopress_robots_primary_cat":"none","_seopress_titles_title":"","_seopress_titles_desc":"","_seopress_robots_index":"","_kad_blocks_custom_css":"","_kad_blocks_head_custom_js":"","_kad_blocks_body_custom_js":"","_kad_blocks_footer_custom_js":""},"product_cat":[17],"product_tag":[],"class_list":{"0":"post-197485","1":"product","2":"type-product","3":"status-publish","4":"has-post-thumbnail","6":"product_cat-home-batteries","8":"first","9":"instock","10":"taxable","11":"shipping-taxable","12":"purchasable","13":"product-type-simple"},"taxonomy_info":{"product_cat":[{"value":17,"label":"Home batteries"}]},"featured_image_src_large":["https:\/\/ownpowr.com\/wp-content\/uploads\/2024\/12\/electrische-generator-300x300-1.jpg",300,300,false],"author_info":[],"comment_info":"","_links":{"self":[{"href":"https:\/\/ownpowr.com\/cs\/wp-json\/wp\/v2\/product\/197485","targetHints":{"allow":["GET"]}}],"collection":[{"href":"https:\/\/ownpowr.com\/cs\/wp-json\/wp\/v2\/product"}],"about":[{"href":"https:\/\/ownpowr.com\/cs\/wp-json\/wp\/v2\/types\/product"}],"wp:featuredmedia":[{"embeddable":true,"href":"https:\/\/ownpowr.com\/cs\/wp-json\/wp\/v2\/media\/197490"}],"wp:attachment":[{"href":"https:\/\/ownpowr.com\/cs\/wp-json\/wp\/v2\/media?parent=197485"}],"wp:term":[{"taxonomy":"product_cat","embeddable":true,"href":"https:\/\/ownpowr.com\/cs\/wp-json\/wp\/v2\/product_cat?post=197485"},{"taxonomy":"product_tag","embeddable":true,"href":"https:\/\/ownpowr.com\/cs\/wp-json\/wp\/v2\/product_tag?post=197485"}],"curies":[{"name":"wp","href":"https:\/\/api.w.org\/{rel}","templated":true}]}}