{"id":207770,"date":"2025-02-14T12:09:30","date_gmt":"2025-02-14T10:09:30","guid":{"rendered":"https:\/\/ownpowr.com\/?post_type=product&#038;p=207770"},"modified":"2025-02-14T12:10:25","modified_gmt":"2025-02-14T10:10:25","slug":"blauhoff-home-3-6k-10kwh-1-phase-system","status":"publish","type":"product","link":"https:\/\/ownpowr.com\/cs\/product\/blauhoff-home-3-6k-10kwh-1-fazovy-system\/","title":{"rendered":"Blauhoff Home 3,6K\/10kWh 1f\u00e1zov\u00fd syst\u00e9m"},"content":{"rendered":"<p>Blauhoff Home 3,6K\/10kWh 1f\u00e1zov\u00fd syst\u00e9m<\/p>\n<p>Blauhoff Home 3,6K\/10kWh 1-f\u00e1zov\u00fd syst\u00e9m je revolu\u010dn\u00ed syst\u00e9m pro ukl\u00e1d\u00e1n\u00ed energie navr\u017een\u00fd pro pot\u0159eby modern\u00edch dom\u00e1cnost\u00ed. D\u00edky pokro\u010dil\u00fdm technologi\u00edm a p\u016fsobiv\u00e9 kapacit\u011b nab\u00edz\u00ed tento syst\u00e9m spolehliv\u00e9 a efektivn\u00ed \u0159e\u0161en\u00ed pro \u0159\u00edzen\u00ed spot\u0159eby energie.<\/p>\n<p>Tento syst\u00e9m je doporu\u010den pro pr\u016fm\u011brnou ro\u010dn\u00ed spot\u0159ebu 3650 kWh, tak\u017ee je ide\u00e1ln\u00ed pro v\u011bt\u0161inu dom\u00e1cnost\u00ed. A\u0165 u\u017e chcete nap\u00e1jet sv\u00e9 elektrick\u00e9 spot\u0159ebi\u010de, nap\u00e1jet dom\u00e1cnost pomoc\u00ed sol\u00e1rn\u00ed energie nebo optimalizovat spot\u0159ebu energie, syst\u00e9m Blauhoff Home je navr\u017een tak, aby vyhovoval va\u0161im pot\u0159eb\u00e1m.<\/p>\n<p>Tento syst\u00e9m s velkorysou kapacitou 10 kWh poskytuje dostate\u010dn\u00e9 \u00falo\u017ei\u0161t\u011b pro p\u0159ebyte\u010dnou energii vyrobenou sol\u00e1rn\u00edmi panely nebo jin\u00fdmi obnoviteln\u00fdmi zdroji. To znamen\u00e1, \u017ee energii m\u016f\u017eete skladovat a vyu\u017e\u00edvat, kdykoli ji pot\u0159ebujete, a to i v dob\u011b \u0161pi\u010dky nebo v dob\u011b, kdy nen\u00ed k dispozici extern\u00ed zdroj energie. Syst\u00e9m je nav\u00edc vybaven funkc\u00ed nouzov\u00e9ho nap\u00e1jen\u00ed, tak\u017ee budete m\u00edt energii v\u017edy k dispozici, a to i p\u0159i v\u00fdpadc\u00edch proudu.<\/p>\n<p>Jednou z pozoruhodn\u00fdch vlastnost\u00ed syst\u00e9mu Blauhoff Home je jeho kompatibilita s gener\u00e1tory a porty v\u011btrn\u00fdch turb\u00edn. To umo\u017e\u0148uje integrovat r\u016fzn\u00e9 zdroje obnoviteln\u00e9 energie a d\u00e1le sni\u017eovat uhl\u00edkovou stopu. M\u016f\u017eete tak vyu\u017e\u00edvat v\u00fdhod v\u00fdroby zelen\u00e9 energie a zv\u00fd\u0161it udr\u017eitelnost sv\u00e9 spot\u0159eby elekt\u0159iny.<\/p>\n<p>S v\u00fdkonem 3,6 kW poskytuje syst\u00e9m Blauhoff Home dostatek energie pro va\u0161e ka\u017edodenn\u00ed pot\u0159eby. A\u0165 u\u017e chcete p\u0159ipojit sv\u011btla, chladni\u010dku, klimatizaci nebo jin\u00e9 elektrick\u00e9 spot\u0159ebi\u010de, tento syst\u00e9m poskytuje spolehliv\u00fd v\u00fdkon a zaji\u0161\u0165uje, \u017ee nikdy nebudete bez energie.<\/p>\n<p>Instalace Blauhoff Home 3,6K\/10 kWh 1-f\u00e1zov\u00e9ho syst\u00e9mu je snadn\u00e1 a vy\u017eaduje pouze minim\u00e1ln\u00ed p\u0159ipojen\u00ed 1x25A. Syst\u00e9m je nav\u00edc dod\u00e1v\u00e1n s bezplatnou instalac\u00ed, tak\u017ee m\u016f\u017eete za\u010d\u00edt vyu\u017e\u00edvat v\u00fdhod sv\u00e9ho nov\u00e9ho energetick\u00e9ho \u0159e\u0161en\u00ed ihned.<\/p>\n<p>Vyberte si Blauhoff Home 3,6K\/10 kWh 1-f\u00e1zov\u00fd syst\u00e9m a objevte pokro\u010dil\u00fd a spolehliv\u00fd zp\u016fsob \u0159\u00edzen\u00ed spot\u0159eby energie. U\u017e\u00edvejte si svobodu vyr\u00e1b\u011bt, skladovat a vyu\u017e\u00edvat vlastn\u00ed energii a z\u00e1rove\u0148 \u0161et\u0159ete sv\u00e9 n\u00e1klady na energii a p\u0159isp\u00edvejte k udr\u017eiteln\u011bj\u0161\u00ed budoucnosti. Se syst\u00e9mem Blauhoff Home m\u00e1te svou energii pod kontrolou.<\/p>","protected":false},"excerpt":{"rendered":"<p>Blauhoff Home 3,6K\/10kWh 1-f\u00e1zov\u00fd syst\u00e9m Blauhoff Home 3,6K\/10kWh 1-f\u00e1zov\u00fd syst\u00e9m je revolu\u010dn\u00ed syst\u00e9m pro ukl\u00e1d\u00e1n\u00ed energie navr\u017een\u00fd pro pot\u0159eby modern\u00edch dom\u00e1cnost\u00ed. D\u00edky vysp\u011bl\u00fdm technologi\u00edm je tento syst\u00e9m [...]<\/p>","protected":false},"featured_media":207773,"template":"","meta":{"_seopress_robots_primary_cat":"none","_seopress_titles_title":"","_seopress_titles_desc":"","_seopress_robots_index":"","_kad_blocks_custom_css":"","_kad_blocks_head_custom_js":"","_kad_blocks_body_custom_js":"","_kad_blocks_footer_custom_js":""},"product_cat":[17,19],"product_tag":[],"class_list":{"0":"post-207770","1":"product","2":"type-product","3":"status-publish","4":"has-post-thumbnail","6":"product_cat-home-batteries","7":"product_cat-sets-with-inverters","9":"first","10":"instock","11":"taxable","12":"shipping-taxable","13":"purchasable","14":"product-type-simple"},"taxonomy_info":{"product_cat":[{"value":17,"label":"Home batteries"},{"value":19,"label":"Sets with inverters"}]},"featured_image_src_large":["https:\/\/ownpowr.com\/wp-content\/uploads\/2025\/02\/blh_1_phase_36_10.jpg",600,600,false],"author_info":[],"comment_info":"","_links":{"self":[{"href":"https:\/\/ownpowr.com\/cs\/wp-json\/wp\/v2\/product\/207770","targetHints":{"allow":["GET"]}}],"collection":[{"href":"https:\/\/ownpowr.com\/cs\/wp-json\/wp\/v2\/product"}],"about":[{"href":"https:\/\/ownpowr.com\/cs\/wp-json\/wp\/v2\/types\/product"}],"wp:featuredmedia":[{"embeddable":true,"href":"https:\/\/ownpowr.com\/cs\/wp-json\/wp\/v2\/media\/207773"}],"wp:attachment":[{"href":"https:\/\/ownpowr.com\/cs\/wp-json\/wp\/v2\/media?parent=207770"}],"wp:term":[{"taxonomy":"product_cat","embeddable":true,"href":"https:\/\/ownpowr.com\/cs\/wp-json\/wp\/v2\/product_cat?post=207770"},{"taxonomy":"product_tag","embeddable":true,"href":"https:\/\/ownpowr.com\/cs\/wp-json\/wp\/v2\/product_tag?post=207770"}],"curies":[{"name":"wp","href":"https:\/\/api.w.org\/{rel}","templated":true}]}}