{"id":207863,"date":"2025-02-14T16:12:44","date_gmt":"2025-02-14T14:12:44","guid":{"rendered":"https:\/\/ownpowr.com\/?post_type=product&#038;p=207863"},"modified":"2025-02-14T16:12:45","modified_gmt":"2025-02-14T14:12:45","slug":"blauhoff-home-10k-20kwh-3-phase-system-hv-lv","status":"publish","type":"product","link":"https:\/\/ownpowr.com\/cs\/product\/blauhoff-home-10k-20kwh-3fazovy-system-hv-lv\/","title":{"rendered":"Blauhoff Home 10K\/20kWh 3f\u00e1zov\u00fd syst\u00e9m VN\/NN"},"content":{"rendered":"<p>Blauhoff Home 10K\/20kWh f\u00e1zov\u00fd syst\u00e9m<\/p>\n<p>F\u00e1zov\u00fd syst\u00e9m Blauhoff Home 10K\/20kWh od renomovan\u00e9 zna\u010dky Blauhoff nab\u00edz\u00ed v\u00fdkonn\u00e9 a spolehliv\u00e9 \u0159e\u0161en\u00ed pro skladov\u00e1n\u00ed energie v dom\u00e1cnostech se zna\u010dnou spot\u0159ebou. S t\u00edmto pokro\u010dil\u00fdm syst\u00e9mem m\u016f\u017eete optimalizovat sv\u00e9 hospoda\u0159en\u00ed s energi\u00ed, sn\u00ed\u017eit z\u00e1vislost na rozvodn\u00e9 s\u00edti a vyu\u017e\u00edt nouzov\u00e9 nap\u00e1jen\u00ed v p\u0159\u00edpad\u011b v\u00fdpadku proudu. Tento syst\u00e9m je nav\u00edc dod\u00e1v\u00e1n s bezplatnou instalac\u00ed, tak\u017ee instalace je snadn\u00e1 a bezprobl\u00e9mov\u00e1.<\/p>\n<p>M\u011bni\u010d m\u00e1 d\u00e9lku 699,3 mm a v\u00e1\u017e\u00ed 33,6 kg. D\u00edky p\u0159\u00eddavn\u00e9mu kabelu o d\u00e9lce 300 mm mezi st\u0159\u00edda\u010dem a bateri\u00ed m\u016f\u017eete ur\u010dit optim\u00e1ln\u00ed um\u00edst\u011bn\u00ed syst\u00e9mu, kter\u00e9 zajist\u00ed efektivn\u00ed p\u0159enos energie a minim\u00e1ln\u00ed energetick\u00e9 ztr\u00e1ty.<\/p>\n<p>Akumul\u00e1torov\u00fd syst\u00e9m Blauhoff je odoln\u00fd a robustn\u00ed, jeho rozm\u011bry jsou 586 mm x 387 mm x 1300 mm a hmotnost 180 kg. Baterie m\u00e1 impozantn\u00ed kapacitu 20 kWh, co\u017e v\u00e1m umo\u017en\u00ed uchov\u00e1vat p\u0159ebyte\u010dnou energii vyrobenou sol\u00e1rn\u00edmi panely nebo jin\u00fdmi zdroji energie. Kdy\u017e se energie nevyr\u00e1b\u00ed, m\u016f\u017eete ji z ulo\u017een\u00fdch z\u00e1sob pokr\u00fdt svou spot\u0159ebu, \u010d\u00edm\u017e se stanete m\u00e9n\u011b z\u00e1visl\u00fdmi na elektrick\u00e9 s\u00edti a d\u00e1le sn\u00ed\u017e\u00edte sv\u00e9 n\u00e1klady na energii.<\/p>\n<p>F\u00e1zov\u00fd syst\u00e9m Blauhoff Home 10K\/20kWh se doporu\u010duje pro dom\u00e1cnosti s pr\u016fm\u011brnou ro\u010dn\u00ed spot\u0159ebou p\u0159ibli\u017en\u011b 7300 kWh. D\u00edky v\u00fdkonu 10 kW m\u016f\u017eete pokr\u00fdt velkou \u010d\u00e1st sv\u00fdch energetick\u00fdch pot\u0159eb pomoc\u00ed vyroben\u00e9 sol\u00e1rn\u00ed energie a energie ulo\u017een\u00e9 v baterii. Tento syst\u00e9m nav\u00edc poskytuje nouzov\u00e9 nap\u00e1jen\u00ed, tak\u017ee d\u016fle\u017eit\u00e1 za\u0159\u00edzen\u00ed mohou fungovat i p\u0159i v\u00fdpadku proudu a va\u0161e ka\u017edodenn\u00ed rutina m\u016f\u017ee pokra\u010dovat bez p\u0159eru\u0161en\u00ed.<\/p>\n<p>F\u00e1zov\u00fd syst\u00e9m Blauhoff Home 10K\/20kWh je navr\u017een s ohledem na flexibilitu. Je vybaven portem pro gener\u00e1tor\/v\u011btrnou turb\u00ednu, co\u017e v\u00e1m d\u00e1v\u00e1 mo\u017enost p\u0159idat dal\u0161\u00ed zdroje energie a d\u00e1le zv\u00fd\u0161it va\u0161i energetickou nez\u00e1vislost. D\u00edky minim\u00e1ln\u00edmu p\u0159ipojen\u00ed 3x25A a vhodn\u00e9mu pro f\u00e1zov\u00e9 konfigurace je tento syst\u00e9m kompatibiln\u00ed s v\u011bt\u0161inou dom\u00e1c\u00edch elektrick\u00fdch s\u00edt\u00ed.<\/p>\n<p>D\u00edky bezplatn\u00e9 instalaci se m\u016f\u017eete spolehnout na profesion\u00e1ln\u00ed instalaci, kter\u00e1 zajist\u00ed, \u017ee v\u00e1\u0161 syst\u00e9m bude optim\u00e1ln\u011b fungovat od prvn\u00edho okam\u017eiku a vy si budete moci u\u017e\u00edvat bezstarostn\u00e9 pou\u017e\u00edv\u00e1n\u00ed.<\/p>\n<p>P\u0159ejd\u011bte na \u00fa\u010dinn\u011bj\u0161\u00ed a udr\u017eiteln\u011bj\u0161\u00ed dod\u00e1vky energie s f\u00e1zov\u00fdm syst\u00e9mem Blauhoff Home 10K\/20kWh. D\u00edky v\u00fdkonn\u00e9mu ukl\u00e1d\u00e1n\u00ed energie, nouzov\u00e9mu nap\u00e1jen\u00ed a flexibilit\u011b zdroj\u016f energie se m\u016f\u017eete spolehnout na spolehliv\u00e9 dod\u00e1vky energie, realizovat \u00faspory n\u00e1klad\u016f a sn\u00ed\u017eit svou uhl\u00edkovou stopu. Vyberte si syst\u00e9m Blauhoff a p\u0159ipravte sv\u016fj domov na energetick\u00e9 pot\u0159eby budoucnosti.<\/p>\n<p><strong>Cena se li\u0161\u00ed mezi HV a LV!<\/strong><\/p>","protected":false},"excerpt":{"rendered":"<p>F\u00e1zov\u00fd syst\u00e9m Blauhoff Home 10K\/20kWh F\u00e1zov\u00fd syst\u00e9m Blauhoff Home 10K\/20kWh od renomovan\u00e9 zna\u010dky Blauhoff nab\u00edz\u00ed v\u00fdkonn\u00e9 a spolehliv\u00e9 \u0159e\u0161en\u00ed pro skladov\u00e1n\u00ed energie v dom\u00e1cnostech se zna\u010dnou spot\u0159ebou. [...]<\/p>","protected":false},"featured_media":207866,"template":"","meta":{"_seopress_robots_primary_cat":"","_seopress_titles_title":"","_seopress_titles_desc":"","_seopress_robots_index":"","_kad_blocks_custom_css":"","_kad_blocks_head_custom_js":"","_kad_blocks_body_custom_js":"","_kad_blocks_footer_custom_js":""},"product_cat":[17,19],"product_tag":[],"class_list":{"0":"post-207863","1":"product","2":"type-product","3":"status-publish","4":"has-post-thumbnail","6":"product_cat-home-batteries","7":"product_cat-sets-with-inverters","9":"first","10":"instock","11":"taxable","12":"shipping-taxable","13":"purchasable","14":"product-type-simple"},"taxonomy_info":{"product_cat":[{"value":17,"label":"Home batteries"},{"value":19,"label":"Sets with inverters"}]},"featured_image_src_large":["https:\/\/ownpowr.com\/wp-content\/uploads\/2025\/02\/blh_5100_10k_20kwh-600x600-1.jpg",600,600,false],"author_info":[],"comment_info":"","_links":{"self":[{"href":"https:\/\/ownpowr.com\/cs\/wp-json\/wp\/v2\/product\/207863","targetHints":{"allow":["GET"]}}],"collection":[{"href":"https:\/\/ownpowr.com\/cs\/wp-json\/wp\/v2\/product"}],"about":[{"href":"https:\/\/ownpowr.com\/cs\/wp-json\/wp\/v2\/types\/product"}],"wp:featuredmedia":[{"embeddable":true,"href":"https:\/\/ownpowr.com\/cs\/wp-json\/wp\/v2\/media\/207866"}],"wp:attachment":[{"href":"https:\/\/ownpowr.com\/cs\/wp-json\/wp\/v2\/media?parent=207863"}],"wp:term":[{"taxonomy":"product_cat","embeddable":true,"href":"https:\/\/ownpowr.com\/cs\/wp-json\/wp\/v2\/product_cat?post=207863"},{"taxonomy":"product_tag","embeddable":true,"href":"https:\/\/ownpowr.com\/cs\/wp-json\/wp\/v2\/product_tag?post=207863"}],"curies":[{"name":"wp","href":"https:\/\/api.w.org\/{rel}","templated":true}]}}