{"id":208743,"date":"2025-02-20T09:41:35","date_gmt":"2025-02-20T07:41:35","guid":{"rendered":"https:\/\/ownpowr.com\/?post_type=product&#038;p=208743"},"modified":"2025-08-25T14:41:27","modified_gmt":"2025-08-25T12:41:27","slug":"new-blauhoff-maxus-all-in-one-125k-289-kwh-energy-storage-cabinet-liquid-cooled","status":"publish","type":"product","link":"https:\/\/ownpowr.com\/cs\/product\/novy-blauhoff-maxus-all-in-one-125k-289-kwh-skrin-pro-ukladani-energie-chlazena-kapalinou\/","title":{"rendered":"Novinka! Blauhoff Maxus V\u0161e v jednom 125K\/289 kWh Sk\u0159\u00ed\u0148 pro ukl\u00e1d\u00e1n\u00ed energie Chlazeno kapalinou"},"content":{"rendered":"<p>Nov\u00fd Blauhoff Maxus 125K\/289kWh All In One sk\u0159\u00ed\u0148 pro ukl\u00e1d\u00e1n\u00ed energie 10 let z\u00e1ruka 8000 cykl\u016f<\/p>\n<p>V\u0161echny bateriov\u00e9 syst\u00e9my Blauhoff maj\u00ed 10letou z\u00e1ruku na \u010dl\u00e1nky a 5letou z\u00e1ruku na m\u011bni\u010d bez jak\u00fdchkoli dal\u0161\u00edch plateb!<\/p>\n<p>U v\u011bt\u0161iny ostatn\u00edch zna\u010dek tomu tak nen\u00ed a z\u00e1ruka je omezena pouze na 3-5 let!<\/p>\n<p>Prismatick\u00e9 \u010dl\u00e1nky pro nejvy\u0161\u0161\u00ed kvalitu a nejdel\u0161\u00ed \u017eivotnost, 8000 cykl\u016f a 10 let z\u00e1ruky na \u010dl\u00e1nky bez dal\u0161\u00edch n\u00e1klad\u016f a 5 let na celek.<\/p>\n<p>\u0158ada BLH-125K\/258KwH-Maxus, kapalinou chlazen\u00fd univerz\u00e1ln\u00ed komer\u010dn\u00ed a pr\u016fmyslov\u00fd ESS, je.<br \/>\nintegrovan\u00e9 s m\u011bni\u010dem pro ukl\u00e1d\u00e1n\u00ed energie, bateri\u00ed, BMS, EMS, tepeln\u00fdm managementem,<br \/>\nrozvod energie, po\u017e\u00e1rn\u00ed ochrana atd. Konstrukce \"v\u0161e v jednom\" se snadno instaluje a<br \/>\nO&amp;M. Bezpe\u010dnostn\u00ed konstrukce syst\u00e9mu zaji\u0161\u0165uje lep\u0161\u00ed v\u00fdkonnost baterie.<br \/>\na del\u0161\u00ed \u017eivotnost. V\u00edce sad sk\u0159\u00edn\u00ed lze p\u0159\u00edmo paraleln\u011b propojit a\u017e na 30 kus\u016f a realizovat tak.<br \/>\nroz\u0161\u00ed\u0159en\u00ed syst\u00e9mu skladov\u00e1n\u00ed energie.<\/p>\n<p>\u00dasporn\u00e9:<\/p>\n<p>Vysoce integrovan\u00fd ESS pro snadn\u00e9<br \/>\ndoprava a provoz a \u00fadr\u017eba. Na str\u00e1nk\u00e1ch<br \/>\nintegrovan\u00fd design zaji\u0161\u0165uje, \u017ee str\u00e1nky mohou b\u00fdt<br \/>\nrychle nastavit a pou\u017e\u00edvat.<\/p>\n<p>Funkce z\u00e1lohov\u00e1n\u00ed<\/p>\n<p>Funkce Peakshave<\/p>\n<p>Funkce PV<\/p>\n<p>Kapalinov\u00e9 chlazen\u00ed:<\/p>\n<p>Odchylka teploty<br \/>\nbateriov\u00fdch \u010dl\u00e1nk\u016f v cel\u00e9m<br \/>\nse pohybuje v rozmez\u00ed 3 \u00b0C, a to d\u00edky<br \/>\ninteligentn\u00ed syst\u00e9m kapalinov\u00e9ho chlazen\u00ed.<br \/>\nM\u016f\u017ee roz\u0161\u00ed\u0159it<br \/>\n\u017eivotnost bateriov\u00fdch \u010dl\u00e1nk\u016f a\u017e o 20%.<\/p>\n<p>Bezpe\u010dn\u00e9:<\/p>\n<p>Syst\u00e9m m\u00e1 \u010dty\u0159i \u00farovn\u011b<br \/>\nstruktura \u0159\u00edzen\u00ed, kter\u00e1 m\u016f\u017ee<br \/>\np\u0159esn\u00e9 \u0159\u00edzen\u00ed ochrany proti zkratu, nadproudov\u00e9 ochrany, p\u0159ep\u011b\u0165ov\u00e9 ochrany, podp\u011b\u0165ov\u00e9 ochrany, ochrany proti p\u0159eh\u0159\u00e1t\u00ed.<br \/>\nochrana atd.<\/p>\n<p>VDE4100<\/p>\n<p>IEC62619<\/p>\n<p>IEC61000<\/p>\n<p>UL9540A<\/p>\n<p>EN50549<\/p>\n<p><a href=\"https:\/\/blauhoff.nl\/wp-content\/uploads\/2025\/02\/NL-BLH-Maxus-125kW289kWh-Flyer-18-1-2025.pdf.pdf\" target=\"_blank\" rel=\"noopener\">NL BLH Maxus 125kW289kWh Let\u00e1k 18-1-2025.pdf<\/a><\/p>\n<p><iframe title=\"Blauhoff ESS V\u0161e v jednom\" width=\"1140\" height=\"641\" src=\"https:\/\/www.youtube.com\/embed\/4ygzOwu-j7I?feature=oembed\" frameborder=\"0\" allow=\"accelerometer; autoplay; clipboard-write; encrypted-media; gyroscope; picture-in-picture; web-share\" referrerpolicy=\"strict-origin-when-cross-origin\" allowfullscreen><\/iframe><\/p>\n<p>&nbsp;<\/p>\n<p>&nbsp;<\/p>","protected":false},"excerpt":{"rendered":"<p>Novinka Blauhoff Maxus 125K\/289kWh All In One Energy Storage Cabinet 10let\u00e1 z\u00e1ruka 8000 cykl\u016f V\u0161echny bateriov\u00e9 syst\u00e9my Blauhoff maj\u00ed 10letou z\u00e1ruku na \u010dl\u00e1nky a 5letou z\u00e1ruku [...]<\/p>","protected":false},"featured_media":185452,"template":"","meta":{"_seopress_robots_primary_cat":"none","_seopress_titles_title":"","_seopress_titles_desc":"","_seopress_robots_index":"","_kad_blocks_custom_css":"","_kad_blocks_head_custom_js":"","_kad_blocks_body_custom_js":"","_kad_blocks_footer_custom_js":""},"product_cat":[17,19],"product_tag":[],"class_list":{"0":"post-208743","1":"product","2":"type-product","3":"status-publish","4":"has-post-thumbnail","6":"product_cat-home-batteries","7":"product_cat-sets-with-inverters","9":"first","10":"instock","11":"taxable","12":"shipping-taxable","13":"purchasable","14":"product-type-simple"},"taxonomy_info":{"product_cat":[{"value":17,"label":"Home batteries"},{"value":19,"label":"Sets with inverters"}]},"featured_image_src_large":["https:\/\/ownpowr.com\/wp-content\/uploads\/2024\/10\/maxus-.png",300,300,false],"author_info":[],"comment_info":"","_links":{"self":[{"href":"https:\/\/ownpowr.com\/cs\/wp-json\/wp\/v2\/product\/208743","targetHints":{"allow":["GET"]}}],"collection":[{"href":"https:\/\/ownpowr.com\/cs\/wp-json\/wp\/v2\/product"}],"about":[{"href":"https:\/\/ownpowr.com\/cs\/wp-json\/wp\/v2\/types\/product"}],"wp:featuredmedia":[{"embeddable":true,"href":"https:\/\/ownpowr.com\/cs\/wp-json\/wp\/v2\/media\/185452"}],"wp:attachment":[{"href":"https:\/\/ownpowr.com\/cs\/wp-json\/wp\/v2\/media?parent=208743"}],"wp:term":[{"taxonomy":"product_cat","embeddable":true,"href":"https:\/\/ownpowr.com\/cs\/wp-json\/wp\/v2\/product_cat?post=208743"},{"taxonomy":"product_tag","embeddable":true,"href":"https:\/\/ownpowr.com\/cs\/wp-json\/wp\/v2\/product_tag?post=208743"}],"curies":[{"name":"wp","href":"https:\/\/api.w.org\/{rel}","templated":true}]}}