{"id":221355,"date":"2025-04-17T14:50:19","date_gmt":"2025-04-17T12:50:19","guid":{"rendered":"https:\/\/ownpowr.com\/?post_type=product&#038;p=221355"},"modified":"2025-04-17T14:52:56","modified_gmt":"2025-04-17T12:52:56","slug":"afore-15k-hybrid-three-phase-inverter","status":"publish","type":"product","link":"https:\/\/ownpowr.com\/cs\/product\/afore-15k-hybridni-trifazovy-stridac\/","title":{"rendered":"Afore 15K Hybridn\u00ed t\u0159\u00edf\u00e1zov\u00fd m\u011bni\u010d"},"content":{"rendered":"<p>Hybridn\u00ed m\u011bni\u010d AF15K-THP, 2 MPPT, t\u0159\u00edf\u00e1zov\u00fd, jmenovit\u00fd v\u00fdstupn\u00ed v\u00fdkon 15 kW<br \/>\nAfore AF15K-THP je t\u0159\u00edf\u00e1zov\u00fd hybridn\u00ed st\u0159\u00edda\u010d s v\u00fdkonem 15 kW. S vysokonap\u011b\u0165ovou bateri\u00ed jej lze pou\u017e\u00edt jako samostatn\u00fd syst\u00e9m \/ off-grid nebo jako bezproudov\u00fd syst\u00e9m. Je vybaven dv\u011bma sledova\u010di MPPT a mo\u017enost\u00ed p\u0159ipojen\u00ed dvou \u0159et\u011bzc\u016f fotovoltaick\u00fdch modul\u016f. K dispozici je tak\u00e9 n\u011bkolik nap\u011b\u0165ov\u00fdch stup\u0148\u016f MPPT.<\/p>\n<p>Nejd\u016fle\u017eit\u011bj\u0161\u00ed informace<br \/>\nModern\u00ed design<br \/>\nSledov\u00e1n\u00ed b\u011bhem monitorov\u00e1n\u00ed Wi-Fi<br \/>\nVy\u0161\u0161\u00ed \u00fa\u010dinnost 97,5%<br \/>\nNen\u00ed k dispozici<br \/>\n2 MPPT s jedn\u00edm \u0159et\u011bzcem<br \/>\nSnadn\u00e1 a rychl\u00e1 instalace<br \/>\nKompaktn\u00ed velikost (370 x 598,5 x 1,92 mm)<br \/>\nKompatibiln\u00ed s opravami bateri\u00ed<br \/>\nVhodn\u00e9 pro typy bateri\u00ed: lithium-iontov\u00e9<\/p>\n<p>Specifikace<br \/>\nPopis polo\u017eky: AF15K-THP hybridn\u00ed st\u0159\u00edda\u010d, 2 MPPT, t\u0159\u00edf\u00e1zov\u00fd, jmenovit\u00fd v\u00fdstupn\u00ed v\u00fdkon 15 kW.<\/p>\n<p>\u00dadaje o v\u00fdstupu AC<br \/>\nJmenovit\u00fd v\u00fdkon: 15 kW<br \/>\nMaxim\u00e1ln\u00ed zd\u00e1nliv\u00fd v\u00fdstupn\u00ed v\u00fdkon: 16,5 kVA<br \/>\nSt\u0159\u00eddav\u00e9 nap\u011bt\u00ed: 3P\/N\/PE 400 V<br \/>\nFrekvence st\u0159\u00eddav\u00e9ho proudu: 50 Hz \/ 60 Hz<br \/>\nSt\u0159\u00eddav\u00fd proud: 21,8 A<br \/>\nMax. St\u0159\u00eddav\u00fd proud: 27 A<\/p>\n<p>Vstupn\u00ed data \u0159et\u011bzce PV<br \/>\nMax. Stejnosm\u011brn\u00fd p\u0159\u00edkon: 22,5 kW<br \/>\nMax. Stejnosm\u011brn\u00e9 vstupn\u00ed nap\u011bt\u00ed: 1000 V<br \/>\nMax. Stejnosm\u011brn\u00fd vstupn\u00ed proud: 2 x 18,5 A<br \/>\nRozb\u011bhov\u00e9 nap\u011bt\u00ed: 160 V<br \/>\nRozsah nap\u011bt\u00ed MPPT: 500-850 V<br \/>\nMaxim\u00e1ln\u00ed kr\u00e1tkodob\u00fd v\u00fdkon: 2 x 25 A<br \/>\nPo\u010det sledova\u010d\u016f MPPT\/po\u010det \u0159et\u011bzc\u016f: 2\/2<\/p>\n<p>Vstupn\u00ed \u00fadaje baterie<br \/>\nTyp baterie: Lithium-iontov\u00e1 \/ Olov\u011bn\u00e1 \/ Chlorid sodn\u00fd<br \/>\nJmenovit\u00e9 nap\u011bt\u00ed: 500 V<br \/>\nRozsah nap\u011bt\u00ed: 80-600 V<br \/>\nMaxim\u00e1ln\u00ed nab\u00edjec\u00ed proud: 30 A<br \/>\nMaxim\u00e1ln\u00ed vyb\u00edjec\u00ed proud: 30 A<\/p>\n<p>Obecn\u00e9<br \/>\nMaxim\u00e1ln\u00ed \u00fa\u010dinnost: 98,3%<br \/>\nM\u00edra \u00fa\u010dinnosti EU: 97,5%<br \/>\nKomunikace: Komunikace: displej, LED, RS485, CAN, Wi-Fi, GPRS, 4G<br \/>\nT\u0159\u00edda ochrany: IP66<br \/>\nChlazen\u00ed: Inteligentn\u00ed ventil\u00e1tor<br \/>\nTopologie: Bez transform\u00e1toru<br \/>\nRozm\u011bry (\u0161 x v x h): 370 x 598,5 x 192 mm<br \/>\nHmotnost: 22 kg<\/p>\n<p>Skl\u00e1d\u00e1 se z:<br \/>\n1 x hybridn\u00ed m\u011bni\u010d Afore AF15K-THP<br \/>\n1 x sada p\u0159\u00edslu\u0161enstv\u00ed<\/p>","protected":false},"excerpt":{"rendered":"<p>Hybridn\u00ed st\u0159\u00edda\u010d AF15K-THP, 2 MPPT, t\u0159\u00edf\u00e1zov\u00fd, jmenovit\u00fd v\u00fdstupn\u00ed v\u00fdkon 15 kW Afore AF15K-THP je t\u0159\u00edf\u00e1zov\u00fd hybridn\u00ed st\u0159\u00edda\u010d s v\u00fdkonem 15 kW. S vysokonap\u011b\u0165ovou bateri\u00ed, [...]<\/p>","protected":false},"featured_media":221359,"template":"","meta":{"_seopress_robots_primary_cat":"none","_seopress_titles_title":"","_seopress_titles_desc":"","_seopress_robots_index":"","_kad_blocks_custom_css":"","_kad_blocks_head_custom_js":"","_kad_blocks_body_custom_js":"","_kad_blocks_footer_custom_js":""},"product_cat":[18],"product_tag":[],"class_list":{"0":"post-221355","1":"product","2":"type-product","3":"status-publish","4":"has-post-thumbnail","6":"product_cat-hybrid-inverters","8":"first","9":"instock","10":"taxable","11":"shipping-taxable","12":"purchasable","13":"product-type-simple"},"taxonomy_info":{"product_cat":[{"value":18,"label":"Hybrid inverters"}]},"featured_image_src_large":["https:\/\/ownpowr.com\/wp-content\/uploads\/2025\/04\/afore-hybrid-three-phase-inverter.png",640,640,false],"author_info":[],"comment_info":"","_links":{"self":[{"href":"https:\/\/ownpowr.com\/cs\/wp-json\/wp\/v2\/product\/221355","targetHints":{"allow":["GET"]}}],"collection":[{"href":"https:\/\/ownpowr.com\/cs\/wp-json\/wp\/v2\/product"}],"about":[{"href":"https:\/\/ownpowr.com\/cs\/wp-json\/wp\/v2\/types\/product"}],"wp:featuredmedia":[{"embeddable":true,"href":"https:\/\/ownpowr.com\/cs\/wp-json\/wp\/v2\/media\/221359"}],"wp:attachment":[{"href":"https:\/\/ownpowr.com\/cs\/wp-json\/wp\/v2\/media?parent=221355"}],"wp:term":[{"taxonomy":"product_cat","embeddable":true,"href":"https:\/\/ownpowr.com\/cs\/wp-json\/wp\/v2\/product_cat?post=221355"},{"taxonomy":"product_tag","embeddable":true,"href":"https:\/\/ownpowr.com\/cs\/wp-json\/wp\/v2\/product_tag?post=221355"}],"curies":[{"name":"wp","href":"https:\/\/api.w.org\/{rel}","templated":true}]}}