{"id":221361,"date":"2025-04-17T15:02:31","date_gmt":"2025-04-17T13:02:31","guid":{"rendered":"https:\/\/ownpowr.com\/?post_type=product&#038;p=221361"},"modified":"2025-04-17T15:02:32","modified_gmt":"2025-04-17T13:02:32","slug":"afore-20kw-hybrid-three-phase-inverter","status":"publish","type":"product","link":"https:\/\/ownpowr.com\/cs\/product\/hybridni-trifazovy-menic-o-vykonu-20kw\/","title":{"rendered":"Hybridn\u00ed t\u0159\u00edf\u00e1zov\u00fd m\u011bni\u010d Afore 20kw"},"content":{"rendered":"<p>Hybridn\u00ed m\u011bni\u010d AF20K-TH, 2 MPPT, t\u0159\u00edf\u00e1zov\u00fd, jmenovit\u00fd v\u00fdstupn\u00ed v\u00fdkon 20 000 W<br \/>\nAfore AF20K-TH je t\u0159\u00edf\u00e1zov\u00fd hybridn\u00ed st\u0159\u00edda\u010d s v\u00fdkonem 20 kW. D\u00edky vysokonap\u011b\u0165ov\u00e9 baterii lze st\u0159\u00edda\u010d pou\u017e\u00edvat jako samostatn\u00fd syst\u00e9m\/off-grid a jako nouzov\u00fd zdroj energie. Je vybaven dv\u011bma sledova\u010di MPPT a mo\u017enost\u00ed p\u0159ipojen\u00ed v\u00edce \u0159et\u011bzc\u016f fotovoltaick\u00fdch modul\u016f. Nab\u00edz\u00ed \u0161irok\u00fd rozsah nap\u011bt\u00ed MPPT.<\/p>\n<p>Nejd\u016fle\u017eit\u011bj\u0161\u00ed informace<br \/>\nModern\u00ed design<br \/>\nMonitorov\u00e1n\u00ed Wi-Fi<br \/>\nVysok\u00e1 \u00fa\u010dinnost 97,8%<br \/>\nMo\u017enost nouzov\u00e9ho nap\u00e1jen\u00ed<br \/>\n2 MPPT se 2 \u0159et\u011bzci<br \/>\nSnadn\u00e1 a rychl\u00e1 instalace<br \/>\nKompaktn\u00ed rozm\u011bry (558 x 535 x 260 mm)<br \/>\nKompatibiln\u00ed s mnoha v\u00fdrobci bateri\u00ed<br \/>\nVhodn\u00e9 pro typy bateri\u00ed: lithium-iontov\u00e9<\/p>\n<p>Specifikace<\/p>\n<p>N\u00e1zev polo\u017eky: Hybridn\u00ed st\u0159\u00edda\u010d AF20K-TH, 2 MPPT, t\u0159\u00edf\u00e1zov\u00fd, jmenovit\u00fd v\u00fdstupn\u00ed v\u00fdkon 20 000 W<br \/>\n\u00dadaje o v\u00fdstupu AC<br \/>\nJmenovit\u00fd v\u00fdstupn\u00ed v\u00fdkon: 20 000 W<br \/>\nMaxim\u00e1ln\u00ed zd\u00e1nliv\u00fd v\u00fdstupn\u00ed v\u00fdkon: 22 000 VA<br \/>\nSt\u0159\u00eddav\u00e9 nap\u011bt\u00ed: 3\/N\/PE 400 V<br \/>\nFrekvence st\u0159\u00eddav\u00e9ho proudu: 50 Hz \/ 60 Hz<br \/>\nJmenovit\u00fd st\u0159\u00eddav\u00fd proud: 29,0 A<br \/>\nMax. St\u0159\u00eddav\u00fd proud: 32,0 A<br \/>\nVstupn\u00ed data \u0159et\u011bzce PV<br \/>\nMax. Stejnosm\u011brn\u00fd p\u0159\u00edkon: 30 kW<br \/>\nMax. Stejnosm\u011brn\u00e9 vstupn\u00ed nap\u011bt\u00ed: 1000 V<br \/>\nMax. Stejnosm\u011brn\u00fd vstupn\u00ed proud: 2 x 32 A<br \/>\nRozb\u011bhov\u00e9 nap\u011bt\u00ed: 160 V<br \/>\nRozsah nap\u011bt\u00ed MPPT: 150-850V<br \/>\nMaxim\u00e1ln\u00ed zkratov\u00fd proud: 2 x 48 A<br \/>\nPo\u010det sledova\u010d\u016f MPP\/po\u010det strun: 2\/4<br \/>\nVstupn\u00ed \u00fadaje baterie<br \/>\nTyp baterie: Lithium-iontov\u00e1<br \/>\nJmenovit\u00e9 nap\u011bt\u00ed: 500 V<br \/>\nMaxim\u00e1ln\u00ed nab\u00edjec\u00ed nap\u011bt\u00ed: 150-800 V<br \/>\nMaxim\u00e1ln\u00ed nab\u00edjec\u00ed proud: 50 A<br \/>\nMaxim\u00e1ln\u00ed vyb\u00edjec\u00ed proud: 50 A<br \/>\nObecn\u00e9<br \/>\nMaxim\u00e1ln\u00ed \u00fa\u010dinnost: 98,3%<br \/>\n\u00da\u010dinnost EU: 97.8%<br \/>\nKomunikace: Komunikace: displej, LED, RS485, CAN, Wi-Fi, GRPS, 4G<br \/>\nT\u0159\u00edda ochrany: IP65<br \/>\nTopologie: Bez transform\u00e1toru<\/p>\n<p>Rozm\u011bry (\u0161 x v x h): 558x535x260 mm<br \/>\nHmotnost: 29 kg<\/p>\n<p>Rozsah dod\u00e1vky<br \/>\n1 x hybridn\u00ed m\u011bni\u010d Afore AF20K-TH<br \/>\n1 x sada p\u0159\u00edslu\u0161enstv\u00ed<\/p>","protected":false},"excerpt":{"rendered":"<p>Hybridn\u00ed st\u0159\u00edda\u010d AF20K-TH, 2 MPPT, t\u0159\u00edf\u00e1zov\u00fd, jmenovit\u00fd v\u00fdstupn\u00ed v\u00fdkon 20 000 W Afore AF20K-TH je t\u0159\u00edf\u00e1zov\u00fd hybridn\u00ed st\u0159\u00edda\u010d s v\u00fdkonem 20 kW. S vysokonap\u011b\u0165ovou bateri\u00ed je st\u0159\u00edda\u010d vybaven [...]<\/p>","protected":false},"featured_media":221359,"template":"","meta":{"_seopress_robots_primary_cat":"none","_seopress_titles_title":"","_seopress_titles_desc":"","_seopress_robots_index":"","_kad_blocks_custom_css":"","_kad_blocks_head_custom_js":"","_kad_blocks_body_custom_js":"","_kad_blocks_footer_custom_js":""},"product_cat":[18],"product_tag":[],"class_list":{"0":"post-221361","1":"product","2":"type-product","3":"status-publish","4":"has-post-thumbnail","6":"product_cat-hybrid-inverters","8":"first","9":"instock","10":"taxable","11":"shipping-taxable","12":"purchasable","13":"product-type-simple"},"taxonomy_info":{"product_cat":[{"value":18,"label":"Hybrid inverters"}]},"featured_image_src_large":["https:\/\/ownpowr.com\/wp-content\/uploads\/2025\/04\/afore-hybrid-three-phase-inverter.png",640,640,false],"author_info":[],"comment_info":"","_links":{"self":[{"href":"https:\/\/ownpowr.com\/cs\/wp-json\/wp\/v2\/product\/221361","targetHints":{"allow":["GET"]}}],"collection":[{"href":"https:\/\/ownpowr.com\/cs\/wp-json\/wp\/v2\/product"}],"about":[{"href":"https:\/\/ownpowr.com\/cs\/wp-json\/wp\/v2\/types\/product"}],"wp:featuredmedia":[{"embeddable":true,"href":"https:\/\/ownpowr.com\/cs\/wp-json\/wp\/v2\/media\/221359"}],"wp:attachment":[{"href":"https:\/\/ownpowr.com\/cs\/wp-json\/wp\/v2\/media?parent=221361"}],"wp:term":[{"taxonomy":"product_cat","embeddable":true,"href":"https:\/\/ownpowr.com\/cs\/wp-json\/wp\/v2\/product_cat?post=221361"},{"taxonomy":"product_tag","embeddable":true,"href":"https:\/\/ownpowr.com\/cs\/wp-json\/wp\/v2\/product_tag?post=221361"}],"curies":[{"name":"wp","href":"https:\/\/api.w.org\/{rel}","templated":true}]}}