{"id":265,"date":"2023-10-04T16:43:01","date_gmt":"2023-10-04T14:43:01","guid":{"rendered":"https:\/\/ownpowr.com\/product\/pylontech-force-l1-14-21\/"},"modified":"2025-12-30T14:50:46","modified_gmt":"2025-12-30T12:50:46","slug":"pylontech-force-l1-14-21","status":"publish","type":"product","link":"https:\/\/ownpowr.com\/cs\/product\/pylontech-force-l1-14-21\/","title":{"rendered":"Pylontech force L1 14.21"},"content":{"rendered":"<p>Pylontech Force L1 14.21 se skl\u00e1d\u00e1 z jednotky pro spr\u00e1vu bateri\u00ed Pylontech BMU a 4 bateriov\u00fdch modul\u016f Force L1 3,55 kWh.<\/p>\n<p>Mo\u017enost roz\u0161i\u0159ov\u00e1n\u00ed pozd\u011bj\u0161\u00edm p\u0159id\u00e1n\u00edm a\u017e 3 dal\u0161\u00edch modul\u016f Force L1<\/p>\n<div class=\"row\">\n<div class=\"col-lg-6\">\n<h3><strong>Pylontech Force L1 14.21 - N\u00edzk\u00e9 nap\u011bt\u00ed<\/strong><\/h3>\n<p>Na str\u00e1nk\u00e1ch <b>S\u00edla L1<\/b> je nejnov\u011bj\u0161\u00ed bateriov\u00fd syst\u00e9m HESS dod\u00e1van\u00fd spole\u010dnost\u00ed <strong>Pylontech<\/strong>. Charakter \"dlouh\u00e9 \u017eivotnosti\", nejvy\u0161\u0161\u00ed hustota energie a v\u00fdkonu v oboru, m\u00f3dn\u00ed design, snadn\u00e1 instalace a roz\u0161\u00ed\u0159en\u00ed, to v\u0161e odr\u00e1\u017e\u00ed skute\u010dn\u00e9 po\u017eadavky koncov\u00fdch u\u017eivatel\u016f a nejsiln\u011bj\u0161\u00ed technick\u00e9 mo\u017enosti spole\u010dnosti. <strong>Pylontech<\/strong>.<\/p>\n<p><strong>PylontechForceL1<\/strong>14.21 se skl\u00e1d\u00e1 z <strong>Pylontech<\/strong> BMU Battery Management Unit a 4 bateriov\u00e9 moduly Force L1 3,55 kWh. Mo\u017enost \u0161k\u00e1lov\u00e1n\u00ed pozd\u011bj\u0161\u00edm p\u0159id\u00e1n\u00edm a\u017e 3 dal\u0161\u00edch modul\u016f Force L1 paraleln\u011b k tomuto z\u00e1sobn\u00edku pro dosa\u017een\u00ed vyu\u017eiteln\u00e9ho v\u00fdkonu a\u017e 24,86 kWh.<\/p>\n<p><strong>Vertik\u00e1ln\u00ed integrace pr\u016fmyslu zaji\u0161\u0165uje v\u00edce ne\u017e 6 000 cykl\u016f s 90% DoD<\/strong><\/p>\n<p><strong>Modul\u00e1rn\u00ed konstrukce umo\u017e\u0148uje koncov\u00fdm z\u00e1kazn\u00edk\u016fm zvolit si kapacitu<\/strong><\/p>\n<p><strong>Kompatibiln\u00ed s v\u011bt\u0161inou dostupn\u00fdch hybridn\u00edch m\u011bni\u010d\u016f<\/strong><\/p>\n<p><strong>Rychl\u00fd konektor minimalizuje \u010das a n\u00e1klady na instalaci<\/strong><\/p>\n<p><strong>Kr\u00e1sn\u00fd design - mimo vnit\u0159n\u00ed i venkovn\u00ed instalace<\/strong><\/p>\n<\/div>\n<\/div>","protected":false},"excerpt":{"rendered":"<p>Pylontech Force L1 14.21 se skl\u00e1d\u00e1 z jednotky pro spr\u00e1vu bateri\u00ed Pylontech BMU a 4 bateriov\u00fdch modul\u016f Force L1 3,55 kWh. Mo\u017enost roz\u0161\u00ed\u0159en\u00ed pozd\u011bj\u0161\u00edm p\u0159id\u00e1n\u00edm a\u017e 3 dal\u0161\u00edch bateri\u00ed Force [...]<\/p>","protected":false},"featured_media":266,"template":"","meta":{"_seopress_robots_primary_cat":"none","_seopress_titles_title":"","_seopress_titles_desc":"","_seopress_robots_index":"","_kad_blocks_custom_css":"","_kad_blocks_head_custom_js":"","_kad_blocks_body_custom_js":"","_kad_blocks_footer_custom_js":""},"product_cat":[17],"product_tag":[],"class_list":{"0":"post-265","1":"product","2":"type-product","3":"status-publish","4":"has-post-thumbnail","6":"product_cat-home-batteries","8":"first","9":"outofstock","10":"sale","11":"taxable","12":"shipping-taxable","13":"purchasable","14":"product-type-simple"},"taxonomy_info":{"product_cat":[{"value":17,"label":"Home batteries"}]},"featured_image_src_large":["https:\/\/ownpowr.com\/wp-content\/uploads\/2022\/11\/SAM7623-0.jpeg",600,661,false],"author_info":[],"comment_info":"","_links":{"self":[{"href":"https:\/\/ownpowr.com\/cs\/wp-json\/wp\/v2\/product\/265","targetHints":{"allow":["GET"]}}],"collection":[{"href":"https:\/\/ownpowr.com\/cs\/wp-json\/wp\/v2\/product"}],"about":[{"href":"https:\/\/ownpowr.com\/cs\/wp-json\/wp\/v2\/types\/product"}],"wp:featuredmedia":[{"embeddable":true,"href":"https:\/\/ownpowr.com\/cs\/wp-json\/wp\/v2\/media\/266"}],"wp:attachment":[{"href":"https:\/\/ownpowr.com\/cs\/wp-json\/wp\/v2\/media?parent=265"}],"wp:term":[{"taxonomy":"product_cat","embeddable":true,"href":"https:\/\/ownpowr.com\/cs\/wp-json\/wp\/v2\/product_cat?post=265"},{"taxonomy":"product_tag","embeddable":true,"href":"https:\/\/ownpowr.com\/cs\/wp-json\/wp\/v2\/product_tag?post=265"}],"curies":[{"name":"wp","href":"https:\/\/api.w.org\/{rel}","templated":true}]}}