{"id":276,"date":"2023-10-05T01:24:52","date_gmt":"2023-10-04T23:24:52","guid":{"rendered":"https:\/\/ownpowr.com\/product\/pylontech-force-l1-7-10\/"},"modified":"2025-11-28T11:02:45","modified_gmt":"2025-11-28T09:02:45","slug":"pylontech-force-l1-7-10","status":"publish","type":"product","link":"https:\/\/ownpowr.com\/cs\/product\/pylontech-force-l1-7-10\/","title":{"rendered":"Pylontech force L1 7.10"},"content":{"rendered":"<p>P\u0159edstavujeme n\u00edzkonap\u011b\u0165ov\u00fd bateriov\u00fd syst\u00e9m Pylontech Force L1 7,1 kWh:<\/p>\n<p><strong>Kl\u00ed\u010dov\u00e9 vlastnosti:<\/strong><\/p>\n<ul>\n<li><strong>Konfigurace baterie:<\/strong> 2 x bateriov\u00e9 moduly Force L1 3,55 kWh + 1 x jednotka \u0159\u00edzen\u00ed bateri\u00ed Pylontech BMU<\/li>\n<li><strong>Celkov\u00e1 vyu\u017eiteln\u00e1 kapacita:<\/strong> 7,1 kWh<\/li>\n<li><strong>\u0160k\u00e1lovatelnost:<\/strong> Mo\u017enost pozd\u011bj\u0161\u00edho roz\u0161\u00ed\u0159en\u00ed a\u017e o 2 dal\u0161\u00ed moduly Force L1, \u010d\u00edm\u017e se zv\u00fd\u0161\u00ed vyu\u017eiteln\u00e1 kapacita a\u017e na 24,86 kWh.<\/li>\n<li><strong>Vertik\u00e1ln\u00ed pr\u016fmyslov\u00e1 integrace:<\/strong> Poskytuje v\u00edce ne\u017e 6 000 cykl\u016f s hloubkou vybit\u00ed (DoD) 90%, co\u017e zaji\u0161\u0165uje dlouhotrvaj\u00edc\u00ed v\u00fdkon.<\/li>\n<li><strong>Modul\u00e1rn\u00ed design:<\/strong> Umo\u017e\u0148uje koncov\u00fdm z\u00e1kazn\u00edk\u016fm zvolit si po\u017eadovanou kapacitu a nab\u00edz\u00ed flexibilitu.<\/li>\n<li><strong>Kompatibilita:<\/strong> Kompatibiln\u00ed s v\u011bt\u0161inou dostupn\u00fdch hybridn\u00edch st\u0159\u00edda\u010d\u016f, co\u017e zaji\u0161\u0165uje bezprobl\u00e9movou integraci se st\u00e1vaj\u00edc\u00edmi syst\u00e9my.<\/li>\n<li><strong>Rychl\u00e9 odpojen\u00ed:<\/strong> Minimalizuje \u010das a n\u00e1klady na instalaci a zjednodu\u0161uje nastaven\u00ed.<\/li>\n<li><strong>V\u0161estrann\u00fd design:<\/strong> Vhodn\u00e9 pro vnit\u0159n\u00ed i venkovn\u00ed instalace, kter\u00e9 nab\u00edzej\u00ed flexibilitu p\u0159i um\u00edst\u011bn\u00ed.<\/li>\n<\/ul>\n<p><strong>Popis produktu: Vhodn\u00fd k pou\u017eit\u00ed v dom\u00e1cnosti:<\/strong><\/p>\n<p>Pylontech Force L1 je \u0161pi\u010dkov\u00fd bateriov\u00fd syst\u00e9m HESS (High Energy Storage System), kter\u00fd je navr\u017een tak, aby vyhovoval m\u011bn\u00edc\u00edm se pot\u0159eb\u00e1m u\u017eivatel\u016f. Obsahuje n\u011bkolik kl\u00ed\u010dov\u00fdch vlastnost\u00ed, kter\u00e9 jej odli\u0161uj\u00ed:<\/p>\n<ul>\n<li><strong>Dlouh\u00e1 \u017eivotnost:<\/strong> Model Force L1 je navr\u017een s ohledem na odolnost, tak\u017ee spl\u0148uje po\u017eadavky na dlouhodob\u00e9 skladov\u00e1n\u00ed energie.<\/li>\n<li><strong>Vysok\u00e1 hustota energie a v\u00fdkonu:<\/strong> Tento bateriov\u00fd syst\u00e9m se m\u016f\u017ee pochlubit nejvy\u0161\u0161\u00ed energetickou a v\u00fdkonovou hustotou v oboru a maximalizuje skladov\u00e1n\u00ed energie v kompaktn\u00edm proveden\u00ed.<\/li>\n<li><strong>Snadn\u00e1 instalace:<\/strong> Syst\u00e9m je navr\u017een pro snadnou instalaci a roz\u0161\u00ed\u0159en\u00ed, co\u017e zjednodu\u0161uje proces nastaven\u00ed pro koncov\u00e9 u\u017eivatele.<\/li>\n<li><strong>\u0160k\u00e1lovatelnost:<\/strong> U\u017eivatel\u00e9 mohou za\u010d\u00edt s pouh\u00fdm 1 modulem Force L1 a pozd\u011bji jej roz\u0161\u00ed\u0159it p\u0159id\u00e1n\u00edm a\u017e 2 dal\u0161\u00edch modul\u016f, co\u017e nab\u00edz\u00ed mo\u017enost \u0161k\u00e1lov\u00e1n\u00ed podle m\u011bn\u00edc\u00edch se energetick\u00fdch po\u017eadavk\u016f.<\/li>\n<li><strong>Z\u00e1ruka v\u00fdrobce:<\/strong> Na v\u00fdrobek je poskytov\u00e1na z\u00e1ruka v\u00fdrobce, kter\u00e1 zaji\u0161\u0165uje klid a spolehlivost v\u00fdrobku. Konkr\u00e9tn\u00ed \u00fadaje o z\u00e1ruce je t\u0159eba ov\u011b\u0159it u spole\u010dnosti Pylontech.<\/li>\n<\/ul>\n<p>Pylontech Force L1 je vynikaj\u00edc\u00ed volbou pro \u0159e\u0161en\u00ed skladov\u00e1n\u00ed energie v obytn\u00fdch a komer\u010dn\u00edch prostor\u00e1ch. Jeho univerz\u00e1ln\u00ed design, vysok\u00fd v\u00fdkon a \u0161k\u00e1lovatelnost z n\u011bj \u010din\u00ed cenn\u00fd dopln\u011bk jak\u00e9hokoli syst\u00e9mu \u0159\u00edzen\u00ed energie. A\u0165 u\u017e jde o z\u00e1lo\u017en\u00ed nap\u00e1jen\u00ed p\u0159i v\u00fdpadc\u00edch nebo optimalizaci spot\u0159eby energie, Force L1 poskytuje spolehliv\u00e9 a efektivn\u00ed \u0159e\u0161en\u00ed pro ukl\u00e1d\u00e1n\u00ed energie.<\/p>","protected":false},"excerpt":{"rendered":"<p>P\u0159edstavujeme n\u00edzkonap\u011b\u0165ov\u00fd bateriov\u00fd syst\u00e9m Pylontech Force L1 7,1 kWh: Kl\u00ed\u010dov\u00e9 vlastnosti: Konfigurace baterie: 2 x bateriov\u00e9 moduly Force L1 3,55 kWh + 1 x Pylontech BMU \u0158\u00edzen\u00ed baterie [...]<\/p>","protected":false},"featured_media":277,"template":"","meta":{"_seopress_robots_primary_cat":"none","_seopress_titles_title":"Pylontech Force L1 7.10 - High Energy Density HESS Battery System","_seopress_titles_desc":"Experience exceptional energy density and long-lasting performance with Pylontech Force L1 7.10. Expandable, easy to install, and compatible with hybrid inverters.","_seopress_robots_index":"","_kad_blocks_custom_css":"","_kad_blocks_head_custom_js":"","_kad_blocks_body_custom_js":"","_kad_blocks_footer_custom_js":""},"product_cat":[17],"product_tag":[],"class_list":{"0":"post-276","1":"product","2":"type-product","3":"status-publish","4":"has-post-thumbnail","6":"product_cat-home-batteries","8":"first","9":"instock","10":"sale","11":"taxable","12":"shipping-taxable","13":"purchasable","14":"product-type-simple"},"taxonomy_info":{"product_cat":[{"value":17,"label":"Home batteries"}]},"featured_image_src_large":["https:\/\/ownpowr.com\/wp-content\/uploads\/2022\/11\/SAM7621-0.jpeg",600,661,false],"author_info":[],"comment_info":"","_links":{"self":[{"href":"https:\/\/ownpowr.com\/cs\/wp-json\/wp\/v2\/product\/276","targetHints":{"allow":["GET"]}}],"collection":[{"href":"https:\/\/ownpowr.com\/cs\/wp-json\/wp\/v2\/product"}],"about":[{"href":"https:\/\/ownpowr.com\/cs\/wp-json\/wp\/v2\/types\/product"}],"wp:featuredmedia":[{"embeddable":true,"href":"https:\/\/ownpowr.com\/cs\/wp-json\/wp\/v2\/media\/277"}],"wp:attachment":[{"href":"https:\/\/ownpowr.com\/cs\/wp-json\/wp\/v2\/media?parent=276"}],"wp:term":[{"taxonomy":"product_cat","embeddable":true,"href":"https:\/\/ownpowr.com\/cs\/wp-json\/wp\/v2\/product_cat?post=276"},{"taxonomy":"product_tag","embeddable":true,"href":"https:\/\/ownpowr.com\/cs\/wp-json\/wp\/v2\/product_tag?post=276"}],"curies":[{"name":"wp","href":"https:\/\/api.w.org\/{rel}","templated":true}]}}