{"id":286,"date":"2023-10-05T01:24:51","date_gmt":"2023-10-04T23:24:51","guid":{"rendered":"https:\/\/ownpowr.com\/product\/pylontech-force-l1-3-55\/"},"modified":"2025-10-15T13:54:02","modified_gmt":"2025-10-15T11:54:02","slug":"pylontech-force-l1-3-55","status":"publish","type":"product","link":"https:\/\/ownpowr.com\/cs\/product\/pylontech-force-l1-3-55\/","title":{"rendered":"Pylontech force L1 3.55"},"content":{"rendered":"<h2><strong>Lithiov\u00fd bateriov\u00fd modul Pylontech Force L1 3,55 kWh tvo\u0159\u00ed stohovateln\u00fd bateriov\u00fd syst\u00e9m mezi 2 a 7 moduly s extern\u00ed BMS.<\/strong><\/h2>\n<p>Pylontech Force L1 3.55 se skl\u00e1d\u00e1 z jednotky \u0159\u00edzen\u00ed baterie Pylontech BMU a 1 bateriov\u00e9ho modulu Force L1 3,55 kWh. Mo\u017enost roz\u0161\u00ed\u0159en\u00ed pozd\u011bj\u0161\u00edm p\u0159id\u00e1n\u00edm a\u017e 6 dal\u0161\u00edch modul\u016f Force L1.<\/p>\n<p>&nbsp;<\/p>\n<div class=\"row\">\n<div class=\"col-lg-6\">\n<h3><strong>Pylontech Force L1 3.55 <\/strong><strong>- N\u00edzk\u00e9 nap\u011bt\u00ed<\/strong><\/h3>\n<p>Force L1 je nejnov\u011bj\u0161\u00ed bateriov\u00fd syst\u00e9m HESS dod\u00e1van\u00fd spole\u010dnost\u00ed Pylontech. Charakter \"dlouh\u00e9 \u017eivotnosti\", nejvy\u0161\u0161\u00ed hustota energie a v\u00fdkonu v oboru, m\u00f3dn\u00ed design, snadn\u00e1 instalace a roz\u0161\u00ed\u0159en\u00ed, to v\u0161e odr\u00e1\u017e\u00ed skute\u010dn\u00e9 po\u017eadavky koncov\u00fdch u\u017eivatel\u016f a nejsiln\u011bj\u0161\u00ed technick\u00e9 mo\u017enosti spole\u010dnosti Pylontech.<\/p>\n<p><strong>PylontechForceL1<\/strong>3.55 se skl\u00e1d\u00e1 z <strong>Pylontech<\/strong> BMU Battery Management Unit a 1 bateriov\u00fd modul Force L1 3,55 kWh. Mo\u017enost roz\u0161\u00ed\u0159en\u00ed pozd\u011bj\u0161\u00edm p\u0159id\u00e1n\u00edm a\u017e 6 dal\u0161\u00edch modul\u016f Force L1 paraleln\u011b k tomuto z\u00e1sobn\u00edku pro dosa\u017een\u00ed vyu\u017eiteln\u00e9ho v\u00fdkonu a\u017e 24,86 kWh.<\/p>\n<p><strong>Vertik\u00e1ln\u00ed pr\u016fmyslov\u00e1 integrace zaji\u0161\u0165uje v\u00edce ne\u017e 6 000 cykl\u016f s 90% DoD<\/strong><\/p>\n<p><strong>Modul\u00e1rn\u00ed konstrukce umo\u017e\u0148uje koncov\u00fdm z\u00e1kazn\u00edk\u016fm zvolit si kapacitu<\/strong><\/p>\n<p><strong>Kompatibiln\u00ed s v\u011bt\u0161inou dostupn\u00fdch hybridn\u00edch m\u011bni\u010d\u016f<\/strong><\/p>\n<p><strong>Rychl\u00e9 odpojen\u00ed minimalizuje \u010das a n\u00e1klady na instalaci<\/strong><\/p>\n<p><strong>Kr\u00e1sn\u00fd design - hod\u00ed se do interi\u00e9ru i exteri\u00e9ru<\/strong><\/p>\n<div id=\"ProductInfoTabs\" class=\"ui-tabs ui-widget ui-widget-content ui-corner-all epProductInfoTabs ep-js\" data-js=\"\">\n<div id=\"tab-product-description\" class=\"ui-tabs-panel ui-widget-content ui-corner-bottom\" role=\"tabpanel\" aria-labelledby=\"ui-id-1\" aria-hidden=\"false\">\n<div class=\"description\">\n<p>&nbsp;<\/p>\n<p>Lithiov\u00fd bateriov\u00fd modul Pylontech Force L1 slou\u017e\u00ed k tomu, aby byl bateriov\u00fd syst\u00e9m Pylontech stohovateln\u00fd mezi 2 a 7 moduly s extern\u00ed BMS, tak\u017ee jej lze p\u0159izp\u016fsobit r\u016fzn\u00fdm syst\u00e9m\u016fm konfigurace. M\u00e1 jmenovitou kapacitu 3,55 kWh a je vyroben z bezkobaltov\u00e9ho lithiumferofosf\u00e1tu.<\/p>\n<p>Tato nejnov\u011bj\u0161\u00ed verze syst\u00e9mu HESS (Home Energy Storage System), kter\u00e1 zd\u011bdila koncept modul\u00e1rn\u00ed konstrukce, se vyzna\u010duje snadnou instalac\u00ed, jednoduch\u00fdmi konektory a kompatibilitou s venkovn\u00edm prost\u0159ed\u00edm.<\/p>\n<p>Jedn\u00e1 se o nejnov\u011bj\u0161\u00ed verzi syst\u00e9mu HESS (Home Energy Storage System), kter\u00fd zd\u011bdil koncepci modul\u00e1rn\u00ed konstrukce v kombinaci se snadnou instalac\u00ed, jednoduch\u00fdmi konektory a kompatibilitou s venkovn\u00edm prost\u0159ed\u00edm.<\/p>\n<p>Tento \u00falo\u017en\u00fd syst\u00e9m lze instalovat bez nutnosti propojovat kabely mezi bateriemi a je stohovateln\u00fd, co\u017e usnad\u0148uje a urychluje instalaci. Jedn\u00e1 se o nov\u00e9 \u0159e\u0161en\u00ed Pylontech pro n\u00edzkonap\u011b\u0165ov\u00fd reziden\u010dn\u00ed sektor je \u0159ada L, kter\u00e1 zahrnuje Force L1 a L2.<\/p>\n<p>Tyto v\u00fdrobky se skl\u00e1daj\u00ed z n\u011bkolika stohovateln\u00fdch bateri\u00ed v po\u010dtu 2 a\u017e 7 s extern\u00edm syst\u00e9mem BMS, tak\u017ee se p\u0159izp\u016fsob\u00ed r\u016fzn\u00fdm syst\u00e9m\u016fm konfigurace.<\/p>\n<p>Hod\u00ed se zejm\u00e9na pro mal\u00e1 m\u00edsta s omezen\u00fdm prostorem a tak\u00e9 pro instalace s velk\u00fdm v\u00fdkonem a dlouhou \u017eivotnost\u00ed. Tento modul se instaluje spole\u010dn\u011b s BMS FC0048M-100 se jmenovit\u00fdm nap\u011bt\u00edm 48 V a kapacitou 47 Ah. Tyto syst\u00e9my maj\u00ed tak\u00e9 nab\u00edjec\u00ed a vyb\u00edjec\u00ed proud, kter\u00fd m\u016f\u017ee dos\u00e1hnout celkem 60 A, a kryt\u00ed IP55.<\/p>\n<p>D\u00edky jednoduchosti a stohovatelnosti je syst\u00e9m mimo\u0159\u00e1dn\u011b flexibiln\u00ed a lze jej velmi snadno roz\u0161i\u0159ovat v \u010dase. Dal\u0161\u00edm d\u016fle\u017eit\u00fdm aspektem je bezpochyby hloubka vybit\u00ed, u modelu 90%. Rovn\u011b\u017e lze za\u0159\u00edzen\u00ed kombinovat s r\u016fzn\u00fdmi typy m\u011bni\u010d\u016f, a to i s integrovanou funkc\u00ed EPS.<\/p>\n<p>Mezi jeho hlavn\u00ed vlastnosti pat\u0159\u00ed modul\u00e1rn\u00ed konstrukce, kter\u00e1 nab\u00edz\u00ed maxim\u00e1ln\u00ed flexibilitu, vnit\u0159n\u00ed \u010dl\u00e1nek LFP, kter\u00fd umo\u017e\u0148uje del\u0161\u00ed \u017eivotnost a vy\u0161\u0161\u00ed bezpe\u010dnost, rychl\u00e1 p\u0159ipojen\u00ed, kter\u00e1 \u0161et\u0159\u00ed \u010das p\u0159i instalaci, a osv\u011bd\u010den\u00e1 BMS s nej\u0161ir\u0161\u00ed kompatibilitou se st\u0159\u00edda\u010di.<\/p>\n<p>Na baterii se vztahuje t\u0159\u00edlet\u00e1 z\u00e1konn\u00e1 z\u00e1ruka a desetilet\u00e1 z\u00e1ruka v\u00fdrobce.<\/p>\n<p>&nbsp;<\/p>\n<h3><strong>Technick\u00e9 \u00fadaje lithiov\u00e9ho bateriov\u00e9ho modulu Pylontech Force L1<\/strong><\/h3>\n<p>- Kapacita baterie: 3,55 kWh<br \/>\n- Rozsah nap\u011bt\u00ed: 44.5 -54h<br \/>\n- U\u017eitn\u00fd v\u00fdkon: 4600 W<br \/>\n- Stupe\u0148 ochrany: IP55<br \/>\n- Komunika\u010dn\u00ed port: RS485<br \/>\n- Z\u00e1ruka: 10 let (v souladu s po\u017eadavky v\u00fdrobce).<\/p>\n<\/div>\n<\/div>\n<\/div>\n<\/div>\n<\/div>","protected":false},"excerpt":{"rendered":"<p>Lithiov\u00fd bateriov\u00fd modul Pylontech Force L1 3,55 kWh tvo\u0159\u00ed stohovateln\u00fd bateriov\u00fd syst\u00e9m mezi 2 a 7 moduly s extern\u00ed BMS. Pylontech Force L1 3,55 se skl\u00e1d\u00e1 z jednotky Pylontech BMU, kter\u00e1 je sou\u010d\u00e1st\u00ed [...]<\/p>","protected":false},"featured_media":287,"template":"","meta":{"_seopress_robots_primary_cat":"none","_seopress_titles_title":"","_seopress_titles_desc":"","_seopress_robots_index":"","_kad_blocks_custom_css":"","_kad_blocks_head_custom_js":"","_kad_blocks_body_custom_js":"","_kad_blocks_footer_custom_js":""},"product_cat":[17],"product_tag":[],"class_list":{"0":"post-286","1":"product","2":"type-product","3":"status-publish","4":"has-post-thumbnail","6":"product_cat-home-batteries","8":"first","9":"outofstock","10":"sale","11":"taxable","12":"shipping-taxable","13":"purchasable","14":"product-type-simple"},"taxonomy_info":{"product_cat":[{"value":17,"label":"Home batteries"}]},"featured_image_src_large":["https:\/\/ownpowr.com\/wp-content\/uploads\/2022\/11\/Schermafbeelding-2022-10-15-om-12.07.40.png",822,504,false],"author_info":[],"comment_info":"","_links":{"self":[{"href":"https:\/\/ownpowr.com\/cs\/wp-json\/wp\/v2\/product\/286","targetHints":{"allow":["GET"]}}],"collection":[{"href":"https:\/\/ownpowr.com\/cs\/wp-json\/wp\/v2\/product"}],"about":[{"href":"https:\/\/ownpowr.com\/cs\/wp-json\/wp\/v2\/types\/product"}],"wp:featuredmedia":[{"embeddable":true,"href":"https:\/\/ownpowr.com\/cs\/wp-json\/wp\/v2\/media\/287"}],"wp:attachment":[{"href":"https:\/\/ownpowr.com\/cs\/wp-json\/wp\/v2\/media?parent=286"}],"wp:term":[{"taxonomy":"product_cat","embeddable":true,"href":"https:\/\/ownpowr.com\/cs\/wp-json\/wp\/v2\/product_cat?post=286"},{"taxonomy":"product_tag","embeddable":true,"href":"https:\/\/ownpowr.com\/cs\/wp-json\/wp\/v2\/product_tag?post=286"}],"curies":[{"name":"wp","href":"https:\/\/api.w.org\/{rel}","templated":true}]}}