{"id":3729,"date":"2025-01-30T09:44:02","date_gmt":"2025-01-30T07:44:02","guid":{"rendered":"https:\/\/ownpowr.com\/?post_type=product&#038;p=3729"},"modified":"2025-08-25T14:54:33","modified_gmt":"2025-08-25T12:54:33","slug":"blauhoff-maxus-200k-516kwh-all-in-one-8000-cycles-10-year-warantee","status":"publish","type":"product","link":"https:\/\/ownpowr.com\/cs\/product\/blauhoff-maxus-200k-516kwh-all-in-one-8000-cyklu-10-let-zaruka\/","title":{"rendered":"Blauhoff Maxus 250K\/578kWh Sk\u0159\u00ed\u0148 pro ukl\u00e1d\u00e1n\u00ed energie v\u0161e v jednom"},"content":{"rendered":"<h3>Blauhoff Maxus 250K\/578kWh Sk\u0159\u00ed\u0148 pro ukl\u00e1d\u00e1n\u00ed energie All In One Z\u00e1ruka 10 let 8000 cykl\u016f<\/h3>\n<p><strong>V\u0161echny bateriov\u00e9 syst\u00e9my Blauhoff maj\u00ed 10letou z\u00e1ruku na \u010dl\u00e1nky a 5letou z\u00e1ruku na m\u011bni\u010d bez jak\u00fdchkoli dal\u0161\u00edch plateb!<\/strong><\/p>\n<p><strong>U v\u011bt\u0161iny ostatn\u00edch zna\u010dek tomu tak nen\u00ed a z\u00e1ruka je omezena pouze na 3-5 let!<\/strong><\/p>\n<p><strong>Prismatick\u00e9 \u010dl\u00e1nky pro nejvy\u0161\u0161\u00ed kvalitu a nejdel\u0161\u00ed \u017eivotnost, 8000 cykl\u016f a 10 let z\u00e1ruky na \u010dl\u00e1nky bez p\u0159\u00edplatku a 5 let na celek.<\/strong><\/p>\n<p>&nbsp;<\/p>\n<p>\u0158ada BLH-250K\/578KwH-Maxus, kapalinov\u00e9 chlazen\u00ed all-in-one pro komer\u010dn\u00ed a pr\u016fmyslov\u00e9 pou\u017eit\u00ed.<br \/>\nintegrovan\u00fd s m\u011bni\u010dem pro ukl\u00e1d\u00e1n\u00ed energie, bateri\u00ed, BMS, EMS, tepeln\u00fdm managementem,<br \/>\nrozvod energie, protipo\u017e\u00e1rn\u00ed ochrana atd. Konstrukce \"v\u0161e v jednom\" je snadn\u00e1 pro instalaci a<br \/>\nO&amp;M. Bezpe\u010dnostn\u00ed konstrukce syst\u00e9mu zaji\u0161\u0165uje lep\u0161\u00ed v\u00fdkon baterie.<br \/>\na del\u0161\u00ed \u017eivotnost. V\u00edce sad sk\u0159\u00edn\u00ed lze p\u0159\u00edmo paraleln\u011b propojit a\u017e na 30 kus\u016f.<br \/>\nrealizovat roz\u0161\u00ed\u0159en\u00ed syst\u00e9mu skladov\u00e1n\u00ed energie.<\/p>\n<h4>\u00dasporn\u00e9:<\/h4>\n<p>Vysoce integrovan\u00fd ESS pro snadn\u00e9<br \/>\ndoprava a provoz a \u00fadr\u017eba. Na str\u00e1nk\u00e1ch<br \/>\nintegrovan\u00fd design umo\u017e\u0148uje webu<br \/>\nrychle nastavit a pou\u017e\u00edvat.<\/p>\n<p>Funkce z\u00e1lohov\u00e1n\u00ed<\/p>\n<p>Funkce Peakshave<\/p>\n<p>Funkce PV<\/p>\n<h4>Kapalinov\u00e9 chlazen\u00ed:<\/h4>\n<p>Teplotn\u00ed odchylka<br \/>\nbateriov\u00fdch \u010dl\u00e1nk\u016f v cel\u00e9m<br \/>\nje v rozmez\u00ed 3 \u00b0C, co\u017e je zp\u016fsobeno<br \/>\ninteligentn\u00ed kapalinov\u00fd chladic\u00ed syst\u00e9m.<br \/>\nM\u016f\u017ee prodlou\u017eit \u017eivotnost<br \/>\nbateriov\u00e9 \u010dl\u00e1nky a\u017e do 20%.<\/p>\n<h4>Bezpe\u010dn\u00e9:<\/h4>\n<p>Syst\u00e9m m\u00e1 \u010dty\u0159i \u00farovn\u011b<br \/>\nstruktura \u0159\u00edzen\u00ed, kter\u00e1<br \/>\nm\u016f\u017ee p\u0159esn\u011b poskytnout kr\u00e1tk\u00e9<br \/>\nochrana obvodu, nadproudov\u00e1 ochrana<br \/>\nochrana proti p\u0159ep\u011bt\u00ed<br \/>\nochrana pod nap\u011bt\u00edm<br \/>\nochrana proti p\u0159eh\u0159\u00e1t\u00ed<br \/>\nochrana atd.<\/p>\n<p>&nbsp;<\/p>\n<p>VDE4100<\/p>\n<p>IEC62619<\/p>\n<p>IEC61000<\/p>\n<p>UL9540A<\/p>\n<p>EN50549<\/p>\n<h4>Datov\u00fd list :<\/h4>\n<p><a href=\"https:\/\/ownpowr.com\/wp-content\/uploads\/2023\/10\/blauhoff_sd-125-258_energy_storage_cabinet.pdf\">Blauhoff_SD-125-258_Energy_Storage_Cabinet<\/a><\/p>\n<p><iframe title=\"Blauhoff ESS V\u0161e v jednom\" width=\"1140\" height=\"641\" src=\"https:\/\/www.youtube.com\/embed\/4ygzOwu-j7I?feature=oembed\" frameborder=\"0\" allow=\"accelerometer; autoplay; clipboard-write; encrypted-media; gyroscope; picture-in-picture; web-share\" referrerpolicy=\"strict-origin-when-cross-origin\" allowfullscreen><\/iframe><\/p>","protected":false},"excerpt":{"rendered":"<p><a href=\"https:\/\/ownpowr.com\/wp-content\/uploads\/2023\/10\/blauhoff_sd-125-258_energy_storage_cabinet.pdf\">Blauhoff_SD-125-258_Energy_Storage_Cabinet<\/a><\/p>\n<p>Pozor, cena je uvedena bez DPH a bez instalace.<\/p>","protected":false},"featured_media":3721,"template":"","meta":{"_seopress_robots_primary_cat":"none","_seopress_titles_title":"Blauhoff Maxus 250K\/578kWh All In One Energy Storage","_seopress_titles_desc":"Blauhoff Maxus Series is an easy-to-install all-in-one ESS with liquid cooling, integrated converter, battery, BMS, EMS, and more.","_seopress_robots_index":"","_kad_blocks_custom_css":"","_kad_blocks_head_custom_js":"","_kad_blocks_body_custom_js":"","_kad_blocks_footer_custom_js":""},"product_cat":[17,19],"product_tag":[],"class_list":{"0":"post-3729","1":"product","2":"type-product","3":"status-publish","4":"has-post-thumbnail","6":"product_cat-home-batteries","7":"product_cat-sets-with-inverters","9":"first","10":"instock","11":"taxable","12":"shipping-taxable","13":"purchasable","14":"product-type-simple"},"taxonomy_info":{"product_cat":[{"value":17,"label":"Home batteries"},{"value":19,"label":"Sets with inverters"}]},"featured_image_src_large":["https:\/\/ownpowr.com\/wp-content\/uploads\/2023\/10\/blh-maxus-2pcs-1024x846.jpg",1024,846,true],"author_info":[],"comment_info":"","_links":{"self":[{"href":"https:\/\/ownpowr.com\/cs\/wp-json\/wp\/v2\/product\/3729","targetHints":{"allow":["GET"]}}],"collection":[{"href":"https:\/\/ownpowr.com\/cs\/wp-json\/wp\/v2\/product"}],"about":[{"href":"https:\/\/ownpowr.com\/cs\/wp-json\/wp\/v2\/types\/product"}],"wp:featuredmedia":[{"embeddable":true,"href":"https:\/\/ownpowr.com\/cs\/wp-json\/wp\/v2\/media\/3721"}],"wp:attachment":[{"href":"https:\/\/ownpowr.com\/cs\/wp-json\/wp\/v2\/media?parent=3729"}],"wp:term":[{"taxonomy":"product_cat","embeddable":true,"href":"https:\/\/ownpowr.com\/cs\/wp-json\/wp\/v2\/product_cat?post=3729"},{"taxonomy":"product_tag","embeddable":true,"href":"https:\/\/ownpowr.com\/cs\/wp-json\/wp\/v2\/product_tag?post=3729"}],"curies":[{"name":"wp","href":"https:\/\/api.w.org\/{rel}","templated":true}]}}