{"id":4030,"date":"2025-01-30T09:44:01","date_gmt":"2025-01-30T07:44:01","guid":{"rendered":"https:\/\/ownpowr.com\/?post_type=product&#038;p=4030"},"modified":"2025-08-25T15:06:43","modified_gmt":"2025-08-25T13:06:43","slug":"blauhoff-maxus-all-in-one-500k-1156kwh-energy-storage-cabinet-liquid-cooled","status":"publish","type":"product","link":"https:\/\/ownpowr.com\/cs\/product\/blauhoff-maxus-all-in-one-500k-1032kwh-skrin-pro-ukladani-energie-chlazena-kapalinou\/","title":{"rendered":"Blauhoff Maxus V\u0161e v jednom 500K\/1156kWh Sk\u0159\u00ed\u0148 pro ukl\u00e1d\u00e1n\u00ed energie Chlazen\u00e1 kapalinou 1 Megawatt"},"content":{"rendered":"<p><strong>V\u0161echny bateriov\u00e9 syst\u00e9my Blauhoff maj\u00ed 10letou z\u00e1ruku na \u010dl\u00e1nky a 5letou z\u00e1ruku na m\u011bni\u010d bez jak\u00fdchkoli dal\u0161\u00edch plateb!<\/strong><\/p>\n<p><strong>U v\u011bt\u0161iny ostatn\u00edch zna\u010dek tomu tak nen\u00ed a z\u00e1ruka je omezena pouze na 3-5 let!<\/strong><\/p>\n<p><strong>Prismatick\u00e9 \u010dl\u00e1nky pro nejvy\u0161\u0161\u00ed kvalitu a nejdel\u0161\u00ed \u017eivotnost, 8000 cykl\u016f a 10 let z\u00e1ruky na \u010dl\u00e1nky bez p\u0159\u00edplatku a 5 let na celek.<\/strong><\/p>\n<p>&nbsp;<\/p>\n<p>Blauhoff Maxus V\u0161e v jednom 500K-1156kWh = 2 mWh Chlazeno kapalinou 10let\u00e1 z\u00e1ruka 8000 cykl\u016f<\/p>\n<p>Prismatick\u00e9 \u010dl\u00e1nky pro nejvy\u0161\u0161\u00ed kvalitu a nejdel\u0161\u00ed \u017eivotnost a 8000 cykl\u016f<\/p>\n<p>Pln\u011b integrovan\u00fd syst\u00e9m ESS pro snadnou p\u0159epravu a provoz a \u00fadr\u017ebu.<\/p>\n<p>Integrovan\u00e1 a modul\u00e1rn\u00ed konstrukce umo\u017e\u0148uje rychl\u00e9 nastaven\u00ed a pou\u017eit\u00ed, 2-3 hodiny pr\u00e1ce na jednotku.<\/p>\n<p>Blauhoff BLH-100K-2064kWh-Maxus, univerz\u00e1ln\u00ed komer\u010dn\u00ed a pr\u016fmyslov\u00fd ESS s kapalinov\u00fdm chlazen\u00edm, je integrov\u00e1n s m\u011bni\u010dem pro ukl\u00e1d\u00e1n\u00ed energie, bateri\u00ed, BMS, EMS, tepeln\u00fdm managementem, distribuc\u00ed energie, protipo\u017e\u00e1rn\u00ed ochranou atd.<\/p>\n<p>V tomto p\u0159\u00edpad\u011b se jedn\u00e1 o 8 ks.<\/p>\n<p>Konstrukce \"v\u0161e v jednom\" se snadno instaluje a provozuje a je vybavena funkc\u00ed z\u00e1lohov\u00e1n\u00ed a funkc\u00ed fotovoltaiky.<\/p>\n<p>Bezpe\u010dnostn\u00ed konstrukce syst\u00e9mu zaji\u0161\u0165uje lep\u0161\u00ed v\u00fdkon baterie a del\u0161\u00ed \u017eivotnost.<br \/>\n\u017eivot. V\u00edce sad sk\u0159\u00edn\u00ed lze p\u0159\u00edmo paraleln\u011b propojit a\u017e na 30 kus\u016f a realizovat tak ukl\u00e1d\u00e1n\u00ed energie.<br \/>\nroz\u0161\u00ed\u0159en\u00ed syst\u00e9mu. Je velmi snadno \u0161k\u00e1lovateln\u00fd a p\u0159enosn\u00fd.<\/p>\n<p>Kapalinov\u00e9 chlazen\u00ed :<br \/>\nTeplotn\u00ed drift bateriov\u00fdch \u010dl\u00e1nk\u016f<br \/>\nv cel\u00e9m syst\u00e9mu se pohybuje v rozmez\u00ed \u00b11,5 \u00b0C v d\u016fsledku<br \/>\ninteligentn\u00ed kapalinov\u00fd chladic\u00ed syst\u00e9m. Dok\u00e1\u017ee<br \/>\nprodlou\u017eit \u017eivotnost syst\u00e9mu a\u017e na<br \/>\n30%, zv\u00fd\u0161en\u00ed dlouhodob\u00e9 \u00fa\u010dinnosti syst\u00e9mu<br \/>\na\u017e 88.5%.<\/p>\n<p>Bezpe\u010dn\u00e9<br \/>\nSyst\u00e9m m\u00e1 \u010dty\u0159i \u00farovn\u011b \u0159\u00edzen\u00ed<br \/>\nstruktura, kter\u00e1 m\u016f\u017ee poskytnout p\u0159esn\u00e9<br \/>\nochrana proti zkratu, nadproudov\u00e1 ochrana<br \/>\nochrana proti p\u0159ep\u011bt\u00ed,<br \/>\nochrana proti podp\u011bt\u00ed, ochrana proti p\u0159eh\u0159\u00e1t\u00ed<br \/>\nochrana atd.<\/p>\n<p>VDE4100<\/p>\n<p>IEC62619<\/p>\n<p>IEC61000<\/p>\n<p>UL9540A<\/p>\n<p>EN50549<\/p>\n<h3><span style=\"font-size: 16px\">Datov\u00fd list :<\/span><\/h3>\n<p><a href=\"https:\/\/blauhoff.nl\/wp-content\/uploads\/2023\/10\/Blauhoff_SD-125-258_Energy_Storage_Cabinet.pdf\" target=\"_blank\" rel=\"noopener\">Blauhoff_SD-125-258_Energy_Storage_Cabinet<\/a><\/p>\n<p>POZOR!<\/p>\n<p>Vzhledem k integraci a slo\u017eitosti je tato cena uvedena bez DPH a bez mont\u00e1\u017ee.<\/p>\n<p>Mont\u00e1\u017e prov\u00e1d\u00ed m\u00edstn\u00ed mont\u00e1\u017en\u00ed firma s pomoc\u00ed na\u0161ich technick\u00fdch pracovn\u00edk\u016f.<\/p>\n<p><iframe title=\"Blauhoff ESS V\u0161e v jednom\" width=\"1140\" height=\"641\" src=\"https:\/\/www.youtube.com\/embed\/4ygzOwu-j7I?feature=oembed\" frameborder=\"0\" allow=\"accelerometer; autoplay; clipboard-write; encrypted-media; gyroscope; picture-in-picture; web-share\" referrerpolicy=\"strict-origin-when-cross-origin\" allowfullscreen><\/iframe><\/p>","protected":false},"excerpt":{"rendered":"<p>V\u0161echny bateriov\u00e9 syst\u00e9my Blauhoff maj\u00ed 10letou z\u00e1ruku na \u010dl\u00e1nky a 5letou z\u00e1ruku na m\u011bni\u010d bez jak\u00fdchkoli dal\u0161\u00edch plateb! To neplat\u00ed pro [...]<\/p>","protected":false},"featured_media":4028,"template":"","meta":{"_seopress_robots_primary_cat":"none","_seopress_titles_title":"Blauhoff Maxus All in One 500K\/1032kWh Energy Storage Cabinet Liquid cooled","_seopress_titles_desc":"Discover the game-changing products offered by OwnPowr to enhance your online presence and capture your target audience. Start growing your business today!","_seopress_robots_index":"","_kad_blocks_custom_css":"","_kad_blocks_head_custom_js":"","_kad_blocks_body_custom_js":"","_kad_blocks_footer_custom_js":""},"product_cat":[17,19],"product_tag":[],"class_list":{"0":"post-4030","1":"product","2":"type-product","3":"status-publish","4":"has-post-thumbnail","6":"product_cat-home-batteries","7":"product_cat-sets-with-inverters","9":"first","10":"instock","11":"taxable","12":"shipping-taxable","13":"purchasable","14":"product-type-simple"},"taxonomy_info":{"product_cat":[{"value":17,"label":"Home batteries"},{"value":19,"label":"Sets with inverters"}]},"featured_image_src_large":["https:\/\/ownpowr.com\/wp-content\/uploads\/2023\/10\/blauhoff-maxus.png",300,300,false],"author_info":[],"comment_info":"","_links":{"self":[{"href":"https:\/\/ownpowr.com\/cs\/wp-json\/wp\/v2\/product\/4030","targetHints":{"allow":["GET"]}}],"collection":[{"href":"https:\/\/ownpowr.com\/cs\/wp-json\/wp\/v2\/product"}],"about":[{"href":"https:\/\/ownpowr.com\/cs\/wp-json\/wp\/v2\/types\/product"}],"wp:featuredmedia":[{"embeddable":true,"href":"https:\/\/ownpowr.com\/cs\/wp-json\/wp\/v2\/media\/4028"}],"wp:attachment":[{"href":"https:\/\/ownpowr.com\/cs\/wp-json\/wp\/v2\/media?parent=4030"}],"wp:term":[{"taxonomy":"product_cat","embeddable":true,"href":"https:\/\/ownpowr.com\/cs\/wp-json\/wp\/v2\/product_cat?post=4030"},{"taxonomy":"product_tag","embeddable":true,"href":"https:\/\/ownpowr.com\/cs\/wp-json\/wp\/v2\/product_tag?post=4030"}],"curies":[{"name":"wp","href":"https:\/\/api.w.org\/{rel}","templated":true}]}}