{"id":405,"date":"2023-10-05T01:24:56","date_gmt":"2023-10-04T23:24:56","guid":{"rendered":"https:\/\/ownpowr.com\/product\/pytes-e-box-48100r\/"},"modified":"2024-10-16T15:58:23","modified_gmt":"2024-10-16T13:58:23","slug":"pytes-e-box-48100r","status":"publish","type":"product","link":"https:\/\/ownpowr.com\/cs\/product\/pytes-e-box-48100r\/","title":{"rendered":"PYTES E-BOX 48100R"},"content":{"rendered":"<p>Dom\u00e1c\u00ed baterie Pytes pro sol\u00e1rn\u00ed panely je lithiov\u00e1 baterie nov\u00e9 generace LFP pro dom\u00e1c\u00ed skladov\u00e1n\u00ed energie.<\/p>\n<p>Tato dom\u00e1c\u00ed baterie je bezpe\u010dn\u00e1, dob\u0159e navr\u017een\u00e1 a v\u00fdkonn\u00e1 standardn\u00ed baterie LFP pro va\u0161i dom\u00e1cnost nebo firmu.<br \/>\nBaterie je kompaktn\u00ed a modul\u00e1rn\u00ed a je vhodn\u00e1 pro va\u0161e sol\u00e1rn\u00ed panely, je kompaktn\u00ed, snadno se instaluje, nevy\u017eaduje \u00fadr\u017ebu a p\u0159i paraleln\u00ed mont\u00e1\u017ei ji lze nasadit jako stavebn\u00ed prvek syst\u00e9mu skladov\u00e1n\u00ed energie. M\u00e1 \u0161irok\u00e9 vyu\u017eit\u00ed v dom\u00e1cnostech pro skladov\u00e1n\u00ed energie, pop\u0159.<br \/>\nmal\u00e9 komer\u010dn\u00ed a pr\u016fmyslov\u00e9 syst\u00e9my skladov\u00e1n\u00ed energie, jako jsou telekomunika\u010dn\u00ed stanice.<\/p>\n<p>Maxim\u00e1ln\u00ed paraleln\u00ed mont\u00e1\u017e je 8 * 5,12 kwh = 40,96 kwh a s p\u0159idan\u00fdm HUBem 56 * 5,12 kwh = 280 KwH.<\/p>\n<p>Vlastnosti dom\u00e1c\u00ed baterie PYTES E-BOX 48100R:<\/p>\n<ol>\n<li><strong>P\u016fsobiv\u00e1 10let\u00e1 z\u00e1ruka:<\/strong> Na tuto dom\u00e1c\u00ed baterii se m\u016f\u017eete spolehnout na dlouhou dobu, proto\u017ee je na ni poskytov\u00e1na solidn\u00ed desetilet\u00e1 z\u00e1ruka.<\/li>\n<li><strong>Chytr\u00fd energetick\u00fd management:<\/strong> PYTES E-BOX 48100R v\u00e1m umo\u017en\u00ed \u00faplnou samospr\u00e1vu va\u0161ich energetick\u00fdch pot\u0159eb. Efektivn\u011b ukl\u00e1d\u00e1 p\u0159ebyte\u010dnou energii vyrobenou ze sol\u00e1rn\u00edch panel\u016f d\u00edky pe\u010dliv\u00e9mu m\u011b\u0159en\u00ed, monitorov\u00e1n\u00ed a \u0159\u00edzen\u00ed procesu. D\u00edky inteligentn\u00edm algoritm\u016fm, kter\u00e9 optimalizuj\u00ed \u017eivotnost syst\u00e9mu, je energie snadno dostupn\u00e1, kdy\u017e ji nejv\u00edce pot\u0159ebujete.<\/li>\n<li><strong>Z\u00e1lo\u017en\u00ed a nouzov\u00e9 nap\u00e1jen\u00ed:<\/strong> Bu\u010fte v klidu, proto\u017ee tato dom\u00e1c\u00ed baterie poskytuje spolehliv\u00e9 z\u00e1lo\u017en\u00ed a nouzov\u00e9 nap\u00e1jen\u00ed p\u0159i v\u00fdpadku s\u00edt\u011b nebo p\u0159i v\u00edce ne\u017e 6000 cyklech, \u010d\u00edm\u017e zaji\u0161\u0165uje dlouhou \u017eivotnost i bezpe\u010dnost.<\/li>\n<li><strong>\u0160irok\u00e1 kompatibilita:<\/strong> Dom\u00e1c\u00ed baterie PYTES E-BOX 48100R je navr\u017eena s ohledem na \u0161irokou kompatibilitu a lze ji snadno integrovat do r\u016fzn\u00fdch sestav.<\/li>\n<li><strong>\u00daspory \u00fa\u010dt\u016f za energie:<\/strong> V dob\u011b mimo \u0161pi\u010dku se dom\u00e1c\u00ed baterie inteligentn\u011b nab\u00edj\u00ed pomoc\u00ed st\u0159\u00edda\u010de a ve \u0161pi\u010dce se vyb\u00edj\u00ed. Tato strategie vede k v\u00fdrazn\u00e9mu sn\u00ed\u017een\u00ed \u00fa\u010dt\u016f za energii v pr\u016fb\u011bhu \u010dasu.<\/li>\n<\/ol>\n<p>Technick\u00e9 specifikace:<\/p>\n<ul>\n<li><strong>Model:<\/strong> 48100R<\/li>\n<li><strong>Chemie baterie:<\/strong> Fosf\u00e1t lithia a \u017eeleza (LFP)<\/li>\n<li><strong>Jmenovit\u00e9 nap\u011bt\u00ed:<\/strong> 51.2V<\/li>\n<li><strong>Rozsah nap\u011bt\u00ed:<\/strong> 47,5 V-57,6 V<\/li>\n<li><strong>Jmenovit\u00e1 kapacita:<\/strong> 100Ah<\/li>\n<li><strong>Jmenovit\u00e1 energie:<\/strong> 5,12 kWh<\/li>\n<li><strong>Rozm\u011bry jednotky:<\/strong> D440 mm x B620 mm x V117 mm (2,6U)<\/li>\n<li><strong>Hmotnost jednotky:<\/strong> 51 kg<\/li>\n<li><strong>Standardn\u00ed nab\u00edjec\u00ed proud:<\/strong> 50A<\/li>\n<li><strong>Maxim\u00e1ln\u00ed nab\u00edjec\u00ed proud:<\/strong> 50A<\/li>\n<li><strong>Standardn\u00ed vyb\u00edjec\u00ed proud:<\/strong> 50A<\/li>\n<li><strong>Maxim\u00e1ln\u00ed rychlost vyb\u00edjen\u00ed:<\/strong> 50A<\/li>\n<li><strong>Efektivita p\u0159i zp\u00e1te\u010dn\u00ed cest\u011b:<\/strong> \u226595%<\/li>\n<li><strong>Komunika\u010dn\u00ed protokoly:<\/strong> RS232, RS485, CAN<\/li>\n<li><strong>\u017divotnost cyklu:<\/strong> \u22656000 cykl\u016f<\/li>\n<li><strong>Kalend\u00e1\u0159 Life:<\/strong> \u226510 let<\/li>\n<li><strong>Provozn\u00ed teplota:<\/strong> -10 \u00b0C a\u017e 50 \u00b0C<\/li>\n<li><strong>Styl p\u0159ipojen\u00ed:<\/strong> Paraleln\u00ed<\/li>\n<li><strong>Teplota skladov\u00e1n\u00ed:<\/strong> Do 1 m\u011bs\u00edce: do 1 m\u011bs\u00edce: -20\u00b0C a\u017e 55\u00b0C, 1-3 m\u011bs\u00edce: 0\u00b0C a\u017e 35\u00b0C, 3-12 m\u011bs\u00edc\u016f: 12 m\u011bs\u00edc\u016f: 20\u00b0C a\u017e 25\u00b0C<\/li>\n<li><strong>Ovl\u00e1dac\u00ed panel:<\/strong> Snadn\u00e9 mo\u017enosti instalace zahrnuj\u00ed samostatnou mont\u00e1\u017e na st\u011bnu pomoc\u00ed dodan\u00fdch dr\u017e\u00e1k\u016f nebo stylov\u00e9 spojen\u00ed s elegantn\u00ed domovn\u00ed sk\u0159\u00ed\u0148kou.<\/li>\n<\/ul>","protected":false},"excerpt":{"rendered":"<p>Dom\u00e1c\u00ed baterie Pytes pro sol\u00e1rn\u00ed panely je lithiov\u00e1 baterie nov\u00e9 generace LFP pro dom\u00e1c\u00ed skladov\u00e1n\u00ed energie. Tato dom\u00e1c\u00ed baterie je bezpe\u010dn\u00e1, dob\u0159e navr\u017een\u00e1 a v\u00fdkonn\u00e1 standardn\u00ed baterie pro [...]<\/p>","protected":false},"featured_media":406,"template":"","meta":{"_seopress_robots_primary_cat":"none","_seopress_titles_title":"The Pytes Home Battery: A Safe, Powerful LFP Lithium Battery for Solar Panels","_seopress_titles_desc":"Experience complete energy self-management with this compact, easy-to-install home battery. Store excess energy, reduce bills, and enjoy a 10-year warranty!","_seopress_robots_index":"","_kad_blocks_custom_css":"","_kad_blocks_head_custom_js":"","_kad_blocks_body_custom_js":"","_kad_blocks_footer_custom_js":""},"product_cat":[17],"product_tag":[],"class_list":{"0":"post-405","1":"product","2":"type-product","3":"status-publish","4":"has-post-thumbnail","6":"product_cat-home-batteries","8":"first","9":"instock","10":"sale","11":"taxable","12":"shipping-taxable","13":"purchasable","14":"product-type-simple"},"taxonomy_info":{"product_cat":[{"value":17,"label":"Home batteries"}]},"featured_image_src_large":["https:\/\/ownpowr.com\/wp-content\/uploads\/2022\/11\/48100R\u8be6\u60c5-920x640_08-420x420-1.jpeg",420,420,false],"author_info":[],"comment_info":"","_links":{"self":[{"href":"https:\/\/ownpowr.com\/cs\/wp-json\/wp\/v2\/product\/405","targetHints":{"allow":["GET"]}}],"collection":[{"href":"https:\/\/ownpowr.com\/cs\/wp-json\/wp\/v2\/product"}],"about":[{"href":"https:\/\/ownpowr.com\/cs\/wp-json\/wp\/v2\/types\/product"}],"wp:featuredmedia":[{"embeddable":true,"href":"https:\/\/ownpowr.com\/cs\/wp-json\/wp\/v2\/media\/406"}],"wp:attachment":[{"href":"https:\/\/ownpowr.com\/cs\/wp-json\/wp\/v2\/media?parent=405"}],"wp:term":[{"taxonomy":"product_cat","embeddable":true,"href":"https:\/\/ownpowr.com\/cs\/wp-json\/wp\/v2\/product_cat?post=405"},{"taxonomy":"product_tag","embeddable":true,"href":"https:\/\/ownpowr.com\/cs\/wp-json\/wp\/v2\/product_tag?post=405"}],"curies":[{"name":"wp","href":"https:\/\/api.w.org\/{rel}","templated":true}]}}