{"id":4066,"date":"2023-10-27T15:05:46","date_gmt":"2023-10-27T13:05:46","guid":{"rendered":"https:\/\/ownpowr.com\/?post_type=product&#038;p=4066"},"modified":"2025-02-27T12:52:29","modified_gmt":"2025-02-27T10:52:29","slug":"deye-micro-inverter-sun600","status":"publish","type":"product","link":"https:\/\/ownpowr.com\/cs\/product\/deye-micro-inverter-sun600-pouze-v-baleni-4-kusy\/","title":{"rendered":"Mikrom\u011bni\u010d Deye-SUN600"},"content":{"rendered":"<div class=\"left column\">\n<h1>DEYE SUN600\/800\/1000G3-US-220\/EU-230 |600-1000W| Jednof\u00e1zov\u00e9 | 2 MPPT | Mikrost\u0159\u00edda\u010d | Rychl\u00e9 vypnut\u00ed<\/h1>\n<p>Vy\u0161\u0161\u00ed v\u00fdnosy \/ Bezpe\u010dn\u00e9 \/ Chytr\u00e9 \/ U\u017eivatelsky p\u0159\u00edv\u011btiv\u00e9<\/p>\n<div class=\"text\">\n<p>SUN 600\/800\/1000G3 je mikroinvertor nov\u00e9 generace s inteligentn\u00edm s\u00ed\u0165ov\u00fdm a monitorovac\u00edm syst\u00e9mem, kter\u00fd zaji\u0161\u0165uje maxim\u00e1ln\u00ed \u00fa\u010dinnost. SUN 600\/800\/1000G3 je optimalizov\u00e1n tak, aby efektivn\u011b vyhovoval dne\u0161n\u00edm fotovoltaick\u00fdm modul\u016fm s vysok\u00fdm v\u00fdkonem a\u017e 500 W a du\u00e1ln\u00edm MPPT. Podporuje tak\u00e9 aplikaci rychl\u00e9ho vypnut\u00ed, \u010d\u00edm\u017e zaji\u0161\u0165uje bezpe\u010dnost va\u0161\u00ed investice.<\/p>\n<\/div>\n<\/div>\n<div class=\"prodet-2\">\n<div class=\"ui container\">\n<div class=\"box grid-box\">\n<div class=\"right column\">\n<h2 class=\"titleBig\">Funkce d\u00e1lkov\u00e9ho vypnut\u00ed<\/h2>\n<h4>Chytr\u00e1 monitorovac\u00ed platforma<\/h4>\n<p>D\u00edky inteligentn\u00ed monitorovac\u00ed platform\u011b podporuj\u00ed produkty \u0159ady Deye okam\u017eit\u00e9 vypnut\u00ed na d\u00e1lku, kdy\u017e dojde k nehod\u011b.Nastaven\u00ed parametr\u016f a aktualizace FW na d\u00e1lku, co\u017e usnad\u0148uje provoz a \u00fadr\u017ebu fotovoltaick\u00e9 elektr\u00e1rny.<\/p>\n<\/div>\n<\/div>\n<\/div>\n<\/div>\n<div class=\"prodet-3\">\n<div class=\"ui container\">\n<div class=\"box grid-box\">\n<div class=\"left column\">\n<div class=\"slick-list draggable\">\n<div class=\"slick-track\">\n<div class=\"slick-slide slick-cloned\" data-slick-index=\"-2\" aria-hidden=\"true\">\n<ul>\n<li>Monitorov\u00e1n\u00ed na \u00farovni modul\u016f, bezpe\u010dn\u011bj\u0161\u00ed a chyt\u0159ej\u0161\u00ed<\/li>\n<li>Max. Vstupn\u00ed stejnosm\u011brn\u00fd proud 13 A, p\u0159izp\u016fsoben\u00fd 500W fotovoltaick\u00e9mu modulu<\/li>\n<li>Funkce rychl\u00e9ho vypnut\u00ed<\/li>\n<li>Stupe\u0148 kryt\u00ed IP67, z\u00e1ruka 10 let<\/li>\n<li>Komunikace PLC, Zigbee nebo WIFI<\/li>\n<li>2 sledova\u010de MPP, monitorov\u00e1n\u00ed na \u00farovni modul\u016f<\/li>\n<\/ul>\n<\/div>\n<div class=\"slick-slide slick-cloned\" data-slick-index=\"-1\" aria-hidden=\"true\">\n<div id=\"av_articleherstbezeichnung\">\n<h1 class=\"av_fontnormal\">DEYE SUN600<\/h1>\n<\/div>\n<div id=\"av_articletext\" class=\"clearfix\"><span class=\"artbesch\">Mal\u00fd m\u011bni\u010d s vysok\u00fdm v\u00fdkonem<br \/>\nInteligentn\u00ed mikrom\u011bni\u010d pro nap\u00e1jen\u00ed dom\u00e1c\u00ed s\u00edt\u011b. Tento st\u0159\u00edda\u010d se snadno nastavuje a konfiguruje. Lze na n\u011bj namontovat sol\u00e1rn\u00ed panely t\u00e9m\u011b\u0159 v\u0161ech v\u00fdrobc\u016f. Ide\u00e1ln\u00ed pro mal\u00e9 sol\u00e1rn\u00ed syst\u00e9my, nap\u0159. na balkonech, zahradn\u00edch domc\u00edch, gar\u00e1\u017e\u00edch nebo na m\u00edstech se st\u00edn\u011bn\u00edm.<\/span><b>Dod\u00e1vka v sou\u010dasn\u00e9 dob\u011b bez spojky a uz\u00e1v\u011bru Betteri! Objednejte si pros\u00edm p\u0159\u00edmo<\/b><\/p>\n<ul type=\"disc\">\n<li>Rozhran\u00ed: WiFi<\/li>\n<li>kompaktn\u00ed design<\/li>\n<li>Mont\u00e1\u017e venku, p\u0159\u00edmo na sol\u00e1rn\u00ed modul<\/li>\n<li>Chlazen\u00ed konvekc\u00ed<\/li>\n<li>Sledov\u00e1n\u00ed maxim\u00e1ln\u00edho bodu v\u00fdkonu (MPPT)<\/li>\n<li>funkce rychl\u00e9ho spu\u0161t\u011bn\u00ed do 12 sekund<\/li>\n<li>bezpe\u010dn\u00e9 d\u00edky funkci rychl\u00e9ho vypnut\u00ed<\/li>\n<li>Monitorov\u00e1n\u00ed zemn\u00edch poruch<\/li>\n<li>Monitorov\u00e1n\u00ed s\u00edt\u011b<\/li>\n<li>monitorov\u00e1n\u00ed zbytkov\u00e9ho proudu<\/li>\n<li>T\u0159\u00edda ochrany IP 67<\/li>\n<\/ul>\n<p>&nbsp;<\/p>\n<p><b>Chytr\u00e9 monitorov\u00e1n\u00ed:<\/b><br \/>\nSledujte sv\u00e9 \u00fasp\u011bchy kdykoli! Integrovan\u00e9 rozhran\u00ed WLAN umo\u017e\u0148uje za\u010dlenit tento m\u011bni\u010d do s\u00edt\u011b.<br \/>\nP\u0159\u00edstup p\u0159es aplikaci SOLARMAN je mo\u017en\u00fd pomoc\u00ed chytr\u00e9ho telefonu nebo tabletu. Krom\u011b toho je mo\u017en\u00fd p\u0159\u00edstup p\u0159es prohl\u00ed\u017ee\u010d pomoc\u00ed va\u0161eho koncov\u00e9ho za\u0159\u00edzen\u00ed.<\/p>\n<p><b>Sledov\u00e1n\u00ed MPPT:<\/b><br \/>\nMaxim\u00e1ln\u00ed v\u00fdnosy za jak\u00fdchkoli pov\u011btrnostn\u00edch podm\u00ednek. A\u0165 u\u017e je po\u010das\u00ed \u0161patn\u00e9 nebo \u010d\u00e1ste\u010dn\u011b zast\u00edn\u011bn\u00e9, modern\u00ed technologie a nejnov\u011bj\u0161\u00ed \u0159et\u011bzcov\u00e1 technologie st\u0159\u00edda\u010de zaji\u0161\u0165uj\u00ed optim\u00e1ln\u00ed v\u00fdnosy.<\/p>\n<p><b>Snadno roz\u0161i\u0159iteln\u00fd:<\/b><br \/>\nSyst\u00e9m s t\u00edmto mikrom\u011bni\u010dem lze kdykoli roz\u0161\u00ed\u0159it o dal\u0161\u00ed mikrom\u011bni\u010de. Dal\u0161\u00ed st\u0159\u00edda\u010d se jednodu\u0161e p\u0159ipoj\u00ed ke st\u00e1vaj\u00edc\u00edmu mikrost\u0159\u00edda\u010di pomoc\u00ed z\u00e1str\u010dky Betteri.<\/p>\n<p><b>Certifikov\u00e1no podle VDE:<\/b><br \/>\nMikrom\u011bni\u010d je certifikov\u00e1n podle VDE-AR-N-4105:2018 a m\u016f\u017ee b\u00fdt provozov\u00e1n v N\u011bmecku. Obsahuje ochranu NA, p\u0159i odpojen\u00ed od s\u00edt\u011b se okam\u017eit\u011b vypne.<\/p>\n<p><b>WLAN:<\/b><br \/>\nV mikrom\u011bni\u010di je integrov\u00e1n modul WLAN. To znamen\u00e1, \u017ee k nav\u00e1z\u00e1n\u00ed spojen\u00ed nen\u00ed pot\u0159eba \u017e\u00e1dn\u00fd dal\u0161\u00ed hardware. Pomoc\u00ed aplikace SOLARMAN m\u016f\u017eete \u017eiv\u011b sledovat sv\u00e9 v\u00fdnosy a graficky je vizualizovat a analyzovat. Heslo WLAN pro st\u0159\u00edda\u010d Deye je \"12345678\" a mus\u00ed b\u00fdt zad\u00e1no jednou p\u0159i integraci do aplikace Solarman. \u017d\u00e1dn\u00e1 dal\u0161\u00ed za\u0159\u00edzen\u00ed nejsou pro m\u011b\u0159en\u00ed energie pot\u0159eba!<\/p>\n<p><b>Mont\u00e1\u017e:<\/b><br \/>\nM\u011bni\u010d m\u00e1 kryt\u00ed IP 67 a je mimo\u0159\u00e1dn\u011b robustn\u00ed a odoln\u00fd. St\u0159\u00edda\u010d se jednodu\u0161e namontuje venku spolu se sol\u00e1rn\u00edm modulem.<\/p>\n<p><b>P\u0159ipojen\u00ed na st\u0159\u00eddav\u00fd proud:<\/b><br \/>\nPro p\u0159ipojen\u00ed k dom\u00e1c\u00ed s\u00edti je na stran\u011b za\u0159\u00edzen\u00ed p\u0159ilo\u017eena z\u00e1str\u010dka Betteri pro volnou mont\u00e1\u017e.<\/p>\n<p><b>Stejnosm\u011brn\u00fd vstup - sol\u00e1rn\u00ed strana:<\/b><br \/>\nP\u0159\u00edkon: 210 W - 400 W<br \/>\nMax. Vstupn\u00ed nap\u011bt\u00ed: 60 V DC<br \/>\nMax. Vstupn\u00ed proud: 16 A<br \/>\n\u0158\u00edzen\u00ed MPP: Ano<br \/>\nP\u0159ipojen\u00ed stejnosm\u011brn\u00e9ho proudu: Ano<br \/>\nP\u0159ipojen\u00ed: MC4<\/p>\n<p><b>V\u00fdstup AC - s\u00ed\u0165ov\u00fd v\u00fdstup:<\/b><br \/>\nJmenovit\u00fd v\u00fdkon: 600 W (230 V\/50 Hz)<br \/>\nJmenovit\u00e9 v\u00fdstupn\u00ed nap\u011bt\u00ed: 230 V<br \/>\nV\u00fdstupn\u00ed proud: max. 2.9 A<br \/>\nP\u0159ipojen\u00ed: Betteri<\/p>\n<p><b>Za\u0159\u00edzen\u00ed:<\/b><br \/>\nRozm\u011bry (Vx\u0160xH): 229 x 212 x 40 mm<br \/>\nHmotnost: 3,5 kg<br \/>\nNo\u010dn\u00ed spot\u0159eba: &lt; 50 mW<\/p>\n<p><b>Rozsah dod\u00e1vky:<\/b><br \/>\n1x SUN600<br \/>\n1x ant\u00e9na WLAN<br \/>\n1x manu\u00e1l (anglicky)<\/p>\n<p><b>D\u016fle\u017eit\u00e9:<\/b><br \/>\nKonfiguraci, \u00fapravu nap\u00e1jec\u00edch veden\u00ed \/ domovn\u00edch p\u0159\u00edpojek doporu\u010dujeme v\u017edy konzultovat s kvalifikovan\u00fdm person\u00e1lem. Spole\u010dnost reichelt elektronik GmbH &amp; Co. KG nep\u0159eb\u00edr\u00e1 \u017e\u00e1dnou odpov\u011bdnost. P\u0159ed n\u00e1kupem a p\u0159ipojen\u00edm se pros\u00edm informujte.<\/p>\n<div id=\"clipvideo\"><strong>Dal\u0161\u00ed informace:<\/strong><\/div>\n<div><a href=\"https:\/\/storeyourownpower.com\/wp-content\/uploads\/2022\/12\/Datasheet-English-microinverter.pdf\" target=\"_blank\" rel=\"noopener\">Datov\u00fd list \u010cesk\u00fd mikroinvertor<\/a><\/div>\n<div><a href=\"https:\/\/storeyourownpower.com\/wp-content\/uploads\/2022\/12\/User-Manual-Deye-microinverter.pdf\" target=\"_blank\" rel=\"noopener\">U\u017eivatelsk\u00e1 p\u0159\u00edru\u010dka Deye microinverter<\/a><\/div>\n<\/div>\n<\/div>\n<\/div>\n<\/div>\n<\/div>\n<\/div>\n<\/div>\n<\/div>","protected":false},"excerpt":{"rendered":"<p>DEYE SUN600\/800\/1000G3-US-220\/EU-230 |600-1000W| Jednof\u00e1zov\u00fd | 2 MPPT | Mikrost\u0159\u00edda\u010d | Rychl\u00e9 vypnut\u00ed Vy\u0161\u0161\u00ed v\u00fdnosy \/ Bezpe\u010dn\u00fd \/ Chytr\u00fd \/ U\u017eivatelsky p\u0159\u00edv\u011btiv\u00fd SUN 600\/800\/1000G3 je nov\u00e1 generace s\u00ed\u0165ov\u00e9ho mikrost\u0159\u00edda\u010de s [...]<\/p>","protected":false},"featured_media":4069,"template":"","meta":{"_seopress_robots_primary_cat":"none","_seopress_titles_title":"DEYE SUN600\/800\/1000G3-US-220\/EU-230 |600-1000W| Single Phase | 2 MPPT | Micro-Inverter | Rapid Shutdown","_seopress_titles_desc":"Get the DEYE SUN600\/800\/1000G3 microinverter for maximum efficiency and safe solar energy production. Supports rapid shutdown and smart monitoring.","_seopress_robots_index":"","_kad_blocks_custom_css":"","_kad_blocks_head_custom_js":"","_kad_blocks_body_custom_js":"","_kad_blocks_footer_custom_js":""},"product_cat":[18],"product_tag":[],"class_list":{"0":"post-4066","1":"product","2":"type-product","3":"status-publish","4":"has-post-thumbnail","6":"product_cat-hybrid-inverters","8":"first","9":"instock","10":"sale","11":"taxable","12":"shipping-taxable","13":"purchasable","14":"product-type-simple"},"taxonomy_info":{"product_cat":[{"value":18,"label":"Hybrid inverters"}]},"featured_image_src_large":["https:\/\/ownpowr.com\/wp-content\/uploads\/2023\/10\/deye-microinveretr.webp",420,420,false],"author_info":[],"comment_info":"","_links":{"self":[{"href":"https:\/\/ownpowr.com\/cs\/wp-json\/wp\/v2\/product\/4066","targetHints":{"allow":["GET"]}}],"collection":[{"href":"https:\/\/ownpowr.com\/cs\/wp-json\/wp\/v2\/product"}],"about":[{"href":"https:\/\/ownpowr.com\/cs\/wp-json\/wp\/v2\/types\/product"}],"wp:featuredmedia":[{"embeddable":true,"href":"https:\/\/ownpowr.com\/cs\/wp-json\/wp\/v2\/media\/4069"}],"wp:attachment":[{"href":"https:\/\/ownpowr.com\/cs\/wp-json\/wp\/v2\/media?parent=4066"}],"wp:term":[{"taxonomy":"product_cat","embeddable":true,"href":"https:\/\/ownpowr.com\/cs\/wp-json\/wp\/v2\/product_cat?post=4066"},{"taxonomy":"product_tag","embeddable":true,"href":"https:\/\/ownpowr.com\/cs\/wp-json\/wp\/v2\/product_tag?post=4066"}],"curies":[{"name":"wp","href":"https:\/\/api.w.org\/{rel}","templated":true}]}}