{"id":418,"date":"2023-10-04T16:42:57","date_gmt":"2023-10-04T14:42:57","guid":{"rendered":"https:\/\/ownpowr.com\/product\/pylontech-force-h1-21-31\/"},"modified":"2025-06-03T11:10:17","modified_gmt":"2025-06-03T09:10:17","slug":"pylontech-force-h1-21-31","status":"publish","type":"product","link":"https:\/\/ownpowr.com\/cs\/product\/pylontech-force-h1-21-31\/","title":{"rendered":"Pylontech Force H1 21.31 V2"},"content":{"rendered":"<p>P\u0159edstavujeme vysokonap\u011b\u0165ov\u00fd bateriov\u00fd modul Pylontech Force H1 21,31 kWh:<\/p>\n<p><strong>Kl\u00ed\u010dov\u00e9 vlastnosti:<\/strong><\/p>\n<ul>\n<li><strong>Konfigurace baterie:<\/strong> 6 x modul Force H1 3,55 kWh + 1 x BMU Force H1 Base<\/li>\n<li><strong>Celkov\u00e1 vyu\u017eiteln\u00e1 kapacita:<\/strong> 21,31 kWh<\/li>\n<li><strong>Vertik\u00e1ln\u00ed pr\u016fmyslov\u00e1 integrace:<\/strong> Poskytuje v\u00edce ne\u017e 6000 cykl\u016f s hloubkou vybit\u00ed (DoD) 90%, co\u017e zaji\u0161\u0165uje dlouhotrvaj\u00edc\u00ed v\u00fdkon.<\/li>\n<li><strong>Modul\u00e1rn\u00ed design:<\/strong> Umo\u017e\u0148uje koncov\u00fdm z\u00e1kazn\u00edk\u016fm zvolit si po\u017eadovanou kapacitu, co\u017e umo\u017e\u0148uje flexibiln\u00ed \u0161k\u00e1lov\u00e1n\u00ed.<\/li>\n<li><strong>Kompatibilita:<\/strong> Kompatibiln\u00ed s v\u011bt\u0161inou dostupn\u00fdch hybridn\u00edch st\u0159\u00edda\u010d\u016f, co\u017e zaji\u0161\u0165uje bezprobl\u00e9movou integraci se st\u00e1vaj\u00edc\u00edmi syst\u00e9my.<\/li>\n<li><strong>Zkr\u00e1cen\u00e1 instalace:<\/strong> Minimalizuje \u010das a n\u00e1klady na instalaci a zjednodu\u0161uje proces nastaven\u00ed.<\/li>\n<li><strong>V\u0161estrann\u00fd design:<\/strong> Vhodn\u00e9 pro vnit\u0159n\u00ed i venkovn\u00ed instalace, kter\u00e9 nab\u00edzej\u00ed flexibilitu p\u0159i um\u00edst\u011bn\u00ed.<\/li>\n<\/ul>\n<p><strong>Popis produktu: Vhodn\u00fd k pou\u017eit\u00ed v dom\u00e1cnosti:<\/strong><\/p>\n<p>Pylontech Force H1 je nejnov\u011bj\u0161\u00ed bateriov\u00fd modul syst\u00e9mu HESS (High Energy Storage System), kter\u00fd byl navr\u017een tak, aby vyhovoval m\u011bn\u00edc\u00edm se pot\u0159eb\u00e1m koncov\u00fdch u\u017eivatel\u016f. Obsahuje n\u011bkolik kl\u00ed\u010dov\u00fdch vlastnost\u00ed, kter\u00e9 jej odli\u0161uj\u00ed:<\/p>\n<ul>\n<li><strong>Dlouh\u00e1 \u017eivotnost:<\/strong> Charakteristika \"dlouh\u00e1 \u017eivotnost\" zaji\u0161\u0165uje odolnost syst\u00e9mu, tak\u017ee je spolehlivou volbou pro dlouhodob\u00e9 skladov\u00e1n\u00ed energie.<\/li>\n<li><strong>Vysok\u00e1 hustota energie a v\u00fdkonu:<\/strong> Force H1 se m\u016f\u017ee pochlubit nejvy\u0161\u0161\u00ed energetickou a v\u00fdkonovou hustotou v oboru, \u010d\u00edm\u017e maximalizuje kapacitu pro ukl\u00e1d\u00e1n\u00ed energie v kompaktn\u00edm proveden\u00ed.<\/li>\n<li><strong>Snadn\u00e1 instalace:<\/strong> Syst\u00e9m je navr\u017een pro snadnou instalaci a roz\u0161\u00ed\u0159en\u00ed, co\u017e zjednodu\u0161uje proces nastaven\u00ed pro koncov\u00e9 u\u017eivatele.<\/li>\n<li><strong>\u0160k\u00e1lovatelnost:<\/strong> U\u017eivatel\u00e9 mohou za\u010d\u00edt s pouh\u00fdmi 2 moduly bateri\u00ed Force H1 a pozd\u011bji je roz\u0161\u00ed\u0159it o dal\u0161\u00ed moduly, co\u017e nab\u00edz\u00ed mo\u017enost \u0161k\u00e1lov\u00e1n\u00ed podle m\u011bn\u00edc\u00edch se po\u017eadavk\u016f na energii.<\/li>\n<li><strong>Z\u00e1ruka v\u00fdrobce:<\/strong> Na v\u00fdrobek je poskytov\u00e1na desetilet\u00e1 z\u00e1ruka v\u00fdrobce, kter\u00e1 zaru\u010duje klid a spolehlivost v\u00fdrobku. Pro aktivaci z\u00e1ruky je nutn\u00e1 registrace a podrobnosti naleznete na webov\u00fdch str\u00e1nk\u00e1ch v\u00fdrobce.<\/li>\n<\/ul>\n<p>Pylontech Force H1 je ide\u00e1ln\u00ed volbou pro \u0159e\u0161en\u00ed skladov\u00e1n\u00ed energie v obytn\u00fdch a komer\u010dn\u00edch prostor\u00e1ch. Jeho univerz\u00e1ln\u00ed design, vysok\u00fd v\u00fdkon a \u0161k\u00e1lovatelnost z n\u011bj \u010din\u00ed cenn\u00fd dopln\u011bk jak\u00e9hokoli syst\u00e9mu \u0159\u00edzen\u00ed energie. A\u0165 u\u017e jde o z\u00e1lo\u017en\u00ed nap\u00e1jen\u00ed p\u0159i v\u00fdpadc\u00edch nebo optimalizaci spot\u0159eby energie, Force H1 poskytuje spolehliv\u00e9 a efektivn\u00ed \u0159e\u0161en\u00ed pro ukl\u00e1d\u00e1n\u00ed energie.<\/p>\n<p><a href=\"https:\/\/storeyourownpower.com\/wp-content\/uploads\/2022\/10\/Datasheet-English-2.pdf\" target=\"_blank\" rel=\"noopener\">Datov\u00fd list Angli\u010dtina<\/a><br \/>\n<a href=\"https:\/\/storeyourownpower.com\/wp-content\/uploads\/2022\/10\/Compatibility-list-English.pdf\" target=\"_blank\" rel=\"noopener\">Seznam kompatibility \u010ce\u0161tina<\/a><br \/>\n<a href=\"https:\/\/storeyourownpower.com\/wp-content\/uploads\/2022\/10\/Operation-manual-English.pdf\" target=\"_blank\" rel=\"noopener\">N\u00e1vod k obsluze \u010cesky<\/a><br \/>\n<a href=\"https:\/\/storeyourownpower.com\/wp-content\/uploads\/2022\/10\/Consumer-Warranty.pdf\" target=\"_blank\" rel=\"noopener\">Spot\u0159ebitelsk\u00e1 z\u00e1ruka<\/a><\/p>","protected":false},"excerpt":{"rendered":"<p>P\u0159edstavujeme vysokonap\u011b\u0165ov\u00fd bateriov\u00fd modul Pylontech Force H1 21,31 kWh: Kl\u00ed\u010dov\u00e9 vlastnosti: Konfigurace baterie: Force H1 3,55 kWh + 1 x z\u00e1kladna BMU Force H1 Celkem [...]<\/p>","protected":false},"featured_media":419,"template":"","meta":{"_seopress_robots_primary_cat":"none","_seopress_titles_title":"Pylontech Force H1 21.31kWh Battery Module - High Voltage","_seopress_titles_desc":"The latest HESS battery system with long life, highest energy density, easy installation, and compatibility with most hybrid inverters.","_seopress_robots_index":"","_kad_blocks_custom_css":"","_kad_blocks_head_custom_js":"","_kad_blocks_body_custom_js":"","_kad_blocks_footer_custom_js":""},"product_cat":[17],"product_tag":[],"class_list":{"0":"post-418","1":"product","2":"type-product","3":"status-publish","4":"has-post-thumbnail","6":"product_cat-home-batteries","8":"first","9":"instock","10":"sale","11":"taxable","12":"shipping-taxable","13":"purchasable","14":"product-type-simple"},"taxonomy_info":{"product_cat":[{"value":17,"label":"Home batteries"}]},"featured_image_src_large":["https:\/\/ownpowr.com\/wp-content\/uploads\/2022\/11\/Pylontech-Force-H1-10501-img-1.jpg",553,371,false],"author_info":[],"comment_info":"","_links":{"self":[{"href":"https:\/\/ownpowr.com\/cs\/wp-json\/wp\/v2\/product\/418","targetHints":{"allow":["GET"]}}],"collection":[{"href":"https:\/\/ownpowr.com\/cs\/wp-json\/wp\/v2\/product"}],"about":[{"href":"https:\/\/ownpowr.com\/cs\/wp-json\/wp\/v2\/types\/product"}],"wp:featuredmedia":[{"embeddable":true,"href":"https:\/\/ownpowr.com\/cs\/wp-json\/wp\/v2\/media\/419"}],"wp:attachment":[{"href":"https:\/\/ownpowr.com\/cs\/wp-json\/wp\/v2\/media?parent=418"}],"wp:term":[{"taxonomy":"product_cat","embeddable":true,"href":"https:\/\/ownpowr.com\/cs\/wp-json\/wp\/v2\/product_cat?post=418"},{"taxonomy":"product_tag","embeddable":true,"href":"https:\/\/ownpowr.com\/cs\/wp-json\/wp\/v2\/product_tag?post=418"}],"curies":[{"name":"wp","href":"https:\/\/api.w.org\/{rel}","templated":true}]}}