{"id":429,"date":"2023-10-04T16:42:58","date_gmt":"2023-10-04T14:42:58","guid":{"rendered":"https:\/\/ownpowr.com\/product\/pylontech-force-h1-3-55kwh-battery\/"},"modified":"2025-03-27T12:51:37","modified_gmt":"2025-03-27T10:51:37","slug":"pylontech-force-h1-3-55kwh-battery","status":"publish","type":"product","link":"https:\/\/ownpowr.com\/cs\/product\/pylontech-force-h1-3-55kwh-baterie\/","title":{"rendered":"Pylontech force H1 3,55kWh baterie V2"},"content":{"rendered":"<h3>Pylontech Force H1 3,55 kWh bateriov\u00fd modul - vysok\u00e9 nap\u011bt\u00ed<\/h3>\n<p>Force H1 je nejnov\u011bj\u0161\u00ed bateriov\u00fd syst\u00e9m HESS dod\u00e1van\u00fd spole\u010dnost\u00ed Pylontech. Charakter \"dlouh\u00e9 \u017eivotnosti\", nejvy\u0161\u0161\u00ed hustota energie a v\u00fdkonu v oboru, m\u00f3dn\u00ed design, snadn\u00e1 instalace a roz\u0161\u00ed\u0159en\u00ed, to v\u0161e odr\u00e1\u017e\u00ed skute\u010dn\u00e9 po\u017eadavky koncov\u00fdch u\u017eivatel\u016f a nejsiln\u011bj\u0161\u00ed technick\u00e9 mo\u017enosti spole\u010dnosti Pylontech.<\/p>\n<p>Pylontech Bateriov\u00fd modul Force H1 3,55 kWh k sestaven\u00ed 1 stohu Force H1 ze 2 a\u017e 7 s\u00e9riov\u011b zapojen\u00fdch bateriov\u00fdch modul\u016f Force H1 pro dosa\u017een\u00ed vyu\u017eiteln\u00e9 kapacity 7,1 a\u017e 24,86 kWh. Mo\u017enost pozd\u011bj\u0161\u00edho roz\u0161\u00ed\u0159en\u00ed p\u0159id\u00e1n\u00edm modul\u016f Force H1.<\/p>\n<p>\u2714 Vertik\u00e1ln\u00ed pr\u016fmyslov\u00e1 integrace poskytuje v\u00edce ne\u017e 6000 cykl\u016f s 90% DoD<\/p>\n<p>\u2714 Modul\u00e1rn\u00ed konstrukce umo\u017e\u0148uje koncov\u00fdm z\u00e1kazn\u00edk\u016fm zvolit si kapacitu<\/p>\n<p>\u2714 Kompatibiln\u00ed s v\u011bt\u0161inou dostupn\u00fdch hybridn\u00edch m\u011bni\u010d\u016f<\/p>\n<p>\u2714 Rychl\u00e9 odpojen\u00ed minimalizuje \u010das a n\u00e1klady na instalaci<\/p>\n<p>\u2714 P\u011bkn\u00fd design - vhodn\u00fd pro vnit\u0159n\u00ed i venkovn\u00ed instalaci<\/p>\n<p>*10 let z\u00e1ruky v\u00fdrobce po \u00fasp\u011b\u0161n\u00e9 registraci na adrese <a href=\"http:\/\/en.pylontech.com.cn\/service\/support\">http:\/\/en.pylontech.com.cn\/service\/support<\/a> a v souladu s podm\u00ednkami uveden\u00fdmi v dokumentu \"Omezen\u00e1 z\u00e1ruka\", kter\u00fd je spojen s touto polo\u017ekou.<\/p>\n<p><a href=\"https:\/\/storeyourownpower.com\/wp-content\/uploads\/2022\/10\/Datasheet-English-2.pdf\" target=\"_blank\" rel=\"noopener\">Datov\u00fd list Angli\u010dtina<\/a><br \/>\n<a href=\"https:\/\/storeyourownpower.com\/wp-content\/uploads\/2022\/10\/Compatibility-list-English.pdf\" target=\"_blank\" rel=\"noopener\">Seznam kompatibility \u010ce\u0161tina<\/a><br \/>\n<a href=\"https:\/\/storeyourownpower.com\/wp-content\/uploads\/2022\/10\/Operation-manual-English.pdf\" target=\"_blank\" rel=\"noopener\">N\u00e1vod k obsluze \u010cesky<\/a><br \/>\n<a href=\"https:\/\/storeyourownpower.com\/wp-content\/uploads\/2022\/10\/Consumer-Warranty.pdf\" target=\"_blank\" rel=\"noopener\">Spot\u0159ebitelsk\u00e1 z\u00e1ruka<\/a><\/p>","protected":false},"excerpt":{"rendered":"<p>Pylontech Force H1 3,55 kWh bateriov\u00fd modul - vysok\u00e9 nap\u011bt\u00ed Force H1 je nejnov\u011bj\u0161\u00ed bateriov\u00fd syst\u00e9m HESS dod\u00e1van\u00fd spole\u010dnost\u00ed Pylontech. Vyzna\u010duje se \"dlouhou \u017eivotnost\u00ed\", nejvy\u0161\u0161\u00ed energi\u00ed a v\u00fdkonem [...]<\/p>","protected":false},"featured_media":430,"template":"","meta":{"_seopress_robots_primary_cat":"none","_seopress_titles_title":"Pylontech Force H1 3.55kWh Battery Module - High Voltage","_seopress_titles_desc":"The latest HESS battery system with industry-leading features. Easily expandable, high energy density, and compatible with most hybrid inverters. 10-year warranty.","_seopress_robots_index":"","_kad_blocks_custom_css":"","_kad_blocks_head_custom_js":"","_kad_blocks_body_custom_js":"","_kad_blocks_footer_custom_js":""},"product_cat":[17],"product_tag":[],"class_list":{"0":"post-429","1":"product","2":"type-product","3":"status-publish","4":"has-post-thumbnail","6":"product_cat-home-batteries","8":"first","9":"instock","10":"sale","11":"taxable","12":"shipping-taxable","13":"purchasable","14":"product-type-simple"},"taxonomy_info":{"product_cat":[{"value":17,"label":"Home batteries"}]},"featured_image_src_large":["https:\/\/ownpowr.com\/wp-content\/uploads\/2022\/11\/Pylontech-Force-H1-3.55kWh-Battery-Module-10484-img.png",553,347,false],"author_info":[],"comment_info":"","_links":{"self":[{"href":"https:\/\/ownpowr.com\/cs\/wp-json\/wp\/v2\/product\/429","targetHints":{"allow":["GET"]}}],"collection":[{"href":"https:\/\/ownpowr.com\/cs\/wp-json\/wp\/v2\/product"}],"about":[{"href":"https:\/\/ownpowr.com\/cs\/wp-json\/wp\/v2\/types\/product"}],"wp:featuredmedia":[{"embeddable":true,"href":"https:\/\/ownpowr.com\/cs\/wp-json\/wp\/v2\/media\/430"}],"wp:attachment":[{"href":"https:\/\/ownpowr.com\/cs\/wp-json\/wp\/v2\/media?parent=429"}],"wp:term":[{"taxonomy":"product_cat","embeddable":true,"href":"https:\/\/ownpowr.com\/cs\/wp-json\/wp\/v2\/product_cat?post=429"},{"taxonomy":"product_tag","embeddable":true,"href":"https:\/\/ownpowr.com\/cs\/wp-json\/wp\/v2\/product_tag?post=429"}],"curies":[{"name":"wp","href":"https:\/\/api.w.org\/{rel}","templated":true}]}}