{"id":441,"date":"2022-11-11T10:09:58","date_gmt":"2022-11-11T08:09:58","guid":{"rendered":"https:\/\/ownpowr.com\/product\/solax-triple-power-battery-t30\/"},"modified":"2025-07-21T08:10:39","modified_gmt":"2025-07-21T06:10:39","slug":"solax-triple-power-battery-t30","status":"publish","type":"product","link":"https:\/\/ownpowr.com\/cs\/product\/baterie-solax-triple-power-t30\/","title":{"rendered":"SolaX Power Triple Power 3.0 3kWh SolarStorage"},"content":{"rendered":"<p>Trojit\u00e1 baterie Solax T30 3,0 kWh V2 je pouze baterie bez syst\u00e9mu \u0159\u00edzen\u00ed baterie.<\/p>\n<p>Informace:<\/p>\n<p>Jmenovit\u00e1 kapacita (kWh): 3.1<br \/>\nU\u017eitn\u00fd v\u00fdkon (kWh): 2.79<br \/>\nMax. V\u00fdkon (kW): 3.1<br \/>\nNap\u011bt\u00ed (V): 102.4<br \/>\nMax. Nab\u00edjec\u00ed proud (A): 30<br \/>\nMax. Vyb\u00edjec\u00ed proud (A): 30<\/p>\n<p><a href=\"https:\/\/storeyourownpower.com\/wp-content\/uploads\/2022\/08\/Datasheet-English.pdf\" target=\"_blank\" rel=\"noopener\">Datov\u00fd list Angli\u010dtina<\/a><br \/>\n<a href=\"https:\/\/storeyourownpower.com\/wp-content\/uploads\/2022\/08\/Datasheet-German.pdf\" target=\"_blank\" rel=\"noopener\">Datov\u00fd list n\u011bmecky<\/a><br \/>\n<a href=\"https:\/\/storeyourownpower.com\/wp-content\/uploads\/2022\/08\/Mounting-instructions-English.pdf\" target=\"_blank\" rel=\"noopener\">N\u00e1vod k mont\u00e1\u017ei \u010cesky<\/a><br \/>\n<a href=\"https:\/\/storeyourownpower.com\/wp-content\/uploads\/2022\/08\/Mounting-instructions-German.pdf\" target=\"_blank\" rel=\"noopener\">N\u00e1vod k mont\u00e1\u017ei n\u011bmecky<\/a><br \/>\n<a href=\"https:\/\/storeyourownpower.com\/wp-content\/uploads\/2022\/08\/Operations-manual-English.pdf\" target=\"_blank\" rel=\"noopener\">N\u00e1vod k obsluze \u010cesky<\/a><br \/>\n<a href=\"https:\/\/storeyourownpower.com\/wp-content\/uploads\/2022\/08\/Operations-manual-German.pdf\" target=\"_blank\" rel=\"noopener\">N\u00e1vod k obsluze n\u011bmecky<\/a><br \/>\n<a href=\"https:\/\/storeyourownpower.com\/wp-content\/uploads\/2022\/08\/Warranty-terms-English.pdf\" target=\"_blank\" rel=\"noopener\">Z\u00e1ru\u010dn\u00ed podm\u00ednky \u010ce\u0161tina<\/a><\/p>","protected":false},"excerpt":{"rendered":"<p>Trojit\u00e1 baterie Solax T30 3,0 kWh V2 je pouze baterie bez syst\u00e9mu \u0159\u00edzen\u00ed baterie. Informace: Jmenovit\u00e1 kapacita (kWh): U\u017eitn\u00fd v\u00fdkon (kWh): 3,1: (kWh): 2,79 Max. V\u00fdkon (kW): max: [...]<\/p>","protected":false},"featured_media":442,"template":"","meta":{"_seopress_robots_primary_cat":"none","_seopress_titles_title":"","_seopress_titles_desc":"","_seopress_robots_index":"","_kad_blocks_custom_css":"","_kad_blocks_head_custom_js":"","_kad_blocks_body_custom_js":"","_kad_blocks_footer_custom_js":""},"product_cat":[17],"product_tag":[],"class_list":{"0":"post-441","1":"product","2":"type-product","3":"status-publish","4":"has-post-thumbnail","6":"product_cat-home-batteries","8":"first","9":"outofstock","10":"sale","11":"taxable","12":"shipping-taxable","13":"purchasable","14":"product-type-simple"},"taxonomy_info":{"product_cat":[{"value":17,"label":"Home batteries"}]},"featured_image_src_large":["https:\/\/ownpowr.com\/wp-content\/uploads\/2022\/11\/huts.jpeg",600,540,false],"author_info":[],"comment_info":"","_links":{"self":[{"href":"https:\/\/ownpowr.com\/cs\/wp-json\/wp\/v2\/product\/441","targetHints":{"allow":["GET"]}}],"collection":[{"href":"https:\/\/ownpowr.com\/cs\/wp-json\/wp\/v2\/product"}],"about":[{"href":"https:\/\/ownpowr.com\/cs\/wp-json\/wp\/v2\/types\/product"}],"wp:featuredmedia":[{"embeddable":true,"href":"https:\/\/ownpowr.com\/cs\/wp-json\/wp\/v2\/media\/442"}],"wp:attachment":[{"href":"https:\/\/ownpowr.com\/cs\/wp-json\/wp\/v2\/media?parent=441"}],"wp:term":[{"taxonomy":"product_cat","embeddable":true,"href":"https:\/\/ownpowr.com\/cs\/wp-json\/wp\/v2\/product_cat?post=441"},{"taxonomy":"product_tag","embeddable":true,"href":"https:\/\/ownpowr.com\/cs\/wp-json\/wp\/v2\/product_tag?post=441"}],"curies":[{"name":"wp","href":"https:\/\/api.w.org\/{rel}","templated":true}]}}