{"id":4519,"date":"2023-11-01T11:34:21","date_gmt":"2023-11-01T09:34:21","guid":{"rendered":"https:\/\/ownpowr.com\/?post_type=product&#038;p=4519"},"modified":"2026-04-16T13:25:20","modified_gmt":"2026-04-16T11:25:20","slug":"deye-gb-lm4-0-battery-module","status":"publish","type":"product","link":"https:\/\/ownpowr.com\/cs\/product\/bateriovy-modul-deye-gb-lm4-0\/","title":{"rendered":"Deye GB-LM4.0 bateriov\u00fd modul"},"content":{"rendered":"<p>Vysokonap\u011b\u0165ov\u00fd bateriov\u00fd modul Deye GB-LM4.0 lze stohovat (viz datov\u00fd list) na \u0159adu GB-SL a GB-L deye.<\/p>\n<p>GB-LM4.0 Bateriov\u00fd modul pro vysokonap\u011b\u0165ovou baterii clusteru GB-L 4kWh (HV) LiFePO4 | 40ah sol\u00e1rn\u00ed baterie<br \/>\n<strong>Bezpe\u010dnost a zabezpe\u010den\u00ed<\/strong><br \/>\nVestav\u011bn\u00e9 za\u0159\u00edzen\u00ed pro odvzdu\u0161n\u011bn\u00ed p\u0159i v\u00fdbuchu, kter\u00e9 odv\u00e1d\u00ed plyn, a vestav\u011bn\u00e9 protipo\u017e\u00e1rn\u00ed za\u0159\u00edzen\u00ed, kter\u00e9 na 3 sekundy vypne zdroj ohn\u011b.<br \/>\n<strong>Vysokonap\u011b\u0165ov\u00fd kom\u00edn<\/strong><br \/>\nModuly jsou zapojeny do s\u00e9rie bez kabelov\u00e9ho propojen\u00ed a vysokonap\u011b\u0165ov\u00e1 platforma zvy\u0161uje \u00fa\u010dinnost syst\u00e9mu.<br \/>\n<strong>Tepeln\u00e9 \u0159\u00edzen\u00ed<\/strong><br \/>\nDetekce teploty kl\u00ed\u010dov\u00fdch \u010d\u00e1st\u00ed, \u010dl\u00e1nk\u016f, nap\u00e1jec\u00edch konektor\u016f atd.<br \/>\n<strong>Provoz v \u0161irok\u00e9m rozsahu teplot<\/strong><br \/>\nFunkce oh\u0159evu je voliteln\u00e1, aby vyhovovala sc\u00e9n\u00e1\u0159\u016fm pou\u017eit\u00ed s n\u00edzkou teplotou a nosn\u00fdm senzorem.<br \/>\n<strong>\u0160etrnost k \u017eivotn\u00edmu prost\u0159ed\u00ed<\/strong><br \/>\nStupe\u0148 kryt\u00ed IP 65, stupe\u0148 ochrany proti korozi \u2265C2, baterie pro ochranu \u017eivotn\u00edho prost\u0159ed\u00ed<br \/>\n<strong>Inteligentn\u00ed a vizu\u00e1ln\u00ed<\/strong><br \/>\nPodporuje vzd\u00e1lenou aktualizaci, varovn\u00e9 informace o baterii v re\u00e1ln\u00e9m \u010dase a zobrazen\u00ed dat na LCD displeji.<\/p>\n<p>Obecn\u00e9 informace:<\/p>\n<p>Typ baterie: LiFePO4(LFP)<br \/>\nJmenovit\u00e9 nap\u011bt\u00ed: 102,4Vdc<br \/>\nJmenovit\u00e1 kapacita: 40Ah<br \/>\nJmenovit\u00e1 energie: 4,09 kWh<br \/>\nMax. Nab\u00edjec\u00ed\/vyb\u00edjec\u00ed proud: 40 A<br \/>\n\u0160pi\u010dkov\u00fd nab\u00edjec\u00ed\/vyb\u00edjec\u00ed proud: 50 A<br \/>\nTeplota nab\u00edjen\u00ed: 0~55\u00b0C<br \/>\nTeplota vyb\u00edjen\u00ed: -20 \u00b0C ~ 55 \u00b0C<br \/>\nTeplota skladov\u00e1n\u00ed: 0 \u00b0C ~ 35 \u00b0C<br \/>\nOchrana proti vniknut\u00ed: IP65<br \/>\nRozm\u011bry (\u0161\/d\/v): 540*385*220 mm<br \/>\nP\u0159ibli\u017en\u00e1 hmotnost: 39 kg<\/p>\n<p><a href=\"https:\/\/ownpowr.com\/wp-content\/uploads\/2023\/11\/datasheet-gb-sl-eu.pdf\" target=\"_blank\" rel=\"noopener\">Datov\u00fd list GB-SL-EU<\/a><\/p>\n<p>&nbsp;<\/p>","protected":false},"excerpt":{"rendered":"<p>Vysokonap\u011b\u0165ov\u00fd bateriov\u00fd modul Deye GB-LM4.0 lze stohovat (viz datov\u00fd list) na \u0159adu GB-SL a GB-L deye. GB-LM4.0 Bateriov\u00fd modul pro klastrovou vysokonap\u011b\u0165ovou baterii GB-L 4kWh (HV) LiFePO4 [...]<\/p>","protected":false},"featured_media":4528,"template":"","meta":{"_seopress_robots_primary_cat":"none","_seopress_titles_title":"Deye GB-LM4.0 High Voltage, Stackable LiFePO4 Battery Module","_seopress_titles_desc":"Discover the stackable high-voltage GB-LM4.0 battery module by Deye featuring LiFePO4(LFP) type, 102.4Vdc voltage, 40Ah capacity, and 4.09kWh energy.","_seopress_robots_index":"","_kad_blocks_custom_css":"","_kad_blocks_head_custom_js":"","_kad_blocks_body_custom_js":"","_kad_blocks_footer_custom_js":""},"product_cat":[17],"product_tag":[],"class_list":{"0":"post-4519","1":"product","2":"type-product","3":"status-publish","4":"has-post-thumbnail","6":"product_cat-home-batteries","8":"first","9":"instock","10":"sale","11":"taxable","12":"shipping-taxable","13":"purchasable","14":"product-type-simple"},"taxonomy_info":{"product_cat":[{"value":17,"label":"Home batteries"}]},"featured_image_src_large":["https:\/\/ownpowr.com\/wp-content\/uploads\/2023\/11\/gb-lm4.0.jpg",550,322,false],"author_info":[],"comment_info":"","_links":{"self":[{"href":"https:\/\/ownpowr.com\/cs\/wp-json\/wp\/v2\/product\/4519","targetHints":{"allow":["GET"]}}],"collection":[{"href":"https:\/\/ownpowr.com\/cs\/wp-json\/wp\/v2\/product"}],"about":[{"href":"https:\/\/ownpowr.com\/cs\/wp-json\/wp\/v2\/types\/product"}],"wp:featuredmedia":[{"embeddable":true,"href":"https:\/\/ownpowr.com\/cs\/wp-json\/wp\/v2\/media\/4528"}],"wp:attachment":[{"href":"https:\/\/ownpowr.com\/cs\/wp-json\/wp\/v2\/media?parent=4519"}],"wp:term":[{"taxonomy":"product_cat","embeddable":true,"href":"https:\/\/ownpowr.com\/cs\/wp-json\/wp\/v2\/product_cat?post=4519"},{"taxonomy":"product_tag","embeddable":true,"href":"https:\/\/ownpowr.com\/cs\/wp-json\/wp\/v2\/product_tag?post=4519"}],"curies":[{"name":"wp","href":"https:\/\/api.w.org\/{rel}","templated":true}]}}