{"id":4584,"date":"2023-11-01T15:23:32","date_gmt":"2023-11-01T13:23:32","guid":{"rendered":"https:\/\/ownpowr.com\/?post_type=product&#038;p=4584"},"modified":"2025-02-27T11:22:21","modified_gmt":"2025-02-27T09:22:21","slug":"deye-gb-l-12-24kwh","status":"publish","type":"product","link":"https:\/\/ownpowr.com\/cs\/product\/deye-gb-l-12-24kwh\/","title":{"rendered":"Deye GB-L-12,24kWh"},"content":{"rendered":"<p>Deye GB-L-12,24 kWh je dom\u00e1c\u00ed baterie s bms z vysokonap\u011b\u0165ov\u00e9 \u0159ady GB-L deye.<\/p>\n<p>Sada obsahuje:<br \/>\n3x GB-LM4.0<br \/>\n1x GB-LBS<br \/>\n1x GB-LBase<\/p>\n<p>GB-LM12.0 Bateriov\u00fd modul pro vysokonap\u011b\u0165ovou baterii clusteru GB-L 4kWh (HV) LiFePO4 | 40ah sol\u00e1rn\u00ed baterie<br \/>\n<strong>Bezpe\u010dnost a zabezpe\u010den\u00ed<\/strong><br \/>\nVestav\u011bn\u00e9 za\u0159\u00edzen\u00ed pro odvzdu\u0161n\u011bn\u00ed p\u0159i v\u00fdbuchu, kter\u00e9 odv\u00e1d\u00ed plyn, a vestav\u011bn\u00e9 protipo\u017e\u00e1rn\u00ed za\u0159\u00edzen\u00ed, kter\u00e9 na 3 sekundy vypne zdroj ohn\u011b.<br \/>\n<strong>Vysokonap\u011b\u0165ov\u00fd kom\u00edn<\/strong><br \/>\nModuly jsou zapojeny do s\u00e9rie bez kabelov\u00e9ho propojen\u00ed a vysokonap\u011b\u0165ov\u00e1 platforma zvy\u0161uje \u00fa\u010dinnost syst\u00e9mu.<br \/>\n<strong>Tepeln\u00e9 \u0159\u00edzen\u00ed<\/strong><br \/>\nDetekce teploty kl\u00ed\u010dov\u00fdch \u010d\u00e1st\u00ed, \u010dl\u00e1nk\u016f, nap\u00e1jec\u00edch konektor\u016f atd.<br \/>\n<strong>Provoz v \u0161irok\u00e9m rozsahu teplot<\/strong><br \/>\nFunkce oh\u0159evu je voliteln\u00e1, aby vyhovovala sc\u00e9n\u00e1\u0159\u016fm pou\u017eit\u00ed s n\u00edzkou teplotou a nosn\u00fdm senzorem.<br \/>\n<strong>\u0160etrnost k \u017eivotn\u00edmu prost\u0159ed\u00ed<\/strong><br \/>\nStupe\u0148 kryt\u00ed IP 65, stupe\u0148 ochrany proti korozi \u2265C2, baterie pro ochranu \u017eivotn\u00edho prost\u0159ed\u00ed<br \/>\n<strong>Inteligentn\u00ed a vizu\u00e1ln\u00ed<\/strong><br \/>\nPodporuje vzd\u00e1lenou aktualizaci, varovn\u00e9 informace o baterii v re\u00e1ln\u00e9m \u010dase a zobrazen\u00ed dat na LCD displeji.<\/p>\n<p>&nbsp;<\/p>\n<p><a href=\"https:\/\/ownpowr.com\/wp-content\/uploads\/2023\/11\/gb-l-v1.3.pdf\" target=\"_blank\" rel=\"noopener\">GB-L-V1.3<\/a><\/p>","protected":false},"excerpt":{"rendered":"<p>Deye GB-L-12,24 kWh je dom\u00e1c\u00ed baterie s bms z vysokonap\u011b\u0165ov\u00e9 \u0159ady GB-L deye. Sada obsahuje: Sada obsahuje: 3x GB-LM4.0 1x GB-LBS 1x GB-LBase GB-LM12.0 Bateriov\u00fd modul pro [...]<\/p>","protected":false},"featured_media":4587,"template":"","meta":{"_seopress_robots_primary_cat":"none","_seopress_titles_title":"Deye GB-L-12.24 kWh: High-Efficiency Home Battery System","_seopress_titles_desc":"Experience high-efficiency with the Deye GB-L-12.24 kWh home battery. Featuring built-in safety measures, thermal management, and eco-friendly design. Supports remote upgrades.","_seopress_robots_index":"","_kad_blocks_custom_css":"","_kad_blocks_head_custom_js":"","_kad_blocks_body_custom_js":"","_kad_blocks_footer_custom_js":""},"product_cat":[17],"product_tag":[],"class_list":{"0":"post-4584","1":"product","2":"type-product","3":"status-publish","4":"has-post-thumbnail","6":"product_cat-home-batteries","8":"first","9":"instock","10":"sale","11":"taxable","12":"shipping-taxable","13":"purchasable","14":"product-type-simple"},"taxonomy_info":{"product_cat":[{"value":17,"label":"Home batteries"}]},"featured_image_src_large":["https:\/\/ownpowr.com\/wp-content\/uploads\/2023\/11\/gb-l-12.24.jpg",1000,1000,false],"author_info":[],"comment_info":"","_links":{"self":[{"href":"https:\/\/ownpowr.com\/cs\/wp-json\/wp\/v2\/product\/4584","targetHints":{"allow":["GET"]}}],"collection":[{"href":"https:\/\/ownpowr.com\/cs\/wp-json\/wp\/v2\/product"}],"about":[{"href":"https:\/\/ownpowr.com\/cs\/wp-json\/wp\/v2\/types\/product"}],"wp:featuredmedia":[{"embeddable":true,"href":"https:\/\/ownpowr.com\/cs\/wp-json\/wp\/v2\/media\/4587"}],"wp:attachment":[{"href":"https:\/\/ownpowr.com\/cs\/wp-json\/wp\/v2\/media?parent=4584"}],"wp:term":[{"taxonomy":"product_cat","embeddable":true,"href":"https:\/\/ownpowr.com\/cs\/wp-json\/wp\/v2\/product_cat?post=4584"},{"taxonomy":"product_tag","embeddable":true,"href":"https:\/\/ownpowr.com\/cs\/wp-json\/wp\/v2\/product_tag?post=4584"}],"curies":[{"name":"wp","href":"https:\/\/api.w.org\/{rel}","templated":true}]}}