{"id":4738,"date":"2023-12-15T10:29:33","date_gmt":"2023-12-15T08:29:33","guid":{"rendered":"https:\/\/ownpowr.com\/?post_type=product&#038;p=4738"},"modified":"2024-10-16T15:47:54","modified_gmt":"2024-10-16T13:47:54","slug":"deye-gb-sl-12k-hybrid-inverter-and-8-18kwh-gb-lm4-0-battery-module","status":"publish","type":"product","link":"https:\/\/ownpowr.com\/cs\/product\/hybridni-menic-deye-gb-sl-12k-a-8-bateriovych-modulu-gb-lm4-0-s-kapacitou-18kwh\/","title":{"rendered":"Deye GB-SL 12K hybridn\u00ed st\u0159\u00edda\u010d + 8,18 kWh GB-LM4.0 bateriov\u00fd modul"},"content":{"rendered":"<p>Hybridn\u00ed st\u0159\u00edda\u010d Deye GB-SL 12K a bateriov\u00fd modul GB-LM4.0 s kapacitou 8,18 kWh je sada v\u0161e v jednom.<\/p>\n<p>Sada obsahuje:<br \/>\n1 x GB-S12K<br \/>\n2 x GB-LM4.0<br \/>\n1 x GB-LB<br \/>\n1 x GB-LBase<\/p>\n<p>GB-SL(HV)<br \/>\nV\u0160E V JEDNOM<br \/>\nIntegrovan\u00fd design, kr\u00e1sn\u00fd vzhled a integrace sc\u00e9n<br \/>\nMaxim\u00e1ln\u00ed v\u00fdkon :100% nesymetrick\u00fd v\u00fdstup, ka\u017ed\u00e1 f\u00e1ze; Maxim\u00e1ln\u00ed v\u00fdkon a\u017e 50% jmenovit\u00fd v\u00fdkon<br \/>\nMaxim\u00e1ln\u00ed p\u0159ipojen\u00ed :Max. 10ks paraleln\u011b pro provoz v s\u00edti i mimo s\u00ed\u0165<br \/>\nDal\u0161\u00ed podpora: Podpora ukl\u00e1d\u00e1n\u00ed energie z dieselov\u00e9ho gener\u00e1toru<br \/>\nVysokonap\u011b\u0165ov\u00fd kom\u00edn: Moduly jsou zapojeny do s\u00e9rie bez kabelov\u00e9ho propojen\u00ed a vysokonap\u011b\u0165ov\u00e1 platforma zvy\u0161uje \u00fa\u010dinnost syst\u00e9mu.<br \/>\nTepeln\u00fd management: Detekce teploty kl\u00ed\u010dov\u00fdch \u010d\u00e1st\u00ed, \u010dl\u00e1nku, nap\u00e1jec\u00edho konektoru atd.<br \/>\n\u0160irok\u00fd teplotn\u00ed provoz: Funkce oh\u0159evu je voliteln\u00e1, aby vyhovovala sc\u00e9n\u00e1\u0159\u016fm pou\u017eit\u00ed s n\u00edzkou teplotou a bez smyslu.<\/p>\n<p><a href=\"https:\/\/ownpowr.com\/wp-content\/uploads\/2023\/11\/datasheet-gb-sl-eu.pdf\" target=\"_blank\" rel=\"noopener\">Datov\u00fd list GB-SL-EU<\/a><\/p>","protected":false},"excerpt":{"rendered":"<p>Hybridn\u00ed st\u0159\u00edda\u010d Deye GB-SL 12K a bateriov\u00fd modul GB-LM4.0 s kapacitou 8,18 kWh je sada v\u0161e v jednom. Sada obsahuje: Sada obsahuje: 1 x GB-S12K 2 x GB-LM4.0 1 x GB-LB 1 [...]<\/p>","protected":false},"featured_media":4742,"template":"","meta":{"_seopress_robots_primary_cat":"none","_seopress_titles_title":"Deye GB-SL 12K hybrid inverter and 8.18kWh GB-LM4.0 Battery","_seopress_titles_desc":"Maximize output with the Deye GB-SL 12K hybrid inverter & 8.18 kWh GB-LM4.0 battery module. Supports energy storage from a diesel generator. Improved efficiency!","_seopress_robots_index":"","_kad_blocks_custom_css":"","_kad_blocks_head_custom_js":"","_kad_blocks_body_custom_js":"","_kad_blocks_footer_custom_js":""},"product_cat":[17,19],"product_tag":[],"class_list":{"0":"post-4738","1":"product","2":"type-product","3":"status-publish","4":"has-post-thumbnail","6":"product_cat-home-batteries","7":"product_cat-sets-with-inverters","9":"first","10":"instock","11":"sale","12":"taxable","13":"shipping-taxable","14":"purchasable","15":"product-type-simple"},"taxonomy_info":{"product_cat":[{"value":17,"label":"Home batteries"},{"value":19,"label":"Sets with inverters"}]},"featured_image_src_large":["https:\/\/ownpowr.com\/wp-content\/uploads\/2023\/11\/image-4-1.png",300,300,false],"author_info":[],"comment_info":"","_links":{"self":[{"href":"https:\/\/ownpowr.com\/cs\/wp-json\/wp\/v2\/product\/4738","targetHints":{"allow":["GET"]}}],"collection":[{"href":"https:\/\/ownpowr.com\/cs\/wp-json\/wp\/v2\/product"}],"about":[{"href":"https:\/\/ownpowr.com\/cs\/wp-json\/wp\/v2\/types\/product"}],"wp:featuredmedia":[{"embeddable":true,"href":"https:\/\/ownpowr.com\/cs\/wp-json\/wp\/v2\/media\/4742"}],"wp:attachment":[{"href":"https:\/\/ownpowr.com\/cs\/wp-json\/wp\/v2\/media?parent=4738"}],"wp:term":[{"taxonomy":"product_cat","embeddable":true,"href":"https:\/\/ownpowr.com\/cs\/wp-json\/wp\/v2\/product_cat?post=4738"},{"taxonomy":"product_tag","embeddable":true,"href":"https:\/\/ownpowr.com\/cs\/wp-json\/wp\/v2\/product_tag?post=4738"}],"curies":[{"name":"wp","href":"https:\/\/api.w.org\/{rel}","templated":true}]}}