{"id":49941,"date":"2024-04-05T08:59:30","date_gmt":"2024-04-05T06:59:30","guid":{"rendered":"https:\/\/ownpowr.com\/?post_type=product&#038;p=49941"},"modified":"2025-03-28T13:11:33","modified_gmt":"2025-03-28T11:11:33","slug":"blauhoff-megapack-container-ess-3-85mwh","status":"publish","type":"product","link":"https:\/\/ownpowr.com\/cs\/product\/blauhoff-megapack-container-ess-3-85mwh\/","title":{"rendered":"Blauhoff MegaPack Container ESS 3,85 MWh"},"content":{"rendered":"<p>Blauhoff Megapack Container ESS 3.85 je bateriov\u00fd syst\u00e9m v kontejneru na kl\u00ed\u010d (cena bez DPH a bez mont\u00e1\u017ee).<\/p>\n<p><strong>Ni\u017e\u0161\u00ed n\u00e1klady<\/strong><\/p>\n<p>Snadn\u00e1 instalace a nen\u00e1ro\u010dn\u00e1 \u00fadr\u017eba<\/p>\n<p>V\u011bt\u0161\u00ed \u010dl\u00e1nky , mnoho kWh, proto 50% siln\u011bj\u0161\u00ed ne\u017e b\u011b\u017en\u00e1 \u0159e\u0161en\u00ed a kompaktn\u011bj\u0161\u00ed.<\/p>\n<p><strong>Zv\u00fd\u0161en\u00e1 efektivita<\/strong><\/p>\n<p>Na 1500V platform\u011b m\u00e1 stejnosm\u011brn\u00e1 strana \u00fa\u010dinnost 93%.<\/p>\n<p>\u017divotnost standardn\u00edho antikorozn\u00edho kontejneru C4H je minim\u00e1ln\u011b 15 let.<\/p>\n<p><strong>Bezpe\u010dn\u00e9<\/strong><\/p>\n<p>V\u00edcen\u00e1sobn\u00e9 vyva\u017eov\u00e1n\u00ed zaji\u0161\u0165uje bezpe\u010dnou a dlouhou \u017eivotnost baterie<\/p>\n<p>Integrovan\u00e9 plynov\u00e9 a vodn\u00ed hasic\u00ed syst\u00e9my zaji\u0161\u0165uj\u00ed bezpe\u010dnost v extr\u00e9mn\u00edch podm\u00ednk\u00e1ch<\/p>\n<p><strong>Smart<\/strong><\/p>\n<p>Monitorov\u00e1n\u00ed v re\u00e1ln\u00e9m \u010dase pomoc\u00ed um\u011bl\u00e9 inteligence Icloud<\/p>\n<p><strong>Schv\u00e1len\u00ed<\/strong><\/p>\n<p>CE-LVD:EN IEC62477-1, CE-EMC:EN IEC61000-6-2 , EN IEC 61000-6-4, UKCA: EN IEC 62477-1<\/p>\n<p>IEC62619-2022 (funk\u010dn\u00ed bezpe\u010dnost IEC UL 60730-1 p\u0159\u00edloha H, v\u010detn\u011b \u010dl\u00e1nku)<\/p>\n<p>IEC 63056:2020<\/p>\n<p>NFPA855, Fcc-ID, UL1973:2022, UL9540A Jednotka<\/p>\n<p>VDE4100<\/p>\n<p>&nbsp;<\/p>","protected":false},"excerpt":{"rendered":"<p>Blauhoff Megapack Container ESS 3.85 je bateriov\u00fd syst\u00e9m v kontejneru na kl\u00ed\u010d (cena bez DPH a bez mont\u00e1\u017ee). Ni\u017e\u0161\u00ed n\u00e1klady Snadn\u00e1 instalace a nen\u00e1ro\u010dn\u00e1 \u00fadr\u017eba V\u011bt\u0161\u00ed \u010dl\u00e1nky , [...]<\/p>","protected":false},"featured_media":214720,"template":"","meta":{"_seopress_robots_primary_cat":"none","_seopress_titles_title":"Blauhoff Megapack ESS 3.85MWh: High-Efficiency, Low-Cost, Battery System","_seopress_titles_desc":"Discover Blauhoff Megapack ESS 3.85 MWh container system - 50% stronger, efficient, safe, and smart with AI monitoring. Easy to install, low maintenance.","_seopress_robots_index":"","_kad_blocks_custom_css":"","_kad_blocks_head_custom_js":"","_kad_blocks_body_custom_js":"","_kad_blocks_footer_custom_js":""},"product_cat":[17],"product_tag":[],"class_list":{"0":"post-49941","1":"product","2":"type-product","3":"status-publish","4":"has-post-thumbnail","6":"product_cat-home-batteries","8":"first","9":"instock","10":"sale","11":"taxable","12":"shipping-taxable","13":"purchasable","14":"product-type-simple"},"taxonomy_info":{"product_cat":[{"value":17,"label":"Home batteries"}]},"featured_image_src_large":["https:\/\/ownpowr.com\/wp-content\/uploads\/2024\/04\/blauhoff-megawatt-420x420-1.jpg",420,420,false],"author_info":[],"comment_info":"","_links":{"self":[{"href":"https:\/\/ownpowr.com\/cs\/wp-json\/wp\/v2\/product\/49941","targetHints":{"allow":["GET"]}}],"collection":[{"href":"https:\/\/ownpowr.com\/cs\/wp-json\/wp\/v2\/product"}],"about":[{"href":"https:\/\/ownpowr.com\/cs\/wp-json\/wp\/v2\/types\/product"}],"wp:featuredmedia":[{"embeddable":true,"href":"https:\/\/ownpowr.com\/cs\/wp-json\/wp\/v2\/media\/214720"}],"wp:attachment":[{"href":"https:\/\/ownpowr.com\/cs\/wp-json\/wp\/v2\/media?parent=49941"}],"wp:term":[{"taxonomy":"product_cat","embeddable":true,"href":"https:\/\/ownpowr.com\/cs\/wp-json\/wp\/v2\/product_cat?post=49941"},{"taxonomy":"product_tag","embeddable":true,"href":"https:\/\/ownpowr.com\/cs\/wp-json\/wp\/v2\/product_tag?post=49941"}],"curies":[{"name":"wp","href":"https:\/\/api.w.org\/{rel}","templated":true}]}}