{"id":506,"date":"2023-10-04T16:37:56","date_gmt":"2023-10-04T14:37:56","guid":{"rendered":"https:\/\/ownpowr.com\/product\/growatt-1ph-hybrid-inverter-sph6000\/"},"modified":"2025-03-27T13:31:36","modified_gmt":"2025-03-27T11:31:36","slug":"growatt-1ph-hybrid-inverter-sph6000","status":"publish","type":"product","link":"https:\/\/ownpowr.com\/cs\/product\/growatt-1ph-hybridni-menic-sph6000\/","title":{"rendered":"Growatt 1PH hybridn\u00ed m\u011bni\u010d SPH6000 nen\u00ed ur\u010den pro N\u011bmecko"},"content":{"rendered":"<p>Hybridn\u00ed st\u0159\u00edda\u010d Growatt SPH6000 je kompatibiln\u00ed s fotovoltaick\u00fdmi syst\u00e9my do 4000 Wp. Hybridn\u00ed st\u0159\u00edda\u010d je ur\u010den pro ukl\u00e1d\u00e1n\u00ed energie do bateri\u00ed. Baterie lze objednat samostatn\u011b a nejsou standardn\u011b dod\u00e1v\u00e1ny. D\u00edky tomuto v\u00fdhodn\u00e9mu syst\u00e9mu nen\u00ed fotovoltaick\u00fd syst\u00e9m z\u00e1visl\u00fd na s\u00edti a dok\u00e1\u017ee se o sebe postarat Syst\u00e9m je funk\u010dn\u00ed i bez bateri\u00ed a je mo\u017en\u00e9 jej p\u0159ipojit k s\u00edti.<\/p>\n<p>St\u0159\u00edda\u010d bateri\u00ed obsahuje 2 MPPT, tak\u017ee lze p\u0159ipojit celkem 2 \u0159et\u011bzce.<\/p>\n<p><strong>Tich\u00fd m\u011bni\u010d<\/strong><br \/>\nM\u011bni\u010d Growatt SPH6000 neobsahuje \u017e\u00e1dn\u00fd ventil\u00e1tor ani transform\u00e1tor, tak\u017ee je velmi tich\u00fd. D\u00edky tomu je tento hybridn\u00ed st\u0159\u00edda\u010d ide\u00e1ln\u00ed pro instalace v dom\u00e1cnostech St\u0159\u00edda\u010d vyu\u017e\u00edv\u00e1 p\u0159irozen\u00e9 chlazen\u00ed, kter\u00e9 mu zaji\u0161\u0165uje mimo\u0159\u00e1dn\u011b dlouhou \u017eivotnost.<\/p>\n<p><strong>V\u00fdnos<\/strong><br \/>\nSPH6000 m\u00e1 maxim\u00e1ln\u00ed \u00fa\u010dinnost 97,5% To umo\u017e\u0148uje m\u011bni\u010di dos\u00e1hnout maxim\u00e1ln\u00edho energetick\u00e9ho zisku. St\u0159\u00edda\u010d je jedn\u00edm z nejprod\u00e1van\u011bj\u0161\u00edch st\u0159\u00edda\u010d\u016f na sv\u011bt\u011b.<\/p>\n<p><strong>Growatt online servis<\/strong><br \/>\nSt\u0159\u00edda\u010d je vybaven stabiln\u00edmi monitorovac\u00edmi prost\u0159edky, jako je LAN, WiFi nebo kombinace RF\/UTP (Shinelink).Growatt nab\u00edz\u00ed online inteligentn\u00ed slu\u017ebu, kter\u00e1 umo\u017e\u0148uje prov\u00e1d\u011bt technick\u00e9 probl\u00e9my a aktualizace na d\u00e1lku. T\u00edm se zvy\u0161uje snadnost pou\u017e\u00edv\u00e1n\u00ed a efektivita st\u0159\u00edda\u010de. D\u00edky t\u011bmto funkc\u00edm a slu\u017eb\u00e1m je st\u0159\u00edda\u010d lep\u0161\u00ed volbou pro v\u00e1\u0161 fotovoltaick\u00fd syst\u00e9m.<\/p>\n<p><a href=\"https:\/\/storeyourownpower.com\/wp-content\/uploads\/2022\/11\/Datasheet-Growatt-SPH6000.pdf\" target=\"_blank\" rel=\"noopener\">Datov\u00fd list Growatt SPH6000<\/a><\/p>","protected":false},"excerpt":{"rendered":"<p>Hybridn\u00ed st\u0159\u00edda\u010d Growatt SPH6000 je kompatibiln\u00ed s fotovoltaick\u00fdmi syst\u00e9my do 4000 Wp. Hybridn\u00ed st\u0159\u00edda\u010d je ur\u010den pro ukl\u00e1d\u00e1n\u00ed energie do bateri\u00ed. Baterie lze objednat samostatn\u011b a [...]<\/p>","protected":false},"featured_media":507,"template":"","meta":{"_seopress_robots_primary_cat":"none","_seopress_titles_title":"Growatt SPH6000 Hybrid Inverter: Efficient and Silent with Battery Compatibility","_seopress_titles_desc":"Maximize your energy yield with this silent, efficient inverter. Connect to the grid or store power in batteries for a self-sufficient system. Enjoy reliable monitoring and remote updates with Growatt's online service.","_seopress_robots_index":"","_kad_blocks_custom_css":"","_kad_blocks_head_custom_js":"","_kad_blocks_body_custom_js":"","_kad_blocks_footer_custom_js":""},"product_cat":[18],"product_tag":[],"class_list":{"0":"post-506","1":"product","2":"type-product","3":"status-publish","4":"has-post-thumbnail","6":"product_cat-hybrid-inverters","8":"first","9":"instock","10":"sale","11":"taxable","12":"shipping-taxable","13":"purchasable","14":"product-type-simple"},"taxonomy_info":{"product_cat":[{"value":18,"label":"Hybrid inverters"}]},"featured_image_src_large":["https:\/\/ownpowr.com\/wp-content\/uploads\/2022\/11\/Growatt_SPH_3000_6000_d63d-1024x1024.webp",1024,1024,true],"author_info":[],"comment_info":"","_links":{"self":[{"href":"https:\/\/ownpowr.com\/cs\/wp-json\/wp\/v2\/product\/506","targetHints":{"allow":["GET"]}}],"collection":[{"href":"https:\/\/ownpowr.com\/cs\/wp-json\/wp\/v2\/product"}],"about":[{"href":"https:\/\/ownpowr.com\/cs\/wp-json\/wp\/v2\/types\/product"}],"wp:featuredmedia":[{"embeddable":true,"href":"https:\/\/ownpowr.com\/cs\/wp-json\/wp\/v2\/media\/507"}],"wp:attachment":[{"href":"https:\/\/ownpowr.com\/cs\/wp-json\/wp\/v2\/media?parent=506"}],"wp:term":[{"taxonomy":"product_cat","embeddable":true,"href":"https:\/\/ownpowr.com\/cs\/wp-json\/wp\/v2\/product_cat?post=506"},{"taxonomy":"product_tag","embeddable":true,"href":"https:\/\/ownpowr.com\/cs\/wp-json\/wp\/v2\/product_tag?post=506"}],"curies":[{"name":"wp","href":"https:\/\/api.w.org\/{rel}","templated":true}]}}