{"id":5369,"date":"2023-11-11T13:42:11","date_gmt":"2023-11-11T11:42:11","guid":{"rendered":"https:\/\/ownpowr.com\/?post_type=product&#038;p=5369"},"modified":"2023-11-26T12:53:31","modified_gmt":"2023-11-26T10:53:31","slug":"home-storage-base-unit-sma","status":"publish","type":"product","link":"https:\/\/ownpowr.com\/cs\/product\/zakladni-jednotka-pro-domaci-skladovani-sma\/","title":{"rendered":"Dom\u00e1c\u00ed \u00falo\u017en\u00e1 jednotka SMA"},"content":{"rendered":"<p>S touto z\u00e1kladn\u00ed jednotkou lze nov\u00e9 dom\u00e1c\u00ed \u00falo\u017ei\u0161t\u011b SMA postavit p\u0159\u00edmo na podlahu jako alternativu k dod\u00e1van\u00e9mu n\u00e1st\u011bnn\u00e9mu dr\u017e\u00e1ku. Pro ka\u017edou bateriovou v\u011b\u017e je zapot\u0159eb\u00ed jedna z\u00e1kladna.<\/p>","protected":false},"excerpt":{"rendered":"<p>S touto z\u00e1kladn\u00ed jednotkou lze nov\u00e9 dom\u00e1c\u00ed \u00falo\u017ei\u0161t\u011b SMA postavit p\u0159\u00edmo na podlahu jako alternativu k dod\u00e1van\u00e9mu n\u00e1st\u011bnn\u00e9mu dr\u017e\u00e1ku. Pro jednu z\u00e1kladnu je pot\u0159eba [...]<\/p>","protected":false},"featured_media":5372,"template":"","meta":{"_seopress_robots_primary_cat":"none","_seopress_titles_title":"SMA Home Storage Base Unit: Efficient Floor Setup Option","_seopress_titles_desc":"Explore our versatile SMA Home Storage Base Unit. Perfect for setting up your battery tower directly on the floor. Order one base per tower.","_seopress_robots_index":"","_kad_blocks_custom_css":"","_kad_blocks_head_custom_js":"","_kad_blocks_body_custom_js":"","_kad_blocks_footer_custom_js":""},"product_cat":[33],"product_tag":[],"class_list":{"0":"post-5369","1":"product","2":"type-product","3":"status-publish","4":"has-post-thumbnail","6":"product_cat-accessories","8":"first","9":"instock","10":"taxable","11":"shipping-taxable","12":"purchasable","13":"product-type-simple"},"taxonomy_info":{"product_cat":[{"value":33,"label":"Accessories"}]},"featured_image_src_large":["https:\/\/ownpowr.com\/wp-content\/uploads\/2023\/11\/1-0-4-6-1046063107de87f7de55ba3b5f77a69a6d91a95f_det_sba_sma_home_storage_base_unit-png_600x600.png",390,264,false],"author_info":[],"comment_info":"","_links":{"self":[{"href":"https:\/\/ownpowr.com\/cs\/wp-json\/wp\/v2\/product\/5369","targetHints":{"allow":["GET"]}}],"collection":[{"href":"https:\/\/ownpowr.com\/cs\/wp-json\/wp\/v2\/product"}],"about":[{"href":"https:\/\/ownpowr.com\/cs\/wp-json\/wp\/v2\/types\/product"}],"wp:featuredmedia":[{"embeddable":true,"href":"https:\/\/ownpowr.com\/cs\/wp-json\/wp\/v2\/media\/5372"}],"wp:attachment":[{"href":"https:\/\/ownpowr.com\/cs\/wp-json\/wp\/v2\/media?parent=5369"}],"wp:term":[{"taxonomy":"product_cat","embeddable":true,"href":"https:\/\/ownpowr.com\/cs\/wp-json\/wp\/v2\/product_cat?post=5369"},{"taxonomy":"product_tag","embeddable":true,"href":"https:\/\/ownpowr.com\/cs\/wp-json\/wp\/v2\/product_tag?post=5369"}],"curies":[{"name":"wp","href":"https:\/\/api.w.org\/{rel}","templated":true}]}}