{"id":545,"date":"2023-10-04T16:37:39","date_gmt":"2023-10-04T14:37:39","guid":{"rendered":"https:\/\/ownpowr.com\/product\/encharge-3t-35-kwh\/"},"modified":"2025-03-20T13:35:02","modified_gmt":"2025-03-20T11:35:02","slug":"encharge-3t-35-kwh","status":"publish","type":"product","link":"https:\/\/ownpowr.com\/cs\/product\/encharge-3t-35-kwh\/","title":{"rendered":"Pouze kryt Enphase Encharge 3T"},"content":{"rendered":"<p>Enphase Encharge 3T s 15letou z\u00e1rukou<\/p>\n<p>D\u016fle\u017eit\u00e9 upozorn\u011bn\u00ed: je vy\u017eadov\u00e1na certifikace instalat\u00e9ra! Pro z\u00edsk\u00e1n\u00ed certifikace nav\u0161tivte Enphase University.<\/p>\n<p>Funkce baterie Enphase IQ 3T\/10T:<\/p>\n<ul>\n<li>Pln\u011b integrovan\u00fd syst\u00e9m st\u0159\u00eddav\u00fdch bateri\u00ed s vestav\u011bn\u00fdmi mikrom\u011bni\u010di IQ 8X-BAT.<\/li>\n<li>Bezprobl\u00e9mov\u00e9 p\u0159ipojen\u00ed ke st\u0159\u00eddav\u00e9mu nap\u00e1jen\u00ed standardn\u00ed dom\u00e1c\u00ed instalace.<\/li>\n<li>Optim\u00e1ln\u00ed nastaven\u00ed syst\u00e9mu podle pot\u0159eb u\u017eivatele.<\/li>\n<li>Pohodln\u00e9 ovl\u00e1d\u00e1n\u00ed a monitorov\u00e1n\u00ed prost\u0159ednictv\u00edm mobiln\u00ed aplikace.<\/li>\n<li>Pasivn\u00ed konstrukce chlazen\u00ed (\u017e\u00e1dn\u00e9 pohybliv\u00e9 \u010d\u00e1sti ani ventil\u00e1tory).<\/li>\n<li>Dlouhodob\u00fd v\u00fdkon s 10letou z\u00e1rukou.<\/li>\n<\/ul>\n<p>Upozor\u0148ujeme, \u017ee pro instalaci bateri\u00ed je povinn\u00e1 certifikace instalat\u00e9ra. Podrobnosti o certifikaci v\u00e1m sd\u011bl\u00ed mana\u017eer \u00fa\u010dtu spole\u010dnosti Enphase.<\/p>\n<p>Po\u017eadovan\u00e9 za\u0159\u00edzen\u00ed: Enphase IQ Gateway-S M\u011b\u0159eno.<\/p>\n<p>Enphase IQ 3T nab\u00edz\u00ed celkovou \u00falo\u017enou kapacitu 3,5 kWh a je vybaven \u010dty\u0159mi integrovan\u00fdmi mikroinvertory s kombinovan\u00fdm v\u00fdkonem 1,28 kW.<\/p>\n<p>Mont\u00e1\u017en\u00ed firmy mohou efektivn\u011b navrhovat syst\u00e9my tak, aby spl\u0148ovaly energetick\u00e9 po\u017eadavky nov\u00fdch z\u00e1kazn\u00edk\u016f i t\u011bch, kte\u0159\u00ed ji\u017e maj\u00ed instalovan\u00e9 sol\u00e1rn\u00ed panely.<\/p>\n<p>Syst\u00e9m bateriov\u00e9ho \u00falo\u017ei\u0161t\u011b Encharge 3T obsahuje integrovan\u00e9 mikroinvertory Enphase \u0159ady IQ a jednotku pro spr\u00e1vu bateri\u00ed (BMU).<\/p>\n<p>Obsah balen\u00ed:<\/p>\n<ul>\n<li>1x z\u00e1kladn\u00ed jednotka Encharge 3T (ENP-B03-T01-INT00-1-2)<\/li>\n<li>1x sada krytu Encharge 3T s p\u0159\u00edslu\u0161enstv\u00edm (ENP-B03T-C-0430-O)<\/li>\n<\/ul>\n<p><strong>Dal\u0161\u00ed informace:<\/strong><\/p>\n<ul>\n<li><a href=\"https:\/\/storeyourownpower.com\/wp-content\/uploads\/2022\/12\/Datenblatt-German-Encharge-3T.pdf\" target=\"_blank\" rel=\"noopener\">Datenblatt n\u011bmecky Encharge 3T<\/a><\/li>\n<li><a href=\"https:\/\/storeyourownpower.com\/wp-content\/uploads\/2022\/12\/Datasheet-English-Encharge-3T.pdf\" target=\"_blank\" rel=\"noopener\">Datov\u00fd list \u010de\u0161tina Encharge 3T<\/a><\/li>\n<li><a href=\"https:\/\/storeyourownpower.com\/wp-content\/uploads\/2022\/12\/Warranty-terms-English-Encharge-3T.pdf\" target=\"_blank\" rel=\"noopener\">Z\u00e1ru\u010dn\u00ed podm\u00ednky \u010ce\u0161tina Encharge 3T<\/a><\/li>\n<li><a href=\"https:\/\/storeyourownpower.com\/wp-content\/uploads\/2022\/12\/Warranty-terms-German-Encharge-3T.pdf\" target=\"_blank\" rel=\"noopener\">Z\u00e1ru\u010dn\u00ed podm\u00ednky N\u011bmeck\u00fd Encharge 3T<\/a><\/li>\n<li><a href=\"https:\/\/storeyourownpower.com\/wp-content\/uploads\/2022\/12\/Mounting-instructions-English-Encharge-3T.pdf\" target=\"_blank\" rel=\"noopener\">N\u00e1vod k mont\u00e1\u017ei \u010ce\u0161tina Encharge 3T<\/a><\/li>\n<\/ul>","protected":false},"excerpt":{"rendered":"<p>15let\u00e1 z\u00e1ruka v t\u00e9to cen\u011b !<\/p>","protected":false},"featured_media":546,"template":"","meta":{"_seopress_robots_primary_cat":"none","_seopress_titles_title":"Enphase Encharge 3T: Long-lasting battery storage system with integrated microinverters and warranty","_seopress_titles_desc":"Installer certification required! Optimal AC battery system with mobile app control, passive cooling, and 10-year warranty. Get certified at Enphase University.","_seopress_robots_index":"","_kad_blocks_custom_css":"","_kad_blocks_head_custom_js":"","_kad_blocks_body_custom_js":"","_kad_blocks_footer_custom_js":""},"product_cat":[17],"product_tag":[],"class_list":{"0":"post-545","1":"product","2":"type-product","3":"status-publish","4":"has-post-thumbnail","6":"product_cat-home-batteries","8":"first","9":"instock","10":"sale","11":"taxable","12":"shipping-taxable","13":"purchasable","14":"product-type-simple"},"taxonomy_info":{"product_cat":[{"value":17,"label":"Home batteries"}]},"featured_image_src_large":["https:\/\/ownpowr.com\/wp-content\/uploads\/2022\/12\/1-8-2-6-18265324d3fe1b03cc0df847668d9c62cbe673aa_det_bp_ee_encharge_3t-jpg_600x600@2x.jpeg",600,540,false],"author_info":[],"comment_info":"","_links":{"self":[{"href":"https:\/\/ownpowr.com\/cs\/wp-json\/wp\/v2\/product\/545","targetHints":{"allow":["GET"]}}],"collection":[{"href":"https:\/\/ownpowr.com\/cs\/wp-json\/wp\/v2\/product"}],"about":[{"href":"https:\/\/ownpowr.com\/cs\/wp-json\/wp\/v2\/types\/product"}],"wp:featuredmedia":[{"embeddable":true,"href":"https:\/\/ownpowr.com\/cs\/wp-json\/wp\/v2\/media\/546"}],"wp:attachment":[{"href":"https:\/\/ownpowr.com\/cs\/wp-json\/wp\/v2\/media?parent=545"}],"wp:term":[{"taxonomy":"product_cat","embeddable":true,"href":"https:\/\/ownpowr.com\/cs\/wp-json\/wp\/v2\/product_cat?post=545"},{"taxonomy":"product_tag","embeddable":true,"href":"https:\/\/ownpowr.com\/cs\/wp-json\/wp\/v2\/product_tag?post=545"}],"curies":[{"name":"wp","href":"https:\/\/api.w.org\/{rel}","templated":true}]}}