{"id":549,"date":"2022-12-01T12:58:41","date_gmt":"2022-12-01T10:58:41","guid":{"rendered":"https:\/\/ownpowr.com\/product\/sungrow-sh10-0rt-v112\/"},"modified":"2025-03-30T21:03:00","modified_gmt":"2025-03-30T19:03:00","slug":"sungrow-sh10-0rt-v112","status":"publish","type":"product","link":"https:\/\/ownpowr.com\/cs\/product\/sungrow-sh10-0rt-v112\/","title":{"rendered":"Sungrow Hybridn\u00ed m\u011bni\u010d SH10.0RT 10 kW"},"content":{"rendered":"<p>Sungrow SH10.0RT-V112<\/p>\n<p>Flexibiln\u00ed pou\u017eit\u00ed:<\/p>\n<p>- \u0160irok\u00fd rozsah nap\u011bt\u00ed baterie 150-600 V<\/p>\n<p>- Podporuje paraleln\u00ed p\u0159ipojen\u00ed s \u0159\u00edzen\u00edm master-slave<\/p>\n<p>- Poskytuje v\u00fdkon 100% pro nevyv\u00e1\u017een\u00e9 z\u00e1t\u011b\u017ee v z\u00e1lo\u017en\u00edm re\u017eimu<\/p>\n<p>Chytr\u00e9 \u0159\u00edzen\u00ed:<\/p>\n<p>- Vysok\u00e1 vlastn\u00ed spot\u0159eba s optimalizovan\u00fdm vestav\u011bn\u00fdm syst\u00e9mem EMS<\/p>\n<p>- Bezplatn\u00e9 online monitorov\u00e1n\u00ed pro zlep\u0161en\u00ed \u0159\u00edzen\u00ed spot\u0159eby energie pro koncov\u00e9ho u\u017eivatele, instalat\u00e9ra a prodejce<\/p>\n<p>- Vzd\u00e1len\u00e1 aktualizace firmwaru a p\u0159izp\u016fsobiteln\u00e1 nastaven\u00ed<\/p>\n<p>Energetick\u00e1 nez\u00e1vislost:<\/p>\n<p>- Plynul\u00fd p\u0159echod do z\u00e1lo\u017en\u00edho re\u017eimu pro ochranu proti v\u00fdpadku nap\u00e1jen\u00ed<\/p>\n<p>- Rychl\u00e9 nab\u00edjen\u00ed \/ vyb\u00edjen\u00ed pro uspokojen\u00ed popt\u00e1vky po vy\u0161\u0161\u00ed spot\u0159eb\u011b<\/p>\n<p>Snadn\u00e1 instalace:<\/p>\n<p>- Unik\u00e1tn\u00ed push-in konektory pro \u010dasov\u011b \u00faspornou instalaci<\/p>\n<p>- Bezdotykov\u00e9 uveden\u00ed do provozu pomoc\u00ed chytr\u00e9ho telefonu<\/p>\n<p>- Lehk\u00e9 a kompaktn\u00ed<\/p>\n<p><a href=\"https:\/\/storeyourownpower.com\/wp-content\/uploads\/2022\/12\/Datasheet-English-2.pdf\" target=\"_blank\" rel=\"noopener\">Datasheet Angli\u010dtina<\/a><br \/>\n<a href=\"https:\/\/storeyourownpower.com\/wp-content\/uploads\/2022\/12\/Datasheet-German-2.pdf\" target=\"_blank\" rel=\"noopener\">Datov\u00fd list n\u011bmecky<\/a><br \/>\n<a href=\"https:\/\/storeyourownpower.com\/wp-content\/uploads\/2022\/11\/DE-FS-SHRT-und-SBR-Unterschiede-und-Kompatibilita\u0308t-Versionen.pdf\" target=\"_blank\" rel=\"noopener\">Rozd\u00edly a kompatibilita verz\u00ed SHRT a SBR<\/a><\/p>","protected":false},"excerpt":{"rendered":"<p>Sungrow SH10.0RT-V112 Flexibiln\u00ed pou\u017eit\u00ed: - \u0160irok\u00fd rozsah nap\u011bt\u00ed baterie 150-600 V - Podporuje paraleln\u00ed p\u0159ipojen\u00ed s \u0159\u00eddic\u00ed jednotkou Master-slave - Poskytuje v\u00fdkon 100% pro nevyv\u00e1\u017een\u00e9 z\u00e1t\u011b\u017ee v z\u00e1lo\u017en\u00edm re\u017eimu Inteligentn\u00ed \u0159\u00edzen\u00ed: - [...]<\/p>","protected":false},"featured_media":550,"template":"","meta":{"_seopress_robots_primary_cat":"none","_seopress_titles_title":"Sungrow SH10.0RT-V112: Flexible Application, Smart Management, Energy Independence, Easy Installation","_seopress_titles_desc":"Discover the Sungrow SH10.0RT-V112 with wide battery voltage range, smart management features, seamless backup mode, and easy installation for energy independence.","_seopress_robots_index":"","_kad_blocks_custom_css":"","_kad_blocks_head_custom_js":"","_kad_blocks_body_custom_js":"","_kad_blocks_footer_custom_js":""},"product_cat":[18],"product_tag":[],"class_list":{"0":"post-549","1":"product","2":"type-product","3":"status-publish","4":"has-post-thumbnail","6":"product_cat-hybrid-inverters","8":"first","9":"outofstock","10":"sale","11":"taxable","12":"shipping-taxable","13":"purchasable","14":"product-type-simple"},"taxonomy_info":{"product_cat":[{"value":18,"label":"Hybrid inverters"}]},"featured_image_src_large":["https:\/\/ownpowr.com\/wp-content\/uploads\/2022\/12\/b-1-1-f-b11f61014011a7497a53e4a35156c0f10529e03c_det_ivh_sung_shx-xrt-jpg_600x600@2x.jpeg",600,540,false],"author_info":[],"comment_info":"","_links":{"self":[{"href":"https:\/\/ownpowr.com\/cs\/wp-json\/wp\/v2\/product\/549","targetHints":{"allow":["GET"]}}],"collection":[{"href":"https:\/\/ownpowr.com\/cs\/wp-json\/wp\/v2\/product"}],"about":[{"href":"https:\/\/ownpowr.com\/cs\/wp-json\/wp\/v2\/types\/product"}],"wp:featuredmedia":[{"embeddable":true,"href":"https:\/\/ownpowr.com\/cs\/wp-json\/wp\/v2\/media\/550"}],"wp:attachment":[{"href":"https:\/\/ownpowr.com\/cs\/wp-json\/wp\/v2\/media?parent=549"}],"wp:term":[{"taxonomy":"product_cat","embeddable":true,"href":"https:\/\/ownpowr.com\/cs\/wp-json\/wp\/v2\/product_cat?post=549"},{"taxonomy":"product_tag","embeddable":true,"href":"https:\/\/ownpowr.com\/cs\/wp-json\/wp\/v2\/product_tag?post=549"}],"curies":[{"name":"wp","href":"https:\/\/api.w.org\/{rel}","templated":true}]}}