{"id":610,"date":"2023-01-12T07:31:13","date_gmt":"2023-01-12T05:31:13","guid":{"rendered":"https:\/\/ownpowr.com\/product\/sungrow-sbr-accessories-bms\/"},"modified":"2025-02-27T10:14:26","modified_gmt":"2025-02-27T08:14:26","slug":"sungrow-sbr-accessories-bms","status":"publish","type":"product","link":"https:\/\/ownpowr.com\/cs\/product\/sungrow-sbr-prislusenstvi-bms\/","title":{"rendered":"Sungrow SBR baterie premium BMS + p\u0159\u00edslu\u0161enstv\u00ed V2\/V1 (v114)"},"content":{"rendered":"<p>Sungrow SBR BATERIE PREMIUM P\u0158\u00cdSLU\u0160ENSTV\u00cd Syst\u00e9m spr\u00e1vy bateri\u00ed + p\u0159\u00edslu\u0161enstv\u00ed V2 Modr\u00e1 V1 Oran\u017eov\u00e1<\/p>\n<p>Tento bateriov\u00fd syst\u00e9m je speci\u00e1ln\u011b navr\u017een pro \u0159e\u0161en\u00ed skladov\u00e1n\u00ed energie v dom\u00e1cnostech.<\/p>\n<p>Integrovan\u00fd syst\u00e9m \u0159\u00edzen\u00ed baterie neust\u00e1le dohl\u00ed\u017e\u00ed na jej\u00ed v\u00fdkon a zaji\u0161\u0165uje bezpe\u010dn\u00fd provoz v r\u00e1mci definovan\u00fdch parametr\u016f.<\/p>\n<p>Sou\u010d\u00e1st\u00ed balen\u00ed jsou komponenty:<\/p>\n<ul>\n<li>1x dr\u017e\u00e1k baterie<\/li>\n<li>1x kryt baterie<\/li>\n<li>1x p\u0159ep\u00edna\u010d bateri\u00ed<\/li>\n<li>1x dr\u017e\u00e1k<\/li>\n<li>1x kabelov\u00fd svazek<\/li>\n<li>1x \u0161roub<\/li>\n<li>2x roz\u0161i\u0159uj\u00edc\u00ed kotevn\u00ed sada<\/li>\n<li>4x nohy<\/li>\n<li>6x \u0161roub M5<\/li>\n<li>4x Coilover M5<\/li>\n<li>2x podlo\u017eky M6<\/li>\n<li>1x dokumentace<\/li>\n<\/ul>","protected":false},"excerpt":{"rendered":"<p>Sungrow SBR BATERIE PREMIUM P\u0158\u00cdSLU\u0160ENSTV\u00cd Syst\u00e9m spr\u00e1vy bateri\u00ed + p\u0159\u00edslu\u0161enstv\u00ed V2 Modr\u00e1 V1 Oran\u017eov\u00e1 Tento bateriov\u00fd syst\u00e9m je speci\u00e1ln\u011b navr\u017een pro \u0159e\u0161en\u00ed skladov\u00e1n\u00ed energie v dom\u00e1cnostech. Integrovan\u00fd syst\u00e9m spr\u00e1vy bateri\u00ed umo\u017e\u0148uje [...]<\/p>","protected":false},"featured_media":611,"template":"","meta":{"_seopress_robots_primary_cat":"none","_seopress_titles_title":"","_seopress_titles_desc":"","_seopress_robots_index":"","_kad_blocks_custom_css":"","_kad_blocks_head_custom_js":"","_kad_blocks_body_custom_js":"","_kad_blocks_footer_custom_js":""},"product_cat":[33,17],"product_tag":[],"class_list":{"0":"post-610","1":"product","2":"type-product","3":"status-publish","4":"has-post-thumbnail","6":"product_cat-accessories","7":"product_cat-home-batteries","9":"first","10":"instock","11":"sale","12":"taxable","13":"shipping-taxable","14":"purchasable","15":"product-type-simple"},"taxonomy_info":{"product_cat":[{"value":33,"label":"Accessories"},{"value":17,"label":"Home batteries"}]},"featured_image_src_large":["https:\/\/ownpowr.com\/wp-content\/uploads\/2023\/01\/Sungrow-Management-System.jpeg",420,420,false],"author_info":[],"comment_info":"","_links":{"self":[{"href":"https:\/\/ownpowr.com\/cs\/wp-json\/wp\/v2\/product\/610","targetHints":{"allow":["GET"]}}],"collection":[{"href":"https:\/\/ownpowr.com\/cs\/wp-json\/wp\/v2\/product"}],"about":[{"href":"https:\/\/ownpowr.com\/cs\/wp-json\/wp\/v2\/types\/product"}],"wp:featuredmedia":[{"embeddable":true,"href":"https:\/\/ownpowr.com\/cs\/wp-json\/wp\/v2\/media\/611"}],"wp:attachment":[{"href":"https:\/\/ownpowr.com\/cs\/wp-json\/wp\/v2\/media?parent=610"}],"wp:term":[{"taxonomy":"product_cat","embeddable":true,"href":"https:\/\/ownpowr.com\/cs\/wp-json\/wp\/v2\/product_cat?post=610"},{"taxonomy":"product_tag","embeddable":true,"href":"https:\/\/ownpowr.com\/cs\/wp-json\/wp\/v2\/product_tag?post=610"}],"curies":[{"name":"wp","href":"https:\/\/api.w.org\/{rel}","templated":true}]}}