{"id":620,"date":"2023-10-04T16:36:05","date_gmt":"2023-10-04T14:36:05","guid":{"rendered":"https:\/\/ownpowr.com\/product\/byd-premium-lvs-pdu-base\/"},"modified":"2025-10-15T14:01:34","modified_gmt":"2025-10-15T12:01:34","slug":"byd-premium-lvs-pdu-base","status":"publish","type":"product","link":"https:\/\/ownpowr.com\/cs\/product\/byd-premium-lvs-pdu-base\/","title":{"rendered":"BYD premium LVS PDU + z\u00e1kladna"},"content":{"rendered":"<p>BYD Pr\u00e9miov\u00fd syst\u00e9m \u0159\u00edzen\u00ed bateri\u00ed LVS se z\u00e1kladnou<\/p>\n<p>BYD Premium LVS PDU (Power Distribution Unit) se z\u00e1kladnou je \u0159\u00eddic\u00ed jednotka ur\u010den\u00e1 pro sadu bateri\u00ed LVS. Ka\u017ed\u00e1 sada bateri\u00ed vy\u017eaduje pro optim\u00e1ln\u00ed provoz jednu jednotku PDU.<\/p>\n<p>Kl\u00ed\u010dov\u00e9 vlastnosti:<\/p>\n<ul>\n<li>\u0160k\u00e1lovateln\u00e1 kapacita od 4 kWh do 256 kWh<\/li>\n<li>Maxim\u00e1ln\u00ed flexibilita s podporou a\u017e 64 bateriov\u00fdch modul\u016f<\/li>\n<li>Mo\u017enost paraleln\u00edho p\u0159ipojen\u00ed<\/li>\n<li>Kompatibiln\u00ed s p\u0159edn\u00edmi 1f\u00e1zov\u00fdmi a 3f\u00e1zov\u00fdmi st\u0159\u00edda\u010di<\/li>\n<li>Vyu\u017e\u00edv\u00e1 technologii bezkobaltov\u00fdch lithium-\u017eelezo-fosf\u00e1tov\u00fdch (LFP) bateri\u00ed pro vy\u0161\u0161\u00ed bezpe\u010dnost, del\u0161\u00ed \u017eivotnost a vynikaj\u00edc\u00ed v\u00fdkon.<\/li>\n<li>Schopnost z\u00e1lo\u017en\u00edho nap\u00e1jen\u00ed s vysok\u00fdm v\u00fdkonem a funkce off-grid<\/li>\n<li>Patentovan\u00e1 konstrukce vnit\u0159n\u00ed z\u00e1str\u010dky eliminuje pot\u0159ebu dal\u0161\u00edho zapojen\u00ed.<\/li>\n<li>Optimalizace vlastn\u00ed spot\u0159eby vhodn\u00e1 pro reziden\u010dn\u00ed i komer\u010dn\u00ed aplikace<\/li>\n<\/ul>\n<p>BATERIOV\u00dd BOX PREMIUM LVS<\/p>\n<p>4 kWh modul Zjednodu\u0161en\u00e1 p\u0159eprava a instalace d\u00edky modul\u00e1rn\u00edmu designu<\/p>\n<p>BYD Battery-Box Premium LVS je univerz\u00e1ln\u00ed lithium-\u017eelezo-fosf\u00e1tov\u00e1 (LFP) baterie ur\u010den\u00e1 pro pou\u017eit\u00ed s extern\u00edm m\u011bni\u010dem. Ka\u017ed\u00fd Battery-Box Premium LVS se skl\u00e1d\u00e1 z 1 a\u017e 6 paraleln\u011b ulo\u017een\u00fdch bateriov\u00fdch modul\u016f, kter\u00e9 poskytuj\u00ed vyu\u017eitelnou kapacitu od 4 do 24,0 kWh v jedn\u00e9 v\u011b\u017ei. Dostupn\u00e9 konfigurace zahrnuj\u00ed:<\/p>\n<ul>\n<li>Battery-Box LVS 4.0 (4 kWh)<\/li>\n<li>Battery-Box LVS 8.0 (8 kWh)<\/li>\n<li>Battery-Box LVS 12.0 (12 kWh)<\/li>\n<li>Battery-Box LVS 16.0 (16 kWh)<\/li>\n<li>Battery-Box LVS 20.0 (20 kWh - pouze jedna v\u011b\u017e)<\/li>\n<li>Battery-Box LVS 24.0 (24 kWh - pouze jedna v\u011b\u017e)<\/li>\n<\/ul>\n<p>P\u0159i v\u011bt\u0161\u00edch pot\u0159eb\u00e1ch skladov\u00e1n\u00ed energie m\u016f\u017eete paraleln\u011b p\u0159ipojit a\u017e 16 jednotek Battery-Box LVS 16.0, \u010d\u00edm\u017e z\u00edsk\u00e1te maxim\u00e1ln\u00ed kapacitu 256 kWh. Syst\u00e9m nav\u00edc nab\u00edz\u00ed \u0161k\u00e1lovatelnost, proto\u017ee umo\u017e\u0148uje pozd\u011bj\u0161\u00ed p\u0159id\u00e1n\u00ed modul\u016f LVS nebo paraleln\u00edch v\u011b\u017e\u00ed obsahuj\u00edc\u00edch 1 a\u017e 4 moduly.<\/p>\n<h2><strong style=\"font-size: 16px\">Dal\u0161\u00ed informace:<\/strong><\/h2>\n<ul>\n<li><a href=\"https:\/\/storeyourownpower.com\/wp-content\/uploads\/2023\/01\/Datasheet-English-LVS.pdf\" target=\"_blank\" rel=\"noopener\">Datov\u00fd list Angli\u010dtina LVS<\/a><\/li>\n<li><a href=\"https:\/\/storeyourownpower.com\/wp-content\/uploads\/2023\/01\/Datenblatt-German-LVS.pdf\" target=\"_blank\" rel=\"noopener\">Datenblatt N\u011bmeck\u00fd LVS<\/a><\/li>\n<li><a href=\"https:\/\/storeyourownpower.com\/wp-content\/uploads\/2023\/01\/Mounting-instructions-English-LVS.pdf\" target=\"_blank\" rel=\"noopener\">Mont\u00e1\u017en\u00ed n\u00e1vod Angli\u010dtina LVS<\/a><\/li>\n<li><a href=\"https:\/\/storeyourownpower.com\/wp-content\/uploads\/2023\/01\/Mounting-instructions-German-LVS.pdf\" target=\"_blank\" rel=\"noopener\">Mont\u00e1\u017en\u00ed n\u00e1vod N\u011bmeck\u00fd LVS<\/a><\/li>\n<li><a href=\"https:\/\/storeyourownpower.com\/wp-content\/uploads\/2023\/01\/Warranty-terms-English.pdf\" target=\"_blank\" rel=\"noopener\">Z\u00e1ru\u010dn\u00ed podm\u00ednky \u010ce\u0161tina<\/a><\/li>\n<li><a href=\"https:\/\/storeyourownpower.com\/wp-content\/uploads\/2023\/01\/Warranty-terms-German-LVS.pdf\" target=\"_blank\" rel=\"noopener\">Z\u00e1ru\u010dn\u00ed podm\u00ednky N\u011bmeck\u00fd LVS<\/a><\/li>\n<\/ul>","protected":false},"excerpt":{"rendered":"<p>BYD Premium LVS Battery Control System with Base BYD Premium LVS PDU (Power Distribution Unit) with base je \u0159\u00eddic\u00ed jednotka ur\u010den\u00e1 pro sadu bateri\u00ed LVS. Ka\u017ed\u00fd z\u00e1sobn\u00edk [...]<\/p>","protected":false},"featured_media":621,"template":"","meta":{"_seopress_robots_primary_cat":"none","_seopress_titles_title":"BYD Premium LVS PDU + base | Maximum Flexibility for any Application","_seopress_titles_desc":"The BYD Battery-Box Premium LVS offers scalable power storage from 4 kWh to 256 kWh with safety, flexibility, and high-powered capabilities for residential and commercial applications.","_seopress_robots_index":"","_kad_blocks_custom_css":"","_kad_blocks_head_custom_js":"","_kad_blocks_body_custom_js":"","_kad_blocks_footer_custom_js":""},"product_cat":[17],"product_tag":[],"class_list":{"0":"post-620","1":"product","2":"type-product","3":"status-publish","4":"has-post-thumbnail","6":"product_cat-home-batteries","8":"first","9":"instock","10":"sale","11":"taxable","12":"shipping-taxable","13":"purchasable","14":"product-type-simple"},"taxonomy_info":{"product_cat":[{"value":17,"label":"Home batteries"}]},"featured_image_src_large":["https:\/\/ownpowr.com\/wp-content\/uploads\/2023\/01\/BYD-LVS-BMU.jpeg",600,540,false],"author_info":[],"comment_info":"","_links":{"self":[{"href":"https:\/\/ownpowr.com\/cs\/wp-json\/wp\/v2\/product\/620","targetHints":{"allow":["GET"]}}],"collection":[{"href":"https:\/\/ownpowr.com\/cs\/wp-json\/wp\/v2\/product"}],"about":[{"href":"https:\/\/ownpowr.com\/cs\/wp-json\/wp\/v2\/types\/product"}],"wp:featuredmedia":[{"embeddable":true,"href":"https:\/\/ownpowr.com\/cs\/wp-json\/wp\/v2\/media\/621"}],"wp:attachment":[{"href":"https:\/\/ownpowr.com\/cs\/wp-json\/wp\/v2\/media?parent=620"}],"wp:term":[{"taxonomy":"product_cat","embeddable":true,"href":"https:\/\/ownpowr.com\/cs\/wp-json\/wp\/v2\/product_cat?post=620"},{"taxonomy":"product_tag","embeddable":true,"href":"https:\/\/ownpowr.com\/cs\/wp-json\/wp\/v2\/product_tag?post=620"}],"curies":[{"name":"wp","href":"https:\/\/api.w.org\/{rel}","templated":true}]}}