{"id":631,"date":"2023-10-05T01:25:09","date_gmt":"2023-10-04T23:25:09","guid":{"rendered":"https:\/\/ownpowr.com\/product\/sofar-solar-hyd-10ktl-3ph\/"},"modified":"2025-03-27T12:59:51","modified_gmt":"2025-03-27T10:59:51","slug":"sofar-solar-hyd-10ktl-3ph","status":"publish","type":"product","link":"https:\/\/ownpowr.com\/cs\/product\/sofar-solar-hyd-10ktl-3ph\/","title":{"rendered":"SofarSolar HYD-10KTL-3PH"},"content":{"rendered":"<p>N\u00e1\u0161 nejnov\u011bj\u0161\u00ed p\u0159\u00edr\u016fstek v segmentu st\u0159\u00edda\u010d\u016f, \u010d\u00ednsk\u00fd v\u00fdrobce Sofar Solar, uv\u00e1d\u00ed na trh plnohodnotnou \u0159adu produkt\u016f.<\/p>\n<p>Hybridn\u00ed st\u0159\u00edda\u010de \u0159ady HYD KTL-3PH se vyzna\u010duj\u00ed \u0161irok\u00fdm rozsahem nap\u011bt\u00ed pro v\u00fdkonn\u00e9 generace modul\u016f a p\u0159ipojen\u00edm a\u017e 2 bateri\u00ed. Sou\u010d\u00e1st\u00ed standardn\u00ed v\u00fdbavy je zde tak\u00e9 integrovan\u00e1 ochrana proti p\u0159ep\u011bt\u00ed AC + DC a spr\u00e1va st\u00edn\u016f. D\u00edky v\u00fdkonov\u00fdm t\u0159\u00edd\u00e1m od 5 do 20 kW si v\u017edy vyberete tu pravou.<\/p>\n<p>Kompatibiln\u00ed baterie:<\/p>\n<p>- Pylontech S\u00edla H1 14,2 a\u017e 24,86<\/p>\n<p>- Pylontech Force H2 7,1 a\u017e 14,2<\/p>\n<p>- Axitec AXIstorage Li SV1 13.5 a\u017e 23.6<\/p>\n<p>- Axitec AXIstorage Li SV2 6.7 a\u017e 13.5<\/p>\n<p>V\u00fdhody produktu:<\/p>\n<p>- \u0160irok\u00fd rozsah nap\u011bt\u00ed MPPT od 180 do 960 V<\/p>\n<p>- Integrovan\u00e1 p\u0159ep\u011b\u0165ov\u00e1 ochrana AC\/DC typu II<\/p>\n<p>- Aktivn\u00ed spr\u00e1va st\u00edn\u016f<\/p>\n<p>Vlastnosti produktu:<\/p>\n<p>- V\u00fdkon st\u0159\u00eddav\u00e9ho proudu: 5 kW<\/p>\n<p>- Po\u010det MPPT: 2<\/p>\n<p>- F\u00e1ze p\u0159ipojen\u00ed: 3<\/p>\n<p>- Rozhran\u00ed: RS485, WiFi, Bluetooth, Ethernet, 4 x dig.In (FRE)<\/p>\n<p>- Z\u00e1str\u010dka konektoru: MC4<\/p>\n<p>- T\u0159\u00edda ochrany: IP 65<\/p>\n<p>- Chlazen\u00ed: pasivn\u00ed<\/p>\n<p>- Rozm\u011bry: 571 x 515 x 264 mm (Vx\u0160xH)<\/p>\n<p>- Hmotnost: 33,0 kg<\/p>\n<p>- Z\u00e1ruka: 5 let<\/p>\n<p><a href=\"https:\/\/storeyourownpower.com\/wp-content\/uploads\/2023\/02\/Datasheet-German-Sofar.pdf\" target=\"_blank\" rel=\"noopener\">Datov\u00fd list N\u011bmeck\u00fd Sofar<\/a><\/p>","protected":false},"excerpt":{"rendered":"<p>N\u00e1\u0161 nejnov\u011bj\u0161\u00ed p\u0159\u00edr\u016fstek v segmentu st\u0159\u00edda\u010d\u016f, \u010d\u00ednsk\u00fd v\u00fdrobce Sofar Solar, uv\u00e1d\u00ed na trh plnohodnotnou \u0159adu produkt\u016f. Hybridn\u00ed st\u0159\u00edda\u010de \u0159ady HYD KTL-3PH se vyzna\u010duj\u00ed \u0161irok\u00fdm nap\u011b\u0165ov\u00fdm rozsahem a jsou ur\u010deny pro [...]<\/p>","protected":false},"featured_media":628,"template":"","meta":{"_seopress_robots_primary_cat":"none","_seopress_titles_title":"Sofar Solar HYD 10KTL-3PH","_seopress_titles_desc":"Sofar Solar HYD KTL-3PH series offers a wide voltage range, 2 battery connections, overvoltage protection, shadow management, and more. Find the perfect power class from 5 to 20 kW.","_seopress_robots_index":"","_kad_blocks_custom_css":"","_kad_blocks_head_custom_js":"","_kad_blocks_body_custom_js":"","_kad_blocks_footer_custom_js":""},"product_cat":[18],"product_tag":[],"class_list":{"0":"post-631","1":"product","2":"type-product","3":"status-publish","4":"has-post-thumbnail","6":"product_cat-hybrid-inverters","8":"first","9":"instock","10":"sale","11":"taxable","12":"shipping-taxable","13":"purchasable","14":"product-type-simple"},"taxonomy_info":{"product_cat":[{"value":18,"label":"Hybrid inverters"}]},"featured_image_src_large":["https:\/\/ownpowr.com\/wp-content\/uploads\/2023\/02\/Sofar-inverter.jpeg",672,606,false],"author_info":[],"comment_info":"","_links":{"self":[{"href":"https:\/\/ownpowr.com\/cs\/wp-json\/wp\/v2\/product\/631","targetHints":{"allow":["GET"]}}],"collection":[{"href":"https:\/\/ownpowr.com\/cs\/wp-json\/wp\/v2\/product"}],"about":[{"href":"https:\/\/ownpowr.com\/cs\/wp-json\/wp\/v2\/types\/product"}],"wp:featuredmedia":[{"embeddable":true,"href":"https:\/\/ownpowr.com\/cs\/wp-json\/wp\/v2\/media\/628"}],"wp:attachment":[{"href":"https:\/\/ownpowr.com\/cs\/wp-json\/wp\/v2\/media?parent=631"}],"wp:term":[{"taxonomy":"product_cat","embeddable":true,"href":"https:\/\/ownpowr.com\/cs\/wp-json\/wp\/v2\/product_cat?post=631"},{"taxonomy":"product_tag","embeddable":true,"href":"https:\/\/ownpowr.com\/cs\/wp-json\/wp\/v2\/product_tag?post=631"}],"curies":[{"name":"wp","href":"https:\/\/api.w.org\/{rel}","templated":true}]}}