{"id":652,"date":"2023-10-05T01:03:14","date_gmt":"2023-10-04T23:03:14","guid":{"rendered":"https:\/\/ownpowr.com\/product\/alphaess-smile-b3\/"},"modified":"2025-03-27T13:36:41","modified_gmt":"2025-03-27T11:36:41","slug":"alphaess-smile-b3","status":"publish","type":"product","link":"https:\/\/ownpowr.com\/cs\/product\/alphaess-smile-b3\/","title":{"rendered":"AlphaEss Smile B3"},"content":{"rendered":"<ul>\n<li class=\"l_b6bx1li fl slick-slide\" role=\"option\" data-slick-index=\"5\" aria-hidden=\"true\" aria-describedby=\"slick-slide05\">\n<div class=\"l_b6bx1lis\">\n<div class=\"ys_imgbox_cover\">\n<ul>\n<li id=\"\" class=\"l_b6bx1li fl slick-slide slick-cloned\" data-slick-index=\"6\" aria-hidden=\"true\">\n<div class=\"l_b6bx1lis\">\n<p>P\u0159edstavujeme \u0159e\u0161en\u00ed pro ukl\u00e1d\u00e1n\u00ed energie SMILE-B3<\/p>\n<p>Odhalte s\u00edlu \u00fa\u010dinn\u00e9ho skladov\u00e1n\u00ed energie s robustn\u00edm syst\u00e9mem SMILE-B3, kter\u00fd je navr\u017een tak, aby jej bylo mo\u017en\u00e9 bez probl\u00e9m\u016f zabudovat do st\u00e1vaj\u00edc\u00edho za\u0159\u00edzen\u00ed. Toto \u0159e\u0161en\u00ed s v\u00fdkonem 3 kW nab\u00edz\u00ed kapacitu v rozmez\u00ed od 2,9 kWh do 17,2 kWh, co\u017e zaji\u0161\u0165uje flexibilitu p\u0159i uspokojov\u00e1n\u00ed va\u0161ich energetick\u00fdch pot\u0159eb.<\/p>\n<p>Kl\u00ed\u010dov\u00e9 vlastnosti:<\/p>\n<ul>\n<li>Kompatibilita s dodate\u010dnou mont\u00e1\u017e\u00ed<\/li>\n<li>Schopnosti AC-spojky<\/li>\n<li>Vestav\u011bn\u00e1 baterie pro vy\u0161\u0161\u00ed v\u00fdkon<\/li>\n<li>Modul\u00e1rn\u00ed konstrukce pro snadn\u00e9 roz\u0161\u00ed\u0159en\u00ed<\/li>\n<li>Bezprobl\u00e9mov\u00e1 instalace<\/li>\n<li>Nep\u0159etr\u017eit\u00fd dohled pro klid du\u0161e<\/li>\n<\/ul>\n<p>Specifikace modelu SMILE-B3-PLUS:<\/p>\n<ul>\n<li>Max. V\u00fdstupn\u00ed v\u00fdkon st\u0159\u00eddav\u00e9ho proudu: 3 kW<\/li>\n<li>Rozsah kapacity: 2,9 - 17,2 kWh<\/li>\n<li>Max. Nab\u00edjec\u00ed\/vyb\u00edjec\u00ed proud: 60 A<\/li>\n<li>Hloubka vypou\u0161t\u011bn\u00ed (DoD): 96%<\/li>\n<li>Rozm\u011bry (\u0161 x h x v): 610 x 219 x 650 mm<\/li>\n<li>Rozsah provozn\u00edch teplot: -10 \u00b0C a\u017e 50 \u00b0C<\/li>\n<li>Ochrana IP: IP65 \/ IP21<\/li>\n<li>Z\u00e1ruka: 5let\u00e1 z\u00e1ruka na v\u00fdrobek, 10let\u00e1 z\u00e1ruka na v\u00fdkon<\/li>\n<\/ul>\n<p>SMILE-B3 je ide\u00e1ln\u00edm \u0159e\u0161en\u00edm pro sol\u00e1rn\u00ed syst\u00e9my bez sou\u010dasn\u00e9 integrace bateri\u00ed. Lze jej sp\u00e1rovat a\u017e se \u0161esti bateriemi o kapacit\u011b 2,9 kWh, \u010d\u00edm\u017e se kapacita \u00falo\u017ei\u0161t\u011b roz\u0161\u00ed\u0159\u00ed na p\u016fsobiv\u00fdch 17,2 kWh. Vylep\u0161ete sv\u00e9 \u00falo\u017ei\u0161t\u011b energie pomoc\u00ed SMILE-B3 a vyzkou\u0161ejte si efektivn\u00ed a spolehlivou spr\u00e1vu energie.<\/p>\n<\/div>\n<\/li>\n<\/ul>\n<\/div>\n<\/div>\n<\/li>\n<\/ul>\n<p><a href=\"https:\/\/storeyourownpower.com\/wp-content\/uploads\/2023\/02\/Datasheet-Smile-B3.pdf\" target=\"_blank\" rel=\"noopener\">Datov\u00fd list Smile B3<\/a><\/p>","protected":false},"excerpt":{"rendered":"<p>&nbsp;<\/p>\n<p>&nbsp;<\/p>","protected":false},"featured_media":653,"template":"","meta":{"_seopress_robots_primary_cat":"none","_seopress_titles_title":"Expand Your Solar Storage: SMILE-B3 3kW Retrofit AC-Coupling with Built-in Battery","_seopress_titles_desc":"Upgrade your existing solar system with SMILE-B3, a modular and easy-to-install solution that maximizes your storage capacity to 17.2kWh.","_seopress_robots_index":"","_kad_blocks_custom_css":"","_kad_blocks_head_custom_js":"","_kad_blocks_body_custom_js":"","_kad_blocks_footer_custom_js":""},"product_cat":[17],"product_tag":[],"class_list":{"0":"post-652","1":"product","2":"type-product","3":"status-publish","4":"has-post-thumbnail","6":"product_cat-home-batteries","8":"first","9":"instock","10":"sale","11":"taxable","12":"shipping-taxable","13":"purchasable","14":"product-type-simple"},"taxonomy_info":{"product_cat":[{"value":17,"label":"Home batteries"}]},"featured_image_src_large":["https:\/\/ownpowr.com\/wp-content\/uploads\/2023\/02\/320_320_Product_logo_storage_system_5d3ab2d32f5cd.png",320,286,false],"author_info":[],"comment_info":"","_links":{"self":[{"href":"https:\/\/ownpowr.com\/cs\/wp-json\/wp\/v2\/product\/652","targetHints":{"allow":["GET"]}}],"collection":[{"href":"https:\/\/ownpowr.com\/cs\/wp-json\/wp\/v2\/product"}],"about":[{"href":"https:\/\/ownpowr.com\/cs\/wp-json\/wp\/v2\/types\/product"}],"wp:featuredmedia":[{"embeddable":true,"href":"https:\/\/ownpowr.com\/cs\/wp-json\/wp\/v2\/media\/653"}],"wp:attachment":[{"href":"https:\/\/ownpowr.com\/cs\/wp-json\/wp\/v2\/media?parent=652"}],"wp:term":[{"taxonomy":"product_cat","embeddable":true,"href":"https:\/\/ownpowr.com\/cs\/wp-json\/wp\/v2\/product_cat?post=652"},{"taxonomy":"product_tag","embeddable":true,"href":"https:\/\/ownpowr.com\/cs\/wp-json\/wp\/v2\/product_tag?post=652"}],"curies":[{"name":"wp","href":"https:\/\/api.w.org\/{rel}","templated":true}]}}