{"id":663,"date":"2023-10-05T01:20:48","date_gmt":"2023-10-04T23:20:48","guid":{"rendered":"https:\/\/ownpowr.com\/product\/alphaess-smile-t10-inverter\/"},"modified":"2025-03-27T13:36:53","modified_gmt":"2025-03-27T11:36:53","slug":"alphaess-smile-t10-inverter","status":"publish","type":"product","link":"https:\/\/ownpowr.com\/cs\/product\/menic-alphaess-smile-t10\/","title":{"rendered":"M\u011bni\u010d AlphaEss Smile T10-HV"},"content":{"rendered":"<h3>M\u011bni\u010d AlphaEss Smile T10-HV<\/h3>\n<ul>\n<li>Klasick\u00fd design<img decoding=\"async\" src=\"https:\/\/www.alphaess.com\/Public\/Uploads\/uploadfile\/images\/20220428\/Design.svg\" alt=\"Design.svg\" \/><\/li>\n<li>Nejprod\u00e1van\u011bj\u0161\u00ed <img decoding=\"async\" src=\"https:\/\/www.alphaess.com\/Public\/Uploads\/uploadfile\/images\/20220428\/BestSeller.svg\" alt=\"BestSeller.svg\" \/><\/li>\n<li>P\u0159ipravenost na VPP<img decoding=\"async\" src=\"https:\/\/www.alphaess.com\/Public\/Uploads\/uploadfile\/images\/20220428\/VPPReady.svg\" alt=\"VPPReady.svg\" \/><\/li>\n<li>Schopnost UPS<img decoding=\"async\" src=\"https:\/\/www.alphaess.com\/Public\/Uploads\/uploadfile\/images\/20220523\/UPS.svg\" alt=\"UPS.svg\" \/><\/li>\n<li>Vysok\u00e1 kompatibilita<img decoding=\"async\" class=\"\" src=\"https:\/\/www.alphaess.com\/Public\/Uploads\/uploadfile\/images\/20220523\/HighCompatibility.svg\" alt=\"HighCompatibility.svg\" width=\"24\" height=\"24\" \/><\/li>\n<\/ul>\n<p>&nbsp;<\/p>\n<p><strong>V\u00edce informac\u00ed<\/strong><\/p>\n<table class=\"enf-compare-pages-table mk-main-table\" width=\"680\">\n<tbody>\n<tr>\n<td class=\"mk-td-visible\">\n<div><\/div>\n<\/td>\n<\/tr>\n<tr class=\"mk-group-title\">\n<th>Specifikace<\/th>\n<td class=\"mk-td-visible\"><\/td>\n<\/tr>\n<tr>\n<th>Z\u00e1ruka na v\u00fdrobek (min.)<\/th>\n<td class=\"mk-td-visible ar:text-right\">5 let<\/td>\n<\/tr>\n<tr>\n<th>Kategorie \u00falo\u017en\u00e9ho syst\u00e9mu<\/th>\n<td class=\"mk-td-visible ar:text-right\">Inteligentn\u00ed<\/td>\n<\/tr>\n<tr>\n<th>Technologie \u00falo\u017en\u00e9ho syst\u00e9mu<\/th>\n<td class=\"mk-td-visible ar:text-right\">LFP (LiFePo4)<\/td>\n<\/tr>\n<tr class=\"mk-group-title-storage-system\">\n<th colspan=\"2\">Datov\u00fd list baterie<\/th>\n<\/tr>\n<tr class=\"mk-group-title\">\n<th>Elektrick\u00e9 \u00fadaje<\/th>\n<td class=\"mk-td-visible\"><\/td>\n<\/tr>\n<tr>\n<th>Jmenovit\u00e9 nap\u011bt\u00ed<\/th>\n<td class=\"mk-td-visible\">\n<div>\n<table>\n<tbody>\n<tr>\n<td class=\"enf-api-spec-cell !p-[9px] md:!text-center !text-left ar:text-right active\" data-id=\"15888\">51.2 V<\/td>\n<\/tr>\n<\/tbody>\n<\/table>\n<\/div>\n<\/td>\n<\/tr>\n<tr>\n<th>Max. Nab\u00edjec\u00ed proud<\/th>\n<td class=\"mk-td-visible\">\n<div>\n<table>\n<tbody>\n<tr>\n<td class=\"enf-api-spec-cell !p-[9px] md:!text-center !text-left ar:text-right active\" data-id=\"15888\">56 A<\/td>\n<\/tr>\n<\/tbody>\n<\/table>\n<\/div>\n<\/td>\n<\/tr>\n<tr class=\"mk-group-title\">\n<th>Teplotn\u00ed parametry<\/th>\n<td class=\"mk-td-visible\"><\/td>\n<\/tr>\n<tr>\n<th>Provozn\u00ed teplota<\/th>\n<td class=\"mk-td-visible ar:text-right\">-10 ~ +50 \u2103<\/td>\n<\/tr>\n<tr class=\"mk-group-title\">\n<th>Obecn\u00e9 \u00fadaje<\/th>\n<td class=\"mk-td-visible\"><\/td>\n<\/tr>\n<tr>\n<th>Rozm\u011bry (D\/\u0160\/V)<\/th>\n<td class=\"mk-td-visible\">\n<div>\n<table>\n<tbody>\n<tr>\n<td class=\"enf-api-spec-cell !p-[9px] md:!text-center !text-left ar:text-right active\" data-id=\"15888\">250x600x300 mm<\/td>\n<\/tr>\n<\/tbody>\n<\/table>\n<\/div>\n<\/td>\n<\/tr>\n<tr>\n<th>Hmotnost<\/th>\n<td class=\"mk-td-visible\">\n<div>\n<table>\n<tbody>\n<tr>\n<td class=\"enf-api-spec-cell !p-[9px] md:!text-center !text-left ar:text-right active\" data-id=\"15888\">35 kg<\/td>\n<\/tr>\n<\/tbody>\n<\/table>\n<\/div>\n<\/td>\n<\/tr>\n<tr class=\"mk-group-title-storage-system\">\n<th colspan=\"2\">Datov\u00fd list sol\u00e1rn\u00edho m\u011bni\u010de<\/th>\n<\/tr>\n<tr class=\"mk-group-title\">\n<th>Vstupn\u00ed \u00fadaje m\u011bni\u010de (DC)<\/th>\n<td class=\"mk-td-visible\"><\/td>\n<\/tr>\n<tr>\n<th>Max. Stejnosm\u011brn\u00fd v\u00fdkon<\/th>\n<td class=\"mk-td-visible\">\n<div>\n<table>\n<tbody>\n<tr>\n<td class=\"enf-api-spec-cell !p-[9px] md:!text-center !text-left ar:text-right active\" data-id=\"15888\">10 kW<\/td>\n<\/tr>\n<\/tbody>\n<\/table>\n<\/div>\n<\/td>\n<\/tr>\n<tr>\n<th>Max. Stejnosm\u011brn\u00e9 nap\u011bt\u00ed<\/th>\n<td class=\"mk-td-visible\">\n<div>\n<table>\n<tbody>\n<tr>\n<td class=\"enf-api-spec-cell !p-[9px] md:!text-center !text-left ar:text-right active\" data-id=\"15888\">900 V<\/td>\n<\/tr>\n<\/tbody>\n<\/table>\n<\/div>\n<\/td>\n<\/tr>\n<tr>\n<th>Max. Stejnosm\u011brn\u00fd proud<\/th>\n<td class=\"mk-td-visible\">\n<div>\n<table>\n<tbody>\n<tr>\n<td class=\"enf-api-spec-cell !p-[9px] md:!text-center !text-left ar:text-right active\" data-id=\"15888\">23 A<\/td>\n<\/tr>\n<\/tbody>\n<\/table>\n<\/div>\n<\/td>\n<\/tr>\n<tr>\n<th>Rozsah nap\u011bt\u00ed MPP(T)<\/th>\n<td class=\"mk-td-visible\">\n<div>\n<table>\n<tbody>\n<tr>\n<td class=\"enf-api-spec-cell !p-[9px] md:!text-center !text-left ar:text-right active\" data-id=\"15888\">250~850 V<\/td>\n<\/tr>\n<\/tbody>\n<\/table>\n<\/div>\n<\/td>\n<\/tr>\n<tr>\n<th>Po\u010det sledova\u010d\u016f MPP<\/th>\n<td class=\"mk-td-visible\">\n<div>\n<table>\n<tbody>\n<tr>\n<td class=\"enf-api-spec-cell !p-[9px] md:!text-center !text-left ar:text-right active\" data-id=\"15888\">2<\/td>\n<\/tr>\n<\/tbody>\n<\/table>\n<\/div>\n<\/td>\n<\/tr>\n<tr class=\"mk-group-title\">\n<th>V\u00fdstupn\u00ed \u00fadaje m\u011bni\u010de (AC)<\/th>\n<td class=\"mk-td-visible\"><\/td>\n<\/tr>\n<tr>\n<th>Max. Nap\u00e1jen\u00ed st\u0159\u00eddav\u00fdm proudem<\/th>\n<td class=\"mk-td-visible\">\n<div>\n<table>\n<tbody>\n<tr>\n<td class=\"enf-api-spec-cell !p-[9px] md:!text-center !text-left ar:text-right active\" data-id=\"15888\">10 kW<\/td>\n<\/tr>\n<\/tbody>\n<\/table>\n<\/div>\n<\/td>\n<\/tr>\n<tr>\n<th>Jmenovit\u00fd v\u00fdkon st\u0159\u00eddav\u00e9ho proudu<\/th>\n<td class=\"mk-td-visible\">\n<div>\n<table>\n<tbody>\n<tr>\n<td class=\"enf-api-spec-cell !p-[9px] md:!text-center !text-left ar:text-right active\" data-id=\"15888\">10 kW<\/td>\n<\/tr>\n<\/tbody>\n<\/table>\n<\/div>\n<\/td>\n<\/tr>\n<tr>\n<th>Jmenovit\u00e9 st\u0159\u00eddav\u00e9 nap\u011bt\u00ed<\/th>\n<td class=\"mk-td-visible\">\n<div>\n<table>\n<tbody>\n<tr>\n<td class=\"enf-api-spec-cell !p-[9px] md:!text-center !text-left ar:text-right active\" data-id=\"15888\">400 V<\/td>\n<\/tr>\n<\/tbody>\n<\/table>\n<\/div>\n<\/td>\n<\/tr>\n<tr>\n<th>Po\u010det f\u00e1z\u00ed dod\u00e1vky<\/th>\n<td class=\"mk-td-visible\">\n<div>\n<table>\n<tbody>\n<tr>\n<td class=\"enf-api-spec-cell !p-[9px] md:!text-center !text-left ar:text-right active\" data-id=\"15888\">3<\/td>\n<\/tr>\n<\/tbody>\n<\/table>\n<\/div>\n<\/td>\n<\/tr>\n<tr class=\"mk-group-title\">\n<th>Obecn\u00e9 \u00fadaje o m\u011bni\u010di<\/th>\n<td class=\"mk-td-visible\"><\/td>\n<\/tr>\n<tr>\n<th>Rozm\u011bry (v\/\u0161\/d)<\/th>\n<td class=\"mk-td-visible\">\n<div>\n<table>\n<tbody>\n<tr>\n<td class=\"enf-api-spec-cell !p-[9px] md:!text-center !text-left ar:text-right active\" data-id=\"15888\">600x460x250 mm<\/td>\n<\/tr>\n<\/tbody>\n<\/table>\n<\/div>\n<\/td>\n<\/tr>\n<tr>\n<th>Hmotnost<\/th>\n<td class=\"mk-td-visible\">\n<div>\n<table>\n<tbody>\n<tr>\n<td class=\"enf-api-spec-cell !p-[9px] md:!text-center !text-left ar:text-right active\" data-id=\"15888\">29 kg<\/td>\n<\/tr>\n<\/tbody>\n<\/table>\n<\/div>\n<\/td>\n<\/tr>\n<tr>\n<th>T\u0159\u00edda ochrany<\/th>\n<td class=\"mk-td-visible ar:text-right\">IP21<\/td>\n<\/tr>\n<tr>\n<th>Vlhkost<\/th>\n<td class=\"mk-td-visible ar:text-right\">15-85 %<\/td>\n<\/tr>\n<tr>\n<th>Zobrazit<\/th>\n<td class=\"mk-td-visible ar:text-right\">LCD<\/td>\n<\/tr>\n<\/tbody>\n<\/table>\n<p>&nbsp;<\/p>\n<p>&nbsp;<\/p>","protected":false},"excerpt":{"rendered":"<p>AlphaEss Smile T10-HV invertor Klasick\u00fd design Nejprod\u00e1van\u011bj\u0161\u00ed VPP Ready UPS Schopnost vysok\u00e9 kompatibility V\u00edce informac\u00ed Specifikace Z\u00e1ruka na produkt (min.) 5 let Kategorie \u00falo\u017en\u00e9ho syst\u00e9mu Inteligentn\u00ed \u00falo\u017en\u00fd syst\u00e9m Technologie [...]<\/p>","protected":false},"featured_media":664,"template":"","meta":{"_seopress_robots_primary_cat":"none","_seopress_titles_title":"Alpha ESS SMILE T10 - Intelligent Storage System with LFP Battery","_seopress_titles_desc":"Experience the power of the Alpha ESS SMILE T10 storage system with LFP battery technology. Maximize your energy usage with a sleek design, VPP readiness, and a 5-year warranty.","_seopress_robots_index":"","_kad_blocks_custom_css":"","_kad_blocks_head_custom_js":"","_kad_blocks_body_custom_js":"","_kad_blocks_footer_custom_js":""},"product_cat":[18],"product_tag":[],"class_list":{"0":"post-663","1":"product","2":"type-product","3":"status-publish","4":"has-post-thumbnail","6":"product_cat-hybrid-inverters","8":"first","9":"instock","10":"sale","11":"taxable","12":"shipping-taxable","13":"purchasable","14":"product-type-simple"},"taxonomy_info":{"product_cat":[{"value":18,"label":"Hybrid inverters"}]},"featured_image_src_large":["https:\/\/ownpowr.com\/wp-content\/uploads\/2023\/02\/Smile-T10.png",951,936,false],"author_info":[],"comment_info":"","_links":{"self":[{"href":"https:\/\/ownpowr.com\/cs\/wp-json\/wp\/v2\/product\/663","targetHints":{"allow":["GET"]}}],"collection":[{"href":"https:\/\/ownpowr.com\/cs\/wp-json\/wp\/v2\/product"}],"about":[{"href":"https:\/\/ownpowr.com\/cs\/wp-json\/wp\/v2\/types\/product"}],"wp:featuredmedia":[{"embeddable":true,"href":"https:\/\/ownpowr.com\/cs\/wp-json\/wp\/v2\/media\/664"}],"wp:attachment":[{"href":"https:\/\/ownpowr.com\/cs\/wp-json\/wp\/v2\/media?parent=663"}],"wp:term":[{"taxonomy":"product_cat","embeddable":true,"href":"https:\/\/ownpowr.com\/cs\/wp-json\/wp\/v2\/product_cat?post=663"},{"taxonomy":"product_tag","embeddable":true,"href":"https:\/\/ownpowr.com\/cs\/wp-json\/wp\/v2\/product_tag?post=663"}],"curies":[{"name":"wp","href":"https:\/\/api.w.org\/{rel}","templated":true}]}}