{"id":82534,"date":"2024-05-31T12:02:10","date_gmt":"2024-05-31T10:02:10","guid":{"rendered":"https:\/\/ownpowr.com\/?post_type=product&#038;p=82534"},"modified":"2025-08-25T14:32:05","modified_gmt":"2025-08-25T12:32:05","slug":"blauhoff-maxus-60k-96kwh-energy-storage-cabinet-liquid-cooling-with-ev-charger","status":"publish","type":"product","link":"https:\/\/ownpowr.com\/cs\/product\/blauhoff-maxus-60k-96kwh-skrin-pro-ukladani-energie-s-kapalinovym-chlazenim-a-nabijeckou-ev\/","title":{"rendered":"Blauhoff Maxus 60K\/96KWh Sk\u0159\u00ed\u0148 pro ukl\u00e1d\u00e1n\u00ed energie Kapalinov\u00e9 chlazen\u00ed s nab\u00edje\u010dkou pro elektromobily"},"content":{"rendered":"<p>&nbsp;<\/p>\n<p>Mont\u00e1\u017e prov\u00e1d\u00ed m\u00edstn\u00ed mont\u00e1\u017en\u00ed firma s pomoc\u00ed na\u0161ich technick\u00fdch pracovn\u00edk\u016f.<\/p>\n<p>Blauhoff Maxus 96Kwh Sk\u0159\u00ed\u0148 pro ukl\u00e1d\u00e1n\u00ed energie Chlazen\u00e1 kapalinou Z\u00e1ruka 10 let 8000 cykl\u016f s nab\u00edje\u010dkou EV<\/p>\n<p>Mo\u017enost dotace<\/p>\n<p>Prismatick\u00e9 \u010dl\u00e1nky pro nejvy\u0161\u0161\u00ed kvalitu a nejdel\u0161\u00ed \u017eivotnost , 8000 cykl\u016f a 10let\u00e1 z\u00e1ruka na \u010dl\u00e1nky bez p\u0159\u00edplatku a 5 let na celek.<\/p>\n<p>V\u011bt\u0161ina ostatn\u00edch poskytovatel\u016f m\u00e1 3-5 let na cel\u00e9 a bu\u0148ky a pak mus\u00edte platit nav\u00edc, to plat\u00ed i pro EMS Dijkman, kter\u00fd pou\u017e\u00edv\u00e1me, \u017e\u00e1dn\u00e9 m\u011bs\u00ed\u010dn\u00ed n\u00e1klady a m\u016f\u017ee pracovat s nerovnov\u00e1\u017en\u00fdm trhem.<\/p>\n<p>Pln\u011b integrovan\u00fd syst\u00e9m ESS pro snadnou p\u0159epravu a provoz a \u00fadr\u017ebu.<\/p>\n<p>Integrovan\u00e1 baterie s nab\u00edje\u010dkou EV a modul\u00e1rn\u00ed konstrukce umo\u017e\u0148uj\u00ed rychl\u00e9 nastaven\u00ed a pou\u017e\u00edv\u00e1n\u00ed maxim\u00e1ln\u011b 3 hodiny pr\u00e1ce.<\/p>\n<p>Blauhoff BLH-96kWh-Maxus, univerz\u00e1ln\u00ed komer\u010dn\u00ed a pr\u016fmyslov\u00fd ESS s kapalinov\u00fdm chlazen\u00edm, je integrov\u00e1n s m\u011bni\u010dem pro ukl\u00e1d\u00e1n\u00ed energie, bateri\u00ed, BMS, EMS, tepeln\u00fdm managementem, rozvodem energie, protipo\u017e\u00e1rn\u00ed ochranou, nab\u00edje\u010dkou Ev atd..<\/p>\n<p>Konstrukce \"v\u0161e v jednom\" se snadno instaluje a udr\u017euje v provozu a propojuje se se v\u0161emi ostatn\u00edmi produkty Maxus a automaticky obchoduje s dynamick\u00fdmi cenami energie prost\u0159ednictv\u00edm r\u016fzn\u00fdch syst\u00e9m\u016f EMS.<\/p>\n<p>Bezpe\u010dnostn\u00ed konstrukce syst\u00e9mu zaji\u0161\u0165uje lep\u0161\u00ed v\u00fdkon baterie a del\u0161\u00ed \u017eivotnost.<br \/>\n\u017eivot. V\u00edce sad sk\u0159\u00edn\u00ed lze p\u0159\u00edmo paraleln\u011b propojit a\u017e do 30 jednotek a dos\u00e1hnout tak skladov\u00e1n\u00ed energie.<br \/>\nroz\u0161\u00ed\u0159en\u00ed syst\u00e9mu. Je velmi snadno \u0161k\u00e1lovateln\u00fd a p\u0159enosn\u00fd.<\/p>\n<p>Kapalinov\u00e9 chlazen\u00ed :<br \/>\nTeplotn\u00ed drift bateriov\u00fdch \u010dl\u00e1nk\u016f<br \/>\nv cel\u00e9m syst\u00e9mu je v rozmez\u00ed \u00b11,5 \u00b0C v d\u016fsledku<br \/>\ninteligentn\u00ed kapalinov\u00fd chladic\u00ed syst\u00e9m. Dok\u00e1\u017ee<br \/>\nprodlou\u017eit \u017eivotnost syst\u00e9mu a\u017e na<br \/>\n30%, zv\u00fd\u0161en\u00ed dlouhodob\u00e9 \u00fa\u010dinnosti syst\u00e9mu<br \/>\na\u017e 88.5%.<\/p>\n<p>Mo\u017enost p\u0159\u00edplatk\u016f<\/p>\n<p>Nouzov\u00e9 nap\u00e1jen\u00ed STS - 2 nab\u00edje\u010dky EV 22kw - hybridn\u00ed st\u0159\u00edda\u010d pro p\u0159ipojen\u00ed panel\u016f ipv AC coupled<\/p>\n<p>Bezpe\u010dn\u00e9<br \/>\nSyst\u00e9m m\u00e1 \u010dty\u0159i \u00farovn\u011b \u0159\u00edzen\u00ed<br \/>\nstruktura, kter\u00e1 m\u016f\u017ee poskytnout p\u0159esn\u00e9<br \/>\nochrana proti zkratu, nadproudov\u00e1 ochrana<br \/>\nochrana proti p\u0159ep\u011bt\u00ed,<br \/>\nochrana proti podp\u011bt\u00ed, ochrana proti p\u0159eh\u0159\u00e1t\u00ed<br \/>\nochrana atd.<\/p>\n<p>Povinn\u00e9 bezpe\u010dnostn\u00ed a evropsk\u00e9 certifik\u00e1ty, st\u0159\u00edda\u010d a baterie :<\/p>\n<p>EN 50549-1 pro st\u0159\u00edda\u010d Maxus a plat\u00ed pro v\u00fdrobn\u00ed jednotky p\u0159ipojen\u00e9 k s\u00edt\u00edm n\u00edzk\u00e9ho nap\u011bt\u00ed a EN 50549-2 plat\u00ed pro v\u00fdrobn\u00ed jednotky p\u0159ipojen\u00e9 k s\u00edt\u00edm st\u0159edn\u00edho nap\u011bt\u00ed.<\/p>\n<p><strong>NEN-EN-IEC 62619:2022 - Sekund\u00e1rn\u00ed \u010dl\u00e1nky a baterie obsahuj\u00edc\u00ed alkalick\u00e9 nebo jin\u00e9 nekysel\u00e9 elektrolyty - Bezpe\u010dnostn\u00ed po\u017eadavky na sekund\u00e1rn\u00ed lithiov\u00e9 \u010dl\u00e1nky a baterie pro pou\u017eit\u00ed v pr\u016fmyslov\u00fdch aplikac\u00edch<\/strong><\/p>\n<p><strong>NEN-EN-IEC 61000-6-2\u3001EN IEC 61000-6-4<\/strong><\/p>\n<p><strong>UL 9540A:2019 vyd\u00e1n\u00ed 4 - Norma pro zku\u0161ebn\u00ed metodu hodnocen\u00ed \u0161\u00ed\u0159en\u00ed tepeln\u00e9ho \u00faniku p\u0159i po\u017e\u00e1ru v bateriov\u00fdch syst\u00e9mech pro ukl\u00e1d\u00e1n\u00ed energie<\/strong><\/p>\n<p><strong>UN38.3<\/strong><\/p>\n<p>VDE4100<\/p>","protected":false},"excerpt":{"rendered":"<p>&nbsp; Mont\u00e1\u017e prov\u00e1d\u00ed m\u00edstn\u00ed mont\u00e1\u017en\u00ed firma s pomoc\u00ed na\u0161ich technick\u00fdch pracovn\u00edk\u016f. Blauhoff Maxus 96Kwh Sk\u0159\u00ed\u0148 pro ukl\u00e1d\u00e1n\u00ed energie Chlazen\u00e1 kapalinou Z\u00e1ruka 10 let 8000 cykl\u016f s nab\u00edje\u010dkou pro elektromobily Mo\u017enost dotace [...]<\/p>","protected":false},"featured_media":82535,"template":"","meta":{"_seopress_robots_primary_cat":"none","_seopress_titles_title":"","_seopress_titles_desc":"","_seopress_robots_index":"","_kad_blocks_custom_css":"","_kad_blocks_head_custom_js":"","_kad_blocks_body_custom_js":"","_kad_blocks_footer_custom_js":""},"product_cat":[17,18,19],"product_tag":[],"class_list":{"0":"post-82534","1":"product","2":"type-product","3":"status-publish","4":"has-post-thumbnail","6":"product_cat-home-batteries","7":"product_cat-hybrid-inverters","8":"product_cat-sets-with-inverters","10":"first","11":"instock","12":"taxable","13":"shipping-taxable","14":"purchasable","15":"product-type-simple"},"taxonomy_info":{"product_cat":[{"value":17,"label":"Home batteries"},{"value":18,"label":"Hybrid inverters"},{"value":19,"label":"Sets with inverters"}]},"featured_image_src_large":["https:\/\/ownpowr.com\/wp-content\/uploads\/2024\/05\/photo-2024-02-21-15-07-10.jpg",800,800,false],"author_info":[],"comment_info":"","_links":{"self":[{"href":"https:\/\/ownpowr.com\/cs\/wp-json\/wp\/v2\/product\/82534","targetHints":{"allow":["GET"]}}],"collection":[{"href":"https:\/\/ownpowr.com\/cs\/wp-json\/wp\/v2\/product"}],"about":[{"href":"https:\/\/ownpowr.com\/cs\/wp-json\/wp\/v2\/types\/product"}],"wp:featuredmedia":[{"embeddable":true,"href":"https:\/\/ownpowr.com\/cs\/wp-json\/wp\/v2\/media\/82535"}],"wp:attachment":[{"href":"https:\/\/ownpowr.com\/cs\/wp-json\/wp\/v2\/media?parent=82534"}],"wp:term":[{"taxonomy":"product_cat","embeddable":true,"href":"https:\/\/ownpowr.com\/cs\/wp-json\/wp\/v2\/product_cat?post=82534"},{"taxonomy":"product_tag","embeddable":true,"href":"https:\/\/ownpowr.com\/cs\/wp-json\/wp\/v2\/product_tag?post=82534"}],"curies":[{"name":"wp","href":"https:\/\/api.w.org\/{rel}","templated":true}]}}