{"id":831,"date":"2023-10-04T16:35:29","date_gmt":"2023-10-04T14:35:29","guid":{"rendered":"https:\/\/ownpowr.com\/product\/blauhoff-bess-all-in-one-10k-10kwh\/"},"modified":"2025-03-27T12:50:48","modified_gmt":"2025-03-27T10:50:48","slug":"k-star-all-in-one-10k-10kwh","status":"publish","type":"product","link":"https:\/\/ownpowr.com\/cs\/product\/blauhoff-bess-all-in-one-10k-10kwh\/","title":{"rendered":"K-stars All-In-One t\u0159\u00edf\u00e1zov\u00e9 \u0159e\u0161en\u00ed pro ukl\u00e1d\u00e1n\u00ed dat 10K\/10kWh"},"content":{"rendered":"<div class=\"proInfos proInfos2 clearfix\">\n<div class=\"left\">\n<p>K-stars T\u0159\u00edf\u00e1zov\u00e9 \u00falo\u017en\u00e9 \u0159e\u0161en\u00ed v\u0161e v jednom (3 f\u00e1ze)<\/p>\n<p>Kl\u00ed\u010dov\u00e9 v\u00fdhody<\/p>\n<ul>\n<li>Pou\u017e\u00edv\u00e1 vysoce v\u00fdkonnou baterii LFP CATL, kter\u00e1 je zn\u00e1m\u00e1 svou kvalitou a pat\u0159\u00ed mezi \u0161pi\u010dkov\u00e9 dodavatele \u010dl\u00e1nk\u016f.<\/li>\n<li>Dok\u00e1\u017ee zpracovat 20 kW fotovoltaick\u00e9ho p\u0159\u00edkonu, 10 kW pro nab\u00edjen\u00ed a 10 kW pro st\u0159\u00eddav\u00fd v\u00fdstup.<\/li>\n<li>M\u00e1 modul\u00e1rn\u00ed konstrukci, kter\u00e1 umo\u017e\u0148uje roz\u0161\u00ed\u0159en\u00ed syst\u00e9mu skladov\u00e1n\u00ed energie pomoc\u00ed v\u00edce jednotek 5,12 kWH.<\/li>\n<li>Poskytuje robustn\u00ed 3f\u00e1zov\u00fd z\u00e1lo\u017en\u00ed v\u00fdstup o v\u00fdkonu 10 kW s dobou zapnut\u00ed a vypnut\u00ed v s\u00edti krat\u0161\u00ed ne\u017e 20 ms.<\/li>\n<li>Obsahuje syst\u00e9m \u0159\u00edzen\u00ed spot\u0159eby energie (EMS), tak\u017ee je univerz\u00e1ln\u00ed pro r\u016fzn\u00e9 aplikace.<\/li>\n<li>Podporuje maxim\u00e1ln\u011b 4 paraleln\u00ed jednotky pro z\u00e1lo\u017en\u00ed v\u00fdstup v re\u017eimu off-grid.<\/li>\n<li>Zjednodu\u0161en\u00fd design \"v\u0161e v jednom\" pro pohodl\u00ed a efektivitu.<\/li>\n<li>Vykazuje vysokou \u00fa\u010dinnost, kter\u00e1 dosahuje a\u017e 97,6%.<\/li>\n<li>Vyzna\u010duje se kryt\u00edm IP65, kter\u00e9 zaru\u010duje odolnost a trvanlivost.<\/li>\n<li>Voliteln\u00e1 funkce sledov\u00e1n\u00ed \u0159et\u011bzce.<\/li>\n<li>Zjednodu\u0161uje instala\u010dn\u00ed postupy.<\/li>\n<li>Je vybaven digit\u00e1ln\u00edm ovlada\u010dem.<\/li>\n<li>Je vybaven ochranou proti p\u0159ep\u011bt\u00ed DC\/AC.<\/li>\n<li>Obsahuje regul\u00e1tor jalov\u00e9ho v\u00fdkonu.<\/li>\n<\/ul>\n<p>BluE-S- E10KT<\/p>\n<p>2 x 5,1k balen\u00ed<\/p>\n<p>1x propojovac\u00ed sada pro Blue- 2x 5.1 pack<\/p>\n<p>Informace o z\u00e1ruce<\/p>\n<ul>\n<li>Dod\u00e1v\u00e1 se s 10letou z\u00e1rukou.<\/li>\n<li>Navr\u017eeno pro \u00factyhodn\u00fdch 10 000 cykl\u016f.<\/li>\n<\/ul>\n<p>Speci\u00e1ln\u00ed nab\u00eddka instalace<\/p>\n<ul>\n<li>K dispozici pro instalaci v Nizozemsku za speci\u00e1ln\u00ed cenu pouh\u00fdch 750 eur!<\/li>\n<\/ul>\n<p><a href=\"https:\/\/ownpowr.com\/wp-content\/uploads\/2023\/10\/datasheet-k-star-blue.pdf\" target=\"_blank\" rel=\"noopener\">Datov\u00fd list K-Star BluE<\/a><\/p>\n<\/div>\n<\/div>\n<div class=\"hotBuy hotBuy2 clearfix\">\n<div class=\"left\">\n<div class=\"a\">\n<p>&nbsp;<\/p>\n<\/div>\n<\/div>\n<\/div>","protected":false},"excerpt":{"rendered":"<p>Blauhoff<\/p>\n<p>10let\u00e1 z\u00e1ruka<\/p>\n<p>10000 cykl\u016f<\/p>\n<p>80% DOD<\/p>","protected":false},"featured_media":832,"template":"","meta":{"_seopress_robots_primary_cat":"none","_seopress_titles_title":"K-star All-In-One Three Phase Storage Solution | High Performance LFP Battery","_seopress_titles_desc":"Get the K-star All-In-One Three Phase Storage Solution with CATL high performance LFP battery. 20KW PV input, modular design, easy installation, and more.","_seopress_robots_index":"","_kad_blocks_custom_css":"","_kad_blocks_head_custom_js":"","_kad_blocks_body_custom_js":"","_kad_blocks_footer_custom_js":""},"product_cat":[17,19],"product_tag":[],"class_list":{"0":"post-831","1":"product","2":"type-product","3":"status-publish","4":"has-post-thumbnail","6":"product_cat-home-batteries","7":"product_cat-sets-with-inverters","9":"first","10":"instock","11":"sale","12":"taxable","13":"shipping-taxable","14":"purchasable","15":"product-type-simple"},"taxonomy_info":{"product_cat":[{"value":17,"label":"Home batteries"},{"value":19,"label":"Sets with inverters"}]},"featured_image_src_large":["https:\/\/ownpowr.com\/wp-content\/uploads\/2023\/04\/Ontwerp-zonder-titel-1024x1024.png",1024,1024,true],"author_info":[],"comment_info":"","_links":{"self":[{"href":"https:\/\/ownpowr.com\/cs\/wp-json\/wp\/v2\/product\/831","targetHints":{"allow":["GET"]}}],"collection":[{"href":"https:\/\/ownpowr.com\/cs\/wp-json\/wp\/v2\/product"}],"about":[{"href":"https:\/\/ownpowr.com\/cs\/wp-json\/wp\/v2\/types\/product"}],"wp:featuredmedia":[{"embeddable":true,"href":"https:\/\/ownpowr.com\/cs\/wp-json\/wp\/v2\/media\/832"}],"wp:attachment":[{"href":"https:\/\/ownpowr.com\/cs\/wp-json\/wp\/v2\/media?parent=831"}],"wp:term":[{"taxonomy":"product_cat","embeddable":true,"href":"https:\/\/ownpowr.com\/cs\/wp-json\/wp\/v2\/product_cat?post=831"},{"taxonomy":"product_tag","embeddable":true,"href":"https:\/\/ownpowr.com\/cs\/wp-json\/wp\/v2\/product_tag?post=831"}],"curies":[{"name":"wp","href":"https:\/\/api.w.org\/{rel}","templated":true}]}}