{"id":902,"date":"2023-10-04T16:42:22","date_gmt":"2023-10-04T14:42:22","guid":{"rendered":"https:\/\/ownpowr.com\/product\/koyoe-20kw-three-phase-include-wire-wifi-smart-meter\/"},"modified":"2025-03-27T13:38:52","modified_gmt":"2025-03-27T11:38:52","slug":"koyoe-20kw-three-phase-include-wire-wifi-smart-meter","status":"publish","type":"product","link":"https:\/\/ownpowr.com\/cs\/product\/koyoe-20kw-trifazove-zahrnuji-drat-wifi-smart-metr\/","title":{"rendered":"Koyoe 20kw st\u0159\u00edda\u010d t\u0159\u00edf\u00e1zov\u00fd, v\u010detn\u011b dr\u00e1tu, wifi, chytr\u00fd m\u011b\u0159i\u010d"},"content":{"rendered":"<h1>Koyoe 20kw st\u0159\u00edda\u010d t\u0159\u00edf\u00e1zov\u00fd, v\u010detn\u011b dr\u00e1tu, wifi, chytr\u00fd m\u011b\u0159i\u010d<\/h1>\n<p>Zna\u010dka: Koyoe<\/p>\n<p>K\u00f3d produktu \/ SKU: KY-EST20KH<\/p>\n<p>&nbsp;<\/p>\n<h2>Popis<\/h2>\n<p><strong>Modul\u00e1rn\u00ed konstrukce<\/strong><\/p>\n<p>Modul\u00e1rn\u00ed konstrukce, stohovan\u00e1 instalace jednoduch\u00fd vzhled de sign, integrace modemu dom\u016f;<\/p>\n<p><strong>Smar Switch<\/strong><\/p>\n<p>Provoz mimo s\u00ed\u0165, podpora nouzov\u00e9ho nap\u00e1jen\u00ed a bezprobl\u00e9mov\u00e9 p\u0159ep\u00edn\u00e1n\u00ed;<\/p>\n<p><strong>\u0160irok\u00fd rozsah vstupn\u00edho nap\u011bt\u00ed<\/strong><\/p>\n<p>Ultra\u0161irok\u00fd rozsah nap\u011bt\u00ed FV 120V-500V, baterie a ultra\u0161irok\u00fd rozsah nap\u011bt\u00ed 85V-450V;<\/p>\n<p><strong>Bezpe\u010dn\u00e9 a spolehliv\u00e9<\/strong><\/p>\n<p>Chytr\u00e9 chlazen\u00ed vzduchem, n\u00edzk\u00fd n\u00e1r\u016fst teploty. Dlouh\u00e1 \u017eivotnost, n\u011bkolik ochrann\u00fdch funkc\u00ed;<\/p>\n<p><strong>Chytr\u00e9 a jednoduch\u00e9<\/strong><\/p>\n<p>Podpora GPRS\/WIFI\/RS485\/USBLCD, podpora vzd\u00e1len\u00e9ho monitorov\u00e1n\u00ed;<\/p>\n<p><strong>Vysok\u00e1 \u00fa\u010dinnost nap\u00e1jen\u00ed<\/strong><\/p>\n<p>Men\u0161\u00ed sn\u00ed\u017een\u00ed v\u00fdstupn\u00edho v\u00fdkonu p\u0159i vysok\u00e9 teplot\u011b,<br \/>\nse zv\u00fd\u0161enou \u00fa\u010dinnost\u00ed, maxim\u00e1ln\u00ed p\u0159\u00edkon fotovoltaiky a\u017e do<br \/>\n1,3n\u00e1sobek jmenovit\u00e9ho v\u00fdkonu<\/p>\n<p>&nbsp;<\/p>\n<p>Ke sta\u017een\u00ed na<\/p>\n<p><a href=\"https:\/\/storeyourownpower.com\/wp-content\/uploads\/2023\/05\/Templates_cn_file_Ess-Warranty.pdf\">_Templates_cn_file_Ess Z\u00e1ruka<\/a><\/p>\n<p><a href=\"https:\/\/storeyourownpower.com\/wp-content\/uploads\/2023\/05\/Templates_cn_file_energy_10kw.pdf\">_\u0160ablony_cn_souboru_energie_10kw<\/a><\/p>","protected":false},"excerpt":{"rendered":"<p>Koyoe 20kw st\u0159\u00edda\u010d t\u0159\u00edf\u00e1zov\u00fd, v\u010detn\u011b dr\u00e1tu, wifi, inteligentn\u00ed m\u011b\u0159i\u010d Zna\u010dka: K\u00f3d produktu \/ SKU: Koyoe Popis: KY-EST20KH Modul\u00e1rn\u00ed design Modul\u00e1rn\u00ed design, stohovan\u00e1 instalace jednoduch\u00fd vzhled de sign, integrace [...]<\/p>","protected":false},"featured_media":903,"template":"","meta":{"_seopress_robots_primary_cat":"none","_seopress_titles_title":"Koyoe 20kw Inverter Three Phase - Wire, WiFi, Smart Meter","_seopress_titles_desc":"Introducing the Koyoe 20kw Inverter Three Phase with modular design for simple installation. Enjoy seamless switching and emergency power supply. Wide voltage input range ensures safe operation. Smart air cooling and multiple protection functions guarantee reliability. Remote monitoring and high power efficiency make this inverter a smart choice for your energy needs.","_seopress_robots_index":"","_kad_blocks_custom_css":"","_kad_blocks_head_custom_js":"","_kad_blocks_body_custom_js":"","_kad_blocks_footer_custom_js":""},"product_cat":[18],"product_tag":[],"class_list":{"0":"post-902","1":"product","2":"type-product","3":"status-publish","4":"has-post-thumbnail","6":"product_cat-hybrid-inverters","8":"first","9":"instock","10":"sale","11":"taxable","12":"shipping-taxable","13":"purchasable","14":"product-type-simple"},"taxonomy_info":{"product_cat":[{"value":18,"label":"Hybrid inverters"}]},"featured_image_src_large":["https:\/\/ownpowr.com\/wp-content\/uploads\/2023\/05\/Koyoe-10kW-3-Phase-Hybrid-Inverter1-1024x1024.png",1024,1024,true],"author_info":[],"comment_info":"","_links":{"self":[{"href":"https:\/\/ownpowr.com\/cs\/wp-json\/wp\/v2\/product\/902","targetHints":{"allow":["GET"]}}],"collection":[{"href":"https:\/\/ownpowr.com\/cs\/wp-json\/wp\/v2\/product"}],"about":[{"href":"https:\/\/ownpowr.com\/cs\/wp-json\/wp\/v2\/types\/product"}],"wp:featuredmedia":[{"embeddable":true,"href":"https:\/\/ownpowr.com\/cs\/wp-json\/wp\/v2\/media\/903"}],"wp:attachment":[{"href":"https:\/\/ownpowr.com\/cs\/wp-json\/wp\/v2\/media?parent=902"}],"wp:term":[{"taxonomy":"product_cat","embeddable":true,"href":"https:\/\/ownpowr.com\/cs\/wp-json\/wp\/v2\/product_cat?post=902"},{"taxonomy":"product_tag","embeddable":true,"href":"https:\/\/ownpowr.com\/cs\/wp-json\/wp\/v2\/product_tag?post=902"}],"curies":[{"name":"wp","href":"https:\/\/api.w.org\/{rel}","templated":true}]}}