{"id":917,"date":"2023-10-04T16:42:59","date_gmt":"2023-10-04T14:42:59","guid":{"rendered":"https:\/\/ownpowr.com\/product\/pylontech-force-h1-bmu-base-v2\/"},"modified":"2025-02-20T12:30:23","modified_gmt":"2025-02-20T10:30:23","slug":"pylontech-force-h1-bmu-v2","status":"publish","type":"product","link":"https:\/\/ownpowr.com\/cs\/product\/pylontech-force-h1-bmu-v2\/","title":{"rendered":"Pylontech force H1 BMU base V2"},"content":{"rendered":"<p>Pylontech Force H1 V2 BMU Z\u00e1kladn\u00ed jednotka pro spr\u00e1vu bateri\u00ed<\/p>\n<p>Pylontech Force H1 V2 BMU Base Battery Management Unit slou\u017e\u00ed jako komunika\u010dn\u00ed spojen\u00ed mezi bateri\u00ed Force H1 a m\u011bni\u010dem. Vezm\u011bte pros\u00edm na v\u011bdom\u00ed, \u017ee pro ka\u017ed\u00fd stoh bateri\u00ed je zapot\u0159eb\u00ed jedna jednotka BMU.<\/p>\n<ul>\n<li>Usnad\u0148uje komunikaci mezi bateri\u00ed Force H1 a m\u011bni\u010dem.<\/li>\n<\/ul>\n<p>Spole\u010dnost Pylontech se specializuje na v\u00fdrobu vysokonap\u011b\u0165ov\u00fdch a n\u00edzkonap\u011b\u0165ov\u00fdch bateri\u00ed pro obytn\u00e9 a komer\u010dn\u00ed aplikace.<\/p>\n<p>Dal\u0161\u00ed informace naleznete v dokumentech k produktu.<\/p>\n<ul>\n<li><a title=\"Datov\u00fd list Pylontech Force H1 yoa2dg9dkeusferjubbq doc link\" href=\"https:\/\/res.cloudinary.com\/gpceurope\/image\/upload\/v1620655621\/yoa2dg9dkeusferjubbq.pdf\" target=\"_blank\" rel=\"noopener\">\u00a0Datov\u00fd list Pylontech Force H1<\/a><\/li>\n<li><a title=\"Pylontech Seznam kompatibiln\u00edch m\u011bni\u010d\u016f wnvulbkipwxriesvmtmj doc link\" href=\"https:\/\/res.cloudinary.com\/gpceurope\/image\/upload\/v1620655628\/wnvulbkipwxriesvmtmj.pdf\" target=\"_blank\" rel=\"noopener\">\u00a0Pylontech Kompatibiln\u00ed m\u011bni\u010d Seznam<\/a><\/li>\n<li><a title=\"Instala\u010dn\u00ed p\u0159\u00edru\u010dka Pylontech Force H1 ndvnntilslprssd02qcw doc link\" href=\"https:\/\/res.cloudinary.com\/gpceurope\/image\/upload\/v1620655640\/ndvnntilslprssd02qcw.pdf\" target=\"_blank\" rel=\"noopener\">\u00a0Instala\u010dn\u00ed p\u0159\u00edru\u010dka Pylontech Force H1<\/a><\/li>\n<li><a title=\"Omezen\u00e1 z\u00e1ruka quvv15iw5v0lk6cavph9 doc link\" href=\"https:\/\/res.cloudinary.com\/gpceurope\/image\/upload\/v1645348537\/quvv15iw5v0lk6cavph9.pdf\" target=\"_blank\" rel=\"noopener\">\u00a0Omezen\u00e1 z\u00e1ruka<\/a><\/li>\n<li><a href=\"https:\/\/storeyourownpower.com\/wp-content\/uploads\/2022\/10\/Datasheet-English-2.pdf\" target=\"_blank\" rel=\"noopener\">Datov\u00fd list Angli\u010dtina<\/a><\/li>\n<li><a href=\"https:\/\/storeyourownpower.com\/wp-content\/uploads\/2022\/10\/Compatibility-list-English.pdf\" target=\"_blank\" rel=\"noopener\">Seznam kompatibility \u010ce\u0161tina<\/a><\/li>\n<li><a href=\"https:\/\/storeyourownpower.com\/wp-content\/uploads\/2022\/10\/Operation-manual-English.pdf\" target=\"_blank\" rel=\"noopener\">N\u00e1vod k obsluze \u010cesky<\/a><\/li>\n<li><a href=\"https:\/\/storeyourownpower.com\/wp-content\/uploads\/2022\/10\/Consumer-Warranty.pdf\" target=\"_blank\" rel=\"noopener\">Spot\u0159ebitelsk\u00e1 z\u00e1ruka<\/a><\/li>\n<\/ul>","protected":false},"excerpt":{"rendered":"<p>Tento z\u00e1kladn\u00ed \u0159\u00eddic\u00ed modul je p\u0159ipraven pro m\u011bni\u010de Kostal !!!<\/p>","protected":false},"featured_media":425,"template":"","meta":{"_seopress_robots_primary_cat":"none","_seopress_titles_title":"PYLONTECH FORCE H1 V2 BMU Base Battery Management Unit","_seopress_titles_desc":"Communication unit between the Force H1 battery and the inverter. Find product documents, compatibility list, installation manual, and warranty.","_seopress_robots_index":"","_kad_blocks_custom_css":"","_kad_blocks_head_custom_js":"","_kad_blocks_body_custom_js":"","_kad_blocks_footer_custom_js":""},"product_cat":[17],"product_tag":[],"class_list":{"0":"post-917","1":"product","2":"type-product","3":"status-publish","4":"has-post-thumbnail","6":"product_cat-home-batteries","8":"first","9":"instock","10":"sale","11":"taxable","12":"shipping-taxable","13":"purchasable","14":"product-type-simple"},"taxonomy_info":{"product_cat":[{"value":17,"label":"Home batteries"}]},"featured_image_src_large":["https:\/\/ownpowr.com\/wp-content\/uploads\/2023\/05\/IMG_0548.webp",800,408,false],"author_info":[],"comment_info":"","_links":{"self":[{"href":"https:\/\/ownpowr.com\/cs\/wp-json\/wp\/v2\/product\/917","targetHints":{"allow":["GET"]}}],"collection":[{"href":"https:\/\/ownpowr.com\/cs\/wp-json\/wp\/v2\/product"}],"about":[{"href":"https:\/\/ownpowr.com\/cs\/wp-json\/wp\/v2\/types\/product"}],"wp:featuredmedia":[{"embeddable":true,"href":"https:\/\/ownpowr.com\/cs\/wp-json\/wp\/v2\/media\/425"}],"wp:attachment":[{"href":"https:\/\/ownpowr.com\/cs\/wp-json\/wp\/v2\/media?parent=917"}],"wp:term":[{"taxonomy":"product_cat","embeddable":true,"href":"https:\/\/ownpowr.com\/cs\/wp-json\/wp\/v2\/product_cat?post=917"},{"taxonomy":"product_tag","embeddable":true,"href":"https:\/\/ownpowr.com\/cs\/wp-json\/wp\/v2\/product_tag?post=917"}],"curies":[{"name":"wp","href":"https:\/\/api.w.org\/{rel}","templated":true}]}}