{"id":932,"date":"2023-10-04T16:37:39","date_gmt":"2023-10-04T14:37:39","guid":{"rendered":"https:\/\/ownpowr.com\/product\/enphase-encharge-3t-battery-only-15-year-warantee\/"},"modified":"2025-04-02T14:31:50","modified_gmt":"2025-04-02T12:31:50","slug":"enphase-encharge-3t-battery","status":"publish","type":"product","link":"https:\/\/ownpowr.com\/cs\/product\/baterie-enphase-encharge-3t\/","title":{"rendered":"Baterie Enphase Encharge 3T"},"content":{"rendered":"<p>Enphase Encharge 3T s 15letou z\u00e1rukou<\/p>\n<p>Upozorn\u011bn\u00ed: je vy\u017eadov\u00e1na certifikace instalat\u00e9ra! Nav\u0161tivte Enphase University a dokon\u010dete certifikaci.<\/p>\n<p>Baterie Enphase IQ 3T\/10T V\u00fdhody bateri\u00ed Enphase IQ 3T a 10T:<\/p>\n<ul>\n<li>Pln\u011b integrovan\u00fd bateriov\u00fd syst\u00e9m AC s integrovan\u00fdmi mikrost\u0159\u00edda\u010di IQ 8X-BAT<\/li>\n<li>Jednoduch\u00e9 p\u0159ipojen\u00ed ke st\u0159\u00eddav\u00e9mu nap\u00e1jen\u00ed standardn\u00ed dom\u00e1c\u00ed sestavy<\/li>\n<li>P\u0159esn\u011b se p\u0159izp\u016fsobuje specifick\u00fdm podm\u00ednk\u00e1m u\u017eivatele.<\/li>\n<li>U\u017eivatelsky p\u0159\u00edv\u011btiv\u00e9 ovl\u00e1d\u00e1n\u00ed a monitorov\u00e1n\u00ed prost\u0159ednictv\u00edm mobiln\u00ed aplikace<\/li>\n<li>Pasivn\u00ed chladic\u00ed syst\u00e9m (\u017e\u00e1dn\u00e9 pohybliv\u00e9 \u010d\u00e1sti ani ventil\u00e1tory)<\/li>\n<li>V\u00fdjime\u010dn\u00e1 odolnost s 10letou z\u00e1rukou<\/li>\n<li>Pro instalaci bateri\u00ed je povinn\u00e1 certifikace instalat\u00e9ra. Podrobnosti o certifikaci v\u00e1m sd\u011bl\u00ed mana\u017eer spole\u010dnosti Enphase.<\/li>\n<li>Ujist\u011bte se, \u017ee m\u00e1te \u010dl. 270072 - Enphase - IQ Gateway-S Metered device.<\/li>\n<li>Enphase IQ 3T poskytuje celkovou kapacitu \u00falo\u017ei\u0161t\u011b 3,5 kWh a je vybaven \u010dty\u0159mi integrovan\u00fdmi mikroinvertory s kombinovan\u00fdm v\u00fdkonem 1,28 kW.<\/li>\n<li>Mont\u00e1\u017en\u00ed firmy mohou snadno p\u0159izp\u016fsobit velikost syst\u00e9mu po\u017eadavk\u016fm nov\u00fdch z\u00e1kazn\u00edk\u016f i z\u00e1kazn\u00edk\u016f se st\u00e1vaj\u00edc\u00edmi sol\u00e1rn\u00edmi panely.<\/li>\n<\/ul>\n<p>Syst\u00e9m bateriov\u00e9ho \u00falo\u017ei\u0161t\u011b Encharge 3T s integrovan\u00fdmi mikrom\u011bni\u010di Enphase \u0159ady IQ a jednotkou pro spr\u00e1vu bateri\u00ed (BMU).<\/p>\n<p>Tato sada obsahuje:<\/p>\n<ul>\n<li>1x z\u00e1kladn\u00ed jednotka Encharge 3T (ENP-B03-T01-INT00-1-2)<\/li>\n<\/ul>\n<p>U\u017eijte si klid, kter\u00fd p\u0159in\u00e1\u0161\u00ed Enphase Encharge 3T, na kter\u00fd se vztahuje velkorys\u00e1 15let\u00e1 z\u00e1ruka. Vezm\u011bte pros\u00edm na v\u011bdom\u00ed po\u017eadavek na certifikaci instalat\u00e9ra pro spr\u00e1vnou instalaci a konfiguraci.<\/p>\n<p><strong>Dal\u0161\u00ed informace:<\/strong><\/p>\n<ul>\n<li><a href=\"https:\/\/storeyourownpower.com\/wp-content\/uploads\/2022\/12\/Datenblatt-German-Encharge-3T.pdf\" target=\"_blank\" rel=\"noopener\">Datenblatt n\u011bmecky Encharge 3T<\/a><\/li>\n<li><a href=\"https:\/\/storeyourownpower.com\/wp-content\/uploads\/2022\/12\/Datasheet-English-Encharge-3T.pdf\" target=\"_blank\" rel=\"noopener\">Datov\u00fd list \u010de\u0161tina Encharge 3T<\/a><\/li>\n<li><a href=\"https:\/\/storeyourownpower.com\/wp-content\/uploads\/2022\/12\/Warranty-terms-English-Encharge-3T.pdf\" target=\"_blank\" rel=\"noopener\">Z\u00e1ru\u010dn\u00ed podm\u00ednky \u010ce\u0161tina Encharge 3T<\/a><\/li>\n<li><a href=\"https:\/\/storeyourownpower.com\/wp-content\/uploads\/2022\/12\/Warranty-terms-German-Encharge-3T.pdf\" target=\"_blank\" rel=\"noopener\">Z\u00e1ru\u010dn\u00ed podm\u00ednky N\u011bmeck\u00fd Encharge 3T<\/a><\/li>\n<li><a href=\"https:\/\/storeyourownpower.com\/wp-content\/uploads\/2022\/12\/Mounting-instructions-English-Encharge-3T.pdf\" target=\"_blank\" rel=\"noopener\">N\u00e1vod k mont\u00e1\u017ei \u010ce\u0161tina Encharge 3T<\/a><\/li>\n<\/ul>","protected":false},"excerpt":{"rendered":"<p>15let\u00e1 z\u00e1ruka v t\u00e9to cen\u011b !<\/p>","protected":false},"featured_media":39969,"template":"","meta":{"_seopress_robots_primary_cat":"none","_seopress_titles_title":"Enphase Encharge 3T: 15-Year Warranty, Installer Certification Required","_seopress_titles_desc":"Discover the advantages of Enphase IQ Battery 3T\/10T, a fully integrated AC battery system that optimally adjusts to your needs. Get certified at Enphase University.","_seopress_robots_index":"","_kad_blocks_custom_css":"","_kad_blocks_head_custom_js":"","_kad_blocks_body_custom_js":"","_kad_blocks_footer_custom_js":""},"product_cat":[17],"product_tag":[],"class_list":{"0":"post-932","1":"product","2":"type-product","3":"status-publish","4":"has-post-thumbnail","6":"product_cat-home-batteries","8":"first","9":"outofstock","10":"sale","11":"taxable","12":"shipping-taxable","13":"purchasable","14":"product-type-simple"},"taxonomy_info":{"product_cat":[{"value":17,"label":"Home batteries"}]},"featured_image_src_large":["https:\/\/ownpowr.com\/wp-content\/uploads\/2023\/10\/enphase-iq-batterij-3t-achterkant-900x900-2.jpeg",658,658,false],"author_info":[],"comment_info":"","_links":{"self":[{"href":"https:\/\/ownpowr.com\/cs\/wp-json\/wp\/v2\/product\/932","targetHints":{"allow":["GET"]}}],"collection":[{"href":"https:\/\/ownpowr.com\/cs\/wp-json\/wp\/v2\/product"}],"about":[{"href":"https:\/\/ownpowr.com\/cs\/wp-json\/wp\/v2\/types\/product"}],"wp:featuredmedia":[{"embeddable":true,"href":"https:\/\/ownpowr.com\/cs\/wp-json\/wp\/v2\/media\/39969"}],"wp:attachment":[{"href":"https:\/\/ownpowr.com\/cs\/wp-json\/wp\/v2\/media?parent=932"}],"wp:term":[{"taxonomy":"product_cat","embeddable":true,"href":"https:\/\/ownpowr.com\/cs\/wp-json\/wp\/v2\/product_cat?post=932"},{"taxonomy":"product_tag","embeddable":true,"href":"https:\/\/ownpowr.com\/cs\/wp-json\/wp\/v2\/product_tag?post=932"}],"curies":[{"name":"wp","href":"https:\/\/api.w.org\/{rel}","templated":true}]}}