{"id":1761,"date":"2023-08-31T23:36:30","date_gmt":"2023-08-31T21:36:30","guid":{"rendered":"https:\/\/ownpowr.com\/?page_id=1761"},"modified":"2023-09-11T14:41:36","modified_gmt":"2023-09-11T12:41:36","slug":"privacy-policy","status":"publish","type":"page","link":"https:\/\/ownpowr.com\/da\/privatlivspolitik\/","title":{"rendered":"Privatlivspolitik"},"content":{"rendered":"<p>Hos Ownpowr, der er tilg\u00e6ngelig fra https:\/\/ownpowr.com, er en af vores vigtigste prioriteter vores bes\u00f8gendes privatliv. Dette dokument om fortrolighedspolitik indeholder typer af oplysninger, der indsamles og registreres af Ownpowr, og hvordan vi bruger dem.<\/p><p>Hvis du har yderligere sp\u00f8rgsm\u00e5l eller brug for mere information om vores privatlivspolitik, er du velkommen til at kontakte os. Vores fortrolighedspolitik blev genereret med hj\u00e6lp fra <a href=\"https:\/\/www.gdprprivacynotice.com\/\">GDPR Generator til privatlivspolitik<\/a><\/p><h3 class=\"wp-block-heading\">Generel forordning om databeskyttelse (GDPR)<\/h3><p>Vi er dataansvarlige for dine oplysninger.<\/p><p>Blauhoffs juridiske grundlag for at indsamle og bruge de personlige oplysninger, der er beskrevet i denne fortrolighedspolitik, afh\u00e6nger af de personlige oplysninger, vi indsamler, og den specifikke kontekst, hvor vi indsamler oplysningerne:<\/p><ul class=\"wp-block-list\"><li>Blauhoff har brug for at opfylde en kontrakt med dig<\/li>\n\n<li>Du har givet Blauhoff tilladelse til at g\u00f8re det<\/li>\n\n<li>Behandling af dine personlige oplysninger er i Blauhoffs legitime interesse.<\/li>\n\n<li>Blauhoff er n\u00f8dt til at overholde loven<\/li><\/ul><p>Blauhoff vil kun opbevare dine personlige oplysninger, s\u00e5 l\u00e6nge det er n\u00f8dvendigt til de form\u00e5l, der er beskrevet i denne privatlivspolitik. Vi vil opbevare og bruge dine oplysninger i det omfang, det er n\u00f8dvendigt for at overholde vores juridiske forpligtelser, l\u00f8se tvister og h\u00e5ndh\u00e6ve vores politikker.<\/p><p>Hvis du er bosiddende i Det Europ\u00e6iske \u00d8konomiske Samarbejdsomr\u00e5de (E\u00d8S), har du visse databeskyttelsesrettigheder. Hvis du \u00f8nsker at blive informeret om, hvilke personlige oplysninger vi har om dig, og hvis du \u00f8nsker, at de skal fjernes fra vores systemer, bedes du kontakte os.<\/p><p>Under visse omst\u00e6ndigheder har du f\u00f8lgende databeskyttelsesrettigheder:<\/p><ul class=\"wp-block-list\"><li>Retten til at f\u00e5 adgang til, opdatere eller slette de oplysninger, vi har om dig.<\/li>\n\n<li>Retten til berigtigelse.<\/li>\n\n<li>Retten til at g\u00f8re indsigelse.<\/li>\n\n<li>Retten til begr\u00e6nsning.<\/li>\n\n<li>Retten til dataportabilitet<\/li>\n\n<li>Retten til at tr\u00e6kke samtykke tilbage<\/li><\/ul><h3 class=\"wp-block-heading\">Logfiler<\/h3><p>Ownpowr f\u00f8lger en standardprocedure med brug af logfiler. Disse filer logger bes\u00f8gende, n\u00e5r de bes\u00f8ger hjemmesider. Alle hostingfirmaer g\u00f8r dette, og det er en del af hostingtjenesternes analyse. De oplysninger, der indsamles af logfiler, omfatter IP-adresser (Internet Protocol), browsertype, internetudbyder (ISP), dato- og tidsstempel, henvisnings-\/udgangssider og muligvis antallet af klik. Disse er ikke knyttet til nogen oplysninger, der er personligt identificerbare. Form\u00e5let med oplysningerne er at analysere tendenser, administrere webstedet, spore brugernes bev\u00e6gelser p\u00e5 webstedet og indsamle demografiske oplysninger.<\/p><h3 class=\"wp-block-heading\">Cookies og web-beacons<\/h3><p>Som enhver anden hjemmeside bruger Ownpowr \"cookies\". Disse cookies bruges til at gemme oplysninger, herunder de bes\u00f8gendes pr\u00e6ferencer, og de sider p\u00e5 hjemmesiden, som den bes\u00f8gende har adgang til eller bes\u00f8gt. Oplysningerne bruges til at optimere brugernes oplevelse ved at tilpasse vores websideindhold baseret p\u00e5 de bes\u00f8gendes browsertype og\/eller andre oplysninger.<\/p><h3 class=\"wp-block-heading\">Politik for beskyttelse af personlige oplysninger<\/h3><p>Du kan konsultere denne liste for at finde privatlivspolitikken for hver af Ownpowr's reklamepartnere.<\/p><p>Tredjeparts annonceservere eller annoncenetv\u00e6rk bruger teknologier som cookies, JavaScript eller Web Beacons, der bruges i deres respektive reklamer og links, der vises p\u00e5 Ownpowr, som sendes direkte til brugernes browser. De modtager automatisk din IP-adresse, n\u00e5r dette sker. Disse teknologier bruges til at m\u00e5le effektiviteten af deres reklamekampagner og\/eller til at personligg\u00f8re det reklameindhold, du ser p\u00e5 de hjemmesider, du bes\u00f8ger.<\/p><p>Bem\u00e6rk, at Ownpowr ikke har adgang til eller kontrol over disse cookies, der bruges af tredjepartsannonc\u00f8rer.<\/p><h3 class=\"wp-block-heading\">Tredjeparts privatlivspolitik<\/h3><p>Ownpowr's privatlivspolitik g\u00e6lder ikke for andre annonc\u00f8rer eller hjemmesider. Derfor r\u00e5der vi dig til at konsultere de respektive privatlivspolitikker for disse tredjeparts annonceservere for mere detaljerede oplysninger. Det kan omfatte deres praksis og instruktioner om, hvordan man frav\u00e6lger visse muligheder.<\/p><p>Du kan v\u00e6lge at deaktivere cookies via dine individuelle browserindstillinger. Hvis du vil have mere detaljerede oplysninger om cookieh\u00e5ndtering med specifikke webbrowsere, kan du finde dem p\u00e5 browsernes respektive hjemmesider.<\/p><h3 class=\"wp-block-heading\">Information til b\u00f8rn<\/h3><p>En anden del af vores prioritet er at tilf\u00f8je beskyttelse til b\u00f8rn, mens de bruger internettet. Vi opfordrer for\u00e6ldre og v\u00e6rger til at observere, deltage i og\/eller overv\u00e5ge og vejlede deres onlineaktiviteter.<\/p><p>Ownpowr indsamler ikke bevidst nogen personlig identificerbar information fra b\u00f8rn under 13 \u00e5r. Hvis du tror, at dit barn har givet denne form for information p\u00e5 vores hjemmeside, opfordrer vi dig kraftigt til at kontakte os med det samme, og vi vil g\u00f8re vores bedste for straks at fjerne s\u00e5danne oplysninger fra vores registre.<\/p><h3 class=\"wp-block-heading\">Kun online fortrolighedspolitik<\/h3><p>Vores privatlivspolitik g\u00e6lder kun for vores onlineaktiviteter og er gyldig for bes\u00f8gende p\u00e5 vores hjemmeside med hensyn til de oplysninger, de deler og\/eller indsamler i Ownpowr. Denne politik g\u00e6lder ikke for oplysninger, der indsamles offline eller via andre kanaler end denne hjemmeside.<\/p><h3 class=\"wp-block-heading\">Samtykke<\/h3><p>Ved at bruge vores hjemmeside giver du hermed dit samtykke til vores privatlivspolitik og accepterer dens vilk\u00e5r.<\/p>","protected":false},"excerpt":{"rendered":"<p>Hos Ownpowr, der er tilg\u00e6ngelig fra https:\/\/ownpowr.com, er en af vores vigtigste prioriteter vores bes\u00f8gendes privatliv. Dette dokument om fortrolighedspolitik indeholder typer af oplysninger, der indsamles og registreres af [...]<\/p>","protected":false},"author":1,"featured_media":0,"parent":0,"menu_order":0,"comment_status":"closed","ping_status":"closed","template":"","meta":{"_seopress_robots_primary_cat":"","_seopress_titles_title":"","_seopress_titles_desc":"","_seopress_robots_index":"","_kad_blocks_custom_css":"","_kad_blocks_head_custom_js":"","_kad_blocks_body_custom_js":"","_kad_blocks_footer_custom_js":"","footnotes":""},"class_list":["post-1761","page","type-page","status-publish"],"taxonomy_info":[],"featured_image_src_large":false,"author_info":{"display_name":"job-39sj@s9jal019","author_link":"https:\/\/ownpowr.com\/da\/author\/job-39sjs9jal019\/"},"comment_info":0,"_links":{"self":[{"href":"https:\/\/ownpowr.com\/da\/wp-json\/wp\/v2\/pages\/1761","targetHints":{"allow":["GET"]}}],"collection":[{"href":"https:\/\/ownpowr.com\/da\/wp-json\/wp\/v2\/pages"}],"about":[{"href":"https:\/\/ownpowr.com\/da\/wp-json\/wp\/v2\/types\/page"}],"author":[{"embeddable":true,"href":"https:\/\/ownpowr.com\/da\/wp-json\/wp\/v2\/users\/1"}],"replies":[{"embeddable":true,"href":"https:\/\/ownpowr.com\/da\/wp-json\/wp\/v2\/comments?post=1761"}],"version-history":[{"count":0,"href":"https:\/\/ownpowr.com\/da\/wp-json\/wp\/v2\/pages\/1761\/revisions"}],"wp:attachment":[{"href":"https:\/\/ownpowr.com\/da\/wp-json\/wp\/v2\/media?parent=1761"}],"curies":[{"name":"wp","href":"https:\/\/api.w.org\/{rel}","templated":true}]}}