{"id":1763,"date":"2023-08-31T23:36:56","date_gmt":"2023-08-31T21:36:56","guid":{"rendered":"https:\/\/ownpowr.com\/?page_id=1763"},"modified":"2023-09-11T16:06:47","modified_gmt":"2023-09-11T14:06:47","slug":"terms-and-conditions","status":"publish","type":"page","link":"https:\/\/ownpowr.com\/da\/vilkar-og-betingelser\/","title":{"rendered":"Vilk\u00e5r og betingelser"},"content":{"rendered":"<p><strong>Portaler: www.ownpowr.com<\/strong><\/p><h3 class=\"wp-block-heading\"><strong>Artikel 1. Anvendelighed<\/strong><\/h3><p>1.1 Disse generelle vilk\u00e5r og betingelser g\u00e6lder for alle tilbud fra Blauhoff, der handler under handelsnavnet \"Blauhoff\", og for alle aftaler, der indg\u00e5s med Blauhoff.<\/p><p>1.2 Bestemmelserne i disse generelle vilk\u00e5r og betingelser kan kun fraviges, hvis det udtrykkeligt er aftalt skriftligt, i hvilket tilf\u00e6lde de resterende bestemmelser i disse vilk\u00e5r og betingelser forbliver i fuld kraft og virkning.<\/p><p>1.3 S\u00e5fremt k\u00f8beren ogs\u00e5 henviser til sine almindelige forretningsbetingelser, g\u00e6lder disse ikke, medmindre Blauhoff udtrykkeligt og skriftligt har accepteret dette.<\/p><p>1.4 \"K\u00f8ber\" betyder enhver bes\u00f8gende p\u00e5 internetsiderne eller enhver fysisk person eller juridisk enhed, der er eller vil v\u00e6re i et kontraktforhold af enhver art med Blauhoff.<\/p><p>1.5 Blauhoff er bemyndiget til at anvende tredjemand til opfyldelse af en aftale med k\u00f8ber. 1.6 Blauhoff forbeholder sig ret til at \u00e6ndre eller supplere disse betingelser fra tid til anden. <\/p><h3 class=\"wp-block-heading\"><strong>Artikel 2. Tilbud og indg\u00e5else af aftaler<\/strong><\/h3><p>2.1 Tilbud skal betragtes som en opfordring til potentielle k\u00f8bere om at afgive et tilbud. Blauhoff er p\u00e5 ingen m\u00e5de bundet af dette, medmindre det er blevet nedf\u00e6ldet skriftligt og utvetydigt. Den potentielle k\u00f8bers accept af opfordringen til at afgive et tilbud udg\u00f8r et tilbud og f\u00f8rer kun til indg\u00e5else af en aftale, hvis de \u00f8vrige bestemmelser i denne artikel er opfyldt.<\/p><p>2.2 Tilbuddene g\u00e6lder, s\u00e5 l\u00e6nge lager haves.<\/p><p>2.3 Et registreret tilbud er gyldigt i en periode p\u00e5 to (2) uger, medmindre en anden periode er angivet i tilbuddet.<\/p><p>2.4 Et tilbud fra den potentielle K\u00f8ber som n\u00e6vnt i artikel 2.1 skal anses for at v\u00e6re afgivet under en af f\u00f8lgende omst\u00e6ndigheder:<\/p><p>- Den potentielle k\u00f8ber har specificeret pr\u00e6cis, hvilket produkt og\/eller hvilken service han \u00f8nsker at modtage;<\/p><p>- et tilbud er underskrevet af k\u00f8ber og modtaget af Blauhoff i tilf\u00e6lde af, at et navngivet tilbud er blevet udstedt af Blauhoff;<\/p><p>- Den potentielle k\u00f8ber har indtastet sine data p\u00e5 den relevante indtastningsside p\u00e5 internettet og har sendt de relevante data (\"ordreformular\") til Blauhoff elektronisk, og disse data er modtaget af Blauhoff.<\/p><p>2.5 En aftale er indg\u00e5et i det \u00f8jeblik, hvor en ordrebekr\u00e6ftelse er overdraget til k\u00f8beren eller, hvis tilbuddet er afgivet via hjemmesiden, sendt pr. e-mail til den e-mailadresse, som k\u00f8beren har angivet. Denne aftale kan tilbagekaldes af Blauhoff, hvis k\u00f8beren ikke opfylder eller tidligere ikke har opfyldt betingelserne. I dette tilf\u00e6lde vil Blauhoff underrette k\u00f8beren inden for ti (10) dage efter modtagelse af ordren.<\/p><p>2.6 K\u00f8ber og Blauhoff er udtrykkeligt enige om, at der ved brug af elektroniske kommunikationsformer indg\u00e5s en gyldig aftale, s\u00e5 snart betingelserne i punkt 2.4 og 2.5 er opfyldt. I s\u00e6rdeleshed p\u00e5virker selv frav\u00e6ret af en almindelig underskrift ikke den bindende kraft af tilbuddet og dets accept. Blauhoffs elektroniske filer tjener her, i det omfang loven tillader det, som formodning for bevis.<\/p><p>2.7 Oplysninger, billeder, mundtlige, telefoniske eller e-mail-meddelelser og erkl\u00e6ringer m.m. vedr\u00f8rende alle tilbud og produkternes vigtigste egenskaber er givet eller fremsat s\u00e5 n\u00f8jagtigt som muligt. Blauhoff garanterer dog ikke, at alle tilbud og produkter fuldt ud stemmer overens med de givne oplysninger osv. Afvigelser kan principielt ikke v\u00e6re en grund til erstatning og\/eller oph\u00e6velse.<\/p><h3 class=\"wp-block-heading\"><strong>Artikel 3. Priser<\/strong><\/h3><p>3.1 Alle priser er, hvis ikke andet er aftalt, udtrykt i euro i overensstemmelse med de g\u00e6ldende lovbestemmelser p\u00e5 omr\u00e5det.<\/p><p>3.2 Specialtilbud er kun gyldige, s\u00e5 l\u00e6nge lager haves.<\/p><p>3.3 K\u00f8beren skylder den pris, som Blauhoff har meddelt ham i sin bekr\u00e6ftelse i henhold til artikel 2.5 i disse vilk\u00e5r og betingelser. \u00c5benlyse (manipulations-)fejl i prisangivelsen, som f.eks. \u00e5benlyse un\u00f8jagtigheder, kan ogs\u00e5 opst\u00e5 efter Blauhoffs aftaleindg\u00e5else og korrigeres.<\/p><p>3.4 Leveringsomkostninger er ikke inkluderet i prisen. Der g\u00e6lder s\u00e6rlige priser for levering uden for Holland. Med hensyn til visse betalingsmetoder g\u00e6lder der yderligere betingelser for leveringsmetoden og de tilknyttede omkostninger. Dette vil blive tydeligt kommunikeret til k\u00f8beren.<\/p><p>3.5 Hvis der efter tilbudsdatoen sker en stigning i en eller flere kostprisfaktorer, ogs\u00e5 selv om dette sker som f\u00f8lge af forudsigelige omst\u00e6ndigheder, er Blauhoff berettiget til at forh\u00f8je den aftalte pris tilsvarende. Hvis en prisforh\u00f8jelse finder sted inden for tre m\u00e5neder efter indg\u00e5elsen af<\/p><p>forbrugeren oph\u00e6ve aftalen inden for 10 dage, medmindre prisstigningen skyldes leverand\u00f8rens bef\u00f8jelser eller forpligtelser i henhold til loven, eller hvis det er aftalt, at levering skal finde sted mere end tre m\u00e5neder efter k\u00f8bet.<\/p><h3 class=\"wp-block-heading\"><strong>Artikel 4. Betaling<\/strong><\/h3><p>4.1 Ordrer kan betales p\u00e5 f\u00f8lgende m\u00e5der:<\/p><p>-forudbetaling ved hj\u00e6lp af giro eller bankoverf\u00f8rsel og ideel, de bestilte varer sendes efter modtagelse af betaling;<\/p><p>- Ved afhentning af en ordre kan der betales med pin eller kontant;<\/p><p>- Blauhoff kan udvide betalingsmulighederne i fremtiden. Andre betalingsmuligheder vil blive gjort kendt via hjemmesiden.<\/p><p>4.2 S\u00e5fremt Blauhoff har aftalt en betalingsfrist, kommer k\u00f8beren i misligholdelse alene ved udl\u00f8bet af denne frist. Betalingsbetingelser kan kun aftales skriftligt p\u00e5 betingelser, der skal fasts\u00e6ttes og aftales p\u00e5 dette tidspunkt.<\/p><p>4.3 I tilf\u00e6lde af manglende eller forsinket betaling fra k\u00f8bers side skal der betales lovbestemt rente af det udest\u00e5ende bel\u00f8b fra den dag, hvor betaling senest skulle have fundet sted, til den dag, hvor fuld betaling finder sted, hvorved en p\u00e5begyndt m\u00e5ned skal regnes som en hel m\u00e5ned.<\/p><p>4.4 K\u00f8ber b\u00e6rer ogs\u00e5 alle udenretslige og retslige inkassoomkostninger af enhver art, som Blauhoff p\u00e5drager sig som f\u00f8lge af k\u00f8bers manglende overholdelse af sine (betalings)forpligtelser. De udenretslige inkassoomkostninger, der skal betales af k\u00f8ber, skal mindst udg\u00f8re 15% af det skyldige bel\u00f8b og aldrig mere end de maksimalt tilladte inkassoomkostninger. Levering af produkter og\/eller tjenester kan suspenderes indtil betaling af fakturaprisen.<\/p><p>4.5 I tilf\u00e6lde af manglende rettidig betaling er Blauhoff berettiget til at oph\u00e6ve aftalen med \u00f8jeblikkelig virkning eller at suspendere (yderligere) levering, indtil k\u00f8beren har opfyldt sine betalingsforpligtelser fuldt ud, herunder betaling af forfaldne renter og omkostninger.<\/p><p>4.6 Hvis k\u00f8beren misligholder sine betalingsforpligtelser eller har betalingsvanskeligheder, er Blauhoff berettiget til uden forudg\u00e5ende indkaldelse og\/eller misligholdelse at. at tilbagekalde og oph\u00e6ve aftalen. K\u00f8ber giver Blauhoff tilladelse til at hente produkterne, om n\u00f8dvendigt fjerne og hente, og k\u00f8ber skal give Blauhoff enhver mulighed for at g\u00f8re dette. Dette samtykke d\u00e6kker ogs\u00e5 den situation, hvor tiltr\u00e6delse eller noget lignende ville have fundet sted. Bortskaffelse af produkterne sker for k\u00f8bers regning. Hvis produkterne bortskaffes, er Blauhoff ikke forpligtet til at betale k\u00f8beren for produkterne. Produktet kan medf\u00f8re, at installerede r\u00f8r, fittings m.v. og\/eller de foretagne konstruktionsm\u00e6ssige dispositioner ikke l\u00e6ngere er til stede.<\/p><h3 class=\"wp-block-heading\"><strong>Artikel 5. Levering og leveringstid<\/strong><\/h3><p>5.1 Ordrer vil blive leveret s\u00e5 hurtigt som muligt. Blauhoff tilstr\u00e6ber i princippet at sende ordrer inden for fem arbejdsdage. Den seneste leveringstid er 60 dage efter modtagelse af ordren, med undtagelse af forudbetalinger, hvor den seneste leveringstid er 40 dage efter modtagelse af betalingen. Den n\u00e6vnte leveringstid er kun en indikation og er aldrig en deadline. For nogle produkter, is\u00e6r solpanelsystemerne, varierer leveringstider og markedspriser dog meget afh\u00e6ngigt af det aktuelle globale udbud og eftersp\u00f8rgsel. Blauhoff vil annoncere \u00e6ndrede leveringstider s\u00e5 hurtigt som muligt. Blauhoff kan give yderligere oplysninger om leveringstider p\u00e5 hjemmesiden eller p\u00e5 anden m\u00e5de skriftligt. S\u00e5danne oplysninger er kun vejledende.<\/p><p>5.2 Hvis en k\u00f8ber bestiller et produkt, der midlertidigt ikke er p\u00e5 lager, vil der blive givet besked om, hvorn\u00e5r produktet vil v\u00e6re tilg\u00e6ngeligt igen. Blauhoff vil bestr\u00e6be sig p\u00e5 at underrette k\u00f8ber om forsinkelser inden for tre arbejdsdage via e-mail eller telefon.<\/p><p>5.3 Levering af afsendte ordrer skal ske til den adresse, som K\u00f8ber har oplyst ved aftalens indg\u00e5else.<\/p><p>5.4 N\u00e5r de produkter, der skal leveres, er blevet leveret til den angivne leveringsadresse, overg\u00e5r risikoen for disse produkter til K\u00f8ber. For leverancer, der afhentes af K\u00f8ber, overg\u00e5r risikoen for disse produkter til K\u00f8ber p\u00e5 tidspunktet for overdragelsen, men under alle omst\u00e6ndigheder f\u00f8r l\u00e6sning.<\/p><p>5.5 Leverancer kan af praktiske \u00e5rsager ske i dele. 5.6 Der kan g\u00e6lde andre betingelser for leverancer til udlandet. <\/p><h3 class=\"wp-block-heading\"><strong>Artikel 6. Udvekslinger<\/strong><\/h3><p>6.1 K\u00f8ber er forpligtet til omhyggeligt at inspicere produkterne (eller f\u00e5 dem inspiceret) straks efter modtagelsen og straks rapportere eventuelle mangler eller skader. Transportskader skal ogs\u00e5 straks rapporteres til den p\u00e5g\u00e6ldende transport\u00f8r. Software eller lignende produkter kan kun ombyttes inden for 3 dage og i den originale emballage, hvis forsegling ikke er brudt. Ombytning er kun mulig ved fremvisning af den originale faktura.<\/p><h3 class=\"wp-block-heading\"><strong>Artikel 7. Tilfredsstillelsesgaranti og fortrydelsesret<\/strong><\/h3><p>7.1 Forbrugeren-k\u00f8beren har ret til at ud\u00f8ve en fortrydelsesret uden straf eller forklaring inden for 14 arbejdsdage efter modtagelsen. Undtaget fra denne fortrydelsesret er specielt bestilte og monterede produkter (n\u00e6sten altid med solpanelsystemer) og software eller andre produkter, hvis forsegling er brudt. Forbrugeren-k\u00f8beren er ansvarlig for skader p\u00e5 returnerede produkter, selv hvis de er for\u00e5rsaget af returtransport.<\/p><p>7.2 Hvis forbrugeren-k\u00f8beren har ud\u00f8vet fortrydelsesretten som angivet i det foreg\u00e5ende afsnit, vil Blauhoff sikre en tilbagebetaling af det bel\u00f8b, der er betalt af forbrugeren-k\u00f8beren til Blauhoff inden for 14 dage.<\/p><p>7.3 Omkostningerne ved returnering af produktet skal afholdes af forbrugeren-k\u00f8beren.<\/p><h3 class=\"wp-block-heading\"><strong>Artikel 8. Forbehold af ejendomsret<\/strong><\/h3><p>8.1 Ejendomsretten til produkterne, uanset den faktiske levering, overg\u00e5r ikke til k\u00f8ber, f\u00f8r k\u00f8ber fuldt ud har betalt alt, hvad k\u00f8ber skylder i forbindelse med enhver aftale med Blauhoff, herunder betaling af renter og omkostninger, herunder dem fra tidligere eller efterf\u00f8lgende leverancer og ethvert arbejde, der er udf\u00f8rt eller skal udf\u00f8res i forbindelse med produkterne.<\/p><p>8.2 K\u00f8ber m\u00e5 ikke beh\u00e6fte, s\u00e6lge, videres\u00e6lge, bortskaffe eller p\u00e5 anden m\u00e5de belaste produkterne, f\u00f8r ejendomsretten er overg\u00e5et.<\/p><h3 class=\"wp-block-heading\"><strong>Artikel 9. Installation og montering<\/strong><\/h3><p>9.1 Produktet skal installeres og tilsluttes af k\u00f8ber selv, medmindre det er aftalt, at installationen af produktet skal udf\u00f8res af Blauhoff.<\/p><p>9.2 K\u00f8beren er over for Blauhoff ansvarlig for den korrekte og rettidige gennemf\u00f8relse af alle indretninger, bestemmelser eller betingelser, der er n\u00f8dvendige for opstillingen af det produkt, der skal samles, og\/eller den korrekte drift af produktet i samlet tilstand.<\/p><p>9.3 Uanset de foreg\u00e5ende bestemmelser skal k\u00f8beren i tilf\u00e6lde af levering af tjenester fra Blauhoff under alle omst\u00e6ndigheder for egen regning og risiko sikre, at:<\/p><p>a) Blauhoffs personale eller den af Blauhoff engagerede tredjepart, s\u00e5 snart de ankommer til opstillingsstedet, f\u00e5r adgang og kan begynde og forts\u00e6tte med at udf\u00f8re arbejdet inden for normal arbejdstid og derudover, hvis Blauhoff finder det n\u00f8dvendigt, uden for normal arbejdstid, forudsat at de har underrettet k\u00f8beren rettidigt.<\/p><p>(b) adgangsveje til installationsstedet er egnede til den n\u00f8dvendige transport. (c) det udpegede installationssted er egnet til opbevaring og samling.<\/p><p>(d) at alle n\u00f8dvendige sikkerheds- og forsigtighedsforanstaltninger er blevet truffet og opretholdes, samt at alle foranstaltninger er blevet truffet og opretholdes for at overholde g\u00e6ldende offentlige bestemmelser i forbindelse med montering\/installation.<\/p><p>(e) at der ikke er asbest til stede p\u00e5 produktplaceringsstedet.<\/p><p>f) I det omfang det er relevant, skal k\u00f8ber sikre, at Blauhoff har rettidig adgang til de godkendelser og tilladelser, der kr\u00e6ves til tjenesterne, samt de data, der skal leveres af k\u00f8ber i forbindelse med udf\u00f8relsen af tjenesterne.<\/p><p>9.4 K\u00f8beren skal s\u00f8rge for, at arbejde og\/eller levering, som skal udf\u00f8res af andre, og som ikke er en del af Blauhoffs eller den af Blauhoff engagerede tredjemands montage\/installationsarbejde, udf\u00f8res p\u00e5 en s\u00e5dan m\u00e5de og rettidigt, at udf\u00f8relsen af arbejdet af eller p\u00e5 vegne af Blauhoff ikke forsinkes. Hvis der alligevel opst\u00e5r en forsinkelse i henhold til dette afsnit, skal k\u00f8beren underrette Blauhoff rettidigt.<\/p><p>9.5 Skader og omkostninger, som er opst\u00e5et, fordi betingelserne i denne artikel ikke er blevet opfyldt eller ikke er blevet opfyldt rettidigt, skal b\u00e6res af k\u00f8beren.<\/p><p>9.6 K\u00f8ber b\u00e6rer risikoen for skader for\u00e5rsaget af: un\u00f8jagtigheder i de givne oplysninger og\/eller det p\u00e5lagte arbejde; un\u00f8jagtigheder i de af K\u00f8ber kr\u00e6vede konstruktioner og arbejdsmetoder; mangler ved materialer eller hj\u00e6lpemidler stillet til r\u00e5dighed af K\u00f8ber; mangler ved det l\u00f8s\u00f8re eller den faste ejendom, som arbejdet udf\u00f8res p\u00e5.<\/p><p>9.7 Blauhoff bestr\u00e6ber sig p\u00e5 at udf\u00f8re sine ydelser rettidigt. Blauhoff er ikke ansvarlig for direkte og indirekte skader, hvis det ikke lykkes at udf\u00f8re tjenester rettidigt.<\/p><p>9.8 Blauhoff skal bestr\u00e6be sig p\u00e5 at udf\u00f8re de ydelser, som Blauhoff skal levere, som en god entrepren\u00f8r.<\/p><p>9.9 Hvis der opst\u00e5r ekstra arbejde, er Blauhoff berettiget til at fakturere k\u00f8beren herfor. Ekstra arbejde vil - i det omfang det er muligt - blive meddelt af Blauhoff til k\u00f8beren s\u00e5 tidligt som muligt. K\u00f8beren anses for at v\u00e6re indforst\u00e5et med udf\u00f8relsen af det ekstra arbejde, de dermed forbundne omkostninger og om n\u00f8dvendigt den justerede leveringstid, medmindre k\u00f8beren g\u00f8r indsigelse inden p\u00e5begyndelsen af udf\u00f8relsen af det ekstra arbejde og under alle omst\u00e6ndigheder inden for fem dage efter den f\u00f8rn\u00e6vnte meddelelse fra Blauhoff.<\/p><h3 class=\"wp-block-heading\"><strong>Artikel 10. Garanti og ansvar<\/strong><\/h3><p>10.1 Garantien for produkter leveret af Blauhoff bestemmes af producenten af det p\u00e5g\u00e6ldende produkt. Hvis denne regulering er ufordelagtig for forbrugeren-k\u00f8beren i forhold til de rettigheder, som forbrugeren-k\u00f8beren kan g\u00f8re g\u00e6ldende over for Blauhoff i henhold til loven og den eksterne aftale, s\u00e5 g\u00e6lder i det mindste rettighederne i henhold til loven og den eksterne aftale. I praksis betyder det, at forbrugeren-k\u00f8beren har ret til gratis reparation eller udskiftning af k\u00f8bet i en periode p\u00e5 mindst 2 \u00e5r i tilf\u00e6lde af en defekt, som han ikke selv er skyld i.<\/p><p>10.2 Blauhoff er aldrig forpligtet til at betale nogen erstatning til k\u00f8beren eller andre, medmindre der foreligger fors\u00e6t eller grov uagtsomhed fra Blauhoffs side. Blauhoff er aldrig ansvarlig for f\u00f8lge- eller driftstab, indirekte tab og tab af fortjeneste eller oms\u00e6tning.<\/p><p>10.3 Blauhoffs erstatningsansvar kan aldrig overstige et bel\u00f8b svarende til fakturav\u00e6rdien for det produkt eller den ydelse, der har for\u00e5rsaget skaden.<\/p><p>10.4 Uanset bestemmelserne i denne artikel kan der ikke ydes garanti, hvis slid og \u00e6lde kan betragtes som normalt og yderligere i f\u00f8lgende tilf\u00e6lde:<\/p><p>-hvis der er foretaget \u00e6ndringer i eller p\u00e5 produktet, herunder reparationer, der ikke er foretaget med Blauhoffs eller producentens samtykke;<\/p><p>-hvis den originale faktura ikke kan fremvises, er blevet \u00e6ndret eller gjort ul\u00e6selig; -hvis defekter er et resultat af forkert eller uhensigtsm\u00e6ssig brug;<\/p><p>-hvis der er opst\u00e5et skader p\u00e5 grund af eksterne \u00e5rsager eller p\u00e5virkninger;<\/p><p>-hvis skaden er for\u00e5rsaget af fors\u00e6t, grov uagtsomhed eller fors\u00f8mmelig vedligeholdelse.<\/p><p>10.5 K\u00f8beren er forpligtet til at holde Blauhoff skadesl\u00f8s for ethvert krav, som tredjemand m\u00e5tte g\u00f8re g\u00e6ldende mod Blauhoff i forbindelse med aftalens gennemf\u00f8relse, for s\u00e5 vidt loven ikke er til hinder for, at de p\u00e5g\u00e6ldende skader og omkostninger b\u00e6res af k\u00f8beren.<\/p><p>10.6 Blauhoff kan p\u00e5 sin internetside inkludere links til andre internetsider, som kan v\u00e6re af interesse eller informative for den bes\u00f8gende. S\u00e5danne links er rent informative. Blauhoff er ikke ansvarlig for indholdet af den internetside, der henvises til, eller den brug, der kan g\u00f8res af den.<\/p><h3 class=\"wp-block-heading\"><strong>Artikel 11. Force majeure<\/strong><\/h3><p>11.1 I tilf\u00e6lde af force majeure er Blauhoff ikke forpligtet til at opfylde sine forpligtelser over for k\u00f8beren, eller forpligtelsen er suspenderet i force majeure-perioden.<\/p><p>11.2 Force majeure defineres som enhver omst\u00e6ndighed, der er uafh\u00e6ngig af K\u00f8bers vilje, og som forhindrer opfyldelsen af hele eller dele af K\u00f8bers forpligtelser over for K\u00f8ber. Omst\u00e6ndighederne omfatter strejker, brande, forretningsforstyrrelser, energisvigt, manglende eller forsinket levering fra leverand\u00f8rer eller andre involverede tredjeparter og frav\u00e6r af enhver offentlig tilladelse. Force majeure omfatter ogs\u00e5 fejl i et (telekommunikations)netv\u00e6rk eller forbindelse eller anvendte kommunikationssystemer og\/eller utilg\u00e6ngelighed af internetstedet p\u00e5 ethvert tidspunkt.<\/p><h3 class=\"wp-block-heading\"><strong>Artikel 12. Intellektuel ejendomsret<\/strong><\/h3><p>12.1 K\u00f8beren anerkender udtrykkeligt, at alle intellektuelle ejendomsrettigheder til viste oplysninger, kommunikation eller andre udtryk vedr\u00f8rende produkterne og\/eller vedr\u00f8rende hjemmesiden tilh\u00f8rer Blauhoff, dets leverand\u00f8rer eller andre kravstillere.<\/p><p>12.2 Intellektuelle ejendomsrettigheder betyder patent-, ophavsret-, varem\u00e6rke-, design- og modelrettigheder og\/eller andre (intellektuelle ejendomsrettigheder), herunder om de er patenterbare.<\/p><p>Teknisk og\/eller kommerciel knowhow, metoder og koncepter.<\/p><p>12.3 K\u00f8beren m\u00e5 ikke g\u00f8re brug af de immaterielle rettigheder, der er beskrevet i denne artikel, herunder foretage \u00e6ndringer, s\u00e5som reproduktion, uden udtrykkelig forudg\u00e5ende skriftlig tilladelse fra Blauhoff, dets leverand\u00f8rer eller andre berettigede parter, medmindre det udelukkende er til privat brug i forhold til selve produktet.<\/p><h3 class=\"wp-block-heading\"><strong>Artikel 13. Personlige oplysninger<\/strong><\/h3><p>13.1 Blauhoff vil kun behandle k\u00f8bers data i overensstemmelse med sin privatlivspolitik. 13.2 Blauhoff vil overholde g\u00e6ldende databeskyttelsesbestemmelser og lovgivning. <\/p><h3 class=\"wp-block-heading\"><strong>Artikel 14. G\u00e6ldende lov og kompetence <\/strong>retten<\/h3><p>14.1 Alle tilbud og aftaler reguleres udelukkende af hollandsk lov.<br>14.2 Anvendelsen af Wienerkonventionen om k\u00f8b er udtrykkeligt udelukket.<\/p><p>14.3 Alle tvister i forbindelse med eller som f\u00f8lge af tilbud fra Blauhoff eller aftaler indg\u00e5et med Blauhoff skal indbringes for den kompetente domstol i Zwolle, Holland, medmindre loven udtrykkeligt udpeger en anden domstol som kompetent.<\/p><h3 class=\"wp-block-heading\"><strong>Artikel 15. Diverse<\/strong><\/h3><p>15.1 Blauhoff BV er beliggende Heemstraweg 123, 6651 KH, Druten og registreret hos handelskammeret under nr. 83845577. Al korrespondance vedr\u00f8rende en aftale eller disse vilk\u00e5r og betingelser bedes sendt til Blauhoff p\u00e5 ovenst\u00e5ende adresse eller til den e-mailadresse, der er angivet p\u00e5 hjemmesiden.<\/p><p>15.2 Blauhoff bestr\u00e6ber sig p\u00e5 at svare p\u00e5 e-mails, der modtages af Blauhoff, inden for fem arbejdsdage.<\/p><h3 class=\"wp-block-heading\"><strong>Artikel 16. K\u00f8b momsfrit i Holland og Tyskland<\/strong><\/h3><p>16.1 I Holland og Tyskland tilbydes visse produkter til nultarif. Denne s\u00e5kaldte nultarif g\u00e6lder kun, hvis solpanelerne (inverter og batterier) er installeret p\u00e5 (private) boliger eller udhuse til en bolig, s\u00e5som en lade.<\/p><p>Vilk\u00e5r og betingelser Blauhoff 11-09-2023<\/p>","protected":false},"excerpt":{"rendered":"<p>Portaler: www.ownpowr.com Artikel 1. Anvendelighed 1.1 Disse generelle vilk\u00e5r og betingelser g\u00e6lder for alle tilbud fra Blauhoff, der handler under handelsnavnet \"Blauhoff\" og for alle aftaler indg\u00e5et med [...].<\/p>","protected":false},"author":1,"featured_media":0,"parent":0,"menu_order":0,"comment_status":"closed","ping_status":"closed","template":"","meta":{"_seopress_robots_primary_cat":"","_seopress_titles_title":"","_seopress_titles_desc":"","_seopress_robots_index":"","_kad_blocks_custom_css":"","_kad_blocks_head_custom_js":"","_kad_blocks_body_custom_js":"","_kad_blocks_footer_custom_js":"","footnotes":""},"class_list":["post-1763","page","type-page","status-publish"],"taxonomy_info":[],"featured_image_src_large":false,"author_info":{"display_name":"job-39sj@s9jal019","author_link":"https:\/\/ownpowr.com\/da\/author\/job-39sjs9jal019\/"},"comment_info":0,"_links":{"self":[{"href":"https:\/\/ownpowr.com\/da\/wp-json\/wp\/v2\/pages\/1763","targetHints":{"allow":["GET"]}}],"collection":[{"href":"https:\/\/ownpowr.com\/da\/wp-json\/wp\/v2\/pages"}],"about":[{"href":"https:\/\/ownpowr.com\/da\/wp-json\/wp\/v2\/types\/page"}],"author":[{"embeddable":true,"href":"https:\/\/ownpowr.com\/da\/wp-json\/wp\/v2\/users\/1"}],"replies":[{"embeddable":true,"href":"https:\/\/ownpowr.com\/da\/wp-json\/wp\/v2\/comments?post=1763"}],"version-history":[{"count":0,"href":"https:\/\/ownpowr.com\/da\/wp-json\/wp\/v2\/pages\/1763\/revisions"}],"wp:attachment":[{"href":"https:\/\/ownpowr.com\/da\/wp-json\/wp\/v2\/media?parent=1763"}],"curies":[{"name":"wp","href":"https:\/\/api.w.org\/{rel}","templated":true}]}}