{"id":22,"date":"2023-08-25T18:52:26","date_gmt":"2023-08-25T16:52:26","guid":{"rendered":"https:\/\/ownpowr.com\/?page_id=22"},"modified":"2023-09-11T14:43:48","modified_gmt":"2023-09-11T12:43:48","slug":"refund-returns","status":"publish","type":"page","link":"https:\/\/ownpowr.com\/da\/refusion-returneringer\/","title":{"rendered":"Politik for refusion og returnering"},"content":{"rendered":"<p>Leveringstiden for produkterne er angivet ved hvert produkt.<br>Sm\u00e5 materialer, der kan sendes med pakkepost, leverer vi normalt inden for 1-2 dage.<br><br>Hvis v\u00e6gten eller st\u00f8rrelsen ikke er egnet til pakkepost, vil materialerne blive leveret med lastbil. Vi laver en aftale med dig p\u00e5 forh\u00e5nd om, hvilken dag du kan modtage materialerne.<br><br>P\u00e5 leveringsdagen vil du modtage det forventede leveringstidspunkt om morgenen, dette er et vejledende tidspunkt.<\/p><h3 class=\"wp-block-heading\"><strong>Leveringstid<\/strong><\/h3><ul class=\"wp-block-list\"><li>Pakkepostmaterialer 1-2 dage<\/li>\n\n<li>Paneler og monteringsmateriale 1-4 dage Forsendelsesomkostningerne beregnes ud fra indholdet i indk\u00f8bskurven. N\u00e5r du l\u00e6gger alle materialerne i indk\u00f8bskurven, kan du se, hvor meget forsendelsesomkostningerne er. De faktiske forsendelsesomkostninger er betydeligt h\u00f8jere.<\/li><\/ul><ul class=\"wp-block-list\"><li>Pakkepost op til 23 kg \u20ac8,95<\/li>\n\n<li>Pakkepost op til 30 kg \u20ac12,50<\/li>\n\n<li>Levering med lastbil, mellem 25 og 85 euro, vil blive angivet i indk\u00f8bskurven. <strong>Returnering \/ fortrydelsesret<\/strong> Du har ret til at annullere din ordre op til 14 dage efter modtagelsen uden at angive en grund. Hvis du har bestilt en service, som f.eks. installation af solpaneler. Fortrydelsesretten udl\u00f8ber 14 dage efter bekr\u00e6ftelse af ordren. Du har yderligere 14 dage efter annulleringen til at returnere dit produkt. Du vil derefter blive krediteret det fulde ordrebel\u00f8b, inklusive forsendelsesomkostninger. Kun returomkostningerne fra dit hjem til webbutikken er for din egen regning. Hvis du bruger din fortrydelsesret, skal produktet returneres til entrepren\u00f8ren med alt leveret tilbeh\u00f8r og i sin originale stand og emballage. For at ud\u00f8ve denne ret bedes du kontakte os p\u00e5 info@ownpowr.com. Vi refunderer derefter det skyldige ordrebel\u00f8b inden for 14 dage efter meddelelsen om din returnering, forudsat at produktet allerede er modtaget i god stand. Adresse for returnering:<br>Returnering af antal Blauhoff BV, Heemstraweg 123, 6651 KH, Druten<\/li><\/ul><h3 class=\"wp-block-heading\"><strong>Betaling tilbage<\/strong><\/h3><p>Efter brug af fortrydelsesretten vil du modtage alle betalinger, inklusive leveringsomkostninger, tilbage inden for fjorten dage. Du afholder selv udgifterne til returforsendelse.<\/p><h3 class=\"wp-block-heading\"><strong>Udelukkelse af fortrydelsesretten<\/strong><\/h3><ul class=\"wp-block-list\"><li>Tilpassede eller sammensatte produkter<\/li>\n\n<li>Tilbeh\u00f8r og monteringsmaterialer.<\/li>\n\n<li>Installationsarbejdet er allerede udf\u00f8rt<\/li>\n\n<li>Erhvervskunder <strong>Samling<\/strong> Du afgiver ordren p\u00e5 forh\u00e5nd i vores webshop og v\u00e6lger afhentningsmulighed. N\u00e5r vi har behandlet ordren, vil du modtage en bekr\u00e6ftelsesmail. Den fort\u00e6ller dig, hvorn\u00e5r du kan afhente ordren. Afhentning er mulig fra mandag til fredag fra kl. 9 til 16. Du skal betale p\u00e5 forh\u00e5nd i webshoppen.<\/li><\/ul>","protected":false},"excerpt":{"rendered":"<p>Sm\u00e5 materialer, der kan sendes med pakkepost, leverer vi normalt inden for 1-2 dage. Hvis v\u00e6gten eller st\u00f8rrelsen [...]<\/p>","protected":false},"author":1,"featured_media":0,"parent":0,"menu_order":0,"comment_status":"closed","ping_status":"closed","template":"","meta":{"_seopress_robots_primary_cat":"","_seopress_titles_title":"","_seopress_titles_desc":"","_seopress_robots_index":"","_kad_blocks_custom_css":"","_kad_blocks_head_custom_js":"","_kad_blocks_body_custom_js":"","_kad_blocks_footer_custom_js":"","footnotes":""},"class_list":["post-22","page","type-page","status-publish"],"taxonomy_info":[],"featured_image_src_large":false,"author_info":{"display_name":"job-39sj@s9jal019","author_link":"https:\/\/ownpowr.com\/da\/author\/job-39sjs9jal019\/"},"comment_info":0,"_links":{"self":[{"href":"https:\/\/ownpowr.com\/da\/wp-json\/wp\/v2\/pages\/22","targetHints":{"allow":["GET"]}}],"collection":[{"href":"https:\/\/ownpowr.com\/da\/wp-json\/wp\/v2\/pages"}],"about":[{"href":"https:\/\/ownpowr.com\/da\/wp-json\/wp\/v2\/types\/page"}],"author":[{"embeddable":true,"href":"https:\/\/ownpowr.com\/da\/wp-json\/wp\/v2\/users\/1"}],"replies":[{"embeddable":true,"href":"https:\/\/ownpowr.com\/da\/wp-json\/wp\/v2\/comments?post=22"}],"version-history":[{"count":0,"href":"https:\/\/ownpowr.com\/da\/wp-json\/wp\/v2\/pages\/22\/revisions"}],"wp:attachment":[{"href":"https:\/\/ownpowr.com\/da\/wp-json\/wp\/v2\/media?parent=22"}],"curies":[{"name":"wp","href":"https:\/\/api.w.org\/{rel}","templated":true}]}}