{"id":11224,"date":"2024-04-04T12:26:31","date_gmt":"2024-04-04T10:26:31","guid":{"rendered":"https:\/\/ownpowr.com\/?post_type=product&#038;p=11224"},"modified":"2025-02-27T11:42:24","modified_gmt":"2025-02-27T09:42:24","slug":"deye-ai-w5-1-only-battery","status":"publish","type":"product","link":"https:\/\/ownpowr.com\/da\/product\/deye-ai-w5-1-kun-batteri\/","title":{"rendered":"Deye AI-W5.1-B 5,1 kWh Energilagring LV LiFePO4"},"content":{"rendered":"<p>Deye AI-W5.1(LV)<\/p>\n<div class=\"woocommerce-product-details__short-description\">Deye introducerer en sikrere, mere p\u00e5lidelig og fleksibel litiumjernfosfat (LFP) solcelledrevet batteril\u00f8sning, der tilbyder en sikker og p\u00e5lidelig energilagringsl\u00f8sning, der er optimeret til boliger og kommercielle applikationer, der kr\u00e6ver str\u00f8m p\u00e5 trange steder eller med belastningsbegr\u00e6nsninger.<\/div>\n<div><\/div>\n<div>\n<p>Beskrivelse<\/p>\n<p>Deye's solcelledrevne lithium-jernfosfat-batteripakke er en sikker og p\u00e5lidelig energilagringsl\u00f8sning til private og kommercielle anvendelser, der kr\u00e6ver str\u00f8m p\u00e5 trange steder eller under belastningsbegr\u00e6nsninger. Den er kompakt og let og egner sig godt til udstyr med h\u00f8j effekt, der skal fungere p\u00e5 begr\u00e6nset plads, og den leverer langvarig ydelse gennem en forl\u00e6nget cykluslevetid.<\/p>\n<p>Batteriets koboltfri LFP-kemi giver h\u00f8j effektt\u00e6thed uden at g\u00e5 p\u00e5 kompromis med sikkerheden. Et intelligent batteristyringssystem (BMS) overv\u00e5ger kritiske celledatapunkter som sp\u00e6nding, str\u00f8m og temperatur og afbalancerer opladning og afladning for at maksimere batteriets levetid.<\/p>\n<p>Kapacitet og output kan skaleres ved at parallelforbinde flere batterier efter behov. St\u00f8rre batterikonfigurationer giver st\u00f8rre energikapacitet og l\u00e6ngere driftstider. Batteriet er bygget til p\u00e5lidelighed og underst\u00f8tter h\u00f8je afladningskapaciteter, opretholder drift fra -20 \u00b0C til 55 \u00b0C med en IP55-klassificering og naturlig k\u00f8ling.<\/p>\n<p>Batterierne er modul\u00e6re og fleksible og kan nemt udvide kapaciteten til 184 kWh ved at kombinere klynger af 36 enheder.<\/p>\n<p>Denne soldrevne batteripakke er et milj\u00f8venligt design, der anvender ikke-giftige, forureningsfrie materialer.<\/p>\n<p>Installationen er forenklet med et stabelbart, gulvmonteret design uden ekstra ledninger eller fastg\u00f8relseselementer. Ops\u00e6tning og ibrugtagning er hurtig og ubesv\u00e6ret.<\/p>\n<p>Bekvemmelighed leveres via automatisk modulnetv\u00e6rk til fjernoverv\u00e5gning, vedligeholdelse og firmwareopgraderinger.<\/p>\n<p><a href=\"https:\/\/ownpowr.com\/wp-content\/uploads\/2023\/12\/deye-ai-w5.1-datasheet.pdf\" target=\"_blank\" rel=\"noopener\">Deye AI-W5.1 Datablad<\/a><\/p>\n<\/div>","protected":false},"excerpt":{"rendered":"<p>Deye AI-W5.1(LV) Deye introducerer en sikrere, mere p\u00e5lidelig og fleksibel lithiumjernfosfat (LFP) solcelledrevet batteril\u00f8sning, der tilbyder en sikker og p\u00e5lidelig energilagringsl\u00f8sning optimeret til [...]<\/p>","protected":false},"featured_media":138814,"template":"","meta":{"_seopress_robots_primary_cat":"none","_seopress_titles_title":"Reliable and Compact Deye AI-W5.1(LV) Battery Solution","_seopress_titles_desc":"Experience the Deye AI-W5.1(LV): A safe, reliable and flexible solar powered lithium iron phosphate battery pack. Perfect for small spaces and load restrictions.","_seopress_robots_index":"","_kad_blocks_custom_css":"","_kad_blocks_head_custom_js":"","_kad_blocks_body_custom_js":"","_kad_blocks_footer_custom_js":""},"product_cat":[17],"product_tag":[],"class_list":{"0":"post-11224","1":"product","2":"type-product","3":"status-publish","4":"has-post-thumbnail","6":"product_cat-home-batteries","8":"first","9":"instock","10":"sale","11":"taxable","12":"shipping-taxable","13":"purchasable","14":"product-type-simple"},"taxonomy_info":{"product_cat":[{"value":17,"label":"Home batteries"}]},"featured_image_src_large":["https:\/\/ownpowr.com\/wp-content\/uploads\/2024\/04\/ai-b-version.png",673,341,false],"author_info":[],"comment_info":"","_links":{"self":[{"href":"https:\/\/ownpowr.com\/da\/wp-json\/wp\/v2\/product\/11224","targetHints":{"allow":["GET"]}}],"collection":[{"href":"https:\/\/ownpowr.com\/da\/wp-json\/wp\/v2\/product"}],"about":[{"href":"https:\/\/ownpowr.com\/da\/wp-json\/wp\/v2\/types\/product"}],"wp:featuredmedia":[{"embeddable":true,"href":"https:\/\/ownpowr.com\/da\/wp-json\/wp\/v2\/media\/138814"}],"wp:attachment":[{"href":"https:\/\/ownpowr.com\/da\/wp-json\/wp\/v2\/media?parent=11224"}],"wp:term":[{"taxonomy":"product_cat","embeddable":true,"href":"https:\/\/ownpowr.com\/da\/wp-json\/wp\/v2\/product_cat?post=11224"},{"taxonomy":"product_tag","embeddable":true,"href":"https:\/\/ownpowr.com\/da\/wp-json\/wp\/v2\/product_tag?post=11224"}],"curies":[{"name":"wp","href":"https:\/\/api.w.org\/{rel}","templated":true}]}}