{"id":119,"date":"2022-11-11T09:25:43","date_gmt":"2022-11-11T07:25:43","guid":{"rendered":"https:\/\/ownpowr.com\/product\/sungrow-sbr096-battery-blue\/"},"modified":"2025-03-27T13:29:55","modified_gmt":"2025-03-27T11:29:55","slug":"sungrow-sbr096-battery-blue","status":"publish","type":"product","link":"https:\/\/ownpowr.com\/da\/product\/sungrow-sbr096-batteri-bla\/","title":{"rendered":"Sungrow SBR 9,6kWh SBR096"},"content":{"rendered":"<p>Sungrow SBR 9,6kWh SBR096 V2 bl\u00e5 LFP batteri + tilbeh\u00f8r<\/p>\n<p>Dette hjemmebatteris\u00e6t fra Sungrow indeholder f\u00f8lgende:<br \/>\n3x Sungrow SBR premium batterimodul 3,2 kWh<br \/>\n1x Sungrow premium batteristyringssystem + tilbeh\u00f8r<\/p>\n<p>- Batteritype: LiFePO4 prismatisk celle<br \/>\n- Nominel effekt: 9,6 kWh<br \/>\n- Energi (brugbar): 9,6 kWh<br \/>\n- Nominel sp\u00e6nding: 192 V<br \/>\n- Driftssp\u00e6nding: 150 - 219 V<br \/>\n- Nominel j\u00e6vnstr\u00f8mseffekt: 5,76 kW<br \/>\n- Maks. opladnings-\/afladningseffekt: 6,57 kW<br \/>\n- Maks. opladnings-\/afladningsstr\u00f8m (kontinuerlig): 30 A<br \/>\n- Maks. opladnings-\/afladningsstr\u00f8m (10 sekunders puls): 42 A<br \/>\n- Dybde af udledning: 100%<br \/>\n- Kortslutningsstr\u00f8m: 1700 A<br \/>\n- Display: SOC-indikator, statusindikator<br \/>\n- Kommunikationsgr\u00e6nseflade: CAN<br \/>\n- Installationssted: Indend\u00f8rs\/udend\u00f8rs<br \/>\n- Monteringsmetode: Gulvstativ<br \/>\n- Driftstemperaturomr\u00e5de: Opladning: 0 til 50 \u00b0C \/ Afladning: -30 til 50 \u00b0C<br \/>\n- Beskyttelsesklasse: IP55<br \/>\n- Tilladt relativ luftfugtighed: 0% til 95% (ikke-kondenserende)<br \/>\n- Maksimal h\u00f8jde i brug: 2000 m<br \/>\n- K\u00f8lemetode: naturlig konvektion<br \/>\n- Certificeringer: CE, CEC, IEC 62619, IEC 62040, UN38.3, VDE 2510-50<br \/>\n- Tilpasning til udvidelse: Op til 4 enheder i parallel (en ekstra samled\u00e5se er p\u00e5kr\u00e6vet, men ikke tilg\u00e6ngelig i \u00f8jeblikket)<\/p>\n<p><a href=\"https:\/\/storeyourownpower.com\/wp-content\/uploads\/2022\/08\/Datasheet-German-2.pdf\" target=\"_blank\" rel=\"noopener\">Datablad tysk<\/a><br \/>\n<a href=\"https:\/\/storeyourownpower.com\/wp-content\/uploads\/2022\/08\/Datasheets-English.pdf\" target=\"_blank\" rel=\"noopener\">Datablade p\u00e5 engelsk<\/a><br \/>\n<a href=\"https:\/\/storeyourownpower.com\/wp-content\/uploads\/2022\/08\/Mounting-instructions-English-2.pdf\" target=\"_blank\" rel=\"noopener\">Monteringsvejledning p\u00e5 engelsk<\/a><br \/>\n<a href=\"https:\/\/storeyourownpower.com\/wp-content\/uploads\/2022\/08\/Mounting-instructions-German-2.pdf\" target=\"_blank\" rel=\"noopener\">Samlevejledning tysk<\/a><br \/>\n<a href=\"https:\/\/storeyourownpower.com\/wp-content\/uploads\/2022\/08\/Warranty-terms-English-2.pdf\" target=\"_blank\" rel=\"noopener\">Garantibetingelser Engelsk<\/a><br \/>\n<a href=\"https:\/\/storeyourownpower.com\/wp-content\/uploads\/2022\/08\/Warranty-terms-German-1.pdf\" target=\"_blank\" rel=\"noopener\">Garantibetingelser Tysk<\/a><\/p>","protected":false},"excerpt":{"rendered":"<p>Sungrow SBR 9,6kWh SBR096 V2 bl\u00e5 LFP batteri + tilbeh\u00f8r Dette hjemmebatteris\u00e6t fra Sungrow indeholder f\u00f8lgende: 3x Sungrow SBR premium batterimodul 3,2 kWh 1x Sungrow premium [...]<\/p>","protected":false},"featured_media":120,"template":"","meta":{"_seopress_robots_primary_cat":"none","_seopress_titles_title":"","_seopress_titles_desc":"","_seopress_robots_index":"","_kad_blocks_custom_css":"","_kad_blocks_head_custom_js":"","_kad_blocks_body_custom_js":"","_kad_blocks_footer_custom_js":""},"product_cat":[17],"product_tag":[],"class_list":{"0":"post-119","1":"product","2":"type-product","3":"status-publish","4":"has-post-thumbnail","6":"product_cat-home-batteries","8":"first","9":"instock","10":"sale","11":"taxable","12":"shipping-taxable","13":"purchasable","14":"product-type-simple"},"taxonomy_info":{"product_cat":[{"value":17,"label":"Home batteries"}]},"featured_image_src_large":["https:\/\/ownpowr.com\/wp-content\/uploads\/2022\/11\/Screenshot-2022-06-22-at-16.19.50.jpg",982,810,false],"author_info":[],"comment_info":"","_links":{"self":[{"href":"https:\/\/ownpowr.com\/da\/wp-json\/wp\/v2\/product\/119","targetHints":{"allow":["GET"]}}],"collection":[{"href":"https:\/\/ownpowr.com\/da\/wp-json\/wp\/v2\/product"}],"about":[{"href":"https:\/\/ownpowr.com\/da\/wp-json\/wp\/v2\/types\/product"}],"wp:featuredmedia":[{"embeddable":true,"href":"https:\/\/ownpowr.com\/da\/wp-json\/wp\/v2\/media\/120"}],"wp:attachment":[{"href":"https:\/\/ownpowr.com\/da\/wp-json\/wp\/v2\/media?parent=119"}],"wp:term":[{"taxonomy":"product_cat","embeddable":true,"href":"https:\/\/ownpowr.com\/da\/wp-json\/wp\/v2\/product_cat?post=119"},{"taxonomy":"product_tag","embeddable":true,"href":"https:\/\/ownpowr.com\/da\/wp-json\/wp\/v2\/product_tag?post=119"}],"curies":[{"name":"wp","href":"https:\/\/api.w.org\/{rel}","templated":true}]}}