{"id":144,"date":"2023-10-04T16:36:02","date_gmt":"2023-10-04T14:36:02","guid":{"rendered":"https:\/\/ownpowr.com\/product\/byd-b-box-premium-lvs-8-0\/"},"modified":"2025-10-15T14:02:38","modified_gmt":"2025-10-15T12:02:38","slug":"byd-b-box-premium-lvs-8-0","status":"publish","type":"product","link":"https:\/\/ownpowr.com\/da\/product\/byd-b-box-premium-lvs-8-0\/","title":{"rendered":"BYD Battery-Box premium LVS 8.0 kWh Levering midt\/slut december"},"content":{"rendered":"<p><strong>BYD<\/strong> Battery-Box Premium LVS 8.0 best\u00e5r af;<\/p>\n<p>a\u00a0<strong>BYD<\/strong>\u00a0BMU Batteristyringsenhed, en\u00a0<strong>BYD<\/strong>\u00a0PDU str\u00f8mfordelingsenhed og 2 LVS 4,0 kWh batterimoduler i parallel. Mulighed for at skalere ved at tilf\u00f8je op til 4 ekstra LVS-moduler parallelt med denne stak senere for at opn\u00e5 en brugbar kapacitet p\u00e5 op til 24 kWh.<\/p>\n<p>Derudover kan der opn\u00e5s en maksimal kapacitet p\u00e5 256 kWh ved direkte parallelforbindelse af op til 16 identiske Battery-Box Premium LVS 16kWh-stakke.<\/p>\n<p>FORSIGTIG:<br \/>\nFarligt stof i henhold til UN 3480 \/ Transportfareklasse 9 \/ Emballagegruppe II<\/p>\n<p>&nbsp;<\/p>\n<p><strong>\u2714 I stand til at fungere som n\u00f8dstr\u00f8ms- og off-grid-funktion med h\u00f8j effekt<\/strong><\/p>\n<p><strong>\u2714 H\u00f8jeste effektivitet takket v\u00e6re en \u00e6gte lavsp\u00e6ndings-parallelforbindelse<\/strong><\/p>\n<p><strong>\u2714 Parented Modular Plug Design - ingen interne ledninger - maksimal fleksibilitet og brugervenlighed<\/strong><\/p>\n<p><strong>\u2714 Koboltfrit litiumjernfosfatbatteri (LFP) - maksimal sikkerhed, livscyklus og effekt<\/strong><\/p>\n<p><strong>\u2714 Kompatibel med f\u00f8rende 1- eller 3-fasede lavsp\u00e6ndingsbatteriinvertere<\/strong><\/p>\n<p>&nbsp;<\/p>\n<p>- brugbar kapacitet: 8,00 kWh<br \/>\n- nominel sp\u00e6nding: 51,2 V<br \/>\n- Max. Udgangsstr\u00f8m: 130A<br \/>\n- Maksimal udgangsstr\u00f8m: 180A, 5s<br \/>\n- Driftssp\u00e6ndingsomr\u00e5de: 40-57.6 V<br \/>\n- Omgivelsestemperatur: -10 \u00b0C til +50 \u00b0C<br \/>\n- gr\u00e6nseflader: CAN\/RS485<br \/>\n- Energieffektivitet tur\/retur: &gt;= 95%<br \/>\n- certificering: VDE2510-50 \/ IEC62619\/ CE \/ CEC \/ UN38.3<br \/>\n- IP-beskyttelsesklasse: IP55<br \/>\n- Anvendelsesomr\u00e5der: ON Grid \/ ON Grid + Backup \/ OFF Grid<br \/>\n- Kan altid udvides \/ op til 16 LVS 16.0 i parallel \/ 256 kWh anvendeligS\u00e6ttet inkluderer:<br \/>\n2x 12910053-00 (BYD B-BOX PREMIUM LVS batterimodul)<br \/>\n1x 12940054-00 (BYD LV PDU + Base)<br \/>\n1x 13172499-00 (BYD LV batteristyringsenhed NY)<\/p>\n<div><\/div>\n<div class=\"product--description\">\n<p><strong>Mere information:<\/strong><\/p>\n<ul>\n<li><a href=\"https:\/\/storeyourownpower.com\/wp-content\/uploads\/2023\/01\/Datasheet-English-LVS.pdf\" target=\"_blank\" rel=\"noopener\">Datablad p\u00e5 engelsk LVS<\/a><\/li>\n<li><a href=\"https:\/\/storeyourownpower.com\/wp-content\/uploads\/2023\/01\/Datenblatt-German-LVS.pdf\" target=\"_blank\" rel=\"noopener\">Datenblatt tysk LVS<\/a><\/li>\n<li><a href=\"https:\/\/storeyourownpower.com\/wp-content\/uploads\/2023\/01\/Mounting-instructions-English-LVS.pdf\" target=\"_blank\" rel=\"noopener\">Monteringsvejledning engelsk LVS<\/a><\/li>\n<li><a href=\"https:\/\/storeyourownpower.com\/wp-content\/uploads\/2023\/01\/Mounting-instructions-German-LVS.pdf\" target=\"_blank\" rel=\"noopener\">Monteringsvejledning tysk LVS<\/a><\/li>\n<li><a href=\"https:\/\/storeyourownpower.com\/wp-content\/uploads\/2023\/01\/Warranty-terms-English.pdf\" target=\"_blank\" rel=\"noopener\">Garantibetingelser Engelsk<\/a><\/li>\n<li><a href=\"https:\/\/storeyourownpower.com\/wp-content\/uploads\/2023\/01\/Warranty-terms-German-LVS.pdf\" target=\"_blank\" rel=\"noopener\">Garantibetingelser Tysk LVS<\/a><\/li>\n<\/ul>\n<\/div>","protected":false},"excerpt":{"rendered":"<p>BYD Battery-Box Premium LVS 8.0 best\u00e5r af: en BYD BMU Battery Management Unit, en BYD PDU Power Distribution Unit og 2 LVS 4.0kWh batterimoduler i parallel. Mulighed for at skalere ved at tilf\u00f8je op til [...]<\/p>","protected":false},"featured_media":145,"template":"","meta":{"_seopress_robots_primary_cat":"none","_seopress_titles_title":"BYD Battery-Box Premium LVS 8.0: High-Powered Emergency-Backup and Off-Grid functionality, Maximum Safety, and Expandable Capacity","_seopress_titles_desc":"Discover the scalable BYD Battery-Box Premium LVS 8.0 with efficient Low-Voltage parallel connection and maximum safety. Compatible with leading battery inverters.","_seopress_robots_index":"","_kad_blocks_custom_css":"","_kad_blocks_head_custom_js":"","_kad_blocks_body_custom_js":"","_kad_blocks_footer_custom_js":""},"product_cat":[17],"product_tag":[],"class_list":{"0":"post-144","1":"product","2":"type-product","3":"status-publish","4":"has-post-thumbnail","6":"product_cat-home-batteries","8":"first","9":"onbackorder","10":"sale","11":"taxable","12":"shipping-taxable","13":"purchasable","14":"product-type-simple"},"taxonomy_info":{"product_cat":[{"value":17,"label":"Home batteries"}]},"featured_image_src_large":["https:\/\/ownpowr.com\/wp-content\/uploads\/2022\/11\/c-252F5-252F6-252Fe-252Fc56e658a81cc0b440f8fe33cc4f1ab6a9dd62f03_det_sb_byd_b_box_lvs_8-0.jpeg",640,540,false],"author_info":[],"comment_info":"","_links":{"self":[{"href":"https:\/\/ownpowr.com\/da\/wp-json\/wp\/v2\/product\/144","targetHints":{"allow":["GET"]}}],"collection":[{"href":"https:\/\/ownpowr.com\/da\/wp-json\/wp\/v2\/product"}],"about":[{"href":"https:\/\/ownpowr.com\/da\/wp-json\/wp\/v2\/types\/product"}],"wp:featuredmedia":[{"embeddable":true,"href":"https:\/\/ownpowr.com\/da\/wp-json\/wp\/v2\/media\/145"}],"wp:attachment":[{"href":"https:\/\/ownpowr.com\/da\/wp-json\/wp\/v2\/media?parent=144"}],"wp:term":[{"taxonomy":"product_cat","embeddable":true,"href":"https:\/\/ownpowr.com\/da\/wp-json\/wp\/v2\/product_cat?post=144"},{"taxonomy":"product_tag","embeddable":true,"href":"https:\/\/ownpowr.com\/da\/wp-json\/wp\/v2\/product_tag?post=144"}],"curies":[{"name":"wp","href":"https:\/\/api.w.org\/{rel}","templated":true}]}}